{"id":1206,"date":"2024-04-03T23:40:57","date_gmt":"2024-04-03T20:40:57","guid":{"rendered":"https:\/\/sisu.ut.ee\/ewod\/maarjaliismolder\/"},"modified":"2024-04-04T00:07:56","modified_gmt":"2024-04-03T21:07:56","slug":"maarjaliismolder","status":"publish","type":"page","link":"https:\/\/sisu.ut.ee\/ewod\/m\/maarjaliismolder\/","title":{"rendered":"Maarja-Liis M\u00f6lder"},"content":{"rendered":"<p>Maarja-Liis M\u00f6lder (born 8 November 1994) is a journalist and poet.\n<\/p>\n<p>\n\tM\u00f6lder was born in P\u00f5ltsamaa, completed P\u00f5ltsamaa Coeducational Gymnasium, studied at Tallinn University and worked as a journalist. M\u00f6lder started writing poems when at basic school. She learned creative writing at Drakadeemia (a private school in Tallinn specializing on theatre-specific creative writing and other theatre-related subjects).\n<\/p>\n<p>\n\tMaarja-Liis M\u00f6lder is interested in people who find themselves in complicated situations in life. She attempts to interpret the essence of being human. Despite difficult themes like old age, loneliness and challenges of life, M\u00f6lder\u2019s creation is full of positivity.\n<\/p>\n<p>\n\tIn 2022, M\u00f6lder\u2019s second poetry collection <em>Meesinine<\/em> (\u2018Honey Blue\u2019) was nominated for the Cultural Endowment Annual Award. She has been a member of the Estonian Writers\u2019 Union from 2022.\n<\/p>\n<p>\n\t<em>L. P. (Translated by I. A.)<\/em>\n<\/p>\n<p><strong><span style=\"font-size:16px\">Books in Estonian<\/span><\/strong>\n<\/p>\n<p>\n\t<strong><em>Poetry<\/em><\/strong><br><strong>Miks teisi ei l\u00f6\u00f6da<\/strong>. Tallinn: Vihmakass ja Kakerdaja, 2019. 49 lk.<br><strong>Meesinine<\/strong>. Tallinn: Vihmakass ja Kakerdaja, 2022. 78 lk.<\/p>\n","protected":false},"excerpt":{"rendered":"<p>Maarja-Liis M\u00f6lder (born 8 November 1994) is a journalist and poet. M\u00f6lder was born in P\u00f5ltsamaa, completed P\u00f5ltsamaa Coeducational Gymnasium, studied at Tallinn University and worked as a journalist. M\u00f6lder started writing poems when at basic school. She learned creative &#8230;<\/p>\n","protected":false},"author":43,"featured_media":0,"parent":642,"menu_order":0,"comment_status":"closed","ping_status":"closed","template":"","meta":{"_acf_changed":false,"inline_featured_image":false,"footnotes":""},"class_list":["post-1206","page","type-page","status-publish","hentry"],"acf":[],"_links":{"self":[{"href":"https:\/\/sisu.ut.ee\/ewod\/wp-json\/wp\/v2\/pages\/1206","targetHints":{"allow":["GET"]}}],"collection":[{"href":"https:\/\/sisu.ut.ee\/ewod\/wp-json\/wp\/v2\/pages"}],"about":[{"href":"https:\/\/sisu.ut.ee\/ewod\/wp-json\/wp\/v2\/types\/page"}],"author":[{"embeddable":true,"href":"https:\/\/sisu.ut.ee\/ewod\/wp-json\/wp\/v2\/users\/43"}],"replies":[{"embeddable":true,"href":"https:\/\/sisu.ut.ee\/ewod\/wp-json\/wp\/v2\/comments?post=1206"}],"version-history":[{"count":1,"href":"https:\/\/sisu.ut.ee\/ewod\/wp-json\/wp\/v2\/pages\/1206\/revisions"}],"predecessor-version":[{"id":3881,"href":"https:\/\/sisu.ut.ee\/ewod\/wp-json\/wp\/v2\/pages\/1206\/revisions\/3881"}],"up":[{"embeddable":true,"href":"https:\/\/sisu.ut.ee\/ewod\/wp-json\/wp\/v2\/pages\/642"}],"wp:attachment":[{"href":"https:\/\/sisu.ut.ee\/ewod\/wp-json\/wp\/v2\/media?parent=1206"}],"curies":[{"name":"wp","href":"https:\/\/api.w.org\/{rel}","templated":true}]}}