{"id":1201,"date":"2024-04-03T23:40:57","date_gmt":"2024-04-03T20:40:57","guid":{"rendered":"https:\/\/sisu.ut.ee\/ewod\/ekbaum\/"},"modified":"2024-04-04T00:07:55","modified_gmt":"2024-04-03T21:07:55","slug":"ekbaum","status":"publish","type":"page","link":"https:\/\/sisu.ut.ee\/ewod\/e\/ekbaum\/","title":{"rendered":"Salme Ekbaum"},"content":{"rendered":"<p>\n\t<span style=\"font-size:16px\"><span style=\"font-family:Verdana,Geneva,sans-serif\"><a href=\"https:\/\/sisu.ut.ee\/ewod\/e\/ekbaum\/poems\"><strong>Poems <\/strong><\/a><a href=\"https:\/\/sisu.ut.ee\/wp-content\/uploads\/sites\/108\/salme_ekbaum.jpg\" target=\"_self\" rel=\"noopener\"><img decoding=\"async\" alt=\"Salme Ekbaum\" src=\"https:\/\/sisu.ut.ee\/wp-content\/uploads\/sites\/108\/salme_ekbaum.jpg\" style=\"float: right;width: 200px;height: 283px\"><\/a><\/span><\/span>\n<\/p>\n<p>\n\t<span style=\"font-size:16px\"><span style=\"font-family:Verdana,Geneva,sans-serif\"><a href=\"https:\/\/sisu.ut.ee\/ewod\/e\/ekbaum\/novels\"><strong>Novels<\/strong><\/a><\/span><\/span>\n<\/p>\n<p style=\"text-align:left\">\n<\/p><p><span style=\"font-size:13px\"><span style=\"font-family:Verdana,Geneva,sans-serif\">Salme Ekbaum (until 1941 Neumann, 21. \/ 8. X 1912 \u2013 10. IX 1995) was a prose writer and poet working in exile.<\/span><\/span>\n<\/p>\n<p style=\"text-align:left\">\n\t<span style=\"font-size:13px\"><span style=\"font-family:Verdana,Geneva,sans-serif\">She was born in Paistu parish, Viljandi county, was educated at Taki and K\u00f5pu, and at the Estonian Education Society\u2019s girls\u2019 gymnasium in Viljandi, and graduated as a pharmacist from the faculty of medicine at the University of Tartu. She worked in several places as a pharmacist. In 1944 she fled to Sweden, and moved to Canada in 1949, where she worked as a professional writer in Toronto. She was a member of the Estonian Writers\u2019 Union in Exile (from 1950) and of the PEN Club. She won the H. Visnapuu Prize in 1980 for the novel <i><span style=\"font-style:italic\">Kohtumine lennujaamas <\/span><\/i>(\u2018Meeting at an Airport\u2019, 1979). She died in Toronto, and was buried in Paistu cemetery. The writer Minni Nurme (1917-1994) was her sister. \u00a0<\/span><\/span>\n<\/p>\n<p style=\"text-align:left\">\n\t<span style=\"font-size:13px\"><span style=\"font-family:Verdana,Geneva,sans-serif\">She made her debut with <i><span style=\"font-style:italic\">Valge maja <\/span><\/i>(\u2018The White House\u2019, 1946), a novel written in Estonia but published in Sweden. Her novels can be divided into two parts: those based on farm life and those depicting life in exile. Greater attention was paid to the trilogy of novels <i><span style=\"font-style:italic\">Ilmap\u00f5llu inimised <\/span><\/i>(\u2018The People of Ilmap\u00f5llu\u2019, 1948), <i><span style=\"font-style:italic\">Lindprii talu <\/span><\/i>(\u2018The Outlaw Farm\u2019, 1952) and <i><span style=\"font-style:italic\">K\u00fclaliseks on ootus <\/span><\/i>(\u2018Visited by Yearning\u2019, 1952), which depicts the fate of a farm called Ilmap\u00f5llu and its residents in Viljandimaa in the late thirties and forties. The third volume in the trilogy moves on to life in exile, portraying the vicissitudes for the daughters of the family abroad. Also centred on Viljandimaa is the novel <i><span style=\"font-style:italic\">S\u00fcteoja <\/span><\/i>(\u2018Coal Creek\u2019, 1957), based around a love story, and <i><span style=\"font-style:italic\">\u00d5igusen\u00f5udja <\/span><\/i>(\u2018The Plaintiff\u2019, 1962), depicting the mutual accusations between a cottager and a landlord.<\/span><\/span>\n<\/p>\n<p style=\"text-align:left\">\n\t<span style=\"font-size:13px\"><span style=\"font-family:Verdana,Geneva,sans-serif\">Besides the theme of Estonian farm and village life, the exile of refugees is prominent in the novels: <i><span style=\"font-style:italic\">K\u00e4restik <\/span><\/i>(\u2018The Rapids\u2019, 1955), <i><span style=\"font-style:italic\">Kontv\u00f5\u00f5ras <\/span><\/i>(\u2018The Uninvited Guest\u2019, 1966), <i><span style=\"font-style:italic\">Vang, kes p\u00f5genes <\/span><\/i>(\u2018The Prisoner Who Escaped\u2019, 1975), <i><span style=\"font-style:italic\">Kohtumine lennujaamas <\/span><\/i>(1979), <i><span style=\"font-style:italic\">Arm ja ahnus <\/span><\/i>(\u2018Mercy and Greed\u2019, 1972). The description of exile changes over time, becoming more nuanced; the contrast between Western pragmatism and spiritual values comes to the fore; it is often difficult for the protagonists to adapt to foreign ways and mentality, admixed with a feeling of a lost homeland. The homeland and natural imagery also dominate her poetry, a survey of which is provided in the selection <i><span style=\"font-style:italic\">Kivi kiljatas aknasse <\/span><\/i>(\u2018A Stone Screamed at the Window\u2019, 2005). <\/span><\/span>\n<\/p>\n<p style=\"text-align:left\">\n\t<span style=\"font-size:13px\"><span style=\"font-family:Verdana,Geneva,sans-serif\">Memoirs are the basis of <i><span style=\"font-style:italic\">Varjude maja <\/span><\/i>(\u2018House of Shadows\u2019, 1959), set in a hospital, and which was at one time regarded as one of Ekbaum\u2019s best works, and of <i><span style=\"font-style:italic\">Veimevakk <\/span><\/i>(\u2018The Dowry Chest\u2019, 1964), which mainly draws on her youth. The documentary novel <i><span style=\"font-style:italic\">Ristitants <\/span><\/i>(\u2018Cross Dance\u2019, 1970) depicts the internal conflicts in the refugee community which came sharply to the fore after the visit of the writer Rudolf Sirge from Soviet Estonia in 1964.<\/span><\/span>\n<\/p>\n<p style=\"text-align:left\">\n\t<span style=\"font-size:13px\"><span style=\"font-family:Verdana,Geneva,sans-serif\"><i><span style=\"font-style:italic\">A. K. (Translated by C. M.)<\/span><\/i><\/span><\/span><\/p>\n<p>\u00a0\n<\/p>\n<p style=\"margin-bottom:6,0000pt;text-align:left\">\n\t<span style=\"font-size:16px\"><span style=\"font-family:Verdana,Geneva,sans-serif\"><span style=\"line-height:150%\"><b><span style=\"font-weight:bold\">Works in Estonian<\/span><\/b><\/span><\/span><\/span>\n<\/p>\n<p style=\"margin-bottom:6,0000pt;text-align:left\">\n\t<span style=\"font-size:13px\"><span style=\"font-family:Verdana,Geneva,sans-serif\"><span style=\"line-height:150%\"><em><b><span style=\"font-weight:bold\">Novels<\/span><\/b><\/em><br><strong>Valge maja<\/strong>. Vadstena: Orto, 1946, 335 lk.<br><strong>Ilmap\u00f5llu inimesed<\/strong>. Vadstena: Orto, 1948, 261 lk.<br><strong>Lindprii talu<\/strong>: teine raamat Ilmap\u00f5llu inimestest. G\u00f6teborg: Orto, 1951, 230 lk.<br><strong>K\u00fclaliseks on ootus<\/strong>: kolmas raamat Ilmap\u00f5llu inimestest. Toronto: Orto, 1952, 261 lk.<br><strong>K\u00e4restik<\/strong>. Lund: Eesti Kirjanike Kooperatiiv, 1955, 259 lk.<br><strong>S\u00fcteoja<\/strong>. Lund: Eesti Kirjanike Kooperatiiv, 1957, 286 lk.<br><strong>Varjude maja<\/strong>. Lund: Eesti Kirjanike Kooperatiiv, 1959, 294 lk.<br><strong>\u00d5igusen\u00f5udja<\/strong>. Lund: Eesti Kirjanike Kooperatiiv, 1962, 302 lk.\u00a0[2. tr\u00fckk:\u00a01993.]<br><strong>Kontv\u00f5\u00f5ras<\/strong>. Lund: Eesti Kirjanike Kooperatiiv, 1966, 287 lk.<br><strong>Ristitants<\/strong>. Lund: Eesti Kirjanike Kooperatiiv, 1970, 240 lk.<br><strong>Arm ja ahnus<\/strong>. Lund: Eesti Kirjanike Kooperatiiv, 1972, 232 lk.<br><strong>Vang, kes p\u00f5genes<\/strong>. Lund: Eesti Kirjanike Kooperatiiv, 1975, 218 lk.<br><strong>Kohtumine lennujaamas<\/strong>. Lund: Eesti Kirjanike Kooperatiiv, 1979, 192 lk.<br><strong>Inimene ingel<\/strong>. Lund: Eesti Kirjanike Kooperatiiv, 1983, 205 lk.<\/span><\/span><\/span>\n<\/p>\n<p style=\"margin-bottom:6,0000pt;text-align:left\">\n\t<span style=\"font-size:13px\"><span style=\"font-family:Verdana,Geneva,sans-serif\"><span style=\"line-height:150%\"><em><b><span style=\"font-weight:bold\">Short prose<\/span><\/b><\/em><br><strong>J\u00e4lgkiri tormiuksel<\/strong>: jutte, juhtumisi, legende. Lund: Eesti Kirjanike Kooperatiiv, 1987, 203 lk.<\/span><\/span><\/span>\n<\/p>\n<p style=\"margin-bottom:6,0000pt;text-align:left\">\n\t<span style=\"font-size:13px\"><span style=\"font-family:Verdana,Geneva,sans-serif\"><span style=\"line-height:150%\"><em><b><span style=\"font-weight:bold\">Poetry<\/span><\/b><\/em><br><strong>Indiaani suvel<\/strong>. Toronto: Orto, 1951, 73 lk.<br><strong>Kivi kiljatas aknasse<\/strong>. Stockholm: Vaba Eesti, 1967, 91 lk.<br><strong>Ajatar<\/strong>. Toronto: S. Ekbaum, 1974, 74 lk.<br><strong>Lupiinid, lupiinid<\/strong>. Toronto, 1979, 104 lk.<br><strong>\u00d5hum\u00e4rgi all<\/strong>. Toronto: S. Ekbaum, 1983, 64 lk.<br><strong>Talioras<\/strong>. Toronto, 1988, 80 lk.<br><strong>\u00d5htu tiiva all<\/strong>. Toronto: Eesti Kirjanike Kooperatiiv, 1992, 112 lk.<br><strong>Kivi kiljatas aknasse<\/strong>: luuletusi seitsmest kogust. Tallinn: Varrak, 2005, 312 lk.<\/span><\/span><\/span>\n<\/p>\n<p style=\"text-align:left\">\n\t<span style=\"font-size:13px\"><span style=\"font-family:Verdana,Geneva,sans-serif\"><em><b><span style=\"font-weight:bold\">Memoirs<\/span><\/b><\/em><br><strong>Veimevakk<\/strong>: p\u00fchap\u00e4evakarjuse m\u00e4lestusi. Lund: Eesti Kirjanike Kooperatiiv, 1964, 295 lk.<\/span><\/span><\/p>\n","protected":false},"excerpt":{"rendered":"<p>Poems Novels Salme Ekbaum (until 1941 Neumann, 21. \/ 8. X 1912 \u2013 10. IX 1995) was a prose writer and poet working in exile. She was born in Paistu parish, Viljandi county, was educated at Taki and K\u00f5pu, and &#8230;<\/p>\n","protected":false},"author":43,"featured_media":0,"parent":566,"menu_order":0,"comment_status":"closed","ping_status":"closed","template":"","meta":{"_acf_changed":false,"inline_featured_image":false,"footnotes":""},"class_list":["post-1201","page","type-page","status-publish","hentry"],"acf":[],"_links":{"self":[{"href":"https:\/\/sisu.ut.ee\/ewod\/wp-json\/wp\/v2\/pages\/1201","targetHints":{"allow":["GET"]}}],"collection":[{"href":"https:\/\/sisu.ut.ee\/ewod\/wp-json\/wp\/v2\/pages"}],"about":[{"href":"https:\/\/sisu.ut.ee\/ewod\/wp-json\/wp\/v2\/types\/page"}],"author":[{"embeddable":true,"href":"https:\/\/sisu.ut.ee\/ewod\/wp-json\/wp\/v2\/users\/43"}],"replies":[{"embeddable":true,"href":"https:\/\/sisu.ut.ee\/ewod\/wp-json\/wp\/v2\/comments?post=1201"}],"version-history":[{"count":1,"href":"https:\/\/sisu.ut.ee\/ewod\/wp-json\/wp\/v2\/pages\/1201\/revisions"}],"predecessor-version":[{"id":3876,"href":"https:\/\/sisu.ut.ee\/ewod\/wp-json\/wp\/v2\/pages\/1201\/revisions\/3876"}],"up":[{"embeddable":true,"href":"https:\/\/sisu.ut.ee\/ewod\/wp-json\/wp\/v2\/pages\/566"}],"wp:attachment":[{"href":"https:\/\/sisu.ut.ee\/ewod\/wp-json\/wp\/v2\/media?parent=1201"}],"curies":[{"name":"wp","href":"https:\/\/api.w.org\/{rel}","templated":true}]}}