{"id":1200,"date":"2024-04-03T23:40:57","date_gmt":"2024-04-03T20:40:57","guid":{"rendered":"https:\/\/sisu.ut.ee\/ewod\/about-et-111\/"},"modified":"2025-06-02T17:11:21","modified_gmt":"2025-06-02T14:11:21","slug":"about","status":"publish","type":"page","link":"https:\/\/sisu.ut.ee\/ewod\/u\/uibopuu\/about\/","title":{"rendered":"Valev Uibopuu &#8211; about"},"content":{"rendered":"<p><span style=\"font-family: verdana, geneva;\"><strong><span style=\"font-size: medium;\">Books<\/span><\/strong><\/span><\/p>\n\n\n\n<p><span style=\"font-family: verdana, geneva;\"><span style=\"font-family: verdana, geneva;\"><strong><em>Finnish<\/em><\/strong><br>Pertti Virtaranta, <strong>Keskusteluja Valev Uibopuun kanssa = Vestlusi Valev Uibopuuga<\/strong>. Helsinki: Suomalais Ugrilainen Seura, 1991, 179 pp.<\/span><\/span><br>\u00a0<\/p>\n\n\n\n<p><span style=\"font-family: verdana, geneva;\"><strong><span style=\"font-size: medium;\">Articles<\/span><\/strong><\/span><\/p>\n\n\n\n<p><span style=\"font-family: verdana, geneva; font-size: small;\"><strong><span style=\"font-family: verdana, geneva;\"><em>English<\/em><br><\/span><\/strong><\/span>Anneli K\u00f5vamees, <strong>Foreigner Abroad: Travelogues by Valev Uibopuu<\/strong>. \u2013 \u041a\u0443\u043b\u044c\u0442\u0443\u0440\u0430 \u0434\u0438\u0430\u0441\u043f\u043e\u0440\u044b \u0442\u0435\u043c\u044b \u0438 \u0432\u0430\u0440\u0438\u0430\u0446\u0438\u0438. Toim. \u0410. \u0410. \u0414\u0430\u043d\u0438\u043b\u0435\u0432\u0441\u043a\u0438\u0439, \u0421. \u041d. \u0414\u043e\u0446\u0435\u043d\u043a\u043e. \u041c\u043e\u0441\u043a\u0432\u0430: \u0424\u041b\u0418\u041d\u0422\u0410, \u041d\u0430\u0443\u043a\u0430, 2022, lk 189-196.<br><span style=\"font-family: verdana, geneva; font-size: small;\"><strong><span style=\"font-family: verdana, geneva;\">Estonian Writers\u2019 Union 90. Valev Uibopuu 100.<\/span><\/strong><span style=\"font-family: verdana, geneva;\"> \u2013 Estonian Literary Magazine, no 37, 2013.<\/span><\/span><\/p>\n\n\n\n<p><em><strong>Finnish<\/strong><\/em><br>Anna Hukka, <strong>Nostalgia identiteetin rakentajana: Valev Uibopuun pakolaisvuosien kirjeenvaihto<\/strong>. \u2013 Historiallinen Aikakauskirja, nr 2, 2023, lk 126-137.<\/p>\n\n\n\n<p><strong><em>German<\/em><\/strong><br>Benita Eisenschmidt, <strong>Der estnische Schriftsteller Valev Uibopuu ist tot<\/strong>. \u2013 Baltica, Nr. 1, 1997, p 40.<br>Erik Thomson, <strong>Drei estnische Jubilare: Karl Inno 65; Gert Helbem\u00e4e 60; Valev Uibopuu 60<\/strong>. \u2013 Mitteilungen aus baltischem Leben (M\u00fcnchen), no 4, 1973, pp 3-6.<br>\u00a0<\/p>\n\n\n\n<p><span style=\"font-family: verdana, geneva;\"><strong><span style=\"font-size: medium;\">Reviews<\/span><\/strong><\/span><\/p>\n\n\n\n<p><span style=\"font-family: verdana, geneva;\"><em><strong>English<\/strong><\/em><\/span><br><span style=\"font-family: verdana, geneva;\"><span style=\"font-family: verdana, geneva;\">Tiina Kurman,\u00a0<strong><cite>Keskusteluja Valev Uibopuun kanssa: Vestlusi Valev Uibopuuga<\/cite><\/strong><span style=\"font-family: verdana, geneva;\"><strong>\u00a0by Pertti Virtaranta<\/strong>. \u2013 World Literature Today, v<span style=\"font-family: verdana, geneva;\">ol 66, no 2, 1992, p 376.<\/span><\/span><br>Tiina Kurman,\u00a0<strong><cite>Kaks inimelu ajap\u00f6\u00f6rdeis<\/cite><\/strong><span style=\"font-family: verdana, geneva;\"><strong>\u00a0by Valev Uibopuu<\/strong>. \u2013 World Literature Today, v<span style=\"font-family: verdana, geneva;\">ol 65, no 4, 1991, p 739.<\/span><\/span><br>Jeanette Lee Atkinson,\u00a0<strong><cite>Margeriita s\u00f6karen<\/cite><\/strong><span style=\"font-family: verdana, geneva;\"><strong>\u00a0by Valev Uibopuu, Ilona Laaman<\/strong>. \u2013 World Literature Today, v<span style=\"font-family: verdana, geneva;\">ol 63, no 1, 1989, pp 136-137.<\/span><\/span><br>Yvonne L. Sandstroem,\u00a0<strong><cite>Ingenstans att ta v\u00e4gen<\/cite><\/strong><span style=\"font-family: verdana, geneva;\"><strong>\u00a0by Valev Uibopuu<\/strong>. \u2013 World Literature Today, v<span style=\"font-family: verdana, geneva;\">ol 58, no 1, 1984, p 135.<\/span><\/span><\/span><br>V.Terras,\u00a0<strong><cite>Toselli serenaad: Jutustusi, novelle ja dialooge<\/cite><\/strong><span style=\"font-family: verdana, geneva;\"><strong>\u00a0by Valev Uibopuu<\/strong>. \u2013 World Literature Today, v<span style=\"font-family: verdana, geneva;\">ol 58, no 1, 1984, p 141.<\/span><\/span><br>Mall J\u00fcrma,\u00a0<strong><em>Keegi ei kuule meid\u00a0<\/em>by Valev Uibopuu<\/strong>. \u2013 Books Abroad, vol 49, no 1, 1975, pp 161-162.<br>Mall J\u00fcrma,\u00a0<strong><cite>Lademed<\/cite><\/strong><span style=\"font-family: verdana, geneva;\"><strong>\u00a0by Valev Uibopuu<\/strong>. \u2013 Books Abroad, v<span style=\"font-family: verdana, geneva;\">ol 45, no 2, 1971, p 346.<br>Alo Raun,\u00a0<strong><cite>Igavene k\u00fcla<\/cite><\/strong><span style=\"font-family: verdana, geneva;\"><strong>\u00a0by Valev Uibopuu<\/strong>. \u2013 Books Abroad, v<span style=\"font-family: verdana, geneva;\">ol 30, no 2, 1956, p 234.<\/span><\/span><\/span><\/span><\/span><\/p>\n\n\n\n<p><strong><em>Finnish<\/em><\/strong><br>Kylliki Villa, <strong>Pakolaikohtaloita<\/strong>. \u2013 Uusi Suomi 9. I 1953 [\u201eNeli tuld\u201c]<br>Seppo A. Teinonen, <strong>Isionmaansa menett\u00e4neidn laiva<\/strong>. \u2013 Kotimaa 19. XII 1952 [\u201eNeli tuld\u201c]<\/p>\n\n\n\n<p><span style=\"font-family: verdana, geneva;\"><span style=\"font-family: verdana, geneva;\"><span style=\"font-family: verdana, geneva;\"><span style=\"font-family: verdana, geneva;\"><span style=\"font-family: verdana, geneva;\"><strong><em>German<\/em><\/strong><br>Bernd Gr\u00e4f, <strong>[About \u2018Keiner h\u00f6rt uns\u2019 (\u2018Keegi ei kuule meid\u2019)]<\/strong>. \u2013 Der Romanf\u00fchrer. Der Inhalt der Romane und Novellen der Weltliteratur. Band 34: Ost-, s\u00fcdost- und nordeurop\u00e4ische Erz\u00e4hlprosa aus den Jahren 1989 bis 1995. Herausgegeben von Bernd Gr\u00e4f. Stuttgart: Anton Hiersemann, 1999, pp 103-104.\u00a0<br>BE, <strong>[About \u2018Keiner h\u00f6rt uns\u2019 (\u2018Keegi ei kuule meid\u2019)]<\/strong>. \u2013 Mitteilungen aus baltischem Leben, no 4, 1993, p 32.<br>[<em>s. n.<\/em>], <strong>[About \u2018Keiner h\u00f6rt uns\u2019 (\u2018Keegi ei kuule meid\u2019)]<\/strong>. \u2013 Baltica, no 3, 1993, p 22.<br>Renata Blodow, <strong>Neli tuld<\/strong>. \u2013 Kindlers Neues Literatur Lexikon. Herausgegeben von Walter Jens. Band 16. M\u00fcnchen: Kindler, 1991, pp 899-900. [About \u2018Neli tuld\u2019.]<br>Renata Blodow, <strong>Neli tuld<\/strong>. \u2013 Kindlers Literatur Lexikon. Band 5. Z\u00fcrich: Kindler, 1969, pp 370-371. [About \u2018Neli tuld\u2019.]\u00a0<\/span><\/span><\/span><\/span><\/span><\/p>\n","protected":false},"excerpt":{"rendered":"<p>Books FinnishPertti Virtaranta, Keskusteluja Valev Uibopuun kanssa = Vestlusi Valev Uibopuuga. Helsinki: Suomalais Ugrilainen Seura, 1991, 179 pp.\u00a0 Articles EnglishAnneli K\u00f5vamees, Foreigner Abroad: Travelogues by Valev Uibopuu. \u2013 \u041a\u0443\u043b\u044c\u0442\u0443\u0440\u0430 \u0434\u0438\u0430\u0441\u043f\u043e\u0440\u044b \u0442\u0435\u043c\u044b \u0438 \u0432\u0430\u0440\u0438\u0430\u0446\u0438\u0438. Toim. \u0410. \u0410. \u0414\u0430\u043d\u0438\u043b\u0435\u0432\u0441\u043a\u0438\u0439, \u0421. \u041d. \u0414\u043e\u0446\u0435\u043d\u043a\u043e. &#8230;<\/p>\n","protected":false},"author":43,"featured_media":0,"parent":1192,"menu_order":0,"comment_status":"closed","ping_status":"closed","template":"","meta":{"_acf_changed":false,"inline_featured_image":false,"footnotes":""},"class_list":["post-1200","page","type-page","status-publish","hentry"],"acf":[],"_links":{"self":[{"href":"https:\/\/sisu.ut.ee\/ewod\/wp-json\/wp\/v2\/pages\/1200","targetHints":{"allow":["GET"]}}],"collection":[{"href":"https:\/\/sisu.ut.ee\/ewod\/wp-json\/wp\/v2\/pages"}],"about":[{"href":"https:\/\/sisu.ut.ee\/ewod\/wp-json\/wp\/v2\/types\/page"}],"author":[{"embeddable":true,"href":"https:\/\/sisu.ut.ee\/ewod\/wp-json\/wp\/v2\/users\/43"}],"replies":[{"embeddable":true,"href":"https:\/\/sisu.ut.ee\/ewod\/wp-json\/wp\/v2\/comments?post=1200"}],"version-history":[{"count":2,"href":"https:\/\/sisu.ut.ee\/ewod\/wp-json\/wp\/v2\/pages\/1200\/revisions"}],"predecessor-version":[{"id":7374,"href":"https:\/\/sisu.ut.ee\/ewod\/wp-json\/wp\/v2\/pages\/1200\/revisions\/7374"}],"up":[{"embeddable":true,"href":"https:\/\/sisu.ut.ee\/ewod\/wp-json\/wp\/v2\/pages\/1192"}],"wp:attachment":[{"href":"https:\/\/sisu.ut.ee\/ewod\/wp-json\/wp\/v2\/media?parent=1200"}],"curies":[{"name":"wp","href":"https:\/\/api.w.org\/{rel}","templated":true}]}}