{"id":1194,"date":"2024-04-03T23:40:56","date_gmt":"2024-04-03T20:40:56","guid":{"rendered":"https:\/\/sisu.ut.ee\/ewod\/grigorjeva\/"},"modified":"2024-04-04T00:07:57","modified_gmt":"2024-04-03T21:07:57","slug":"grigorjeva","status":"publish","type":"page","link":"https:\/\/sisu.ut.ee\/ewod\/g\/grigorjeva\/","title":{"rendered":"Sveta Grigorjeva"},"content":{"rendered":"<p>\n\t<a href=\"https:\/\/sisu.ut.ee\/ewod\/g\/grigorjeva\/poems\"><span style=\"font-size: medium\"><strong><span style=\"font-family: verdana, geneva\">Poems<\/span><\/strong><\/span><\/a><span style=\"font-size: medium\"><strong><span style=\"font-family: verdana, geneva\"> <\/span><\/strong><span style=\"font-family: verdana, geneva\"><a href=\"https:\/\/sisu.ut.ee\/wp-content\/uploads\/sites\/108\/sveta_grigorjeva_alar_madisson.jpg\" target=\"_self\" rel=\"noopener\"><img decoding=\"async\" alt=\"Sveta Grigorjeva\" class=\"\" src=\"https:\/\/sisu.ut.ee\/wp-content\/uploads\/sites\/108\/sveta_grigorjeva_alar_madisson.jpg\" style=\"float: right;width: 300px;height: 200px\" title=\"Photo: Alar Madisson\"><\/a><\/span><\/span>\n<\/p>\n<p>\n\t\u00a0\n<\/p>\n<p style=\"margin-bottom:0.28cm\">\n<\/p><p><span style=\"color:#000000\"><span style=\"font-size:13px\"><span style=\"font-family:Verdana,Geneva,sans-serif\"><span style=\"line-height:108%\"><span style=\"font-weight:normal\">Sveta Grigorjeva <\/span>(b. 16. I 1988) is a poet, dancer and choreographer.<\/span><\/span><\/span><\/span>\n<\/p>\n<p style=\"margin-bottom:0.28cm\">\n\t<span style=\"color:#000000\"><span style=\"font-size:13px\"><span style=\"font-family:Verdana,Geneva,sans-serif\"><span style=\"line-height:108%\">Grigorjeva was born and educated in Tallinn, and studied choreography at the University of Tallinn (with a master\u2019s degree in 2013). She furthered her training in France, at the Universit\u00e9 Nice-Sophia-Antipol.<\/span><\/span><\/span><\/span>\n<\/p>\n<p style=\"margin-bottom:0.28cm\">\n\t<span style=\"color:#000000\"><span style=\"font-size:13px\"><span style=\"font-family:Verdana,Geneva,sans-serif\"><span style=\"line-height:108%\">She made her debut with poems in the journals <i>V\u00e4rske R\u00f5hk <\/i>and <i>Vikerkaar<\/i>; her debut collection, <i>Kes kardab Sveta Grigorjevat? <\/i>(\u2018Who\u2019s Afraid of Sveta Grigorjeva?\u2019, 2013) attracted lively attention. Grigorjeva touches on various social and public subjects; for example, one of the consistent motifs in her poetry is the question of Estonian-Russian identity, and close contact with Lasnam\u00e4e, the place where she was brought up. Grigorjeva contests various fixed (gender) stereotypes. Her poetry is at times relaxed and colloquial in expression, rich in language and sometimes humorous. Her collection <i>American beauty <\/i>(2018) is also notable for the bold stances it takes.<\/span><\/span><\/span><\/span>\n<\/p>\n<p style=\"margin-bottom:0.28cm\">\n\t<span style=\"color:#000000\"><span style=\"font-size:13px\"><span style=\"font-family:Verdana,Geneva,sans-serif\"><span style=\"line-height:108%\">Grigorjeva won the University of Tallinn literature prize (2013) for her poems, and won the <i>Vikerkaar <\/i>journal\u2019s vote for \u2018debut of the year\u2019 for the collection <i>Kes kardab Sveta Grigojevat?.<\/i><\/span><\/span><\/span><\/span>\n<\/p>\n<p style=\"margin-bottom:0.28cm\">\n\t<span style=\"color:#000000\"><span style=\"font-size:13px\"><span style=\"font-family:Verdana,Geneva,sans-serif\"><span style=\"line-height:108%\"><i>A. K. (Translated by C. M.)<\/i><\/span><\/span><\/span><\/span>\n<\/p>\n<p style=\"margin-bottom:0.21cm\">\n<\/p><p><span style=\"font-size:16px\"><span style=\"color:#000000\"><span style=\"font-family:Verdana,Geneva,sans-serif\"><span style=\"line-height:150%\"><b>Books in Estonian<\/b><\/span><\/span><\/span><\/span>\n<\/p>\n<p style=\"margin-bottom:0.21cm\">\n\t<span style=\"color:#000000\"><span style=\"font-size:13px\"><span style=\"font-family:Verdana,Geneva,sans-serif\"><span style=\"line-height:150%\"><i><b>Poetry collections<\/b><\/i><br><b>Kes kardab Sveta Grigorjevat?<\/b>. Tallinn: V\u00e4rske R\u00f5hk, 2013, 86 lk. [2. tr\u00fckk: 2020.]<br><b>American beauty<\/b>. Tallinn: Suur Rida, 2018, 71 lk.<\/span><\/span><\/span><\/span>\n<\/p>\n<p>\n\t\u00a0<\/p>\n","protected":false},"excerpt":{"rendered":"<p>Poems \u00a0 Sveta Grigorjeva (b. 16. I 1988) is a poet, dancer and choreographer. Grigorjeva was born and educated in Tallinn, and studied choreography at the University of Tallinn (with a master\u2019s degree in 2013). She furthered her training in &#8230;<\/p>\n","protected":false},"author":43,"featured_media":0,"parent":589,"menu_order":0,"comment_status":"closed","ping_status":"closed","template":"","meta":{"_acf_changed":false,"inline_featured_image":false,"footnotes":""},"class_list":["post-1194","page","type-page","status-publish","hentry"],"acf":[],"_links":{"self":[{"href":"https:\/\/sisu.ut.ee\/ewod\/wp-json\/wp\/v2\/pages\/1194","targetHints":{"allow":["GET"]}}],"collection":[{"href":"https:\/\/sisu.ut.ee\/ewod\/wp-json\/wp\/v2\/pages"}],"about":[{"href":"https:\/\/sisu.ut.ee\/ewod\/wp-json\/wp\/v2\/types\/page"}],"author":[{"embeddable":true,"href":"https:\/\/sisu.ut.ee\/ewod\/wp-json\/wp\/v2\/users\/43"}],"replies":[{"embeddable":true,"href":"https:\/\/sisu.ut.ee\/ewod\/wp-json\/wp\/v2\/comments?post=1194"}],"version-history":[{"count":1,"href":"https:\/\/sisu.ut.ee\/ewod\/wp-json\/wp\/v2\/pages\/1194\/revisions"}],"predecessor-version":[{"id":3891,"href":"https:\/\/sisu.ut.ee\/ewod\/wp-json\/wp\/v2\/pages\/1194\/revisions\/3891"}],"up":[{"embeddable":true,"href":"https:\/\/sisu.ut.ee\/ewod\/wp-json\/wp\/v2\/pages\/589"}],"wp:attachment":[{"href":"https:\/\/sisu.ut.ee\/ewod\/wp-json\/wp\/v2\/media?parent=1194"}],"curies":[{"name":"wp","href":"https:\/\/api.w.org\/{rel}","templated":true}]}}