{"id":1192,"date":"2024-04-03T23:40:56","date_gmt":"2024-04-03T20:40:56","guid":{"rendered":"https:\/\/sisu.ut.ee\/ewod\/uibopuu\/"},"modified":"2025-06-02T16:51:32","modified_gmt":"2025-06-02T13:51:32","slug":"uibopuu","status":"publish","type":"page","link":"https:\/\/sisu.ut.ee\/ewod\/u\/uibopuu\/","title":{"rendered":"Valev Uibopuu"},"content":{"rendered":"<p><span style=\"font-family: Verdana,Geneva,sans-serif;\"><strong><span style=\"font-size: 16px;\"><a title=\"\" href=\"https:\/\/sisu.ut.ee\/ewod\/u\/uibopuu\/novels\" data-url=\"https:\/\/sisu.ut.ee\/ewod\/u\/uibopuu\/novels\">Novels <\/a><a href=\"https:\/\/sisu.ut.ee\/wp-content\/uploads\/sites\/108\/valev_uibopuu.jpg\" target=\"_self\" rel=\"noopener\"><img decoding=\"async\" style=\"float: right; width: 200px; height: 312px;\" src=\"https:\/\/sisu.ut.ee\/wp-content\/uploads\/sites\/108\/valev_uibopuu.jpg\" alt=\"Valev Uibopuu\"><\/a><\/span><\/strong><\/span><\/p>\n\n\n\n<p><a href=\"https:\/\/sisu.ut.ee\/ewod\/u\/uibopuu\/stories\"><strong><span style=\"font-size: medium; font-family: verdana, geneva;\">Short stories<\/span><\/strong><\/a><\/p>\n\n\n\n<p><a href=\"https:\/\/sisu.ut.ee\/ewod\/u\/uibopuu\/about\"><strong><span style=\"font-family: verdana, geneva; font-size: medium;\">About\u00a0Valev Uibopuu<\/span><\/strong><\/a><\/p>\n\n\n\n<p>\u00a0<\/p>\n\n\n\n<p><span style=\"font-size: 13px;\"><span style=\"font-family: Verdana,Geneva,sans-serif;\">Valev Uibopuu (19.\/6. X 1913 \u2013 18. III 1997) was a prose writer and one of the most well-known Estonian expatriate writers.<\/span><\/span><\/p>\n\n\n\n<p><span style=\"font-size: 13px;\"><span style=\"font-family: Verdana,Geneva,sans-serif;\">He was born in Karula parish, V\u00f5ru County. He studied in primary schools in Tartu, Karaski (K\u00f5lleste parish), Linnam\u00e4e and Kanepi and in Otep\u00e4\u00e4 gymnasium. In 1939, he came to Tallinn and was the editor at the newspaper <em>Perekonnaleht<\/em>. He worked different jobs, and from 1942 to 1943, was employed at the editorial board of the newspaper <em>Eesti S\u00f5na<\/em>. In 1943, he fled to Finland and continued working different jobs, in addition to participating in the editing of the <em>Eesti Looming<\/em> almanac. In 1944, he went to Sweden and worked at the editorial board of the newspaper <em>V\u00e4lis-Eesti<\/em>. In 1953, he graduated the Estonian gymnasium in Stockholm and studied at the departments of philosophy at Helsinki (1953) and Lund University (1954-1958). He received his licentiate degree in 1967 and his doctorate in 1970 (dissertation <em>Similarkomparative Konstruktionen im Finnischen und Estnischen<\/em>). From 1954-1970, he worked in Lund at the Estonian Writers\u2019 Cooperative publishing house and also chaired it. From 1971-1980, he was a docent at Lund University and the director of the Finno-Ugric Institute. From 1944-1964, he was married to the Finnish writer Tuuli Reijonen. He was both a member (from 1945) and a board member of the Estonian Writers\u2019 Union Abroad, a member of the Swedish Writers\u2019 Union from 1960 and a member of the Estonian PEN Club. He received the Henrik Visnapuu Literature Prize for his short story collection <em>Igavene k\u00fcla<\/em> (\u2018Eternal Village\u2019, 1954), the F. J. Wiedemann Language Award (1992), the Bernand Kangro Literary Prize (1993), the Estonian National Congress in Sweden prize for <em>Meie ja meie h\u00f5imud<\/em> (\u2018Us and Our Tribes\u2019, 1984) and the Order of the National Coat of Arms of Estonia, III Class (1997). He died in Lund and is buried at L\u00fcllem\u00e4e cemetery in Karula.<\/span><\/span><\/p>\n\n\n\n<p><span style=\"font-size: 13px;\"><span style=\"font-family: Verdana,Geneva,sans-serif;\">His first prose pieces were published in magazines in 1930. His stories are dominated by Estonia-related topics and the setting is often in a village. This is combined with the expatriate experience of living in Sweden, e.g. in the story collections <em>Linnud puuris<\/em> (\u2018Caged Birds\u2019, 1946), <em>Kahju l\u00e4inud aegadest<\/em> (\u2018A Shame about Times Past\u2019, 1949) and <em>Igavene k\u00fcla<\/em> (\u2018Eternal Village\u2019, 1954). His later collections <em>Mosaiik<\/em> (\u2018Mosaic\u2019, 1962) and <em>Toselli serenaad<\/em> (\u2018Toselli\u2019s Serenade\u2019, 1982) focus more on life abroad, yet the human nature is depicted as unchanging. The collection <em>Muutunud maailm<\/em> (\u2018Changed World\u2019, 1997) provides an overview of his short stories.<\/span><\/span><\/p>\n\n\n\n<p><span style=\"font-size: 13px;\"><span style=\"font-family: Verdana,Geneva,sans-serif;\">The novel <em>Keegi ei kuule meid<\/em> (\u2018Nobody Can Hear Us\u2019, 1948) is probably Uibopuu\u2019s most well-known work. It depicts the turbulent events in a small town from 1939-1941, the town depicted is recognizably Valga. The action is described from the point of view of regular folk. Uibopuu is interested in psychology, the characters need to make choices when there are no good options available. The small town can be interpreted as a model of a small country \u2013 even the title refers to the weak voice and isolation of a small nation. The novel <em>Neli tuld<\/em> (\u2018Four Fires\u2019, 1951), which uses a modern changing of viewpoints, may also be interpreted as a model of an expatriate society.<\/span><\/span><\/p>\n\n\n\n<p><span style=\"font-size: 13px;\"><span style=\"font-family: Verdana,Geneva,sans-serif;\">One of Uibopuu\u2019s top works, the psychological novel <em>Janu<\/em> (\u2018Thirst\u2019, 1957) depicts the recovery of a young girl from a hopeless disease, bone tuberculosis. Author has drawn from autobiographical sources in depicting the disease. The novel focuses on the inner world of the uibopuuesque solitary main character. Being bedridden due to the illness, the senses heighten, and analytical faculties improve. The surrounding nature and emotions of the main character are depicted with utmost intensity. Paradoxically, the years that were weighed down due to the illness turn out to be a beautiful time when looked back on from old age.<\/span><\/span><\/p>\n\n\n\n<p><span style=\"font-size: 13px;\"><span style=\"font-family: Verdana,Geneva,sans-serif;\">The conflict between the individual and society is at the forefront of the novel <em>Markuse muutumised<\/em> (\u2018The Changings of Markus\u2019, 1961), the main character of which may be seen as Christ\u2019s double in the modern big city.<\/span><\/span><\/p>\n\n\n\n<p><span style=\"font-size: 13px;\"><span style=\"font-family: Verdana,Geneva,sans-serif;\">The novel <em>Lademed<\/em> (\u2018Deposits\u2019, 1970) explores expatriate issues through a non-expatriate main character, who joins the expatriate community because they feel left out everywhere else. The novel has influences of existentialism, which occur in his earlier prose as well. In the duology <em>Kaks inimelu ajap\u00f6\u00f6rdeis: Mina ja Tema<\/em> (\u2018Two Human Lives in the Twists of Time: Me and He\u2019, 1990) and <em>Ainult juhus<\/em> (\u2018Only Chance\u2019, 1991), he again explores expatriate issues, this time through the eyes of Estonians who are scattered all over the world following WWII.<\/span><\/span><\/p>\n\n\n\n<p><span style=\"font-size: 13px;\"><span style=\"font-family: Verdana,Geneva,sans-serif;\">In addition to fiction, he also wrote articles and reviews \u2013 the collection <em>Ajavoolu v\u00f5rendikest<\/em> (\u2018Of the Stream Pools of Time\u2019, 1987) \u2013 and was active in exploring philological issues and Finno-Ugric topics in <em>Meie ja meie h\u00f5imud<\/em> (\u2018Us and Our Tribes\u2019, 1984).<\/span><\/span><\/p>\n\n\n\n<p><em>A. K. (Translated by A. S.)<\/em><\/p>\n\n\n\n<p><strong><span style=\"font-size: 16px;\"><span style=\"font-family: Verdana,Geneva,sans-serif;\">Books in Estonian<\/span><\/span><\/strong><\/p>\n\n\n\n<p><span style=\"font-size: 13px;\"><span style=\"font-family: Verdana,Geneva,sans-serif;\"><strong><em>Novels<\/em><\/strong><br><strong>V\u00f5\u00f5ras kodu<\/strong>. Vadstena: Orto, 1945, 239 lk. [2. tr\u00fckk: 2020.]<br><strong>Keegi ei kuule meid<\/strong>. Vadstena: Orto, 1948, 438 lk. [J\u00e4rgnevad tr\u00fckid: 1973, 1992, 2009.]<br><strong>Neli tuld<\/strong>. Lund: Eesti Kirjanike Kooperatiiv, 1951, 327 lk. [2. tr\u00fckk: 1993.]<br><strong>Janu<\/strong>. Lund: Eesti Kirjanike Kooperatiiv, 1957, 327 lk. [2. tr\u00fckk: 1997.]<br><strong>Markuse muutumised<\/strong>. Lund: Eesti Kirjanike Kooperatiiv, 1961, 347 lk. [2. tr\u00fckk: 1997.]<br><strong>Lademed<\/strong>. Lund: Eesti Kirjanike Kooperatiiv, 1970, 292 lk.<br><strong>Mina ja Tema. Esimene raamat romaanist Kaks inimelu ajap\u00f6\u00f6rdeis<\/strong>. Lund: Eesti Kirjanike Kooperatiiv, 1990, 200 lk.<br><strong>Ainult juhus. Teine raamat romaanist Kaks inimelu ajap\u00f6\u00f6rdeis<\/strong>. Lund: Eesti Kirjanike Kooperatiiv, 1991, 211 lk.<\/span><\/span><\/p>\n\n\n\n<p><span style=\"font-size: 13px;\"><span style=\"font-family: Verdana,Geneva,sans-serif;\"><strong><em>Stories<\/em><\/strong><br><strong>V\u00e4ravate all<\/strong>. Jutustus. Tartu: Noor-Eesti, 1936, 136 lk.<br><strong>Viljatu puu<\/strong>. Novellid. Tartu: Ilukirjandus ja Kunst, 1940, 201 lk.<br><strong>Linnud puuris<\/strong>. Vadstena: Orto, 1946, 280 lk.<br><strong>Kahju l\u00e4inud aegadest<\/strong>. Miniatuure ja jutustusi. Vadstena: Orto, 1949, 231 lk.<br><strong>Igavene k\u00fcla<\/strong>. Lund: Eesti Kirjanike Kooperatiiv, 1954, 302 lk.<br><strong>Mosaiik<\/strong>. Novelle ja laaste. Lund: Eesti Kirjanike Kooperatiiv, 1962, 283 lk.<br><strong>Toselli serenaad<\/strong>. Jutustusi, novelle ja dialooge. Lund: Eesti Kirjanike Kooperatiiv, 1982, 214 lk.<br><strong>Muutunud maailm<\/strong>. Tallinn: Eesti Raamat, 1997, 275 lk. [Sari \u2018Eesti novellivara\u2019.]<\/span><\/span><\/p>\n\n\n\n<p><span style=\"font-size: 13px;\"><span style=\"font-family: Verdana,Geneva,sans-serif;\"><strong><em>Children\u2019s literature<\/em><\/strong><br><strong>H\u00f5bedane \u00f5ng<\/strong>. Tartu-Tallinn: Loodus, 1940, 28 lk.<br><strong>Metsamajake<\/strong>. Tallinn: Pedagoogiline Kirjandus, 1941, 47 lk.<\/span><\/span><\/p>\n\n\n\n<p><span style=\"font-size: 13px;\"><span style=\"font-family: Verdana,Geneva,sans-serif;\"><strong><em>Non-fiction<\/em><\/strong><br><strong>Meie ja meie h\u00f5imud<\/strong>. Peat\u00fckke soomeugrilaste minevikust ja olevikust. Lund: Eesti Kirjanike Kooperatiiv, 1984, 302 lk.<br><strong>Ajavoolu v\u00f5rendikest<\/strong>. M\u00f5tteraamat kirjanduse, keele ja kultuuri vallast. Lund: Eesti Kirjanike Kooperatiiv, 1987, 228 lk.<br><strong>V\u00e4lismaine Eesti Kirjanike Liit<\/strong>. Tallinn: Eesti Kirjanike Liit, 2012, 143 lk.<\/span><\/span><\/p>\n\n\n\n<p><span style=\"font-size: 13px;\"><span style=\"font-family: Verdana,Geneva,sans-serif;\"><strong><em>About Valev Uibopuu<\/em><\/strong><br>\u00dclo Tonts, <strong>Valev Uibopuu. Elu ja loomingu lugu<\/strong>. Tartu: Ilmamaa, 2004, 239 lk.<\/span><\/span><\/p>\n","protected":false},"excerpt":{"rendered":"<p>Novels Short stories About\u00a0Valev Uibopuu \u00a0 Valev Uibopuu (19.\/6. X 1913 \u2013 18. III 1997) was a prose writer and one of the most well-known Estonian expatriate writers. He was born in Karula parish, V\u00f5ru County. He studied in primary &#8230;<\/p>\n","protected":false},"author":43,"featured_media":0,"parent":720,"menu_order":0,"comment_status":"closed","ping_status":"closed","template":"","meta":{"_acf_changed":false,"inline_featured_image":false,"footnotes":""},"class_list":["post-1192","page","type-page","status-publish","hentry"],"acf":[],"_links":{"self":[{"href":"https:\/\/sisu.ut.ee\/ewod\/wp-json\/wp\/v2\/pages\/1192","targetHints":{"allow":["GET"]}}],"collection":[{"href":"https:\/\/sisu.ut.ee\/ewod\/wp-json\/wp\/v2\/pages"}],"about":[{"href":"https:\/\/sisu.ut.ee\/ewod\/wp-json\/wp\/v2\/types\/page"}],"author":[{"embeddable":true,"href":"https:\/\/sisu.ut.ee\/ewod\/wp-json\/wp\/v2\/users\/43"}],"replies":[{"embeddable":true,"href":"https:\/\/sisu.ut.ee\/ewod\/wp-json\/wp\/v2\/comments?post=1192"}],"version-history":[{"count":2,"href":"https:\/\/sisu.ut.ee\/ewod\/wp-json\/wp\/v2\/pages\/1192\/revisions"}],"predecessor-version":[{"id":7367,"href":"https:\/\/sisu.ut.ee\/ewod\/wp-json\/wp\/v2\/pages\/1192\/revisions\/7367"}],"up":[{"embeddable":true,"href":"https:\/\/sisu.ut.ee\/ewod\/wp-json\/wp\/v2\/pages\/720"}],"wp:attachment":[{"href":"https:\/\/sisu.ut.ee\/ewod\/wp-json\/wp\/v2\/media?parent=1192"}],"curies":[{"name":"wp","href":"https:\/\/api.w.org\/{rel}","templated":true}]}}