{"id":1190,"date":"2024-04-03T23:40:56","date_gmt":"2024-04-03T20:40:56","guid":{"rendered":"https:\/\/sisu.ut.ee\/ewod\/nonfiction-et-62\/"},"modified":"2024-04-04T00:07:57","modified_gmt":"2024-04-03T21:07:57","slug":"nonfiction","status":"publish","type":"page","link":"https:\/\/sisu.ut.ee\/ewod\/k\/korber\/nonfiction\/","title":{"rendered":"Martin K\u00f6rber &#8211; non-fiction"},"content":{"rendered":"<p>\n\t<strong><span style=\"font-size:16px\"><span style=\"font-family:Verdana,Geneva,sans-serif\">Books<\/span><\/span><\/strong>\n<\/p>\n<p>\n\t<span style=\"font-size:13px\"><span style=\"font-family:Verdana,Geneva,sans-serif\"><strong><em>German<\/em><\/strong><br><strong>Oesel einst und jetzt III<\/strong>. Die Kirchspiele Mohn, St. Johannis, Karmel, Kergel, Karris u. Run\u00f6. Arensburg, 1915, 223 pp.<br><strong>Oesel einst und jetzt II<\/strong>. Die Kirchspiele Mustel, Kielkond, Ansek\u00fcll, Jamma, Wolde und Pyha. Arensburg, 1899, 321 pp.<br><strong>Oesel einst und jetzt I<\/strong>. Arensburg. Arensburg: Arensburger Wochenblatt, 1887, 260 pp.<br><strong>Bausteine zu einer Geschichte Oesels<\/strong>, F\u00fcnf Jahrhunderte, von der heidnischen Vorzeit bis zum Frieden v. Nyst\u00e4dt. Arensburg: Arensburger Wochenblatt, 1885, 332 pp.<br><strong>Daheimbilder aus der Kindheit eines Livl\u00e4nders, vor 50 Jahren II<\/strong>. Weihnachten. Arensburg: C. Assafrey, 1873, 109 pp. [Memoirs.]<br><strong>Daheimbilder aus der Kindheit eines Livl\u00e4nders, vor 50 Jahren I<\/strong>. Arensburg: C. Assafrey, 1872, 77 pp. [Memoirs.]<\/span><\/span><\/p>\n","protected":false},"excerpt":{"rendered":"<p>Books GermanOesel einst und jetzt III. Die Kirchspiele Mohn, St. Johannis, Karmel, Kergel, Karris u. Run\u00f6. Arensburg, 1915, 223 pp.Oesel einst und jetzt II. Die Kirchspiele Mustel, Kielkond, Ansek\u00fcll, Jamma, Wolde und Pyha. Arensburg, 1899, 321 pp.Oesel einst und jetzt &#8230;<\/p>\n","protected":false},"author":43,"featured_media":0,"parent":613,"menu_order":0,"comment_status":"closed","ping_status":"closed","template":"","meta":{"_acf_changed":false,"inline_featured_image":false,"footnotes":""},"class_list":["post-1190","page","type-page","status-publish","hentry"],"acf":[],"_links":{"self":[{"href":"https:\/\/sisu.ut.ee\/ewod\/wp-json\/wp\/v2\/pages\/1190","targetHints":{"allow":["GET"]}}],"collection":[{"href":"https:\/\/sisu.ut.ee\/ewod\/wp-json\/wp\/v2\/pages"}],"about":[{"href":"https:\/\/sisu.ut.ee\/ewod\/wp-json\/wp\/v2\/types\/page"}],"author":[{"embeddable":true,"href":"https:\/\/sisu.ut.ee\/ewod\/wp-json\/wp\/v2\/users\/43"}],"replies":[{"embeddable":true,"href":"https:\/\/sisu.ut.ee\/ewod\/wp-json\/wp\/v2\/comments?post=1190"}],"version-history":[{"count":1,"href":"https:\/\/sisu.ut.ee\/ewod\/wp-json\/wp\/v2\/pages\/1190\/revisions"}],"predecessor-version":[{"id":3887,"href":"https:\/\/sisu.ut.ee\/ewod\/wp-json\/wp\/v2\/pages\/1190\/revisions\/3887"}],"up":[{"embeddable":true,"href":"https:\/\/sisu.ut.ee\/ewod\/wp-json\/wp\/v2\/pages\/613"}],"wp:attachment":[{"href":"https:\/\/sisu.ut.ee\/ewod\/wp-json\/wp\/v2\/media?parent=1190"}],"curies":[{"name":"wp","href":"https:\/\/api.w.org\/{rel}","templated":true}]}}