{"id":1188,"date":"2024-04-03T23:40:56","date_gmt":"2024-04-03T20:40:56","guid":{"rendered":"https:\/\/sisu.ut.ee\/ewod\/novels-et-62\/"},"modified":"2024-04-04T00:07:56","modified_gmt":"2024-04-03T21:07:56","slug":"novels","status":"publish","type":"page","link":"https:\/\/sisu.ut.ee\/ewod\/p\/pilter\/novels\/","title":{"rendered":"Lauri Pilter &#8211; novels"},"content":{"rendered":"<p><strong><span style=\"font-family: verdana, geneva;font-size: medium\">In anthologies and magazines<\/span><\/strong><\/p>\n<p><span style=\"font-family: verdana, geneva\"><strong><em>English<\/em><\/strong><br><strong>A Dragon-like Cloud. A Shadowy Glow<\/strong>. <span style=\"font-family: verdana, geneva;font-size: small\"><span style=\"font-family: verdana, geneva\"> \u2013 European First Novel Festival,\u00a0<span style=\"font-size: small\">Europ\u00e9en du Premier Roman<\/span>, Eur\u00f3pai Els<span style=\"font-size: small\">\u0151<\/span>k\u00f6nyvesek Fesztiv\u00e1lja \u2013 21-24 April, 2005, pp 76-77. [\u2018Lohejas pilv\u2019, story \u2018Must-h\u00f5\u00f5gjalt kandun\u2019, excerpt.]<\/span><\/span><\/span><\/p>\n<p><strong><em><span style=\"font-family: verdana, geneva\">Hungarian<\/span><\/em><\/strong><br><strong><span style=\"font-family: verdana, geneva\">S\u00e1rk\u00e1nyfehl<\/span><\/strong><span style=\"font-family: verdana, geneva;font-size: small\"><span style=\"font-family: verdana, geneva\"><strong>\u0151. Bizonytalan Izz\u00e1s<\/strong>. Putnoky R\u00e9ka fordit\u00e1sa. \u2013 European First Novel Festival,\u00a0<span style=\"font-size: small\">Europ\u00e9en du Premier Roman<\/span>, Eur\u00f3pai Els<span style=\"font-size: small\">\u0151<\/span>k\u00f6nyvesek Fesztiv\u00e1lja \u2013 21-24 April, 2005, pp 78-79. [\u2018Lohejas pilv\u2019, story \u2018Must-h\u00f5\u00f5gjalt kandun\u2019, excerpt.]<\/span><br><\/span><\/p>\n","protected":false},"excerpt":{"rendered":"<p>In anthologies and magazines EnglishA Dragon-like Cloud. A Shadowy Glow. \u2013 European First Novel Festival,\u00a0Europ\u00e9en du Premier Roman, Eur\u00f3pai Els\u0151k\u00f6nyvesek Fesztiv\u00e1lja \u2013 21-24 April, 2005, pp 76-77. [\u2018Lohejas pilv\u2019, story \u2018Must-h\u00f5\u00f5gjalt kandun\u2019, excerpt.] HungarianS\u00e1rk\u00e1nyfehl\u0151. Bizonytalan Izz\u00e1s. Putnoky R\u00e9ka fordit\u00e1sa. \u2013 &#8230;<\/p>\n","protected":false},"author":43,"featured_media":0,"parent":1099,"menu_order":0,"comment_status":"closed","ping_status":"closed","template":"","meta":{"_acf_changed":false,"inline_featured_image":false,"footnotes":""},"class_list":["post-1188","page","type-page","status-publish","hentry"],"acf":[],"_links":{"self":[{"href":"https:\/\/sisu.ut.ee\/ewod\/wp-json\/wp\/v2\/pages\/1188","targetHints":{"allow":["GET"]}}],"collection":[{"href":"https:\/\/sisu.ut.ee\/ewod\/wp-json\/wp\/v2\/pages"}],"about":[{"href":"https:\/\/sisu.ut.ee\/ewod\/wp-json\/wp\/v2\/types\/page"}],"author":[{"embeddable":true,"href":"https:\/\/sisu.ut.ee\/ewod\/wp-json\/wp\/v2\/users\/43"}],"replies":[{"embeddable":true,"href":"https:\/\/sisu.ut.ee\/ewod\/wp-json\/wp\/v2\/comments?post=1188"}],"version-history":[{"count":1,"href":"https:\/\/sisu.ut.ee\/ewod\/wp-json\/wp\/v2\/pages\/1188\/revisions"}],"predecessor-version":[{"id":3885,"href":"https:\/\/sisu.ut.ee\/ewod\/wp-json\/wp\/v2\/pages\/1188\/revisions\/3885"}],"up":[{"embeddable":true,"href":"https:\/\/sisu.ut.ee\/ewod\/wp-json\/wp\/v2\/pages\/1099"}],"wp:attachment":[{"href":"https:\/\/sisu.ut.ee\/ewod\/wp-json\/wp\/v2\/media?parent=1188"}],"curies":[{"name":"wp","href":"https:\/\/api.w.org\/{rel}","templated":true}]}}