{"id":1180,"date":"2024-04-03T23:40:55","date_gmt":"2024-04-03T20:40:55","guid":{"rendered":"https:\/\/sisu.ut.ee\/ewod\/booksinspanish\/"},"modified":"2024-04-04T00:07:59","modified_gmt":"2024-04-03T21:07:59","slug":"booksinspanish","status":"publish","type":"page","link":"https:\/\/sisu.ut.ee\/ewod\/folklore\/booksinspanish\/","title":{"rendered":"Estonian folklore &#8211; books in Spanish"},"content":{"rendered":"<p><span style=\"font-family: verdana, geneva\"><strong>Cuentos tradicionales estonios<\/strong>. Selecci\u00f3n de J\u00fcri Talvet. Introducci\u00f3n de Kristi Salve. Traducci\u00f3n: Hella Aarelaid, Esther Bartolom\u00e9 Pons, Alberto L\u00e1zaro Tinaut. Ilustraciones de Jaan Tammsaar. Tallinn: Perioodika, 1990, 223 pp.\u00a0 [8 cuentos de Matthias Johann\u00a0 Eisen, 11 cuentos de Juhan Kunder, 7 cuentos de Friedrich Reinhold Kreutzwald, 3 cuentos de Seto. 2nda edici\u00f3n: Madrid: Ediciones Xorki, 2014, 183 pp.]<\/span><\/p>\n","protected":false},"excerpt":{"rendered":"<p>Cuentos tradicionales estonios. Selecci\u00f3n de J\u00fcri Talvet. Introducci\u00f3n de Kristi Salve. Traducci\u00f3n: Hella Aarelaid, Esther Bartolom\u00e9 Pons, Alberto L\u00e1zaro Tinaut. Ilustraciones de Jaan Tammsaar. Tallinn: Perioodika, 1990, 223 pp.\u00a0 [8 cuentos de Matthias Johann\u00a0 Eisen, 11 cuentos de Juhan Kunder, &#8230;<\/p>\n","protected":false},"author":43,"featured_media":0,"parent":1174,"menu_order":0,"comment_status":"closed","ping_status":"closed","template":"","meta":{"_acf_changed":false,"inline_featured_image":false,"footnotes":""},"class_list":["post-1180","page","type-page","status-publish","hentry"],"acf":[],"_links":{"self":[{"href":"https:\/\/sisu.ut.ee\/ewod\/wp-json\/wp\/v2\/pages\/1180","targetHints":{"allow":["GET"]}}],"collection":[{"href":"https:\/\/sisu.ut.ee\/ewod\/wp-json\/wp\/v2\/pages"}],"about":[{"href":"https:\/\/sisu.ut.ee\/ewod\/wp-json\/wp\/v2\/types\/page"}],"author":[{"embeddable":true,"href":"https:\/\/sisu.ut.ee\/ewod\/wp-json\/wp\/v2\/users\/43"}],"replies":[{"embeddable":true,"href":"https:\/\/sisu.ut.ee\/ewod\/wp-json\/wp\/v2\/comments?post=1180"}],"version-history":[{"count":1,"href":"https:\/\/sisu.ut.ee\/ewod\/wp-json\/wp\/v2\/pages\/1180\/revisions"}],"predecessor-version":[{"id":3898,"href":"https:\/\/sisu.ut.ee\/ewod\/wp-json\/wp\/v2\/pages\/1180\/revisions\/3898"}],"up":[{"embeddable":true,"href":"https:\/\/sisu.ut.ee\/ewod\/wp-json\/wp\/v2\/pages\/1174"}],"wp:attachment":[{"href":"https:\/\/sisu.ut.ee\/ewod\/wp-json\/wp\/v2\/media?parent=1180"}],"curies":[{"name":"wp","href":"https:\/\/api.w.org\/{rel}","templated":true}]}}