{"id":118,"date":"2024-04-03T23:39:23","date_gmt":"2024-04-03T20:39:23","guid":{"rendered":"https:\/\/sisu.ut.ee\/ewod\/roht\/"},"modified":"2025-04-15T14:30:30","modified_gmt":"2025-04-15T11:30:30","slug":"roht","status":"publish","type":"page","link":"https:\/\/sisu.ut.ee\/ewod\/r\/roht\/","title":{"rendered":"Richard Roht"},"content":{"rendered":"<p><span style=\"font-family: Verdana,Geneva,sans-serif;\"><span style=\"font-size: medium;\"><strong><a href=\"https:\/\/sisu.ut.ee\/ewod\/r\/roht\/stories\">Short stories<\/a><\/strong>\u00a0<a href=\"https:\/\/sisu.ut.ee\/wp-content\/uploads\/sites\/108\/a-37-3180_richard_roht.jpg\"><img decoding=\"async\" style=\"float: right; width: 200px; height: 316px;\" title=\"Photo: J. &amp; P. Parikas (Tallinn)\" src=\"https:\/\/sisu.ut.ee\/wp-content\/uploads\/sites\/108\/a-37-3180_richard_roht.jpg\" alt=\"Richard Roht\"><\/a><\/span><\/span><\/p>\n\n\n\n<p><span style=\"font-family: Verdana, Geneva, sans-serif;\">Richard Johannes Roht (12.IV \/ 31.III 1891 \u2013 22. VIII 1950) was a prolific prose writer and children\u2019s author.<\/span><\/p>\n\n\n\n<p><span style=\"font-family: Verdana,Geneva,sans-serif;\">He was born in V\u00f5ru county into a farming family. He attended the local village and parish schools, V\u00f5ru county school, Hugo Treffner Gymnasium in Tartu and Valga School of Science. From 1912 to 1914 he lived in Estonia and Finland until he was mobilized into an officers\u2019 course. He took part in the First World War and the War of Independence. Thereafter he lived as a writer in Tartu and Berlin, where he edited the journals <em>Aeg<\/em> and <em>Euroopa Elu<\/em>. In 1923 Roht settled permanently in Estonia. In 1928 he set up a settlers\u2019 farm at Sangaste and began building a house. After his bankruptcy, Roht was charged with forging bonds and spent two years in prison. Released in 1932, he lived as a writer in Tallinn, and at the end of the nineteen-thirties he built a house at Aruk\u00fcla, spending his summers mainly at Otep\u00e4\u00e4. He died in Tallinn, and was buried in Metsakalmistu.<\/span><\/p>\n\n\n\n<p><span style=\"font-family: Verdana,Geneva,sans-serif;\">Roht made his debut in 1913 with a collection of short prose, <em>Igavene lab\u00fcrint<\/em> (\u2018The Eternal Labyrinth\u2019). In the same period, together with the young poet Henrik Visnapuu, he established the Moment\u00a0literary group, and published their anthologies. Roht became known, however, for his so-called \u2018Kurgsoo\u2019\u00a0series, which describes the efforts of the settlers in V\u00f5rumaa county to set up farms and their colourful village life in the novels <em>H\u00fcmnid Paanile<\/em> (\u2018Hymns to Pan\u2019, 1992), <em>Kurgsoo<\/em> (1924), <em>Maa<\/em> (\u2018The Land\u2019, 1927) and <em>Aeg<\/em> (\u2018Time\u2019, 1929) and in the two stories <em>Viimane kevad<\/em>\u00a0(\u2018The Last Spring\u2019) and <em>Kriuka Kusta armastus<\/em>\u00a0(\u2018The Love of Kriuka Kusta\u2019) from the collection <em>Neli juttu<\/em> (\u2018Four Stories\u2019, 1924). Regarded as one of Roht\u2019s more enduring works is also the novel <em>Elutee<\/em> (\u2018A Career\u2019), which appeared in 1938, and tells of an orphan boy\u2019s course in becoming a city businessman, in addition giving an original, expert description of the wandering life of tinkers of Setu heritage. Also worthy of note are Roht\u2019s \u2018vacation novels\u2019, <em>Elu on ilus<\/em> (\u2018Life is Beautiful\u2019) and <em>Kuldsed p\u00e4evad<\/em> (\u2018Golden Days\u2019), which form a reportage on events in the life of a wanderer in Estonia. After the Second World War Roht published mainly children\u2019s books, with engaging descriptions of the lives of animals. His children\u2019s books have been reprinted several times and translated into Russian, Lithuanian, English and German.<\/span><\/p>\n\n\n\n<p><em><span style=\"font-family: Verdana,Geneva,sans-serif;\">A. N. (Translated by C. M.)<\/span><\/em><\/p>\n\n\n\n<p><span style=\"font-family: Verdana,Geneva,sans-serif;\"><strong><span style=\"font-size: medium;\">Books in Estonian<\/span><\/strong><\/span><\/p>\n\n\n\n<p><span style=\"font-family: Verdana,Geneva,sans-serif;\"><span style=\"font-size: small;\"><strong><em>The Moment grouping<\/em><\/strong><br>Marie Heiberg, Richard Roht, Reinhold Vellner, Henrik Visnapuu, <strong>Moment. Esimene<\/strong>. Tartu: 1913, 80 lk.<br>Richard Roht, Henrik Visnapuu, Alfred Varik, <strong>Roheline Moment. P\u00fchendatud k\u00f5igile kirjanduslistele paganatele ja wariseeridele<\/strong>. Tartu: Moment, 1914, 24 lk.<\/span><\/span><\/p>\n\n\n\n<p><strong><em>Novels<\/em><\/strong><br><strong>Minewik<\/strong>. Tartu: Noor-Eesti, 1920, 223 lk.<br><strong>H\u00fcmnid Paanile<\/strong>. Tartu: Noor-Eesti, 1922, 149 lk. [2. tr\u00fckk: \u2018H\u00fcmnid Paanile. Kurgsoo\u2019, Tallinn: Eesti Raamat, 2009, 285, lk.]<br><strong>Kurgsoo<\/strong>. Tartu: Noor-Eesti, 1924, 136 lk. [2. tr\u00fckk: \u2018H\u00fcmnid Paanile. Kurgsoo\u2019, Tallinn: Eesti Raamat, 2009, 285, lk.]<br><strong>\u00dcksindus<\/strong>. Tartu: Noor-Eesti, 1925, 247 lk.<br><strong>Maa<\/strong>. Tartu: Noor-Eesti, 1927, 319 lk.<br><strong>See, millest avalikult ei r\u00e4\u00e4gita<\/strong>. Tartu: Noor-Eesti, 1928, 300 lk.<br><strong>Aeg<\/strong>. Tartu: Noor-Eesti, 1929, 333 lk.<br><strong>Nauding<\/strong>. Tartu: Noor-Eesti, 1929, 315 lk. [2. tr\u00fckk: Tallinn: Kuldsulg, 1994, 196 lk.]<br><strong>Elu on ilus<\/strong>. Tartu: Noor-Eesti, 1930, 485 lk.<br><strong>Vastsed rajad<\/strong>. Tartu: Noor-Eesti, 1933, 185 lk. [2. tr\u00fckk: Tallinn: Eesti Riiklik Kirjastus, 1964, 355 lk.]<br><strong>V\u00f5itluse teel<\/strong>. Tartu: Noor-Eesti, 1933, 236 lk. [2. tr\u00fckk: Tallinn: Eesti Riiklik Kirjastus, 1956, 238 lk; 3. tr\u00fckk: Tallinn: Eesti Riiklik Kirjastus, 1964, 355 lk.]<br><strong>Esimene armastus<\/strong>. Tartu: Noor-Eesti, 1935, 336 lk.<br><strong>Verioja m\u00f5is<\/strong>. Tartus: Noor-Eesti, 1936, 280 lk.<br><strong>Ummikt\u00e4nav<\/strong>. Tartu: Noor-Eesti, 1937, 327 lk. [2. tr\u00fckk: Tallinn: Eesti Riiklik Kirjastus, 1960, 248 lk.]<br><strong>Igap\u00e4evased inimesed<\/strong>. Tartu: Noor-Eesti, 1937, 452 lk.<br><strong>Elutee<\/strong>. Tartu: Noor-Eesti, 1938, 391 lk. [2. tr\u00fckk: Tallinn: Eesti Riiklik Kirjastus, 1957, 287 lk; 3. tr\u00fckk: Tallinn: Eesti Raamat, 1985, 272 lk.]<br><strong>Inimsaatused<\/strong>. Tartu: Noor-Eesti, 1938, 301 lk.<br><strong>Talulapsed<\/strong>. Tartu: Noor-Eesti, 1939, 211 lk. [Diloogia 1. raamat.]<br><strong>Kodutalu<\/strong>. Tallinn: Kultuurkoondis, 1940, 318 lk. [Diloogia 2. raamat.]<br><strong>Kuldsed p\u00e4evad<\/strong>. Tallinn: Kultuurkoondis, 1939, 307 lk.<br><strong>Kaks perekonda<\/strong>. Tallinn: Ilukirjandus ja Kunst, 1947, 372 lk.<\/p>\n\n\n\n<p><strong><em>Short stories<\/em><\/strong><br><strong>Igaweses lab\u00fcrindis<\/strong>. Tartu: 1913, 142 lk.<br><strong>\u00dcksinduse meeleolud<\/strong>. Tartu: Moment, 1914, 86 lk.<br><strong>Siluetid ja dekoratsioonid<\/strong>. Tallinnas: Siuru, 1918, 103 lk.<br><strong>Hing ja veri<\/strong>. Tartu: Odamees, 1918, 119 lk.<br><strong>Kolm n\u00e4okatet<\/strong>. Tartu: Odamees, 1919, 146 lk.<br><strong>Looduskangad<\/strong>. Tartu: S\u00f5navara, 1924, 85 lk.<br><strong>Neli juttu<\/strong>. Tartu: S\u00f5navara, 1924, 98 lk.<br><strong>Vabadus ja vangla<\/strong>. Tartu: Noor-Eesti, 1932, 143 lk.<br><strong>Kitsad piirid<\/strong>. Tallinn: Ilukirjandus ja Kunst, 1946, 216 lk.<br><strong>\u00d6\u00f6<\/strong>. Tallinn: Eesti Raamat, 2007, 293 lk. [Sari \u2018Eesti novellivara\u2019.]<\/p>\n\n\n\n<p><strong><em>Memoirs<\/em><\/strong><br><strong>S\u00f5jas\u00f5it<\/strong>. Tartu: Noor-Eesti, 1928, 360 lk.<br><strong>Vana V\u00f5rumaa<\/strong>. Tartu: Eesti Kirjastuse Kooperatiiv, 1934, 161 lk.<br><strong>Tsaari ohvitser<\/strong>. Tartu: Noor-Eesti, 1935, 202 lk.<br><strong>Kahuriliha<\/strong>. Tartus: Noor-Eesti, 1936, 205 lk.<\/p>\n\n\n\n<p><strong><em>Children\u2019s books<\/em><\/strong><br><strong>Laanekohus<\/strong>. Tartu: Eesti Kirjanduse Selts, 1928, 76 lk.<br><strong>V\u00e4ikesed r\u00e4ndurid<\/strong>. Tartu: Noor-Eesti, 1934, 169 lk.<br><strong>Noor elulaevnik<\/strong>. Tartu: Eesti Kirjastuse Kooperatiiv, 1934, 115 lk.<br><strong>Vetepojad<\/strong>. Tartu: Taluperenaine, 1934, 56 lk.<br><strong>V\u00e4lek\u00fc\u00fcs ja Tuhknai<\/strong>. Tartu: Noor-Eesti, 1935, 220 lk.<br><strong>Suvised r\u00f5\u00f5mud<\/strong>. Tartu: Noor-Eesti, 1936, 264 lk.<br><strong>V\u00f5rukael<\/strong>. Tallinn: Ilukirjandus ja Kunst, 1945, 113 lk.<br><strong>J\u00e4neste pulmad<\/strong>. Tallinn: Ilukirjandus ja Kunst, 1946, 56 lk.<br><strong>Ahnuse palk<\/strong>. Tallinn: Ilukirjandus ja Kunst, 1947, 64 lk.<br><strong>Lapsed, linnud ja loomad<\/strong>. Tallinn: Ilukirjandus ja Kunst, 1947, 212 lk.<br><strong>Laaned ja veed<\/strong>. Tallinn: Ilukirjandus ja Kunst, 1949, 300 lk. [2 tr\u00fckk: Tallinn: Eesti Riiklik Kirjastus, 1959, 240 lk.]<br><strong>Kaks poissi puhkusel<\/strong>. Tallinn: Ilukirjandus ja Kunst, 1949, 115 lk.<br><strong>Jutte loomadest<\/strong>. Tallinn: Eesti Riiklik Kirjastus, 1951, 166 lk. [J\u00e4rgnevad tr\u00fckid: 1962, 1972, 1983, 2021.]<br><strong>Lapsed ja loomad<\/strong>. Tallinn: Eesti Raamat, 2007, 390 lk.<br><strong>Loomajutte lastele<\/strong>. Pildid joonistanud Katariina Purru. Tallinn: Eesti Raamat, 2021, 122 lk. [Sisu: \u201cJulged r\u00e4ndurid\u201d; \u201cJ\u00e4neste pulmad\u201d; \u201cKergeusklik tihasepoeg\u201d.]<\/p>\n","protected":false},"excerpt":{"rendered":"<p>Short stories\u00a0 Richard Johannes Roht (12.IV \/ 31.III 1891 \u2013 22. VIII 1950) was a prolific prose writer and children\u2019s author. He was born in V\u00f5ru county into a farming family. He attended the local village and parish schools, V\u00f5ru &#8230;<\/p>\n","protected":false},"author":43,"featured_media":0,"parent":686,"menu_order":0,"comment_status":"closed","ping_status":"closed","template":"","meta":{"_acf_changed":false,"inline_featured_image":false,"footnotes":""},"class_list":["post-118","page","type-page","status-publish","hentry"],"acf":[],"_links":{"self":[{"href":"https:\/\/sisu.ut.ee\/ewod\/wp-json\/wp\/v2\/pages\/118","targetHints":{"allow":["GET"]}}],"collection":[{"href":"https:\/\/sisu.ut.ee\/ewod\/wp-json\/wp\/v2\/pages"}],"about":[{"href":"https:\/\/sisu.ut.ee\/ewod\/wp-json\/wp\/v2\/types\/page"}],"author":[{"embeddable":true,"href":"https:\/\/sisu.ut.ee\/ewod\/wp-json\/wp\/v2\/users\/43"}],"replies":[{"embeddable":true,"href":"https:\/\/sisu.ut.ee\/ewod\/wp-json\/wp\/v2\/comments?post=118"}],"version-history":[{"count":2,"href":"https:\/\/sisu.ut.ee\/ewod\/wp-json\/wp\/v2\/pages\/118\/revisions"}],"predecessor-version":[{"id":6999,"href":"https:\/\/sisu.ut.ee\/ewod\/wp-json\/wp\/v2\/pages\/118\/revisions\/6999"}],"up":[{"embeddable":true,"href":"https:\/\/sisu.ut.ee\/ewod\/wp-json\/wp\/v2\/pages\/686"}],"wp:attachment":[{"href":"https:\/\/sisu.ut.ee\/ewod\/wp-json\/wp\/v2\/media?parent=118"}],"curies":[{"name":"wp","href":"https:\/\/api.w.org\/{rel}","templated":true}]}}