{"id":1179,"date":"2024-04-03T23:40:55","date_gmt":"2024-04-03T20:40:55","guid":{"rendered":"https:\/\/sisu.ut.ee\/ewod\/stories-et-129\/"},"modified":"2024-04-04T00:07:58","modified_gmt":"2024-04-03T21:07:58","slug":"stories","status":"publish","type":"page","link":"https:\/\/sisu.ut.ee\/ewod\/k\/keranen\/stories\/","title":{"rendered":"Mika Ker\u00e4nen &#8211; stories"},"content":{"rendered":"<p><span style=\"font-size: medium\"><strong><span style=\"font-family: verdana, geneva\">Books<\/span><\/strong><\/span><\/p>\n<p><em><strong><span style=\"font-family: verdana, geneva;font-size: small\">Estonian<br><\/span><\/strong><\/em><span style=\"font-family: verdana, geneva;font-size: small\"><strong>V\u00e4ravajoonel<\/strong>. T\u00f5lkinud Mika Ker\u00e4nen. Tartu: Kerop\u00e4\u00e4, 2014, 222 lk.\u00a0<em><\/em>[\u2018Maaliviivalla\u2019.]<\/span><em><span style=\"font-family: verdana, geneva;font-size: small\"> <\/span><\/em><\/p>\n<p><em><strong><span style=\"font-family: verdana, geneva;font-size: small\">Finnish<br><\/span><\/strong><\/em><span style=\"font-family: verdana, geneva;font-size: small\"><strong>Maaliviivalla<\/strong>. Helsinki: WSOY, 2014, 207 pp. [A young adult novel.]<\/span><span style=\"font-family: verdana, geneva;font-size: small\"><br><strong>Oranssi polkupy\u00f6r\u00e4<\/strong>. Suomentanut Kaisu Lahikainen; kuvitus: Marja-Liisa Plats. Helsinki: Avain, 2011, 125 pp. [\u2018Varastatud oran\u017e jalgratas\u2019.]<br><strong>Hopeinen aarrearkku: salaseura Divarin toinen tapaus<\/strong>. Suomentanut Kaisu Lahikainen; kuvitus: Marja-Liisa Plats. Helsinki: Avain, 2010, 123 pp. [\u2018Peidetud h\u00f5bedane aardelaegas\u2019.]<\/span><\/p>\n<p><em><strong><span style=\"font-family: verdana, geneva;font-size: small\">Latvian<\/span><\/strong><\/em><br><span style=\"font-family: verdana, geneva;font-size: small\"><span style=\"font-family: verdana, geneva;font-size: small\">Mika Kerenens, <\/span><strong>Nosl\u0113pumainais pu\u0137u \u010diep\u0113js<\/strong>. No igau\u0146u valodas tulkojusi Linda Villere. Ilustr\u0113jusi Marija L\u012bza Plata. Redaktore M\u0101ra Rune. R\u012bg\u0101: Zvaigzne ABC, 2015, 174 pp. [Children\u2019s literature. \u2019Salap\u00e4rane lillen\u00e4ppaja\u2019.]<br>Mika Kerenens, <strong>Nozagts oran\u017es divritenis<\/strong>. No igau\u0146u valodas tulkojusi Linda Gaismi\u0146a; ilustr\u0113jusi Marija L\u012bza Plata. R\u012bga: Zvaigzne ABC, 2011, 99 pp. [\u2018Varastatud oran\u017e jalgratas\u2019.]<br><\/span><\/p>\n<p><span style=\"font-family: verdana, geneva;font-size: small\"><strong><em>Russian<\/em><\/strong><br>\u041c\u0438\u043a\u0430 \u041a\u0435\u0440\u044f\u043d\u0435\u043d, <strong>\u0423\u043a\u0440\u0430\u0434\u0435\u043d\u043d\u044b\u0439 \u043e\u0440\u0430\u043d\u0436\u0435\u0432\u044b\u0439 \u0432\u0435\u043b\u043e\u0441\u0438\u043f\u0435\u0434<\/strong>. \u041f\u0435\u0440\u0435\u0432\u043e\u0434 \u0441 \u044d\u0441\u0442\u043e\u043d\u0441\u043a\u043e\u0433\u043e \u0418\u0433\u043e\u0440\u044f \u041a\u043e\u0442\u044e\u0445\u0430; \u0440\u0435\u0434\u0430\u043a\u0442\u043e\u0440 \u041e\u043b\u044c\u0433\u0430 \u0422\u0438\u0442\u043e\u0432\u0430; \u0438\u043b\u043b\u044e\u0441\u0442\u0440\u0430\u0446\u0438\u0438: \u041c\u0430\u0440\u044c\u044f-\u041b\u0438\u0439\u0437\u0430 \u041f\u043b\u0430\u0442\u0441, \u0445\u0443\u0434\u043e\u0436\u0435\u0441\u0442\u0432\u0435\u043d\u043d\u043e\u0435 \u043e\u0444\u043e\u0440\u043c\u043b\u0435\u043d\u0438\u0435: \u0410\u043d\u043d\u0438\u043a\u0435 \u041b\u0430\u0432\u0438\u043d\u0433. Tallinn; V\u00f5ru: Kite, 2013, 87 pp. <span style=\"font-family: verdana, geneva;font-size: small\">[\u2018Varastatud oran\u017e jalgratas\u2019.]<\/span><\/span><\/p>\n","protected":false},"excerpt":{"rendered":"<p>Books EstonianV\u00e4ravajoonel. T\u00f5lkinud Mika Ker\u00e4nen. Tartu: Kerop\u00e4\u00e4, 2014, 222 lk.\u00a0[\u2018Maaliviivalla\u2019.] FinnishMaaliviivalla. Helsinki: WSOY, 2014, 207 pp. [A young adult novel.]Oranssi polkupy\u00f6r\u00e4. Suomentanut Kaisu Lahikainen; kuvitus: Marja-Liisa Plats. Helsinki: Avain, 2011, 125 pp. [\u2018Varastatud oran\u017e jalgratas\u2019.]Hopeinen aarrearkku: salaseura Divarin toinen tapaus. &#8230;<\/p>\n","protected":false},"author":43,"featured_media":0,"parent":1173,"menu_order":0,"comment_status":"closed","ping_status":"closed","template":"","meta":{"_acf_changed":false,"inline_featured_image":false,"footnotes":""},"class_list":["post-1179","page","type-page","status-publish","hentry"],"acf":[],"_links":{"self":[{"href":"https:\/\/sisu.ut.ee\/ewod\/wp-json\/wp\/v2\/pages\/1179","targetHints":{"allow":["GET"]}}],"collection":[{"href":"https:\/\/sisu.ut.ee\/ewod\/wp-json\/wp\/v2\/pages"}],"about":[{"href":"https:\/\/sisu.ut.ee\/ewod\/wp-json\/wp\/v2\/types\/page"}],"author":[{"embeddable":true,"href":"https:\/\/sisu.ut.ee\/ewod\/wp-json\/wp\/v2\/users\/43"}],"replies":[{"embeddable":true,"href":"https:\/\/sisu.ut.ee\/ewod\/wp-json\/wp\/v2\/comments?post=1179"}],"version-history":[{"count":1,"href":"https:\/\/sisu.ut.ee\/ewod\/wp-json\/wp\/v2\/pages\/1179\/revisions"}],"predecessor-version":[{"id":3897,"href":"https:\/\/sisu.ut.ee\/ewod\/wp-json\/wp\/v2\/pages\/1179\/revisions\/3897"}],"up":[{"embeddable":true,"href":"https:\/\/sisu.ut.ee\/ewod\/wp-json\/wp\/v2\/pages\/1173"}],"wp:attachment":[{"href":"https:\/\/sisu.ut.ee\/ewod\/wp-json\/wp\/v2\/media?parent=1179"}],"curies":[{"name":"wp","href":"https:\/\/api.w.org\/{rel}","templated":true}]}}