{"id":1171,"date":"2024-04-03T23:40:54","date_gmt":"2024-04-03T20:40:54","guid":{"rendered":"https:\/\/sisu.ut.ee\/ewod\/ulotuulik\/"},"modified":"2024-04-04T00:08:01","modified_gmt":"2024-04-03T21:08:01","slug":"ulotuulik","status":"publish","type":"page","link":"https:\/\/sisu.ut.ee\/ewod\/t\/ulotuulik\/","title":{"rendered":"\u00dclo Tuulik"},"content":{"rendered":"<p>\n\t<span style=\"font-size:16px\"><span style=\"font-family:Verdana,Geneva,sans-serif\"><a href=\"https:\/\/sisu.ut.ee\/ewod\/t\/ulotuulik\/novels\"><strong>Novels<\/strong><\/a><strong> <\/strong><a href=\"https:\/\/sisu.ut.ee\/wp-content\/uploads\/sites\/108\/ulo_tuulik_elmar_koster.jpg\" target=\"_self\" rel=\"noopener\"><img decoding=\"async\" alt=\"\u00dclo Tuulik\" src=\"https:\/\/sisu.ut.ee\/wp-content\/uploads\/sites\/108\/ulo_tuulik_elmar_koster.jpg\" style=\"float: right;width: 200px;height: 308px\" title=\"Photo: Elmar K\u00f6ster\"><\/a><\/span><\/span>\n<\/p>\n<p>\n\t<span style=\"font-size:16px\"><span style=\"font-family:Verdana,Geneva,sans-serif\"><a href=\"https:\/\/sisu.ut.ee\/ewod\/t\/ulotuulik\/stories\"><strong>Short stories<\/strong><\/a><\/span><\/span>\n<\/p>\n<p>\n\t<span style=\"font-size:16px\"><span style=\"font-family:Verdana,Geneva,sans-serif\"><a href=\"https:\/\/sisu.ut.ee\/ewod\/t\/ulotuulik\/plays\"><strong>Plays<\/strong><\/a><\/span><\/span>\n<\/p>\n<p>\n\t<span style=\"font-size:16px\"><span style=\"font-family:Verdana,Geneva,sans-serif\"><a href=\"https:\/\/sisu.ut.ee\/ewod\/t\/ulotuulik\/nonfiction\"><strong>Non-fiction<\/strong><\/a><\/span><\/span>\n<\/p>\n<p>\n\t<span style=\"font-size:16px\"><span style=\"font-family:Verdana,Geneva,sans-serif\"><a href=\"https:\/\/sisu.ut.ee\/ewod\/t\/ulotuulik\/about\"><strong>About \u00dclo Tuulik<\/strong><\/a><\/span><\/span>\n<\/p>\n<p>\u00a0\n<\/p>\n<p style=\"text-align:left\">\n\t<span style=\"font-size:13px\"><span style=\"font-family:Verdana,Geneva,sans-serif\"><span style=\"font-weight:normal\">\u00dclo Tuulik<\/span><b>\u00a0<\/b>(b. 22. II 1940) is a prose writer and commentator.<\/span><\/span>\n<\/p>\n<p style=\"text-align:left\">\n\t<span style=\"font-size:13px\"><span style=\"font-family:Verdana,Geneva,sans-serif\">He was born on the island of Abruka, and forcibly evacuated with his family to Germany in 1944 \u2013 1945. He was educated on Abruka, in Kuressaare (Kingisepp at the time) and in the faculty of history and languages at Tartu State University, where he graduated in Estonian philology in 1963. He worked on the newspapers <i><span style=\"font-style:italic\">Rahva H\u00e4\u00e4l, Noorus, Sirp ja Vasar <\/span><\/i>and the journal <i><span style=\"font-style:italic\">Looming<\/span><\/i>. He was the chairman of the Young Authors\u2019 Association in Tallinn, 1964-1966. He joined the Writers\u2019 Union in 1974, was on its board from 1976 to 1981 and 1986 to 1998. His twin brother was the writer J\u00fcri Tuulik (1940-2014). <\/span><\/span>\n<\/p>\n<p style=\"text-align:left\">\n\t<span style=\"font-size:13px\"><span style=\"font-family:Verdana,Geneva,sans-serif\">\u00dclo Tuulik\u2019s first prose work appeared in 1956 in a Saaremaa newspaper; he also published prose and commentaries during his university studies. His first book to appear in print, <i><span style=\"font-style:italic\">Aafrika kuum meri <\/span><\/i>(\u2018The Hot Sea of Africa\u2019, 1965) is based on an Atlantic journey he made on a fishing vessel. Different forms of prose are collected in <i><span style=\"font-style:italic\">Vihm Gibraltaris <\/span><\/i>(\u2018Rain in Gibraltar\u2019, 1972). One of the central themes of Tuulik\u2019s work is the sea and seamen; humorous aspects of maritime life are presented in such works as the collection <i><span style=\"font-style:italic\">Atlandi kirjad <\/span><\/i>(\u2018Atlantic Letters\u2019, 1979). Besides the seafaring theme, Tuulik has dealt with war; the novel <i><span style=\"font-style:italic\">S\u00f5ja jalus <\/span><\/i>(\u2018In the Way of War\u2019, 1974) focuses on the forcible evacuation of the residents of S\u00f5rve in 1944 to Germany, the sufferings they went through and the return home of the survivors. This work, based on extensive research, switches between the past and the present; on the latter plane the background to the creation of the book is revealed, discussing the after-effects of war and the ethical questions for the author. The work contains various kinds of documentary material and memoirs. <\/span><\/span>\n<\/p>\n<p style=\"text-align:left\">\n\t<span style=\"font-size:13px\"><span style=\"font-family:Verdana,Geneva,sans-serif\">Tuulik\u2019s current affairs commentaries are compiled in <i><span style=\"font-style:italic\">Kuidas kuulata tormi <\/span><\/i>(\u2018How to Listen to the Storm\u2019, 1980); the collection <i><span style=\"font-style:italic\">K\u00f5rge taevas <\/span><\/i>(\u2018High Heavens\u2019, 1985) contains, in addition to an essay on Cambodia, meditations on various individuals, travelogues and other things. <\/span><\/span>\n<\/p>\n<p style=\"text-align:left\">\n\t<span style=\"font-size:13px\"><span style=\"font-family:Verdana,Geneva,sans-serif\">Awards given to \u00dclo Tuulik include:<\/span><\/span>\n<\/p>\n<ul>\n<li class=\"15\" style=\"text-align:left\">\n\t\t<span style=\"font-size:13px\"><span style=\"font-family:Verdana,Geneva,sans-serif\">Merited Writer of the ESSR, 1986<\/span><\/span>\n\t<\/li>\n<li class=\"15\" style=\"text-align:left\">\n\t\t<span style=\"font-size:13px\"><span style=\"font-family:Verdana,Geneva,sans-serif\">The Juhan Smuul prize in 1975 for the novel <i><span style=\"font-style:italic\">S\u00f5ja jalus <\/span><\/i>(1974) and in 1985 for the essay <i><span style=\"font-style:italic\">K\u00f5rge taevas.<\/span><\/i><\/span><\/span>\n\t<\/li>\n<li class=\"15\" style=\"text-align:left\">\n\t\t<span style=\"font-size:13px\"><span style=\"font-family:Verdana,Geneva,sans-serif\">The Komsomol literary award for the novel <i><span style=\"font-style:italic\">S\u00f5ja jalus<\/span><\/i><\/span><\/span>\n\t<\/li>\n<li class=\"15\" style=\"text-align:left\">\n\t\t<span style=\"font-size:13px\"><span style=\"font-family:Verdana,Geneva,sans-serif\">The Tuglas short story prize for <i><span style=\"font-style:italic\">Eli Klasiga Kielis<\/span><\/i>\u00a0(\u2018With Eri Klas in Kiel\u2019, 1985)<\/span><\/span>\n\t<\/li>\n<li class=\"15\" style=\"text-align:left\">\n\t\t<span style=\"font-size:13px\"><span style=\"font-family:Verdana,Geneva,sans-serif\">The Henrik Krumm cultural award, 2015.<\/span><\/span>\n\t<\/li>\n<\/ul>\n<p class=\"15\" style=\"margin-bottom:8,0000pt;text-align:left\">\n\t<em><span style=\"font-size:13px\"><span style=\"font-family:Verdana,Geneva,sans-serif\"><span style=\"line-height:107%\">A. K. (Translated by C. M.)<\/span><\/span><\/span><\/em>\n<\/p>\n<p style=\"text-align:left\">\n\t\u00a0\n<\/p>\n<p style=\"margin-bottom:6,0000pt;text-align:left\">\n\t<span style=\"font-size:16px\"><span style=\"font-family:Verdana,Geneva,sans-serif\"><span style=\"line-height:150%\"><b><span style=\"font-weight:bold\">Books <\/span><\/b><b><span style=\"font-weight:bold\">in Estonian<\/span><\/b><\/span><\/span><\/span>\n<\/p>\n<p style=\"margin-bottom:6,0000pt;text-align:left\">\n\t<span style=\"font-size:13px\"><span style=\"font-family:Verdana,Geneva,sans-serif\"><span style=\"line-height:150%\"><em><b><span style=\"font-weight:bold\">Novels<\/span><\/b><\/em><br>S\u00f5ja jalus. Tallinn: Eesti Raamat, 1974, 159 lk.\u00a0[J\u00e4rgmised tr\u00fckid: 1985, 2010.]<\/span><\/span><\/span>\n<\/p>\n<p style=\"margin-bottom:6,0000pt;text-align:left\">\n\t<span style=\"font-size:13px\"><span style=\"font-family:Verdana,Geneva,sans-serif\"><span style=\"line-height:150%\"><em><b><span style=\"font-weight:bold\">Prose collections<\/span><\/b><\/em><br><strong>Vihm Gibraltaris<\/strong>: proosat aastaist 1961-1971. Tallinn: Eesti Raamat, 1972, 104 lk.<br><strong>Atlandi kirjad<\/strong>: jutustused. Tallinn: Eesti Raamat, 1979, 136 lk.<br><strong>Mere ja taeva vahel<\/strong>: jutustused. Tallinn: Kupar, 1991, 188 lk.<\/span><\/span><\/span>\n<\/p>\n<p style=\"margin-bottom:6,0000pt;text-align:left\">\n\t<span style=\"font-size:13px\"><span style=\"font-family:Verdana,Geneva,sans-serif\"><span style=\"line-height:150%\"><em><b><span style=\"font-weight:bold\">Travel books<\/span><\/b><\/em><br><strong>Aafrika kuum meri<\/strong>. Tallinn: Eesti Raamat, 1965, 108 lk.<\/span><\/span><\/span>\n<\/p>\n<p style=\"margin-bottom:6,0000pt;text-align:left\">\n\t<span style=\"font-size:13px\"><span style=\"font-family:Verdana,Geneva,sans-serif\"><span style=\"line-height:150%\"><em><b><span style=\"font-weight:bold\">Current affairs commentaries<\/span><\/b><\/em><br><strong>Kuidas kuulata tormi<\/strong>: publitsistika. Tallinn: Eesti Raamat, 1980, 209 lk.<br><strong>K\u00f5rge taevas<\/strong>: publitsistikat. Tallinn: Eesti Raamat, 1985, 119 lk.<br><strong>Eri Klasiga Kielis ja muud j\u00e4relej\u00e4\u00e4nud paberid<\/strong>. Tallinn: Faatum, 2006, 195 lk.<\/span><\/span><\/span><\/p>\n","protected":false},"excerpt":{"rendered":"<p>Novels Short stories Plays Non-fiction About \u00dclo Tuulik \u00a0 \u00dclo Tuulik\u00a0(b. 22. II 1940) is a prose writer and commentator. He was born on the island of Abruka, and forcibly evacuated with his family to Germany in 1944 \u2013 1945. &#8230;<\/p>\n","protected":false},"author":43,"featured_media":0,"parent":709,"menu_order":0,"comment_status":"closed","ping_status":"closed","template":"","meta":{"_acf_changed":false,"inline_featured_image":false,"footnotes":""},"class_list":["post-1171","page","type-page","status-publish","hentry"],"acf":[],"_links":{"self":[{"href":"https:\/\/sisu.ut.ee\/ewod\/wp-json\/wp\/v2\/pages\/1171","targetHints":{"allow":["GET"]}}],"collection":[{"href":"https:\/\/sisu.ut.ee\/ewod\/wp-json\/wp\/v2\/pages"}],"about":[{"href":"https:\/\/sisu.ut.ee\/ewod\/wp-json\/wp\/v2\/types\/page"}],"author":[{"embeddable":true,"href":"https:\/\/sisu.ut.ee\/ewod\/wp-json\/wp\/v2\/users\/43"}],"replies":[{"embeddable":true,"href":"https:\/\/sisu.ut.ee\/ewod\/wp-json\/wp\/v2\/comments?post=1171"}],"version-history":[{"count":1,"href":"https:\/\/sisu.ut.ee\/ewod\/wp-json\/wp\/v2\/pages\/1171\/revisions"}],"predecessor-version":[{"id":3912,"href":"https:\/\/sisu.ut.ee\/ewod\/wp-json\/wp\/v2\/pages\/1171\/revisions\/3912"}],"up":[{"embeddable":true,"href":"https:\/\/sisu.ut.ee\/ewod\/wp-json\/wp\/v2\/pages\/709"}],"wp:attachment":[{"href":"https:\/\/sisu.ut.ee\/ewod\/wp-json\/wp\/v2\/media?parent=1171"}],"curies":[{"name":"wp","href":"https:\/\/api.w.org\/{rel}","templated":true}]}}