{"id":1167,"date":"2024-04-03T23:40:54","date_gmt":"2024-04-03T20:40:54","guid":{"rendered":"https:\/\/sisu.ut.ee\/ewod\/stories-et-125\/"},"modified":"2024-04-04T00:08:00","modified_gmt":"2024-04-03T21:08:00","slug":"stories","status":"publish","type":"page","link":"https:\/\/sisu.ut.ee\/ewod\/v\/vainola\/stories\/","title":{"rendered":"K\u00e4tlin Vainola &#8211; short stories"},"content":{"rendered":"<p>\n\t<span style=\"font-size: medium\"><strong><span style=\"font-family: verdana, geneva\">Books<\/span><\/strong><\/span>\n<\/p>\n<p>\n\t<span style=\"font-family: verdana, geneva;font-size: small\"><strong><em>English<\/em><\/strong><br><strong>Estonian child \u2013 mild and wild<\/strong>. Translated by Livia Ulman; illustrations by Ulla Saar. Tallinn: Estonian Institute, 2017, 48 lk. [\u2018Krips-kraps, eesti laps\u2019<span style=\"font-family: verdana, geneva;font-size: small\">, children\u2019s book.<\/span> E-book: Tallinn: Estonian Institute, 2017.]<\/span>\n<\/p>\n<p>\n\t<span style=\"font-family: verdana, geneva;font-size: small\"><strong><em>Finnish<\/em><\/strong><br><strong>Mist\u00e4 on pienet virolaiset tehty?<\/strong>. Pictures by Ulla Saar. Tallinn: Estonian Institute, 2018, 48 pp. [\u2018Krips-kraps, eesti laps\u2019<span style=\"font-family: verdana, geneva;font-size: small\">, children\u2019s book.<\/span>]<\/span>\n<\/p>\n<p>\n\t<em><strong><span style=\"font-family: verdana, geneva;font-size: small\">German<\/span><\/strong><\/em><br><span style=\"font-family: verdana, geneva;font-size: small\"><strong>Wo ist die Liebe?<\/strong> \u00dcbersetzt aus dem Estnischen von Carsten Wilms. Illustrationen von Kertu Sillaste. Baltische Bibliothek im BaltArt-Verlag \u2013 Band VII. Bern: BaltArt-Verlag, 2015, 40 pp. [Children\u2019s literature. \u2019Kus on armastus?\u2019]<br><strong>Lift<\/strong>. \u00dcbersetzung: Irja Gr\u00f6nholm. Potsdam: Willegoos, 2015. 31 pp. [\u2018Lift\u2019<span style=\"font-family:Verdana,Geneva,sans-serif\">, <\/span><\/span><span style=\"font-family:Verdana,Geneva,sans-serif\">children\u2019s book<\/span><span style=\"font-family: verdana, geneva;font-size: small\">.]<\/span>\n<\/p>\n<p>\n\t<span style=\"font-family: verdana, geneva;font-size: small\"><strong><em>Italian<\/em><\/strong><br><strong>A che piano va?<\/strong>. Illustratore: Ulla Saar; traduzione dall\u2019estone di Daniele Monticelli. Roma: Sinnos, 2016, 36 pp. [\u2019Lift\u2019, children\u2019s book.]<\/span>\n<\/p>\n<p>\n\t<span style=\"font-family: verdana, geneva;font-size: small\"><strong><em>Lithuanian<\/em><\/strong><br><strong>Liftas<\/strong>. Iliustratorius Ulla Saar; i\u0161 est\u0173 kalbos vert\u0117 Danut\u0117 Sirijos Girait\u0117. Vilnius: 700 eilu\u010di\u0173, 2016, 32 pp. [\u2019Lift\u2019<span style=\"font-family: verdana, geneva;font-size: small\">, children\u2019s book.<\/span>]<\/span><\/p>\n","protected":false},"excerpt":{"rendered":"<p>Books EnglishEstonian child \u2013 mild and wild. Translated by Livia Ulman; illustrations by Ulla Saar. Tallinn: Estonian Institute, 2017, 48 lk. [\u2018Krips-kraps, eesti laps\u2019, children\u2019s book. E-book: Tallinn: Estonian Institute, 2017.] FinnishMist\u00e4 on pienet virolaiset tehty?. Pictures by Ulla Saar. &#8230;<\/p>\n","protected":false},"author":43,"featured_media":0,"parent":1807,"menu_order":0,"comment_status":"closed","ping_status":"closed","template":"","meta":{"_acf_changed":false,"inline_featured_image":false,"footnotes":""},"class_list":["post-1167","page","type-page","status-publish","hentry"],"acf":[],"_links":{"self":[{"href":"https:\/\/sisu.ut.ee\/ewod\/wp-json\/wp\/v2\/pages\/1167","targetHints":{"allow":["GET"]}}],"collection":[{"href":"https:\/\/sisu.ut.ee\/ewod\/wp-json\/wp\/v2\/pages"}],"about":[{"href":"https:\/\/sisu.ut.ee\/ewod\/wp-json\/wp\/v2\/types\/page"}],"author":[{"embeddable":true,"href":"https:\/\/sisu.ut.ee\/ewod\/wp-json\/wp\/v2\/users\/43"}],"replies":[{"embeddable":true,"href":"https:\/\/sisu.ut.ee\/ewod\/wp-json\/wp\/v2\/comments?post=1167"}],"version-history":[{"count":1,"href":"https:\/\/sisu.ut.ee\/ewod\/wp-json\/wp\/v2\/pages\/1167\/revisions"}],"predecessor-version":[{"id":3908,"href":"https:\/\/sisu.ut.ee\/ewod\/wp-json\/wp\/v2\/pages\/1167\/revisions\/3908"}],"up":[{"embeddable":true,"href":"https:\/\/sisu.ut.ee\/ewod\/wp-json\/wp\/v2\/pages\/1807"}],"wp:attachment":[{"href":"https:\/\/sisu.ut.ee\/ewod\/wp-json\/wp\/v2\/media?parent=1167"}],"curies":[{"name":"wp","href":"https:\/\/api.w.org\/{rel}","templated":true}]}}