{"id":1165,"date":"2024-04-03T23:40:54","date_gmt":"2024-04-03T20:40:54","guid":{"rendered":"https:\/\/sisu.ut.ee\/ewod\/harm\/"},"modified":"2025-10-14T15:29:50","modified_gmt":"2025-10-14T12:29:50","slug":"harm","status":"publish","type":"page","link":"https:\/\/sisu.ut.ee\/ewod\/h\/harm\/","title":{"rendered":"Viiu H\u00e4rm"},"content":{"rendered":"<p><span style=\"font-family: verdana, geneva; font-size: medium;\"><strong><a href=\"https:\/\/sisu.ut.ee\/ewod\/h\/harm\/poems\">Poems<\/a><\/strong>\u00a0<a href=\"https:\/\/sisu.ut.ee\/wp-content\/uploads\/sites\/108\/viiu_harm_alar_madisson.jpg\" target=\"_self\" rel=\"noopener\"><img decoding=\"async\" style=\"float: right; width: 200px; height: 302px;\" title=\"Photo: Alar Madisson (Tartu)\" src=\"https:\/\/sisu.ut.ee\/wp-content\/uploads\/sites\/108\/viiu_harm_vaike_alar_madisson.jpg\" alt=\"Viiu H\u00e4rm\"><\/a><\/span><\/p>\n\n\n\n<p><strong><span style=\"font-family: verdana, geneva; font-size: medium;\"><a href=\"https:\/\/sisu.ut.ee\/ewod\/h\/harm\/about\">About Viiu H\u00e4rm<\/a><\/span><\/strong><\/p>\n\n\n\n<p><span style=\"font-size: small;\"><span style=\"font-family: verdana, geneva;\">Viiu H\u00e4rm (b. 3. VII 1944) is an Estonian poet, actress, translator, and nature photographer.<\/span><\/span><\/p>\n\n\n\n<p><span style=\"font-family: verdana, geneva;\">She was born in Tallinn to a workers` family. She studied at Tallinn 29th Primary School (1951\u20131958), Tallinn 7th Secondary School (1958\u20131962), and at the Performing Arts Faculty of the Tallinn State Conservatoire (1962\u20131965). She was featured in the films <em>\u00d5htust hommikuni<\/em> (\u2018From Evening to Morning\u2019, 1962), <em>\u00dche katuse all<\/em> (\u2018Under One Roof\u2019, 1963), <em>T\u00fctarlaps mustas<\/em> (\u2018The Girl in Black\u2019, 1967), and <em>L\u00f5ppematu p\u00e4ev<\/em> (\u2018Endless Day\u2019, 1971), as well as in television productions. H\u00e4rm was one of the founding members of the Estonian Youth Theatre and worked there until she had to quit for health reasons in 1971. From then on, she worked as a freelancer. She has been a member of the Estonian Theatre Union since 1966 and the Estonian Writers\u2019 Union since 1979. In 1990, she was one of the founding members of the Estonian Liberal Democratic Party and a member of the Reform Party after it merged with the ELDP.<\/span><\/p>\n\n\n\n<p>H\u00e4rm debuted with her poetry in periodicals as was common in those times \u2013 the youth newspaper <em>S\u00e4de<\/em> and the journal <em>Noorus<\/em>; she later consistently published her work in the journal <em>Looming<\/em>. She is known first and foremost as a poet, but at the very least, she considers herself just as much an actress. H\u00e4rm has called poetry her inner voice. She has published personal collections and participated in joint ones; she has also staged poetry readings, and, being an actress, often performed poetry, including on several recordings. Between 1997 and 1998, she chose and read poems on nightly broadcast <em>Ainult \u00fcks luuletus<\/em> (\u2018Only One Poem\u2019) on the Estonian TV channel Kanal 2.<\/p>\n\n\n\n<p>Be it for children or adults, nature plays an important role in H\u00e4rm\u2019s poetry. She herself has stated that water is the symbol closest to her. In addition to nature, H\u00e4rm has placed emphasis on childhood, a peaceful life, and unconditional love. She prefers rhymed quatrains.<\/p>\n\n\n\n<p>She has published two novels, which could figuratively be connected even though their stories are different \u2013 <em>Duubel kaks: n\u00fc\u00fcd, kus ma midagi ei k\u00fcsi\u2026<\/em> (\u2018Take Two: Now That I Do Not Ask Anything\u2026\u2019, 2000) and <em>\u00d5huaken<\/em> (\u2018Transom Window\u2019, 2004). Both feature a young girl as the protagonist and focus on her growth and experiences. For the latter, H\u00e4rm received the Eduard Vilde Literary Prize in 2005.<\/p>\n\n\n\n<p>She compiled a poetry collection by Marie Under, <em>Laternaks mu enda s\u00fcda<\/em> (\u2018The Lantern is My Own Heart\u2019, 2006), and wrote its foreword. She also translated verses for <em>L\u00e4ti uuema luule valimik<\/em> (\u2018New Poetry from Latvia\u2019, 1997) as well as for Astrid and Ivar Ivask\u2019s joint collection <em>R\u00e4ndav j\u00e4rv<\/em> (\u2018Traveling Lake\u2019, 2002) from Latvian. Additionally, she has translated plays from Russian (Leonid Zhuhovitsky\u2019s \u2018Among the Angels, Anton Chekhov\u2019s \u2018The Cherry Orchard\u2019, and Aleksei Arbuzov\u2019s \u2018Years of Wandering\u2019).<\/p>\n\n\n\n<p>H\u00e4rm weaves poetry and picture together in her work. For example, she completed the book <em>Sina, j\u00f5gi<\/em> (\u2018You, River\u2019, 1984) with the photographer Peeter Tooming and <em>Valge vaikus<\/em> (\u2018The White Silence\u2019, 1979), a collection of poetic nature reflections, with Tooming and the artist Ants S\u00e4de. Recently, H\u00e4rm has focused on nature photography by herself. In 2017, she won awards both on the photo contest <em>Pilvepiir<\/em> and by the magazine <em>Eesti Loodus<\/em>. The same year, her exhibit of nature photos <em>L\u00e4hedal<\/em> (\u2018Close\u2019) was opened in K\u00f5pu Lighthouse and at the A. H. Tammsaare Museum in <span style=\"font-size: small;\"><span style=\"font-family: verdana, geneva;\">Tallinn<\/span><\/span>.<\/p>\n\n\n\n<p>H\u00e4rm\u2019s husband is the poet and politician Paul-Eerik Rummo. They have published a collection of poetry together \u2013 a t\u00eate-b\u00eache book <em>Avamaastik \/ Kusagil tuksub mu s\u00fcda<\/em> (\u2018My Heart Beats Somewhere\u2019, 1989) and have also written the libretto and lyrics for the musical \u2018Oliver and Jennifer\u2019 (1972) and the play <em>K\u00f6rged, k\u00f6rged K\u00f6pu m\u00e4ged<\/em> (\u2018The Tall, Tall Hills of <span style=\"font-size: small;\"><span style=\"font-family: verdana, geneva;\">K\u00f5pu<\/span><\/span>\u2018, 2000).<\/p>\n\n\n\n<p><span style=\"font-size: small;\"><span style=\"font-family: verdana, geneva;\"><em>M. K. (Translated by M. M.)<\/em><\/span><\/span><\/p>\n\n\n\n<p><span style=\"font-size: medium;\"><strong>Books in Estonian<\/strong><\/span><\/p>\n\n\n\n<p><strong><em>Poems<\/em><\/strong><br><strong>Pealkirjata<\/strong>. Tallinn: Eesti Raamat, 1973, 55 lk.<br><strong>Luuletusi, lugusid ja midagi ka Margareetast<\/strong>. Tallinn: Eesti Raamat, 1978, 192 lk.<br>Viiu H\u00e4rm, Peeter Tooming, Ants S\u00e4de, <strong>Valge vaikus<\/strong>. Tallinn: Eesti Raamat, 1979, 34 lk.<br><span style=\"font-size: small;\"><span style=\"font-family: verdana, geneva;\">Viiu H\u00e4rm, Peeter Tooming, <\/span><\/span><strong>Sina, j\u00f5gi<\/strong>. Tallinn: Eesti Raamat, 1984, 95 lk.<br>Viiu H\u00e4rm, <strong>Avamaastik<\/strong>; Paul-Eerik Rummo, <strong>Kusagil tuksub s\u00fcda<\/strong>. Toronto: Maarjamaa, 1989, 16 lk. [Tirelraamat.]<br><strong>Keegi teeline<\/strong>. Tallinn: Varrak, 2004, 724 lk.<\/p>\n\n\n\n<p><strong><em>Novels<\/em><\/strong><br><strong>Duubel kaks<span style=\"font-size: small;\"><span style=\"font-family: verdana, geneva;\">: n\u00fc\u00fcd, kus ma midagi ei k\u00fcsi\u2026<\/span><\/span><\/strong>. Tallinn: Varrak, 2000, 280 lk.<br><strong>\u00d5huaken<\/strong>. Tallinn: Varrak, 2004, 280 lk.<\/p>\n\n\n\n<p><strong><em>Prose<\/em><\/strong><br><strong>Ilmatuga<\/strong>. Tekst ja fotod: Viiu H\u00e4rm Rummo. Tallinn: Varrak, 2024, 223 lk.<\/p>\n\n\n\n<p><strong><em>Children\u2019s books<\/em><\/strong><br><strong>Oh sind t\u00fcdrukut<\/strong>. Tallinn: TEA Kirjastus, 2009, 39 lk.<br><strong>Pallim\u00e4ng<\/strong>. Tallinn: Tammerraamat, 2017, 32 lk.<\/p>\n","protected":false},"excerpt":{"rendered":"<p>Poems\u00a0 About Viiu H\u00e4rm Viiu H\u00e4rm (b. 3. VII 1944) is an Estonian poet, actress, translator, and nature photographer. She was born in Tallinn to a workers` family. She studied at Tallinn 29th Primary School (1951\u20131958), Tallinn 7th Secondary School &#8230;<\/p>\n","protected":false},"author":43,"featured_media":0,"parent":599,"menu_order":0,"comment_status":"closed","ping_status":"closed","template":"","meta":{"_acf_changed":false,"inline_featured_image":false,"footnotes":""},"class_list":["post-1165","page","type-page","status-publish","hentry"],"acf":[],"_links":{"self":[{"href":"https:\/\/sisu.ut.ee\/ewod\/wp-json\/wp\/v2\/pages\/1165","targetHints":{"allow":["GET"]}}],"collection":[{"href":"https:\/\/sisu.ut.ee\/ewod\/wp-json\/wp\/v2\/pages"}],"about":[{"href":"https:\/\/sisu.ut.ee\/ewod\/wp-json\/wp\/v2\/types\/page"}],"author":[{"embeddable":true,"href":"https:\/\/sisu.ut.ee\/ewod\/wp-json\/wp\/v2\/users\/43"}],"replies":[{"embeddable":true,"href":"https:\/\/sisu.ut.ee\/ewod\/wp-json\/wp\/v2\/comments?post=1165"}],"version-history":[{"count":2,"href":"https:\/\/sisu.ut.ee\/ewod\/wp-json\/wp\/v2\/pages\/1165\/revisions"}],"predecessor-version":[{"id":7669,"href":"https:\/\/sisu.ut.ee\/ewod\/wp-json\/wp\/v2\/pages\/1165\/revisions\/7669"}],"up":[{"embeddable":true,"href":"https:\/\/sisu.ut.ee\/ewod\/wp-json\/wp\/v2\/pages\/599"}],"wp:attachment":[{"href":"https:\/\/sisu.ut.ee\/ewod\/wp-json\/wp\/v2\/media?parent=1165"}],"curies":[{"name":"wp","href":"https:\/\/api.w.org\/{rel}","templated":true}]}}