{"id":1163,"date":"2024-04-03T23:40:54","date_gmt":"2024-04-03T20:40:54","guid":{"rendered":"https:\/\/sisu.ut.ee\/ewod\/kivimaa\/"},"modified":"2024-04-04T00:08:00","modified_gmt":"2024-04-03T21:08:00","slug":"kivimaa","status":"publish","type":"page","link":"https:\/\/sisu.ut.ee\/ewod\/k\/kivimaa\/","title":{"rendered":"Evelin Kivimaa"},"content":{"rendered":"<p>Evelin Kivimaa\u00a0(born\u00a028 X 1974) is a journalist, editor and writer.\n<\/p>\n<p>\n\tKivimaa has completed Tallinn Secondary School No. 2, studied journalism at the University of Tartu (bachelor\u2019s degree from 1998), obtained a master\u2019s degree at Tallinn University in communication in 2004 and in language editing in 2017. Evelin Kivimaa has been a member of the Estonian Writers\u2019 Union from 2022.\n<\/p>\n<p>\n\tEvelin Kivimaa has worked as a journalist for newspapers and magazines, been a freelance writer from 2008\u20132011, worked as chief public relations officer at the Labour Inspectorate and returned to journalism thereafter.\n<\/p>\n<p>\n\tSince 2009, Kivimaa has published biographical books \u2014 <em>Arvo Kukum\u00e4gi. Alasti elu<\/em> (\u2018Arvo Kukum\u00e4gi. Naked Life\u2019, 2009), <em>Peeter Simm. Eesti filmi partisan<\/em> (Peeter Simm. The Guerilla of Estonian Film, 2011), <em>\u00dcllar J\u00f6rberg. Armastuse laul<\/em> (\u2018\u00dcllar J\u00f6rberg. Song of Love\u2019, 2012) \u2014, the novel <em>Armun\u00e4ljaste festival<\/em> (\u2018Festival of the Greedy for Love, 2011), the collection of stories <em>Kuidas Tom Tomat l\u00e4ks Viktoria juurde<\/em> (\u2018How Tom Tomato Went to Stay with Viktoria\u2019, 2009), the poetry collection <em>Aguliprintsess<\/em> (\u2018Slum Princess\u2019, 2010) and several children\u2019s books. Some of her books for children have also been published in Russian.\n<\/p>\n<p>\n\t<em>L. P. (Translated by I. A.)<\/em>\n<\/p>\n<p><strong><span style=\"font-size:16px\">Books in Estonian<\/span><\/strong><\/p>\n<p><strong><em>Novels<\/em><\/strong><br><strong>Armun\u00e4ljaste festival<\/strong>. Tallinn: Menu Kirjastus, 2011. 407 lk.\n<\/p>\n<p>\n\t<strong><em>Short prose<\/em><\/strong><br><strong>Kuidas Tom Tomat l\u00e4ks Viktoria juurde<\/strong> [22 armastuslugu].\u00a0 Tallinn: Ajakirjade Kirjastus, 2009. 91 lk.\n<\/p>\n<p>\n\t<strong><em>Poetry<\/em><\/strong><br><strong>Aguliprintsess<\/strong>. Tallinn: Ajakirjade Kirjastus, 2010. 96 lk.\n<\/p>\n<p>\n\t<strong><em>Children\u2019s books<\/em><\/strong><br><strong>Kratit\u00fcdruk Krata ja \u00e4\u00e4retu suvi: kuidas t\u00fcssata vanapagana \u00f5pipoissi?<\/strong> Tallinn: Menu Kirjastus, 2011. 102 lk.<br><strong>12 salam\u00e4rki: kuhu viivad arvutim\u00e4ngude tagauksed<\/strong>. Tallinn: Tammerraamat, 2019. 51 lk.<br><strong>Kratit\u00fcdruk Krata aitab libahundikutsikat<\/strong>. Tallinn: Argo, 2021. 95 lk.<br><strong>Kratit\u00fcdruk Krata otsib n\u00e4kkide kodu<\/strong>. Tallinn: Argo, 2022. 94 lk.\n<\/p>\n<p>\n\t<strong><em>Biographies<\/em><\/strong><br><strong>Arvo Kukum\u00e4gi: alasti elu: \u00e4rajoonud n\u00e4itlejad lastakse ju maha?<\/strong> Tallinn: Menu Kirjastus, 2009. 208 lk.<br><strong>Peeter Simm: Eesti filmi partisan<\/strong>. Tallinn: Menu Kirjastus, 2011. 223 lk.<br><strong>\u00dcllar J\u00f6rberg: armastuse laul<\/strong>. Tallinn: Pegasus, 2012. 207 lk.<br><strong>P\u00e4ike s\u00fcdames: Getter Jaani f\u00e4nniraamat<\/strong>. Tallinn: Pegasus, 2013. 68 lk.<br><strong>Sirje ja V\u00e4ino Puura: elu nagu operett<\/strong>. Tallinn: Tammerraamat, 2017. 303 lk.\n<\/p>\n<p>\n\t<strong><em>Miscellaneous<\/em><\/strong><br><strong>Muusa ja tema kunstnik: Edgar Valteri maalisari \u201ePerformance\u201c 1989\u20131994<\/strong>. Tallinn: Tammerraamat, 2017. 111 lk.<br><strong>Ma enam iialgi ei joo!: kuidas see p\u00e4riselt \u00f5nnestuks?<\/strong> Tallinn: Menu Meedia, 2018. 119 lk.<br><strong>Kriisiaeg vajab kangelasi! Arkadi Popov: \u201eHei-hei-hei, teeme \u00e4ra!\u201c<\/strong>. Tallinn: Varrak, 2021. 176 lk.<\/p>\n","protected":false},"excerpt":{"rendered":"<p>Evelin Kivimaa\u00a0(born\u00a028 X 1974) is a journalist, editor and writer. Kivimaa has completed Tallinn Secondary School No. 2, studied journalism at the University of Tartu (bachelor\u2019s degree from 1998), obtained a master\u2019s degree at Tallinn University in communication in 2004 &#8230;<\/p>\n","protected":false},"author":43,"featured_media":0,"parent":498,"menu_order":0,"comment_status":"closed","ping_status":"closed","template":"","meta":{"_acf_changed":false,"inline_featured_image":false,"footnotes":""},"class_list":["post-1163","page","type-page","status-publish","hentry"],"acf":[],"_links":{"self":[{"href":"https:\/\/sisu.ut.ee\/ewod\/wp-json\/wp\/v2\/pages\/1163","targetHints":{"allow":["GET"]}}],"collection":[{"href":"https:\/\/sisu.ut.ee\/ewod\/wp-json\/wp\/v2\/pages"}],"about":[{"href":"https:\/\/sisu.ut.ee\/ewod\/wp-json\/wp\/v2\/types\/page"}],"author":[{"embeddable":true,"href":"https:\/\/sisu.ut.ee\/ewod\/wp-json\/wp\/v2\/users\/43"}],"replies":[{"embeddable":true,"href":"https:\/\/sisu.ut.ee\/ewod\/wp-json\/wp\/v2\/comments?post=1163"}],"version-history":[{"count":1,"href":"https:\/\/sisu.ut.ee\/ewod\/wp-json\/wp\/v2\/pages\/1163\/revisions"}],"predecessor-version":[{"id":3904,"href":"https:\/\/sisu.ut.ee\/ewod\/wp-json\/wp\/v2\/pages\/1163\/revisions\/3904"}],"up":[{"embeddable":true,"href":"https:\/\/sisu.ut.ee\/ewod\/wp-json\/wp\/v2\/pages\/498"}],"wp:attachment":[{"href":"https:\/\/sisu.ut.ee\/ewod\/wp-json\/wp\/v2\/media?parent=1163"}],"curies":[{"name":"wp","href":"https:\/\/api.w.org\/{rel}","templated":true}]}}