{"id":116,"date":"2024-04-03T23:39:22","date_gmt":"2024-04-03T20:39:22","guid":{"rendered":"https:\/\/sisu.ut.ee\/ewod\/about-et-9\/"},"modified":"2024-04-04T00:11:01","modified_gmt":"2024-04-03T21:11:01","slug":"about","status":"publish","type":"page","link":"https:\/\/sisu.ut.ee\/ewod\/u\/unt\/about\/","title":{"rendered":"Mati Unt &#8211; about"},"content":{"rendered":"<p>\n\t<span style=\"font-size: medium;font-family: verdana, geneva\"><strong>Articles<\/strong><\/span>\n<\/p>\n<p>\n\t<span style=\"font-size: small;font-family: verdana, geneva\"><em><strong>English<\/strong><\/em><br>Virve Sarapik,<strong><em>\u00a0<\/em>Autumn in a New Residential Area<\/strong><em><strong>. <\/strong><\/em>\u2013 Interlitteraria<em><strong>,<\/strong>\u00a0<\/em>vol 16, no 2, 2011, pp 502-519. [About the novel \u2018Autumn ball\u2019 (\u2018S\u00fcgisball\u2019) and the film version of it]<br>Mihkel Mutt,<strong>\u00a0<a href=\"http:\/\/elm.estinst.ee\/issue\/13\/live-classic-and-attraction-young-reflections-mati\/\">A live classic and an attraction for the young. Reflections on Mati Unt<\/a><\/strong>. \u2013 Estonian Literary Magazine, no 13, 2001.<br>Luule Epner,\u00a0<strong>Text and Stage: Theatricalism in Modern Estonian Drama<\/strong>. \u2013 Interlitteraria, vol 1, 1996, pp 26-40. [About the plays of Mati Unt]<br>Maire Jaanus Kurrik, <a href=\"http:\/\/www.lituanus.org\/1978\/78_2_02.htm\" target=\"_blank\" rel=\"noopener\"><strong>Translation and loss: Mati Unt\u2019s \u201cDoomsday\u201d<\/strong><\/a>. \u2013 Lituanus: Lithuanian quarterly journal of arts and sciences, vol 24, no 2, 1978.<br>Maire Jaanus Kurrik, <strong>Mati Unt\u2019s Via Regia: form and praxis<\/strong>. \u2013\u00a0 Journal of Baltic Studies, vol 8, no 3, 1977.<\/span>\n<\/p>\n<p>\n\t<span style=\"font-size: small;font-family: verdana, geneva\"><strong><em>German<\/em><\/strong><br>[s. n.], <strong>Die ewige Angst der M\u00e4nner\u2026<\/strong>. \u2013 Hamburger Morgenpost, Beilage zur Hammoniale, 8.9.1993.<br>[s. n.], <strong>M\u00e4nnerm\u00f6rderinnen. Mati Unt zu seinem St\u00fcck<\/strong>. \u2013 KursNordNordOst. Das Baltikum. 16. September \u2013 2. Oktober. Hammoniale \u201993. Festival der Frauen. Hamburg, 1993, pp 44-46.<br>Marju Lauristin, <strong>Mati Unt<\/strong>. \u2013 Junge K\u00fcnstler Sowjetestlands. Tallinn: Perioodika, 1980, pp 59-64.<\/span>\n<\/p>\n<p>\n\t<span style=\"font-size: medium;font-family: verdana, geneva\"><span style=\"font-size: small\"><em><strong>Russian<\/strong><\/em><\/span><br><span style=\"font-size: small\">\u0411\u043e\u0440\u0438\u0441 \u0422\u0443\u0445,\u00a0<strong><a href=\"http:\/\/magazines.russ.ru\/druzhba\/2009\/4\/tu26.html\" target=\"_blank\" rel=\"noopener\">\u0427\u0430\u0441\u0442\u043d\u0430\u044f \u0436\u0438\u0437\u043d\u044c \u044d\u0441\u0442\u043e\u043d\u0441\u043a\u0438\u0445 \u043c\u043e\u043d\u0443\u043c\u0435\u043d\u0442\u043e\u0432, \u0440\u0443\u0441\u0430\u043b\u043e\u043a \u0438 \u043b\u044e\u0434\u0435\u0439<\/a><\/strong>. \u0418\u0437 \u043a\u043d\u0438\u0433\u0438 \u00ab\u0413\u043e\u0440\u044f\u0447\u0430\u044f \u0434\u0435\u0441\u044f\u0442\u043a\u0430 \u044d\u0441\u0442\u043e\u043d\u0441\u043a\u0438\u0445 \u043f\u0438\u0441\u0430\u0442\u0435\u043b\u0435\u0439\u00bb. \u0412\u0441\u0442\u0443\u043f\u0438\u0442\u0435\u043b\u044c\u043d\u0430\u044f \u0437\u0430\u043c\u0435\u0442\u043a\u0430 \u041d\u044d\u043b\u043b\u0438 \u0410\u0431\u0430\u0448\u0438\u043d\u043e\u0439-\u041c\u0435\u043b\u044c\u0446. \u2013\u00a0<a href=\"http:\/\/magazines.russ.ru\/druzhba\/2009\/4\/\" target=\"_blank\" rel=\"noopener\">\u0414\u0440\u0443\u0436\u0431\u0430 \u041d\u0430\u0440\u043e\u0434\u043e\u0432, no 4, 2009<\/a><a href=\"http:\/\/magazines.russ.ru\/druzhba\/2009\/4\/\" target=\"_blank\" rel=\"noopener\">. \u042d\u0441\u0442\u043e\u043d\u0441\u043a\u0438\u0435 \u043f\u0438\u0441\u0430\u0442\u0435\u043b\u0438 \u043d\u0430 \u0441\u0442\u0440\u0430\u043d\u0438\u0446\u0430\u0445 \u00ab\u0414\u041d\u00bb<\/a>. [About Enn Vetemaa and Mati Unt.\u00a0See\u00a0<strong><a href=\"https:\/\/sisu.ut.ee\/ewod\/anthologies\/druzhba\">contents<\/a>\u00a0<\/strong>of the special edition.]<br>\u0411\u043e\u0440\u0438\u0441 \u0422\u0443\u0445, <strong>\u041c\u0430\u0442\u0438 \u0423\u043d\u0442. \u041c\u043d\u043e\u0433\u043e\u0433\u0440\u0430\u043d\u043d\u044b\u0439 \u043f\u043e\u0441\u0442\u043c\u043e\u0434\u0435\u0440\u043d\u0438\u0441\u0442 \u0438 \u0435\u0433\u043e \u043c\u0438\u0440 \u2013 \u043a\u043e\u043b\u043b\u0430\u0436<\/strong>. \u2013 \u0411\u043e\u0440\u0438\u0441 \u0422\u0443\u0445, \u0413\u043e\u0440\u044f\u0447\u0430\u044f \u0434\u0435\u0441\u044f\u0442\u043a\u0430 \u044d\u0441\u0442\u043e\u043d\u0441\u043a\u0438\u0445 \u043f\u0438\u0441\u0430\u0442\u0435\u043b\u0435\u0439: \u044d\u0441\u0442\u043e\u043d\u0441\u043a\u0430\u044f \u043b\u0438\u0442\u0435\u0440\u0430\u0442\u0443\u0440\u0430 \u0432\u0442\u043e\u0440\u043e\u0439 \u043f\u043e\u043b\u043e\u0432\u0438\u043d\u044b XX \u2013 \u043d\u0430\u0447\u0430\u043b\u0430 XXI \u0432\u0435\u043a\u0430: \u044d\u0441\u0441\u0435. \u0422\u0430\u043b\u043b\u0438\u043d\u043d: \u041a\u041f\u0414, 2004, pp 160-191. [See <strong><a href=\"https:\/\/sisu.ut.ee\/ewod\/general\/booksinrussian\/desjatka\">contents<\/a><\/strong> of the monograph.]<br>\u0420\u043e\u043c\u0430\u043d \u041a\u0430\u043b\u043b\u0430\u0441, <strong>\u041c\u0430\u0442\u0438 \u0423\u043d\u0442: \u0411\u0435\u0433\u0441\u0442\u0432\u043e \u043e\u0442 \u0440\u044b\u0436\u0435\u0433\u043e \u043a\u043e\u0442\u0430<\/strong>. \u2013 \u0420\u043e\u043c\u0430\u043d \u041a\u0430\u043b\u043b\u0430\u0441, \u042d\u0441\u0442\u043e\u043d\u0441\u043a\u0430\u044f \u043b\u0438\u0442\u0435\u0440\u0430\u0442\u0443\u0440\u0430: 20 \u0438\u043c\u0435\u043d \u043e\u0442 \u043a\u043b\u0430\u0441\u0441\u0438\u043a\u0438 \u0434\u043e \u0441\u043e\u0432\u0440\u0435\u043c\u0435\u043d\u043d\u043e\u0441\u0442\u0438: \u043d\u0430\u0447\u0430\u043b\u044c\u043d\u044b\u0439 \u043a\u0443\u0440\u0441 \u0434\u043b\u044f \u0448\u043a\u043e\u043b \u0441 \u0440\u0443\u0441\u0441\u043a\u0438\u043c \u044f\u0437\u044b\u043a\u043e\u043c \u043e\u0431\u0443\u0447\u0435\u043d\u0438\u044f. Viljandi: Sarapuu, 1997, pp 145-149. [See <strong><a href=\"https:\/\/sisu.ut.ee\/ewod\/general\/booksinrussian\/20imen\">contents<\/a><\/strong> of the monograph.]<\/span><\/span><br>\u00a0\n<\/p>\n<p>\n\t<span data-mce-mark=\"1\" style=\"font-size: medium;font-family: verdana, geneva\"><strong>Reviews<\/strong><\/span>\n<\/p>\n<p>\n\t<span style=\"font-size: small;font-family: verdana, geneva\"><span style=\"font-size: small;font-family: verdana, geneva\"><span style=\"font-size: small;font-family: verdana, geneva\"><span style=\"font-size: small;font-family: verdana, geneva\"><strong><em>English<\/em><\/strong><br><span style=\"font-size: small;font-family: verdana, geneva\">Paul Binding, <strong><a href=\"http:\/\/www.the-tls.co.uk\/tls\/reviews\/other_categories\/article833680.ece\">Do you think I\u2019d let you go?<\/a><\/strong>. \u2013 Times Literary Supplement, <\/span>Dec 2, 2011. [About the the prose anthology \u2018The Dedalus Book of Estonian Literature\u2019 containing the <span style=\"font-size: small;font-family: verdana, geneva\"><span style=\"font-size: small;font-family: verdana, geneva\"><span style=\"font-size: small;font-family: verdana, geneva\"><span style=\"font-size: small;font-family: verdana, geneva\">novella \u2018An Empty Beach\u2019<\/span><\/span><\/span><\/span>.]<br><span style=\"font-size: small;font-family: verdana, geneva\">James Sallis, <strong>Art that baffles and exhilarates<\/strong>. \u2013 The Boston Globe, 8. I. 2006. [On the novel \u2018Things in the Night\u2019 (\u2018\u00d6\u00f6s on asju\u2019)]<br>Theo Schell-Lambert, <strong>Paper clips. Mati Unt\u2019s\u00a0<em>Things in the Night<\/em>. <\/strong>\u2013 The Village Voice, 3.III. 2006.<br>Rutt Hinrikus, Janika Kronberg,\u00a0<\/span><a href=\"http:\/\/elm.estinst.ee\/issue\/22\/short-outlines-books-estonian-authors\/\"><strong>Short Outlines of Books by Estonian Authors<\/strong><\/a><span style=\"font-size: small;font-family: verdana, geneva\">. \u2013 Estonian Literary Magazine, no 22, 2006. [About the play \u2018Vend Antigone, ema Oidipus\u2019 (\u2018Brother Antigone, Mother Oedipus\u2019).]<br>Jack Rueter, <strong>Miniature Universes Bumping into each other<\/strong>. \u2013 Estonia: Zeitschrift f\u00fcr estnische Literatur und Kultur, no 4, 1986, pp 33-34. [About \u2018The Autumn Ball\u2019, Tallinn 1985.]<br>Ilmar Mikiver,\u00a0<strong><cite>Valitud teosed<\/cite><\/strong><span style=\"font-size: small;font-family: verdana, geneva\"><strong>\u00a0by Mati Unt<\/strong>. \u2013 World Literature Today, v<span style=\"font-size: small;font-family: verdana, geneva\">ol 60, no 3, 1986, pp 494-495.<\/span><\/span><br>Ilmar Mikiver,\u00a0<strong><cite>R\u00e4\u00e4givad<\/cite><\/strong><span style=\"font-size: small;font-family: verdana, geneva\"><strong>\u00a0by Mati Unt<\/strong>. \u2013 World Literature Today, v<span style=\"font-size: small;font-family: verdana, geneva\">ol 59, no 3, 1985, p 459.<\/span><\/span><br>Ilmar Mikiver,\u00a0<strong><cite>S\u00fcgisball<\/cite><\/strong><span style=\"font-size: small;font-family: verdana, geneva\"><strong>\u00a0by Mati Unt<\/strong>. \u2013 World Literature Today, v<span style=\"font-size: small;font-family: verdana, geneva\">ol 55, 1981, p 145.<\/span><\/span><br>Maire J. Kurrik,\u00a0<strong><cite>Must mootorrattur<\/cite><\/strong><span style=\"font-size: small;font-family: verdana, geneva\"><strong>\u00a0by Mati Unt<\/strong>. \u2013 World Literature Today, v<span style=\"font-size: small;font-family: verdana, geneva\">ol 51, no 2, 1977, p 308.<\/span><\/span><\/span><br>Maie J. Kurrik, <strong><em>Via Regia<\/em> by Mati Unt<\/strong>. \u2013 Books Abroad, vol 50, no 2, 1976, p 441.<br>Hellar Grabbi,\u00a0<strong><cite>Kuu nagu kustuv p\u00e4ike<\/cite><\/strong><span style=\"font-size: small;font-family: verdana, geneva\"><strong>\u00a0by Mati Unt<\/strong>. \u2013 Books Abroad, v<span style=\"font-size: small;font-family: verdana, geneva\">ol 47, no 1, 1973, p 195.<br>Mardi Valgem\u00e4e,\u00a0<strong><cite>M\u00f5rv hotellis. Phaethon, p\u00e4ikese poeg<\/cite><\/strong><span style=\"font-size: small;font-family: verdana, geneva\"><strong>\u00a0by Mati Unt<\/strong>. \u2013 Books Abroad, v<span style=\"font-size: small;font-family: verdana, geneva\">ol 44, no 2, 1970, p 339.<br>Ivar Ivask,\u00a0<strong><cite>H\u00fcvasti, kollane kass \/ V\u00f5lg<\/cite><\/strong><span style=\"font-size: small;font-family: verdana, geneva\"><strong>\u00a0by Mati Unt<\/strong>. \u2013 Books Abroad, v<span style=\"font-size: small;font-family: verdana, geneva\">ol 42, no 2, 1968, p 310.<\/span><\/span><\/span><\/span><\/span><\/span><\/span><\/span><\/span><\/span>\n<\/p>\n<p>\n\t<span style=\"font-size: small;font-family: verdana, geneva\"><span style=\"font-size: small;font-family: verdana, geneva\"><span style=\"font-size: small;font-family: verdana, geneva\"><span style=\"font-size: small;font-family: verdana, geneva\"><span style=\"font-size: small;font-family: verdana, geneva\"><span style=\"font-size: small;font-family: verdana, geneva\"><span style=\"font-size: small;font-family: verdana, geneva\"><span style=\"font-size: small;font-family: verdana, geneva\"><span style=\"font-size: small;font-family: verdana, geneva\"><span style=\"font-size: small;font-family: verdana, geneva\"><strong><em>Finnish<\/em><\/strong><br>Hannu Oittinen, <strong>Dramaattista proosaa<\/strong>. \u2013 Estonia: Zeitschrift f\u00fcr estnische Literatur und Kultur, no 4, 1986, pp 30-32. [About \u2018Niin kerrotaan\u2019, Jyv\u00e4skyl\u00e4 1986, and \u2018Hyv\u00e4\u00e4 iltaa, rakkaat vainajat\u2019, Oulu 1986.]<br>Hannu Oittinen, <strong>The Naming of Cats<\/strong>. \u2013 Estonia: Zeitschrift f\u00fcr estnische Literatur und Kultur, no 3, 1985, pp 42-43. [About \u2018Kuunpimennys\u2019, Jyv\u00e4skyl\u00e4 1985.]<\/span><\/span><\/span><\/span><\/span><\/span><\/span><\/span><\/span><\/span>\n<\/p>\n<p>\n\t<span style=\"font-size: small;font-family: verdana, geneva\"><strong><em>German<\/em><\/strong><br><span style=\"font-size: small\"><span style=\"font-size: small\"><span style=\"font-size: small\">Cornelius Hasselblatt,\u00a0<strong>Mati Unt: S\u00fcgisball<\/strong>. \u2013\u00a0Kindlers Literatur Lexikon 3, bd 16.\u00a0Stuttgart, Weimar: Verlag\u00a0J.B. Metzler, 2009, pp 567f.<\/span><\/span><\/span><\/span><br><span style=\"font-size: small;font-family: verdana, geneva\"><span style=\"font-size: small\"><span style=\"font-size: small\"><span style=\"font-size: small\">Bernd Gr\u00e4f, <strong>[About \u2018reden und schweigen\u2019 (\u2018R\u00e4\u00e4givad ja vaikivad\u2019)]<\/strong>. \u2013 Der Romanf\u00fchrer. Der Inhalt der Romane und Novellen der Weltliteratur. Band 34: Ost-, s\u00fcdost- und nordeurop\u00e4ische Erz\u00e4hlprosa aus den Jahren 1989 bis 1995. Herausgegeben von Bernd Gr\u00e4f. Stuttgart: Anton Hiersemann, 1999, pp 104-105.\u00a0<\/span><\/span><\/span><\/span><br><span style=\"font-size: small;font-family: verdana, geneva\"><span style=\"font-size: small\"><span style=\"font-size: small\"><span style=\"font-size: small\">Bernd Gr\u00e4f, <strong>[About \u2018Herbstball\u2019 (\u2018S\u00fcgisball\u2019)]<\/strong>. \u2013 Der Romanf\u00fchrer. Der Inhalt der Romane und Novellen der Weltliteratur. Band 34: Ost-, s\u00fcdost- und nordeurop\u00e4ische Erz\u00e4hlprosa aus den Jahren 1989 bis 1995. Herausgegeben von Bernd Gr\u00e4f. Stuttgart: Anton Hiersemann, 1999, p 104.\u00a0<\/span><\/span><\/span><\/span><br><span style=\"font-size: small;font-family: verdana, geneva\"><span style=\"font-size: small\"><span style=\"font-size: small\"><span style=\"font-size: small\">Angela Pl\u00f6ger, <strong>Estlands Dichter<\/strong>. \u2013 Deutsches Allgemeines Sonntagsblatt, 4.3.1994. [About \u2018reden und schweigen\u2019 (\u2018R\u00e4\u00e4givad ja vaikivad\u2019).]<\/span><\/span><\/span><\/span><br><span style=\"font-size: small;font-family: verdana, geneva\"><span style=\"font-size: small\"><span style=\"font-size: small\"><span style=\"font-size: small\">Alex Diederich, <strong>\u201cReden und schweigen\u201d<\/strong>. \u2013 Die Warte (Luxemburg), no 14, 29.4.1993. [About \u2018reden und schweigen\u2019 (\u2018R\u00e4\u00e4givad ja vaikivad\u2019).]<\/span><\/span><\/span><\/span><br><span style=\"font-size: small;font-family: verdana, geneva\"><span style=\"font-size: small\"><span style=\"font-size: small\"><span style=\"font-size: small\">Beate Biehl, <strong>T\u00f6dliches Reden<\/strong>. \u2013 Estonia, no 1, 1993, pp 44-46. [About \u2018reden und schweigen\u2019 (\u2018R\u00e4\u00e4givad ja vaikivad\u2019).]<br>Cornelius Hasselblatt, <\/span><\/span><strong>Mati Unt: S\u00fcgisball<\/strong>. \u2013 Kindlers Neues Literatur Lexikon, bd 16. M\u00fcnchen: Kindler, 1991, pp 945-946.<br>Cornelius Hasselblatt, <\/span><strong>Ein ehrlicher Misanthrop?<\/strong> \u2013 Estonia, vol 6, no 3-4, <span style=\"font-size: small\">1990, pp <\/span>138-140. [About <span style=\"font-size: small\">\u2018\u00d6\u00f6s on asju\u2019.]<\/span><br>G.H., <strong>Streiflichter aus Mustam\u00e4e<\/strong>. \u2013 Norddeutsche Neueste Nachrichten (Rostock), 30.\/31.1.1988. [About \u2018Herbstball\u2019 (\u2018S\u00fcgisball\u2019).]<br><span style=\"font-size: small\">Volker Pirsich, <strong>Estnischer Reigen<\/strong>. \u2013 Estonia, no 1, 1988, pp 40-43. [About \u2018Herbstball\u2019 (\u2018S\u00fcgisball\u2019).]<\/span><\/span><br><span style=\"font-size: small;font-family: verdana, geneva\"><span style=\"font-size: small\">Kirsten Sturm, <strong>Fiktives Interview<\/strong>. \u2013 Die Union, no 13, 16.\/17.1.1988. [About \u2018Herbstball\u2019 (\u2018S\u00fcgisball\u2019).]<\/span><\/span><br><span style=\"font-size: small;font-family: verdana, geneva\"><span style=\"font-size: small\">Birgit Galle, <strong>Hintergr\u00fcndig-gescheite Prosa<\/strong>. \u2013 Neues Deutschland, 20.\/21.2.1988. [About \u2018Herbstball\u2019 (\u2018S\u00fcgisball\u2019).]<\/span><\/span><br><span style=\"font-size: small;font-family: verdana, geneva\"><span style=\"font-size: small\">Christina Brasche, <strong>Einspruch gefragt<\/strong>. \u2013 Sonntag, no 17, 24.4.1988. [About \u2018Herbstball\u2019 (\u2018S\u00fcgisball\u2019).]<\/span><\/span><br><span style=\"font-size: small;font-family: verdana, geneva\"><span style=\"font-size: small\">Soja Krachmalnikowa, <strong>Mati Unt. \u201cLebwohl, rothaariger Kater\u201d<\/strong>. \u2013 Sowjetliteratur, no 8, 1967, pp 168-170. [About \u2018H\u00fcvasti, kollane kass\u2019.]<\/span><\/span><br><span style=\"font-size: small;font-family: verdana, geneva\"><span style=\"font-size: small\">[<em>s. n.<\/em>], <strong>Literatouristik<\/strong>. \u2013 Eulenspiegel, no 48, 1987, p 7. [About \u2018Herbstball\u2019 (\u2018S\u00fcgisball\u2019).]<\/span><\/span><br><span style=\"font-size: small;font-family: verdana, geneva\"><span style=\"font-size: small\">Erich Fetter, <strong>Fordernde Prosa<\/strong>. \u2013 National-Zeitung (Berlin), 26.10.1987. [About \u2018Herbstball\u2019 (\u2018S\u00fcgisball\u2019).]<\/span><\/span><br><span style=\"font-size: small;font-family: verdana, geneva\">Cornelius Hasselblatt, <strong>Silber und Gold<\/strong>. \u2013 Estonia, vol 2, no 3, 1986, pp 24-29. [About \u2018R\u00e4\u00e4givad ja vaikivad\u2019.]<\/span>\n<\/p>\n<p>\n\t<span style=\"font-size: small;font-family: verdana, geneva\"><strong><em>Hungarian<\/em><\/strong><br><span style=\"font-size: small;font-family: verdana, geneva\">Ambrus M\u00f3nika, <strong>Hallgat\u00e1s a l\u00e9nyegr\u0151l besz\u00e9d a hallgat\u00e1sr\u00f3l<\/strong>. <span style=\"font-size: small;font-family: verdana, geneva\">Pluralica, no 1-2, 2009, pp 407-409. [<span style=\"font-size: small;font-family: verdana, geneva\">About the story collection \u2018\u0150k besz\u00e9lnek, mi hallgatunk\u2019 (Szombathely: 2007).\u00a0<\/span>See\u00a0<\/span><a href=\"https:\/\/sisu.ut.ee\/ewod\/anthologies\/pluralica\"><strong>contents<\/strong><\/a><span style=\"font-size: small;font-family: verdana, geneva\">\u00a0of the special issue of contemporary Estonian literature.]<\/span><\/span><\/span><\/p>\n","protected":false},"excerpt":{"rendered":"<p>Articles EnglishVirve Sarapik,\u00a0Autumn in a New Residential Area. \u2013 Interlitteraria,\u00a0vol 16, no 2, 2011, pp 502-519. [About the novel \u2018Autumn ball\u2019 (\u2018S\u00fcgisball\u2019) and the film version of it]Mihkel Mutt,\u00a0A live classic and an attraction for the young. Reflections on Mati &#8230;<\/p>\n","protected":false},"author":43,"featured_media":0,"parent":2040,"menu_order":0,"comment_status":"closed","ping_status":"closed","template":"","meta":{"_acf_changed":false,"inline_featured_image":false,"footnotes":""},"class_list":["post-116","page","type-page","status-publish","hentry"],"acf":[],"_links":{"self":[{"href":"https:\/\/sisu.ut.ee\/ewod\/wp-json\/wp\/v2\/pages\/116","targetHints":{"allow":["GET"]}}],"collection":[{"href":"https:\/\/sisu.ut.ee\/ewod\/wp-json\/wp\/v2\/pages"}],"about":[{"href":"https:\/\/sisu.ut.ee\/ewod\/wp-json\/wp\/v2\/types\/page"}],"author":[{"embeddable":true,"href":"https:\/\/sisu.ut.ee\/ewod\/wp-json\/wp\/v2\/users\/43"}],"replies":[{"embeddable":true,"href":"https:\/\/sisu.ut.ee\/ewod\/wp-json\/wp\/v2\/comments?post=116"}],"version-history":[{"count":1,"href":"https:\/\/sisu.ut.ee\/ewod\/wp-json\/wp\/v2\/pages\/116\/revisions"}],"predecessor-version":[{"id":4974,"href":"https:\/\/sisu.ut.ee\/ewod\/wp-json\/wp\/v2\/pages\/116\/revisions\/4974"}],"up":[{"embeddable":true,"href":"https:\/\/sisu.ut.ee\/ewod\/wp-json\/wp\/v2\/pages\/2040"}],"wp:attachment":[{"href":"https:\/\/sisu.ut.ee\/ewod\/wp-json\/wp\/v2\/media?parent=116"}],"curies":[{"name":"wp","href":"https:\/\/api.w.org\/{rel}","templated":true}]}}