{"id":1157,"date":"2024-04-03T23:40:53","date_gmt":"2024-04-03T20:40:53","guid":{"rendered":"https:\/\/sisu.ut.ee\/ewod\/about-et-107\/"},"modified":"2024-04-04T00:08:02","modified_gmt":"2024-04-03T21:08:02","slug":"about","status":"publish","type":"page","link":"https:\/\/sisu.ut.ee\/ewod\/a\/adson\/about\/","title":{"rendered":"Artur Adson &#8211; about"},"content":{"rendered":"<p>\n\t<span style=\"font-family: verdana, geneva;font-size: medium\"><strong>Articles<\/strong><\/span>\n<\/p>\n<p>\n\t<span style=\"font-family:Verdana,Geneva,sans-serif\"><strong><em>Finnish<\/em><\/strong><br>Riho Gr\u00fcnthal, <strong>Artur Adsonin syntym\u00e4st\u00e4 100 vuotta<\/strong>. \u2013 Estonia: Zeitschrift f\u00fcr estnische Literatur und Kultur, no 1, 1989, pp 18-20.<\/span>\n<\/p>\n<p>\n\t<span style=\"font-family: verdana, geneva;font-size: medium\"><strong><em><span style=\"font-size: small\">German<\/span><\/em><\/strong><br><span style=\"font-size: small\">Erik Thomson, <strong>Artur Adson \u2020<\/strong>. \u2013 Mitteilungen aus baltischem Leben (M\u00fcnchen), no 4 1976-1977, pp 3-4.<\/span><\/span><br>\u00a0\n<\/p>\n<p>\n\t<span style=\"font-family: verdana, geneva;font-size: medium\"><strong>Reviews<\/strong><\/span>\n<\/p>\n<p>\n\t<span style=\"font-family: verdana, geneva\"><em><strong>English<\/strong><\/em><br>Ivar Ivask,\u00a0<strong><em>Marie Underi eluraamat\u00a0<\/em>by Imant Rebane, Artur Adson; <em>Marie Underi eluraamat. Esseid, hinnanguid, bibliograafiat<\/em>\u00a0by Imant Rebane, Artur Adson<\/strong>. \u2013 Books Abroad, vol 49, no 2, 1975, p 360.<br>Ants Oras, <strong><em>Rahum\u00e4e kannel. Kodutse\u2019 v\u00e4rsi\u2019<\/em> by Artur Adson.<\/strong> \u2013 Books Abroad, v<span style=\"font-family: verdana, geneva\">ol 48, no 3, 1974, p 604.<\/span><\/span><\/p>\n","protected":false},"excerpt":{"rendered":"<p>Articles FinnishRiho Gr\u00fcnthal, Artur Adsonin syntym\u00e4st\u00e4 100 vuotta. \u2013 Estonia: Zeitschrift f\u00fcr estnische Literatur und Kultur, no 1, 1989, pp 18-20. GermanErik Thomson, Artur Adson \u2020. \u2013 Mitteilungen aus baltischem Leben (M\u00fcnchen), no 4 1976-1977, pp 3-4.\u00a0 Reviews EnglishIvar Ivask,\u00a0Marie &#8230;<\/p>\n","protected":false},"author":43,"featured_media":0,"parent":361,"menu_order":0,"comment_status":"closed","ping_status":"closed","template":"","meta":{"_acf_changed":false,"inline_featured_image":false,"footnotes":""},"class_list":["post-1157","page","type-page","status-publish","hentry"],"acf":[],"_links":{"self":[{"href":"https:\/\/sisu.ut.ee\/ewod\/wp-json\/wp\/v2\/pages\/1157","targetHints":{"allow":["GET"]}}],"collection":[{"href":"https:\/\/sisu.ut.ee\/ewod\/wp-json\/wp\/v2\/pages"}],"about":[{"href":"https:\/\/sisu.ut.ee\/ewod\/wp-json\/wp\/v2\/types\/page"}],"author":[{"embeddable":true,"href":"https:\/\/sisu.ut.ee\/ewod\/wp-json\/wp\/v2\/users\/43"}],"replies":[{"embeddable":true,"href":"https:\/\/sisu.ut.ee\/ewod\/wp-json\/wp\/v2\/comments?post=1157"}],"version-history":[{"count":1,"href":"https:\/\/sisu.ut.ee\/ewod\/wp-json\/wp\/v2\/pages\/1157\/revisions"}],"predecessor-version":[{"id":3920,"href":"https:\/\/sisu.ut.ee\/ewod\/wp-json\/wp\/v2\/pages\/1157\/revisions\/3920"}],"up":[{"embeddable":true,"href":"https:\/\/sisu.ut.ee\/ewod\/wp-json\/wp\/v2\/pages\/361"}],"wp:attachment":[{"href":"https:\/\/sisu.ut.ee\/ewod\/wp-json\/wp\/v2\/media?parent=1157"}],"curies":[{"name":"wp","href":"https:\/\/api.w.org\/{rel}","templated":true}]}}