{"id":115,"date":"2024-04-03T23:39:22","date_gmt":"2024-04-03T20:39:22","guid":{"rendered":"https:\/\/sisu.ut.ee\/ewod\/hargla\/"},"modified":"2024-04-04T00:11:01","modified_gmt":"2024-04-03T21:11:01","slug":"hargla","status":"publish","type":"page","link":"https:\/\/sisu.ut.ee\/ewod\/h\/hargla\/","title":{"rendered":"Indrek Hargla"},"content":{"rendered":"<p>\n\t<a href=\"https:\/\/sisu.ut.ee\/ewod\/h\/hargla\/novels\"><strong style=\"line-height: 1.6em\"><span style=\"font-family: verdana, geneva;font-size: medium\">Novels <\/span><\/strong><\/a><a href=\"https:\/\/sisu.ut.ee\/wp-content\/uploads\/sites\/108\/indrek_hargla_alar_madisson.jpg\" target=\"_self\" rel=\"noopener\"><img decoding=\"async\" alt=\"Indrek Hargla\" src=\"https:\/\/sisu.ut.ee\/wp-content\/uploads\/sites\/108\/indrek_hargla_alar_madisson.jpg\" style=\"float: right;width: 200px;height: 301px\" title=\"Photo: Alar Madisson\"><\/a>\n<\/p>\n<p>\n\t<a href=\"hargla\/stories\"><strong><span style=\"font-family: verdana, geneva;font-size: medium\">Short stories<\/span><\/strong><\/a>\n<\/p>\n<p>\n\t<a href=\"https:\/\/sisu.ut.ee\/ewod\/h\/hargla\/about\"><strong><span style=\"font-family: verdana, geneva;font-size: medium\">About Indrek Hargla<\/span><\/strong><\/a>\n<\/p>\n<p>\u00a0\n<\/p>\n<p>\n\t<span style=\"color:#000000\"><span style=\"font-size:13px\"><span style=\"font-family:Verdana,Geneva,sans-serif\">Indrek Hargla (given name Indrek Sootak; has also used the pseudonyms Andrei Golikov and Marat Faizijev, born 12. VII 1970) is one of the best-known Estonian writers of science fiction and crime novels.<\/span><\/span><\/span>\n<\/p>\n<p>\n\t<span style=\"color:#000000\"><span style=\"font-size:13px\"><span style=\"font-family:Verdana,Geneva,sans-serif\">Hargla was born in 1970 into the family of a lecturer in law and a philologist. In 1993 he graduated from the faculty of law at the University of Tartu. Until 2012 he worked at the Estonian Ministry of Foreign Affairs, including its diplomatic representation; since then he has been a professional writer. His wife is the children\u2019s author Heli Illipe-Sootak.<br>\u00a0<br>Hargla\u2019s works often contain elements of horror literature, but what is worthy of attention is his skill in reflecting everyday Estonian life as a background to the events. In a peaceful South Estonian village, bloodcurdling events may occur like in <em>Minu p\u00e4evad Liinaga<\/em> (\u2018My days with Liina\u2019), and in the quiet town of Tartu dizzyingly fantastic stories may unravel, like in <em>French ja Koulu<\/em> (\u2018French and Koulu\u2019).<\/span><\/span><\/span>\n<\/p>\n<p>\n\t<span style=\"color:#000000\"><span style=\"font-size:13px\"><span style=\"font-family:Verdana,Geneva,sans-serif\">Wider public success has come from his series of crime novels set in medieval Tallinn in which the apothecary Melchior acts as a detective, and which has been appearing since 2010.<\/span><\/span><\/span>\n<\/p>\n<p>\n\t<span style=\"color:#000000\"><span style=\"font-size:13px\"><span style=\"font-family:Verdana,Geneva,sans-serif\">Hargla\u2019s works are characterised by purity of genre, a detailed knowledge of historical materials and the cultures and conditions of other lands, and a fluent narrative skill. His works have been translated into several foreign languages, and in some countries the Melchior stories have attained a remarkable popularity.<\/span><\/span><\/span>\n<\/p>\n<p>\n\t<span style=\"color:#000000\"><span style=\"font-size:13px\"><span style=\"font-family:Verdana,Geneva,sans-serif\">In 2000-2020, Hargla has won the Estonian \u2018Stalker\u2019 science fiction prize 17 times. He won the Friedbert Tuglas short story prize in 2009 for the narrative <em>Minu p\u00e4evad Liinaga<\/em> (<em>Looming<\/em>, no 8, 2008). The stories in the Apothecary Melchior series have won a number of prizes, including the Cultural Endowment Annual Award in 2011.<\/span><\/span><\/span>\n<\/p>\n<p>\n\t<span style=\"color:#000000\"><span style=\"font-size:13px\"><span style=\"font-family:Verdana,Geneva,sans-serif\">From 2012 to 2015 Hargla was a member of the Estonian Writers\u2019 Union, from which he resigned at his own request, in protest against the Writers\u2019 Union supporting the granting of Estonian citizenship to the writer Andrei Ivanov. He has publicly expressed nationalist sentiments.<\/span><\/span><\/span>\n<\/p>\n<p>\n\t<span style=\"color:#000000\"><em><span style=\"font-size:13px\"><span style=\"font-family:Verdana,Geneva,sans-serif\">A. Mv. (Translated by C. M.)<\/span><\/span><\/em><\/span>\n<\/p>\n<p><span style=\"color:#000000\"><strong><span style=\"font-family:Verdana,Geneva,sans-serif\"><span style=\"font-size:16px\">Books in Estonian<\/span><\/span><\/strong><\/span>\n<\/p>\n<p>\n\t<span style=\"color:#000000\"><span style=\"font-size:13px\"><span style=\"font-family:Verdana,Geneva,sans-serif\"><strong><em>Novels<\/em><\/strong><br><strong>Baiita needus<\/strong>. Tallinn: Varrak, 2001, 207 lk. \u00a0<br><strong>Palver\u00e4nd uude maailma<\/strong>. Tallinn: Varrak, 2003, 447 lk.<br><strong>Vabaduse k\u00f5rgeim m\u00e4\u00e4r<\/strong>. Tallinn: Varrak, 2003, 380 lk.<br><strong>Maris Stella<\/strong>. Tallinn: Salas\u00f5na, 2003, 168 lk.<br><strong>French ja Koulu<\/strong>. Tallinn: Varrak, 2005, 471 lk. [J\u00e4rgnevad tr\u00fckid: 2016, 2018.]<br><strong>French ja Koulu Tarbatus<\/strong>. Tallinn: Varrak, 2007, 403 lk. [2. tr\u00fckk: 2018.]<br><strong>Frenchi ja Koulu reisid<\/strong>. Tallinn: Varrak, 2009, 615 lk. [Kordustr\u00fckk: 2019.]<br><strong>S\u00fcvahavva. Esimene suvi<\/strong>. Tallinn: Varrak, 2013, 430 lk.<br><strong>S\u00fcvahavva. Teine suvi<\/strong>. Tallinn: Varrak, 2015, 421 lk.<br><strong>Raudr\u00e4stiku aeg<\/strong>. Muinas-Eesti kriminaalromaan. P\u00e4rnam\u00e4e: Raudhammas, 2016, 352 lk.<br><strong>Doanizarre udulaam<\/strong>. Tallinn: Paradiis, 2017, 158 lk.<br><strong>Meriv\u00e4lja<\/strong>. P\u00e4rnam\u00e4e: Raudhammas, 2017, 559 lk.<br><strong>Kolmevaimukivi<\/strong>. P\u00e4rnam\u00e4e: Raudhammas, 2018, 425 lk.<\/span><\/span><\/span>\n<\/p>\n<p>\n\t<span style=\"color:#000000\"><span style=\"font-size:13px\"><span style=\"font-family:Verdana,Geneva,sans-serif\"><strong><em>The Apothecary Melchior novel series<\/em><\/strong><br><strong>Apteeker Melchior ja Oleviste m\u00f5istatus<\/strong>. Tallinn: Varrak, 2010, 310 lk. [2. tr\u00fckk: 2011.]<br><strong>Apteeker Melchior ja Rataskaevu viirastus<\/strong>. Tallinn: Varrak, 2010, 286 lk. [2. tr\u00fckk: 2018.]<br><strong>Apteeker Melchior ja timuka t\u00fctar<\/strong>. Tallinn: Varrak, 2011, 431 lk. \u00a0<br><strong>Apteeker Melchior ja Pirita k\u00e4gistaja<\/strong>. Tallinn: Varrak, 2013, 404 lk. [2. tr\u00fckk: 2015.]<br><strong>Apteeker Melchior ja Tallinna kroonika<\/strong>. Tallinn: Varrak, 2014, 469 lk.<br><strong>Apteeker Melchior ja Gotlandi kurat<\/strong>. P\u00e4rnam\u00e4e: Raudhammas, 2017, 558 lk.<br><strong>Apteeker Melchior ja Pilaatuse evangeelium<\/strong>. P\u00e4rnam\u00e4e: Raudhammas, 2019, 467 lk.<\/span><\/span><\/span>\n<\/p>\n<p>\n\t<span style=\"color:#000000\"><span style=\"font-size:13px\"><span style=\"font-family:Verdana,Geneva,sans-serif\"><strong><em>Stories<\/em><\/strong><br><strong>Nad tulevad t\u00e4na \u00f6\u00f6sel<\/strong>. Tallinn: Kuldsulg, 2000, 293 lk. [L\u00fchiromaan ja jutustused. Kordustr\u00fckk: 2002.]<br><strong>Pan Grpowski \u00fcheksa juhtumit<\/strong>. Tallinn: Kuldsulg, 2001, 357 lk.<br><strong>Hathawareti teener<\/strong>. Tartu: Fantaasia, 2002, 127 lk.\u00a0 [L\u00fchiromaan ja jutustused.]<br><strong>Roos ja lumekristall<\/strong>. Tartu: Fantaasia, 2006, 414 lk. [L\u00fchiromaanid.]<br><strong>Suudlevad vampiirid<\/strong>. 2011. Tartu: Fantaasia, 426 lk. [Kordustr\u00fckk: 2015.]<\/span><\/span><\/span><\/p>\n","protected":false},"excerpt":{"rendered":"<p>Novels Short stories About Indrek Hargla \u00a0 Indrek Hargla (given name Indrek Sootak; has also used the pseudonyms Andrei Golikov and Marat Faizijev, born 12. VII 1970) is one of the best-known Estonian writers of science fiction and crime novels. &#8230;<\/p>\n","protected":false},"author":43,"featured_media":0,"parent":599,"menu_order":0,"comment_status":"closed","ping_status":"closed","template":"","meta":{"_acf_changed":false,"inline_featured_image":false,"footnotes":""},"class_list":["post-115","page","type-page","status-publish","hentry"],"acf":[],"_links":{"self":[{"href":"https:\/\/sisu.ut.ee\/ewod\/wp-json\/wp\/v2\/pages\/115","targetHints":{"allow":["GET"]}}],"collection":[{"href":"https:\/\/sisu.ut.ee\/ewod\/wp-json\/wp\/v2\/pages"}],"about":[{"href":"https:\/\/sisu.ut.ee\/ewod\/wp-json\/wp\/v2\/types\/page"}],"author":[{"embeddable":true,"href":"https:\/\/sisu.ut.ee\/ewod\/wp-json\/wp\/v2\/users\/43"}],"replies":[{"embeddable":true,"href":"https:\/\/sisu.ut.ee\/ewod\/wp-json\/wp\/v2\/comments?post=115"}],"version-history":[{"count":1,"href":"https:\/\/sisu.ut.ee\/ewod\/wp-json\/wp\/v2\/pages\/115\/revisions"}],"predecessor-version":[{"id":4973,"href":"https:\/\/sisu.ut.ee\/ewod\/wp-json\/wp\/v2\/pages\/115\/revisions\/4973"}],"up":[{"embeddable":true,"href":"https:\/\/sisu.ut.ee\/ewod\/wp-json\/wp\/v2\/pages\/599"}],"wp:attachment":[{"href":"https:\/\/sisu.ut.ee\/ewod\/wp-json\/wp\/v2\/media?parent=115"}],"curies":[{"name":"wp","href":"https:\/\/api.w.org\/{rel}","templated":true}]}}