{"id":1132,"date":"2024-04-03T23:40:51","date_gmt":"2024-04-03T20:40:51","guid":{"rendered":"https:\/\/sisu.ut.ee\/ewod\/stories-et-119\/"},"modified":"2024-04-04T00:08:05","modified_gmt":"2024-04-03T21:08:05","slug":"stories","status":"publish","type":"page","link":"https:\/\/sisu.ut.ee\/ewod\/k\/kruusvall\/stories\/","title":{"rendered":"Jaan Kruusvall &#8211; short stories"},"content":{"rendered":"<p>\n\t<span style=\"font-family: verdana, geneva;font-size: medium\"><strong>In anthologies and magazines<\/strong><\/span>\n<\/p>\n<p>\n\t<span style=\"font-family: verdana,geneva\"><strong><em>English<\/em><br>One heavenward glance; Mixed doubles; The old man; Berta T. \u2018s husband<\/strong>. \u2013 The play: short stories by young Estonian authors. Edited and afterword by Endel Mallene. Tallinn: Perioodika, 1984, 175 pp. [\u2019Pilk taevasse\u2019, \u2019Segapaarism\u00e4ng\u2019, \u2019Vana inimene\u2019, \u2019Berta T. mees\u2019. See <strong><a href=\"https:\/\/sisu.ut.ee\/ewod\/anthologies\/play\">contents<\/a><\/strong> of the anthology.]<br><strong>Mixed Doubles<\/strong>. \u2013\u00a0The Love that Was\u2026 Stories of Estonian Writers. Compiled by Elvina Moroz. Translations by Angus Roxburgh, Holly Smith, Jack Robinson, Robert Daglish, Dudley Hagen, Raissa Bobrova. Moscow: Progress Publishers, 1982, 420 pp. [\u2018Segapaarism\u00e4ng\u2019. See\u00a0<strong><a href=\"https:\/\/sisu.ut.ee\/ewod\/anthologies\/lovethatwas\">contents<\/a><\/strong>\u00a0of the anthology.]<\/span>\n<\/p>\n<p>\n\t<span data-mce-mark=\"1\" style=\"font-family: verdana,geneva\"><strong><em>German<\/em><br>Der dumme Leonhard; Der erste Tag des Theatermonats; Hausarrest; Das Erbe; Nebel<\/strong>. \u2013\u00a0Estonia 2007. Jahrbuch estnischer Literatur. Herausgegeben von Irja Gr\u00f6nholm. Bremen: Hempen Verlag, 2007, 280 pp.\u00a0<span data-mce-mark=\"1\" style=\"font-family: verdana,geneva\">[\u2018Loll Leonhard\u2019, \u2018<span data-mce-mark=\"1\" style=\"font-family: verdana,geneva\">Teatrikuu esimene p\u00e4ev\u2019, \u2018<span data-mce-mark=\"1\" style=\"font-family: verdana,geneva\">Kodune arest\u2019, \u2018<span data-mce-mark=\"1\" style=\"font-family: verdana,geneva\">P\u00e4randus\u2019, \u2018<span data-mce-mark=\"1\" style=\"font-family: verdana,geneva\">Udud\u2019.\u00a0<span data-mce-mark=\"1\" style=\"font-family: verdana,geneva\">See\u00a0<\/span><a href=\"https:\/\/sisu.ut.ee\/ewod\/anthologies\/german\/estonia2007\"><strong>contents<\/strong><\/a><span data-mce-mark=\"1\" style=\"font-family: verdana,geneva\">\u00a0of the 2007 yearbook dedicated to the Estonian literature.]<\/span><\/span><\/span><\/span><\/span><\/span><br><strong>Hans\u2019 Kindheit III<\/strong>. \u2013 Lichtungen, vol 24, no 95, 2003. Schwerpunkt: Literatur aus Tallinn.\u00a0[\u2019Antsu lapsep\u00f5lv III\u2019.\u00a0See\u00a0<strong><a href=\"https:\/\/sisu.ut.ee\/ewod\/anthologies\/lichtungen\">contents<\/a><\/strong>\u00a0of the special edition on Estonian literature.]<br><strong>Allein am Fenster<\/strong>. \u00dcbersetzung: Irja Gr\u00f6nholm. \u2013 Ostragehege, no 9, 1997, pp 10-15. [\u2018\u00dcksinda akende all\u2019.]<br><strong>Ein Blick gen Himmel; Gemischtes Doppel; Der Alte; Der Mann der Berta T<\/strong>. \u2013\u00a0Das Schauspiel. Neuere estnische Kurzprosa. Ausgew\u00e4hlt von Endel Mallene. Aus dem Estnischen \u00fcbersetzt von Helga Viira, Haide Roodvee und Viktor Sepp. Tallinn: Perioodika, 1983, 183 pp. [\u2018Pilk taevasse\u2019; \u2018Segapaarism\u00e4ng\u2019; \u2018Vana inimene\u2019; \u2018Berta T. mees\u2019. See <strong><a href=\"https:\/\/sisu.ut.ee\/ewod\/anthologies\/german\/schauspiel\">contents<\/a><\/strong> of the anthology.]<br><strong>Ruf gen Himmel<\/strong>. \u00dcbersetzung: Viktor Sepp. \u2013 Estland \u201978. Tallinn: Perioodika, 1978, pp 77-78. [\u2018Pilk taevasse\u2019.]<\/span>\n<\/p>\n<p>\n\t<span data-mce-mark=\"1\" style=\"font-family: verdana,geneva\"><strong><em>Hungarian<\/em><br><span data-mce-mark=\"1\" style=\"font-family: verdana,geneva\">A csend hangjai;\u00a0K\u00f6d\u00f6k;\u00a0\u00c1tkel\u00f6<\/span><\/strong><span data-mce-mark=\"1\" style=\"font-family: verdana,geneva\"><span data-mce-mark=\"1\" style=\"font-family: verdana,geneva\"><span data-mce-mark=\"1\" style=\"font-family: verdana,geneva\"><span data-mce-mark=\"1\" style=\"font-family: verdana,geneva\"><span data-mce-mark=\"1\" style=\"font-family: verdana,geneva\">.\u00a0<\/span><\/span><\/span><\/span><\/span><span data-mce-mark=\"1\" style=\"font-family: verdana,geneva\"><span data-mce-mark=\"1\" style=\"font-family: verdana,geneva\"><span data-mce-mark=\"1\" style=\"font-family: verdana,geneva\">Translated by Segesdi M\u00f3nika.\u00a0\u2013\u00a0Kookonist kooruv liblikas. I &amp; II: l\u00fchiproosat sajandil\u00f5pu Eestist = Babjabol kikelo pillango. I &amp; II: mint\u00e1k a sz\u00e1zzadv\u00e9gi \u00c9szt r\u00f6vidpr\u00f3z\u00e1b\u00f3l. Selected, edited and foreword by Mai Kiisk-Bereczki. Translated by Bereczki G\u00e1bor, illustrations by Masszi Ferenc. Szombathely: Berzsenyi Daniel F\u00f6iskola, 2002, 190 +252 pp. [<span data-mce-mark=\"1\" style=\"font-family: verdana,geneva\">\u2018Vaikuse h\u00e4\u00e4led\u2019,\u00a0<span data-mce-mark=\"1\" style=\"font-family: verdana,geneva\">\u2018Udud\u2019,\u00a0<span data-mce-mark=\"1\">\u2018\u00dcles\u00f5idukoht\u2019<\/span><\/span><\/span>.\u00a0Parallel text in Estonian and Hungarian. See\u00a0<strong><a href=\"https:\/\/sisu.ut.ee\/ewod\/anthologies\/kookon\">contents<\/a><\/strong>\u00a0of the anthology.]<\/span><\/span><\/span><br><span data-mce-mark=\"1\" style=\"font-family: verdana,geneva\"><span data-mce-mark=\"1\" style=\"font-family: verdana,geneva\"><strong>Iskolat\u00e1rsak<\/strong><\/span><\/span><span data-mce-mark=\"1\" style=\"font-family: verdana,geneva\"><span data-mce-mark=\"1\" style=\"font-family: verdana,geneva\">. \u2013 Magyar Nemzet, 19.12.1982. [\u2018Koolivennad\u2019.]<\/span><\/span><br><span data-mce-mark=\"1\" style=\"font-family: verdana,geneva\"><span data-mce-mark=\"1\" style=\"font-family: verdana,geneva\"><strong>Orsz\u00e1g\u00fat;\u00a0<\/strong><\/span><strong><span data-mce-mark=\"1\" style=\"font-family: verdana,geneva\">Szobafogs\u00e1g<\/span><\/strong><\/span>. Ford.\u00a0K\u00e1lm\u00e1n B\u00e9la.\u00a0\u2013\u00a0A sz\u00e9l\u0151rl\u0151: \u00e9szt elbesz\u00e9l\u0151k. V\u00e1logatta \u00e9s az \u00e9letrajzi jegyzeteket \u00edrta Feh\u00e9rv\u00e1ri Gy\u0151z\u0151; ford\u00edtotta \u00c1rvay J\u00e1nos et al. Budapest: Eur\u00f3pa, 1981, 613 pp.\u00a0[\u2018Maantee\u2019, \u2018Kodune arest\u2019.\u00a0See\u00a0<a href=\"https:\/\/sisu.ut.ee\/ewod\/anthologies\/aszelorlocontents\"><strong>contents<\/strong><\/a>\u00a0of the anthology.]<br><strong>A nyaral\u00f3<\/strong>. Ford. Feh\u00e9rv\u00e1ri Gy\u0151z\u0151. \u2013 J\u00e1szkuns\u00e1g, no 4, 1977. [\u2018Suvitaja\u2019.]<br><strong>Szobafogs\u00e1g; A halott<\/strong>. Ford. K\u00e1lm\u00e1n B\u00e9la.\u00a0\u2013 Alf\u00f6ld, no 11, 1976. [\u2018Kodune arest\u2019; \u2018Surnu\u2019.]<\/span>\n<\/p>\n<p>\n\t<span style=\"font-family: verdana,geneva\"><strong><em>Russian<\/em><\/strong><br>\u042f\u0430\u043d \u041a\u0440\u0443\u0443\u0441\u0432\u0430\u043b\u043b, <strong>\u0417\u0438\u043c\u0430; \u0414\u0443\u0448\u0435 \u0437\u044f\u0431\u043a\u043e<\/strong>. \u041f\u0435\u0440\u0435\u0432\u043e\u0434 \u0422\u0430\u0442\u044c\u044f\u043d\u044b \u0412\u0435\u0440\u0445\u043e\u0443\u0441\u0442\u0438\u043d\u0441\u043a\u043e\u0439. \u2013 \u041a\u0430\u0437\u0443\u0441 \u043f\u0440\u0438\u0441\u0442\u0430\u043b\u044c\u043d\u043e\u0433\u043e \u0432\u0437\u0433\u043b\u044f\u0434\u0430: \u044d\u0441\u0442\u043e\u043d\u0441\u043a\u0430\u044f \u043d\u043e\u0432\u0435\u043b\u043b\u0430 2000-2012. \u0421\u043e\u0441\u0442\u0430\u0432\u0438\u0442\u0435\u043b\u044c \u041d\u044d\u043b\u043b\u0438 \u0410\u0431\u0430\u0448\u0438\u043d\u0430-\u041c\u0435\u043b\u044c\u0446; \u0440\u0435\u0434\u0430\u043a\u0442\u043e\u0440 \u042d\u043c\u043c\u0430 \u0414\u0430\u0440\u0432\u0438\u0441; \u043e\u0444\u043e\u0440\u043c\u043b\u0435\u043d\u0438\u0435: \u0420\u0443\u0431\u0435\u043d \u0418\u0433\u0438\u0442\u0445\u0430\u043d\u044f\u043d. \u0422\u0430\u043b\u043b\u0438\u043d\u043d: Aleksandra; \u041c\u043e\u0441\u043a\u0432\u0430: \u041e\u043a\u0442\u043e\u043f\u0443\u0441, 2013, 352 pp. [Translation of \u2018Talv. Hingel k\u00fclm\u2019. Contents of the anthology: <span style=\"font-family: verdana,geneva\">\u0410\u0440\u0432\u043e \u0412\u0430\u043b\u0442\u043e\u043d<\/span>, \u2018\u0422\u0440\u0430\u043c\u0432\u0430\u0439\u2019, \u2018\u0418\u0441\u043f\u044b\u0442\u0430\u043d\u0438\u0435 \u043d\u0430 \u0433\u0438\u0431\u043a\u043e\u0441\u0442\u044c\u2019; <span style=\"font-family: verdana,geneva\">\u0420\u0435\u0439\u043d \u0412\u0435\u0439\u0434\u0435\u043c\u0430\u043d\u043d<\/span>, \u2018\u0411\u0435\u0442\u0442\u0438\u2019, \u2018\u0421\u043e\u0447\u0438\u043d\u0438\u0442\u0435\u043b\u044c \u0440\u0435\u0447\u0435\u0439\u2019; <span style=\"font-family: verdana,geneva\">\u0422\u043e\u043c\u0430\u0441 \u0412\u0438\u043d\u0442<\/span>, \u2018\u0417\u0430 \u043e\u043a\u043d\u043e\u043c \u0442\u0435\u043c\u043d\u0435\u044e\u0449\u0438\u0439 \u043f\u0430\u0440\u043a\u2019; <span style=\"font-family: verdana,geneva\">\u0421\u0438\u0440\u044c\u0435 \u0412\u0438\u0445\u043c\u0430-\u041d\u043e\u0440\u043c\u0435\u0442<\/span>, \u2018\u041e\u0441\u043a\u043e\u043b\u043a\u0438 \u0421\u0442\u0430\u0440\u043e\u0433\u043e \u0433\u043e\u0440\u043e\u0434\u0430\u2019, \u2018\u041a\u043d\u0438\u0433\u0430 \u043e \u0421\u0438\u0431\u0435\u043b\u0438\u0443\u0441\u0435 \u0438 \u0434\u044c\u044f\u0432\u043e\u043b\u044b \u0438\u0437 \u041b\u044e\u0434\u0435\u043d\u0430\u2019; <span style=\"font-family: verdana,geneva\"><span style=\"font-family: verdana,geneva\">\u041c\u0430\u0430\u0440\u044c\u044f \u041a\u0430\u043d\u0433\u0440\u043e<\/span><\/span>, \u2018\u041c\u0430\u043a\u0430\u043a\u0438 \u0438 \u0441\u043e\u043b\u0438\u0434\u0430\u0440\u043d\u043e\u0441\u0442\u044c\u2019, \u2018\u0418\u043c\u043f\u043e\u0442\u0435\u043d\u0442 \u0438 \u0441\u043c\u0435\u0440\u0442\u044c\u2019, \u2018\u0421\u0442\u0438\u043f\u0435\u043d\u0434\u0438\u0430\u0442\u043a\u0430\u2019, \u2018\u041f\u043e\u0440\u043d\u043e\u0444\u0438\u043b\u044c\u043c\u2019;<span style=\"font-family: verdana,geneva\"> <span style=\"font-family: verdana,geneva\"><span style=\"font-family: verdana,geneva\">\u041c\u0430\u0440\u0442 \u041a\u0438\u0432\u0430\u0441\u0442\u0438\u043a<\/span><\/span>, \u2018<\/span>\u0410\u0432\u0442\u043e\u043f\u043e\u0440\u0442\u0440\u0435\u0442 \u0441 \u0436\u0435\u043d\u043e\u0439 \u0438 \u043b\u043e\u0448\u0430\u0434\u044c\u044e\u2019; <span style=\"font-family: verdana,geneva\"><span style=\"font-family: verdana,geneva\">\u0410\u043d\u0434\u0440\u0443\u0441 \u041a\u0438\u0432\u0438\u0440\u044f\u0445\u043a<\/span><\/span>, \u2018\u041f\u0435\u0442\u0443\u0448\u043e\u043a \u0438\u0437 \u0431\u0443\u043a\u0432\u0430\u0440\u044f\u2019, \u2018\u041a\u0430\u0437\u0443\u0441 \u043f\u0440\u0438\u0441\u0442\u0430\u043b\u044c\u043d\u043e\u0432\u043e \u0432\u0437\u0433\u043b\u044f\u0434\u0430\u2019, \u2018\u042f \u2013 \u0411\u043e\u0433\u2019, \u2018\u0423 \u0432\u043e\u0440\u043e\u0442 \u0430\u0434\u0430\u2019; <span style=\"font-family: verdana,geneva\"><span style=\"font-family: verdana,geneva\">\u042f\u0430\u043d \u041a\u0440\u0443\u0443\u0441\u0432\u0430\u043b\u043b<\/span><\/span>, \u2018\u0417\u0438\u043c\u0430. \u0414\u0443\u0448\u0435 \u0437\u044f\u0431\u043a\u043e\u2019; \u0412\u0438\u0439\u0432\u0438 \u041b\u0443\u0438\u043a, \u2018\u0421\u0432\u043e\u0439 \u0434\u043e\u043c\u2019; \u0420\u0435\u0439\u043d \u041f\u044b\u0434\u0435\u0440, \u2018\u0426\u0432\u0435\u0442 \u043b\u0438\u043f\u043e\u0432\u044b\u0445 \u0430\u043b\u043b\u0435\u0439\u2019, \u2018\u0413\u0438\u043b\u044c\u0437\u0430\u2019; \u0410\u0441\u0442\u0430 \u041f\u044b\u043b\u0434\u043c\u044f\u044d, \u2018\u041c\u0438\u043d\u0438\u0430\u0442\u044e\u0440\u044b\u2019, \u041f\u0438\u0441\u044c\u043c\u0430 \u043b\u0430\u0441\u0442\u043e\u0447\u043a\u0430\u043c; \u0410\u0439\u0432\u0435 \u0420\u0430\u0443\u0434\u043a\u0438\u0432\u0438, \u2018\u041f\u043e\u0434\u0432\u0435\u0448\u0435\u043d\u043d\u0430\u044f \u043a \u043e\u0431\u043b\u0430\u043a\u0430\u043c \u043f\u0442\u0438\u0446\u0430; \u0422\u0430\u0440\u043c\u043e \u0422\u0435\u0434\u0435\u0440, \u2018\u041f\u0430\u0440\u0442\u0438\u0439\u043d\u0430\u044f \u043f\u043e\u043b\u044c\u043a\u0430 c \u043f\u043e\u043d\u0442\u0430\u043c\u0438\u2019; \u041c\u0430\u0442\u0441 \u0422\u0440\u0430\u0430\u0442, \u2018\u0412\u0435\u0447\u0435\u0440\u0430 \u0432 \u0425\u0435\u043b\u043b\u0435\u043d\u0443\u0440\u043c\u0435\u2019; \u042e\u043b\u043e \u0422\u0443\u0443\u043b\u0438\u043a, \u2018\u0425\u043e\u043b\u043e\u0434\u043d\u043e\u0435 \u043a\u0440\u0430\u0441\u043d\u043e\u0435 \u043c\u043e\u0440\u0435\u2019; \u0410\u0440\u0432\u043e \u0423\u0443\u0441\u0442\u0430\u043b\u0443, \u2018\u0421\u043c\u0435\u0440\u0442\u044c \u0441\u043e\u0431\u0430\u043a\u0438\u2019; \u041c\u0435\u0445\u0438\u0441 \u0425\u0435\u0439\u043d\u0441\u0430\u0430\u0440, \u2018\u0411\u043b\u0443\u0436\u0434\u0430\u044e\u0449\u0435\u0435 \u0441\u0447\u0430\u0441\u0442\u044c\u0435\u2019, \u2018\u042d\u0441\u0442\u043e\u043d\u0441\u043a\u0430\u044f \u043f\u0440\u0438\u0440\u043e\u0434\u0430\u2019, \u2018\u0427\u0435\u043b\u043e\u0432\u0435\u043a-\u0431\u0430\u0431\u043e\u0447\u043a\u0430\u2019, \u2018\u0412\u043e\u0437\u0432\u0440\u0430\u0449\u0435\u043d\u0438\u0435\u2019; \u0422\u044b\u043d\u0443 \u042b\u043d\u043d\u0435\u043f\u0430\u043b\u0443, \u2018\u0422\u0430\u043b\u043b\u0438\u043d\u043d\u0441\u043a\u0430\u044f \u043e\u0434\u0430\u2019, \u2018\u0417\u0438\u043c\u044b \u0438 \u042d\u0434\u0435\u043c\u0435\u2019; \u042d\u0440\u0432\u0438\u043d \u042b\u0443\u043d\u0430\u043f\u0443\u0443, \u2018\u0421\u0430\u043c\u044b\u0439 \u043b\u0443\u0447\u0448\u0438\u0439 \u0440\u0435\u0431\u0435\u043d\u043e\u043a\u2019, \u2018\u041b\u0438\u043b\u043b\u0438\u2019.]<br>\u042f\u0430\u043d \u041a\u0440\u0443\u0443\u0441\u0432\u0430\u043b\u043b, <strong>\u041f\u043e\u043a\u043e\u0439\u043d\u0438\u043a<\/strong>. \u2013 \u0412\u043e\u043b\u0448\u0435\u0431\u043d\u0438\u043a\u0443 \u2013 \u0430\u0431\u0441\u043e\u043b\u044e\u0442\u043d\u0430\u044f \u0433\u0430\u0440\u0430\u043d\u0442\u0438\u044f: \u0444\u0430\u043d\u0442\u0430\u0441\u0442\u0438\u043a\u0430 \u043f\u0438\u0441\u0430\u0442\u0435\u043b\u0435\u0439 \u042d\u0441\u0442\u043e\u043d\u0438\u0438. \u0421\u043e\u0441\u0442\u0430\u0432\u0438\u0442\u0435\u043b\u0438 \u0411. \u041a\u0430\u0431\u0443\u0440, \u041c. \u0412\u0435\u043b\u043b\u0435\u0440; \u0445\u0443\u0434\u043e\u0436\u043d\u0438\u043a \u042d. \u0412\u0430\u043b\u0442\u0435\u0440. \u0422\u0430\u043b\u043b\u0438\u043d\u043d: \u042d\u044d\u0441\u0442\u0438 \u0440\u0430\u0430\u043c\u0430\u0442, 1990, 429 pp. [\u2019Surnu\u2019. See <strong><a href=\"https:\/\/sisu.ut.ee\/ewod\/anthologies\/fantastika\">contents<\/a><\/strong> of the anthology.]<br>\u042f\u0430\u043d \u041a\u0440\u0443\u0443\u0441\u0432\u0430\u043b\u043b\u044c, <strong>[short stories]<\/strong>. \u2013 \u042d\u0441\u0442\u043e\u043d\u0441\u043a\u0430\u044f \u043c\u043e\u043b\u043e\u0434\u0430\u044f \u043f\u0440\u043e\u0437\u0430. \u0421\u043e\u0441\u0442\u0430\u0432\u0438\u0442\u0435\u043b\u0438 \u042d. \u041c\u0430\u043b\u043b\u0435\u043d\u0435 \u0438 \u0420. \u0421\u0430\u043b\u0443\u0440\u0438. \u0422\u0430\u043b\u043b\u0438\u043d\u043d: \u042d\u044d\u0441\u0442\u0438 \u0440\u0430\u0430\u043c\u0430\u0442, 1978, 349 pp. [See <strong><a href=\"https:\/\/sisu.ut.ee\/ewod\/anthologies\/molodajaproza\">contents<\/a><\/strong> of the anthology.]<\/span>\n<\/p>\n<p>\n\t<span style=\"font-family: verdana,geneva\"><em><strong>Slovak<\/strong><\/em><br><strong>Mesiac<\/strong>. \u2013 Povedz mi, more: antol\u00f3gia est\u00f3nskych poviedok. Zostavil a doslov nap\u00edsal Endel Mallene; prelo\u017eila Viera Hegerova; ilustr\u00e1cie Kl\u00e1ra \u0160m\u00eddov\u00e1. Bratislava: Slovensky spisovatel, 1988, 230 pp. [\u2019Kuu\u2019. See <strong><a href=\"https:\/\/sisu.ut.ee\/ewod\/anthologies\/povedz\">contents<\/a><\/strong> of the anthology.]<\/span><\/p>\n","protected":false},"excerpt":{"rendered":"<p>In anthologies and magazines EnglishOne heavenward glance; Mixed doubles; The old man; Berta T. \u2018s husband. \u2013 The play: short stories by young Estonian authors. Edited and afterword by Endel Mallene. Tallinn: Perioodika, 1984, 175 pp. [\u2019Pilk taevasse\u2019, \u2019Segapaarism\u00e4ng\u2019, \u2019Vana &#8230;<\/p>\n","protected":false},"author":43,"featured_media":0,"parent":1125,"menu_order":0,"comment_status":"closed","ping_status":"closed","template":"","meta":{"_acf_changed":false,"inline_featured_image":false,"footnotes":""},"class_list":["post-1132","page","type-page","status-publish","hentry"],"acf":[],"_links":{"self":[{"href":"https:\/\/sisu.ut.ee\/ewod\/wp-json\/wp\/v2\/pages\/1132","targetHints":{"allow":["GET"]}}],"collection":[{"href":"https:\/\/sisu.ut.ee\/ewod\/wp-json\/wp\/v2\/pages"}],"about":[{"href":"https:\/\/sisu.ut.ee\/ewod\/wp-json\/wp\/v2\/types\/page"}],"author":[{"embeddable":true,"href":"https:\/\/sisu.ut.ee\/ewod\/wp-json\/wp\/v2\/users\/43"}],"replies":[{"embeddable":true,"href":"https:\/\/sisu.ut.ee\/ewod\/wp-json\/wp\/v2\/comments?post=1132"}],"version-history":[{"count":1,"href":"https:\/\/sisu.ut.ee\/ewod\/wp-json\/wp\/v2\/pages\/1132\/revisions"}],"predecessor-version":[{"id":3938,"href":"https:\/\/sisu.ut.ee\/ewod\/wp-json\/wp\/v2\/pages\/1132\/revisions\/3938"}],"up":[{"embeddable":true,"href":"https:\/\/sisu.ut.ee\/ewod\/wp-json\/wp\/v2\/pages\/1125"}],"wp:attachment":[{"href":"https:\/\/sisu.ut.ee\/ewod\/wp-json\/wp\/v2\/media?parent=1132"}],"curies":[{"name":"wp","href":"https:\/\/api.w.org\/{rel}","templated":true}]}}