{"id":1127,"date":"2024-04-03T23:40:50","date_gmt":"2024-04-03T20:40:50","guid":{"rendered":"https:\/\/sisu.ut.ee\/ewod\/kivikas\/"},"modified":"2024-04-04T00:08:08","modified_gmt":"2024-04-03T21:08:08","slug":"kivikas","status":"publish","type":"page","link":"https:\/\/sisu.ut.ee\/ewod\/k\/kivikas\/","title":{"rendered":"Albert Kivikas"},"content":{"rendered":"<p>\n\t<span style=\"font-family: verdana, geneva;font-size: medium\"><strong><a href=\"https:\/\/sisu.ut.ee\/ewod\/k\/kivikas\/novels\">Novels<\/a><\/strong>\u00a0<a href=\"https:\/\/sisu.ut.ee\/wp-content\/uploads\/sites\/108\/a-37-8037_albert_kivikas_parikas.jpg\" target=\"_self\" rel=\"noopener\"><img decoding=\"async\" alt=\"Albert Kivikas\" src=\"https:\/\/sisu.ut.ee\/wp-content\/uploads\/sites\/108\/a-37-8037_albert_kivikas_parikas.jpg\" style=\"float: right;width: 200px;height: 320px\" title=\"Photo: J. &amp; P. Parikas (Tallinn)\"><\/a><\/span>\n<\/p>\n<p>\n\t<a href=\"https:\/\/sisu.ut.ee\/ewod\/k\/kivikas\/stories\"><strong><span style=\"font-family: verdana, geneva;font-size: medium\">Short stories<\/span><\/strong><\/a>\n<\/p>\n<p>\n\t<a href=\"https:\/\/sisu.ut.ee\/ewod\/k\/kivikas\/about\"><strong><span style=\"font-family: verdana, geneva;font-size: medium\">About Albert Kivikas<\/span><\/strong><\/a>\n<\/p>\n<p><span style=\"font-family: verdana, geneva;font-size: medium\"><span style=\"font-size: small\">Albert Kivikas (18.\/6. I 1898 \u2013 19. V 1978) was an Estonian author, prose writer and translator. His most important work, the realist historical novel <em>Nimed marmortahvlil<\/em> (\u2018Names on a Marble Slab\u2019), has become one of the core texts of Estonian literature, amplifying national and anti-war attitudes.<\/span><\/span><br><span style=\"font-family: verdana, geneva;font-size: medium\"><span style=\"font-size: small\">\u00a0<\/span><br><span style=\"font-size: small\">He was born in the town of Suure-Jaani in Taevere parish in Viljandi county, the son of a farmhand. He passed his childhood on the estate of Olustvere. From 1907 to 1908 he attended the local village school, and from 1909 to 1913 at Vastsem\u00f5isa parish school in the village of Kildu. He continued his education from 1914 to 1916 at Andres Kamsen\u2019s business school in Viljandi and from 1916 to 1919 at the Tartu Secondary School of Business. When the War of Independence broke out, he joined the Viljandi schoolteachers\u2019 battalion as a volunteer and served in an area from the mouth of the Emaj\u00f5gi river along the eastern shore of V\u00f5rtsj\u00e4rv lake as far as Pikasilla, and onward to Valga. In 1920 he began his studies at the University of Tartu, specialising in literature and history. In 1922 he broke off his studies in Tartu and moved to Berlin to edit the journals <em>Aeg<\/em> and <em>Odamees<\/em>. In 1923 he returned to Tartu as a freelance writer, concentrating in his creative writing on short stories and novels. Moving to Tallinn, he worked in the editorial offices of several journals in the nineteen-thirties. From 1935 to 1938 he was a dramaturge at the Estonian Drama Theatre and from 1938 to 1940 at the Estonia Theatre. During the German occupation, from 1941 to 1944, he edited the journal <em>Eesti S\u00f5na<\/em> and was the chairman of the Estonian Writers\u2019 Union. In spring 1944 he moved with his family to live in Helsinki; in the autumn of 1944 he was forced to flee to Sweden. He worked as a road-mender, a peat-cutter, in a textile factory, and later he was an archivist. He died at Lund, but he was reinterred in 1990 at the Metsakalmistu cemetery in Tallinn.<\/span><br><span style=\"font-size: small\">\u00a0<\/span><br><span style=\"font-size: small\">Kivikas began his literary activity in his schooldays, making his debut with poetry in magazines. His first realistic collection of stories of village life, <em>Sookaelad<\/em> (\u2018Swamp Paths\u2019 1919) appeared under the pseudonym Mart Karus. His revised view of the world was expressed in futuristic verses in the Siuru period, co-written with Erni Hiir, in the brochure <em>Ohverdet konn<\/em> (\u2018The Sacrificed Frog\u2019 1919) and Expressionistic short stories in the collection <em>Lendavad sead<\/em> (\u2018Flying Pigs\u2019, 1919), which was printed on sheets of beer-bottle labels. Expressionist rhetoric was displayed in the long prose-poem <em>Mina<\/em> (\u2018I\u2019, 1920) and the protest-minded manifesto <em>Maha l\u00fc\u00fcriline \u0161okolaad<\/em> (\u2018Down with Lyrical Chocolate\u2019, 1920). The work of the young Kivikas shocked the public with its extravagant visions of wartime resignation and senseless destruction. His texts, full of rich imagery, with their shock effects, ridiculed the remote subjectivism of the Siuru period.<\/span><br><span style=\"font-size: small\">\u00a0<\/span><br><span style=\"font-size: small\">As an experienced and well-known Futurist, Kivikas continued on the wave of innovative realistic prose. The trilogy of novels <em>J\u00fcrip\u00e4ev<\/em> (\u2018St. George\u2019s Day\u2019, 1921; the completely revised version carried the title <em>Murrang<\/em> [\u2018Breakthrough\u2019], 1925), <em>Jaanip\u00e4ev<\/em> (\u2018St. John\u2019s Day\u2019, 1924) and <em>Mihklip\u00e4ev<\/em> (\u2018St. Michael\u2019s Day\u2019, 1924) raised the problems of social injustice and the neglect of business morality in post-war society. Kivikas continued to deal with rural life later in the novel <em>Karuskose<\/em> (1943) which is a peasant novel in content and style, and the short-story collection <em>Tulililled<\/em> (\u2018Buttercups\u2019, 1957), in which stories inspired by his home village expose the relationships and conflicts in rural society.<\/span><br><span style=\"font-size: small\">\u00a0<\/span><br><span style=\"font-size: small\">The basic theme of Kivikas\u2019 work came to be war and the sense of the drama of life arising from it. The short-story collection <em>Verimust<\/em> (\u2018Blood-black\u2019, 1920), whose subject is the War of Independence, shows the conditions of war in which a person loses his name and his character, changing, by fulfilling commands or for self-defence, into a killing machine. <em>Ristimine tulega<\/em> (\u2018Baptism of Fire\u2019, 1923) is the first novel on the subject of the War of Independence, using the motif of brothers in combat on opposing sides. Sharp social criticism and attitudes caused by conflict world-views are provided by <em>Punane ja valge<\/em> (\u2018Red and White\u2019, 1927), a collection of stories on war and revolution whose psychological tension and compositional density convey the drama of human alienation. The theme running through his works is the foundation of the Republic of Estonia, the fight on the battlefield for its liberation and the consequent building of an independent state.<\/span><br><span style=\"font-size: small\">\u00a0<\/span><br><span style=\"font-size: small\">The tetralogy <em>Nimed marmortahvlil<\/em> (\u2018Names on a Marble Slab\u2019, I \u2013 1936, II \u2013 1948, III \u2013 1951, IV \u2013 1954) is one of the key works of Estonian war literature, the first volume being awarded the literature prize of the Estonian head of state Konstantin P\u00e4ts in 1937. This realistic novel, based on autobiographical material, tells of the War of Liberation and the years following it (1919-1924), through the eyes of the main character, Henn Ahas, presenting the events with historical accuracy and convincing psychology. The novel is a summary of one generation\u2019s battle of social and cultural ideas, a unique reflection of the era in Estonian prose. The work has been repeatedly dramatized and staged in theatres; in 2002 a film of the same name was made (translated into English as \u2018Names in Marble\u2019), scripted and directed by Elmo N\u00fcganen. Indirectly linked with this series of novels is Kivikas\u2019 last novel, <em>Koduk\u00e4ija<\/em> (\u2018The Spectre\u2019, 1963), which received great political and public notice; its main character, Ahasveerus, is recognisably a version of Henn Ahas.<\/span><br><span style=\"font-size: small\">\u00a0<\/span><br><em><span style=\"font-size: small\">A. O. (Translated by C. M.)<\/span><\/em><\/span><\/p>\n<p><strong><span style=\"font-family: verdana, geneva;font-size: medium\">Books in Estonian<br>\u00a0<\/span><br><em><span style=\"font-family: verdana, geneva;font-size: medium\"><span style=\"font-size: small\">Novels<\/span><\/span><\/em><\/strong><br><span style=\"font-family: verdana, geneva;font-size: medium\"><span style=\"font-size: small\"><strong>J\u00fcrip\u00e4ev<\/strong>. Tartu: Odamees, 1921, 264 lk.<\/span><br><span style=\"font-size: small\"><strong>Jaanip\u00e4ev<\/strong>. Tartu: Postimees, 1924, 351 lk.<\/span><br><span style=\"font-size: small\"><strong>Mihklip\u00e4ev<\/strong>. Tallinn: Eesti Kirjastus-\u00dchisus, 1924, 235 lk.<\/span><br><span style=\"font-size: small\"><strong>Murrang<\/strong>. Tartu: Odamees, 1925, 185 lk. [J\u00e4rgnev tr\u00fckk: Tallinn, Eesti P\u00e4evaleht, 2009, 207 lk.]<\/span><br><span style=\"font-size: small\"><strong>Ristimine tulega<\/strong>. Tartu. Odamees, 1923, 175 lk.<\/span><br><span style=\"font-size: small\"><strong>Veksliv\u00f5ltsija. \u00dche boheemlase pihtimus<\/strong>. Tartu: Loodus, 1931, 198 lk.<\/span><br><span style=\"font-size: small\"><strong>Nimed marmortahvlil. I<\/strong>. Tartu: Postimees, 1936, 539 lk. [J\u00e4rgnevad tr\u00fckid: Tallinn: Eesti Kirjastus, 1942, 357 lk (\u00fcmbert\u00f6\u00f6tatud tr\u00fckk); Valdstena: Orto, 1947, 344 lk (\u00fcmbert\u00f6\u00f6tatud tr\u00fckk); Tallinn: Eesti Raamat, 1991, 351 lk; \u2018Nimed marmortahvlil\u2019 I-II, Tallinn: Leksiko, 2003, 445 lk; Madrid: Mediasat Group 2005, 312 lk; Tallinn: Critera VMG, 2015, 351 lk.]<br><strong>Nimed marmortahvlil. II<\/strong>. Vadstena: Orto, 1948, 256 lk. [J\u00e4rgnevad tr\u00fckid:<br>Tallinn: Olion, 2000, 262 lk; \u2018Nimed marmortahvlil\u2019 I-II, Tallinn: Leksiko, 2003, 445 lk.]<br><strong>Nimed marmortahvlil. III<\/strong>. Lund: Eesti Kirjanike Kooperatiiv, 1951, 240 lk. [J\u00e4rgnev tr\u00fckk: Tallinn: Olion, 2001, 294 lk.]<br><strong>Nimed marmortahvlil. IV<\/strong>. Lund: Eesti Kirjanike Kooperatiiv, 1954, 336 lk. [J\u00e4rgnev tr\u00fckk: Tallinn: Olion, 2002, 270 lk.]<\/span><br><span style=\"font-size: small\"><strong>Karuskose<\/strong>. Tallinn: Eesti Kirjandus, 1943, 240 lk. [J\u00e4rgnev tr\u00fckk: Tallinn: Roto, 1991, 158 lk.] <\/span><br><span style=\"font-size: small\"><strong>Koduk\u00e4ija<\/strong>. Lund, 1963, 308 lk. [J\u00e4rgnev tr\u00fckk: Tallinn: Eesti Raamat, 2000, 262 lk.]<\/span><\/span><\/p>\n<p><strong><em><span style=\"font-size: small\">Short stories<\/span><\/em><\/strong><br><span style=\"font-family: verdana, geneva;font-size: medium\"><span style=\"font-size: small\"><span style=\"font-family: verdana, geneva;font-size: medium\"><span style=\"font-size: small\">Mart Karus, <\/span><\/span><strong>Sookaelad: viis novelli<\/strong>. Tartu: Odamees, 1919, 132 lk. [J\u00e4rgnevad tr\u00fckid: Tallinn: Eesti Kirjastus-\u00dchisus, 1924, 195 lk; Tallinn: Eesti Kirjastus-\u00dchisus, 1927, 179 lk; Lund: Eesti Kirjanike Kooperatiiv, 1952, 126 lk.]<\/span><\/span><br><span style=\"font-family: verdana, geneva;font-size: medium\"><span style=\"font-size: small\"><span style=\"font-family: verdana, geneva;font-size: medium\"><span style=\"font-size: small\">Erni Hiir, <\/span><\/span><strong>Ohverdet konn<\/strong>. Tartu: Odamees, 1919, 8 lk.<\/span><br><span style=\"font-size: small\"><strong>Lendavad sead<\/strong>. Tartu, 1919, 22 lk.<\/span><br><span style=\"font-size: small\"><strong>Maha l\u00fc\u00fcriline \u0161okolaad!<\/strong>. Tartu: Arlekiin, 1920, 16 lk. <\/span><br><span style=\"font-size: small\"><strong>Verimust<\/strong>. Tartu: Arlekiin, 1920, 84 lk. [Valikkogu: Lund: Eesti Kirjanike Kooperatiiv, 1968, 264 lk.]<\/span><br><span style=\"font-size: small\"><strong>N\u00f5uandja: rahva muinasjutt<\/strong>. Tartu: Odamees, 1921, 15 lk. <\/span><br><span style=\"font-size: small\"><strong>Verine v\u00e4its<\/strong>. Tartu: Odamees, 1922, 23 lk. <\/span><br><span style=\"font-size: small\"><strong>Lumimemm<\/strong>. Tartu: Odamees, 1922, 15 lk. <\/span><\/span><span style=\"font-family: verdana, geneva;font-size: medium\"><span style=\"font-size: small\"><span style=\"font-family: verdana, geneva;font-size: medium\"><span style=\"font-size: small\">[Lastejutt.]<\/span><\/span><\/span><br><span style=\"font-size: small\"><strong>Miniat\u00fc\u00fcrid<\/strong>. Tartu: Loodus, 1926, 102 lk.<\/span><br><span style=\"font-size: small\"><strong>Punane ja valge<\/strong>. Tartu: Noor-Eesti, 1927, 158 lk. [Valikkogu: Tallinn: Eesti Raamat, 1998, 290 lk.]<\/span><br><span style=\"font-size: small\"><strong>S\u00fc\u00fctu<\/strong>. Tartu: Odamees, 1927, 30 lk. <\/span><br><span style=\"font-size: small\"><strong>Tulililled. Kimp uudisjutte<\/strong>. Lund: Eesti Kirjanike Kooperatiiv, 1957, 299 lk. <\/span><\/span><\/p>\n<p><strong><em><span style=\"font-size: small\">Poems <\/span><\/em><\/strong><br><span style=\"font-size: small\"><strong>Mina<\/strong>. Tartu: Arlekiin, 1920, 24 lk. <\/span><span style=\"font-family: verdana, geneva;font-size: medium\"><span style=\"font-size: small\"><span style=\"font-family: verdana, geneva;font-size: medium\"><span style=\"font-size: small\">[Proosapoeem.]<\/span><\/span><\/span><br><span style=\"font-size: small\"><strong>See on see maa<\/strong>. Lund: Sk\u00e5nska Centraltryckeriet, 1950, 94 lk.<\/span><\/span><\/p>\n","protected":false},"excerpt":{"rendered":"<p>Novels\u00a0 Short stories About Albert Kivikas Albert Kivikas (18.\/6. I 1898 \u2013 19. V 1978) was an Estonian author, prose writer and translator. His most important work, the realist historical novel Nimed marmortahvlil (\u2018Names on a Marble Slab\u2019), has become &#8230;<\/p>\n","protected":false},"author":43,"featured_media":0,"parent":498,"menu_order":0,"comment_status":"closed","ping_status":"closed","template":"","meta":{"_acf_changed":false,"inline_featured_image":false,"footnotes":""},"class_list":["post-1127","page","type-page","status-publish","hentry"],"acf":[],"_links":{"self":[{"href":"https:\/\/sisu.ut.ee\/ewod\/wp-json\/wp\/v2\/pages\/1127","targetHints":{"allow":["GET"]}}],"collection":[{"href":"https:\/\/sisu.ut.ee\/ewod\/wp-json\/wp\/v2\/pages"}],"about":[{"href":"https:\/\/sisu.ut.ee\/ewod\/wp-json\/wp\/v2\/types\/page"}],"author":[{"embeddable":true,"href":"https:\/\/sisu.ut.ee\/ewod\/wp-json\/wp\/v2\/users\/43"}],"replies":[{"embeddable":true,"href":"https:\/\/sisu.ut.ee\/ewod\/wp-json\/wp\/v2\/comments?post=1127"}],"version-history":[{"count":1,"href":"https:\/\/sisu.ut.ee\/ewod\/wp-json\/wp\/v2\/pages\/1127\/revisions"}],"predecessor-version":[{"id":3956,"href":"https:\/\/sisu.ut.ee\/ewod\/wp-json\/wp\/v2\/pages\/1127\/revisions\/3956"}],"up":[{"embeddable":true,"href":"https:\/\/sisu.ut.ee\/ewod\/wp-json\/wp\/v2\/pages\/498"}],"wp:attachment":[{"href":"https:\/\/sisu.ut.ee\/ewod\/wp-json\/wp\/v2\/media?parent=1127"}],"curies":[{"name":"wp","href":"https:\/\/api.w.org\/{rel}","templated":true}]}}