{"id":1126,"date":"2024-04-03T23:40:50","date_gmt":"2024-04-03T20:40:50","guid":{"rendered":"https:\/\/sisu.ut.ee\/ewod\/ennnou\/"},"modified":"2024-04-04T00:08:08","modified_gmt":"2024-04-03T21:08:08","slug":"ennnou","status":"publish","type":"page","link":"https:\/\/sisu.ut.ee\/ewod\/n\/ennnou\/","title":{"rendered":"Enn N\u00f5u"},"content":{"rendered":"<p>\n\t<span style=\"font-family: verdana, geneva\"><a href=\"\/wp-content\/uploads\/sites\/108\/nou_enn_alar_madissoni_foto.jpg\"><img loading=\"lazy\" decoding=\"async\" alt=\"Enn N\u00f5u. Photo by Alar Madisson\" height=\"263\" src=\"\/wp-content\/uploads\/sites\/108\/nou_enn_2_alar_madissoni_foto.jpg\" style=\"float: right;margin-left: 20px;margin-right: 20px\" title=\"Photo by Alar Madisson\" width=\"200\"><\/a><span style=\"font-size: medium\"><a href=\"https:\/\/sisu.ut.ee\/ewod\/n\/ennnou\/about\"><strong>About Enn N\u00f5u<\/strong><\/a><\/span><\/span><\/p>\n<p>Enn N\u00f5u (b. 2. X 1933 in Tallinn), an exiled Estonian writer, spent a large part of his life and creative period as a refugee in Sweden, where he fled to with his parents in 1944. There he married Helga Raukas (N\u00f5u), also a famous writer in exile. They have three children: their son, Heino, and two daughers, Laine and Liia. In the last couple decades, the writer pair has divided their life between Uppsala and Tallinn.\n<\/p>\n<p>\n\t<span style=\"font-family: verdana, geneva\">Enn N\u00f5u lived in Kuremaa and Polli in his childhood but received his primary education at Tallinn\u2019s primary school no 28, which was then followed by an education at the Swedish schools in refugee camps and later at primary and secondary schools in Uppsala. In 1978, he completed his studies and received his degree in medicine at the University of Uppsala in Sweden. He then worked primarily as a lung specialist at the University of Uppsala and its clinics, including as deputy chief doctor at the Academic Hospital\u2019s lung clinic. He was a member of the Swedish Medical Association and the Swedish Society of Estonian Doctors, and belonged to the Swedish Physicians\u2019 Union, the Association of Chief Physicians, and the Association of Upper Respiratory Physicians. He retired in 1998.<\/span>\n<\/p>\n<p>\n\t<span style=\"font-family: verdana, geneva\">N\u00f5u was a member of the Deputies\u2019 Assembly of the Estonian Committee (Eesti Komitee Asemike Kogu) in 1966, 1968, and 1970; the Estonian Writers\u2019 Union Abroad \u00a0from 1971\u20132000 (chairman from 1999-2000); the Estonian Writers\u2019 Cooperative from 1973\u20131996; the Swedish Immigrant Writers\u2019 Union from 1976\u20131997; the Swedish Writers\u2019 Union from 1988\u20131998, a literary committee member of the Society of Estonian Culture (Eesti Kultuuri Koondis) in 1966; a member of the Institute of Estonian Language and Literature from 1975\u20131993; and from 1978, a member of the Estonian PEN Club (including as part of the board). Additionally, he was a correspondent member of the Pallas Tartu Art Association beginning in 1989, a member of the Estonian Writers\u2019 Union beginning in 1992, a member of the Estonian Literary Society (honorary member from 2006 onwards) starting in 2000, and chairman of the Estonian Literary Fund that oversees the heritage and copyright management of Karl Ristkivi. Enn N\u00f5u has been the chief editor of the journal \u201cEesti Noorus\u201d (\u2018Estonian Youth\u2019; 1945 in Fagerudd; 1945 \u2013 1953 in Uppsala) and has edited the bulletin \u201cRaimla Side\u201d (\u2018Raimla Communication\u2019, 1958-1966). Additionally, he belonged to the board of the newspaper \u201cTeataja\u201d (\u2018Journal\u2019, 1963-1972) and the magazine \u201cMana\u201d (1965-1999).<\/span>\n<\/p>\n<p>\n\t<span style=\"font-family: verdana, geneva\">In 2002, N\u00f5u was awarded the Order of the White Star, Fifth Class; in 2005, the Biographical Award of the Estonian Museum of the Blind; in 2013 the Jaan Kross Literary Prize, the culture award of the Union of Estonians in Sweden, and a letter of thanks and the anniversary award from the Estonian Ministry of Culture; in 2015, he was awarded a medal of service from the Estonian Heritage Society.<\/span>\n<\/p>\n<p>\n\t<span style=\"font-family: verdana, geneva\">He has given lectures at the Forest University (Metsa\u00fclikool) in Canada, at Uppsala University in Sweden, and elsewhere. He has traveled in Italy, England, Switzerland, Scotland, Finland, Sweden, Denmark, Austria, Belgium, Canada, and the United States. His work has been published in many journals. He belongs to the student corporation Raimla. He has amassed a large collection of audio and video archives, which reflect the cultural life of exiled Estonians in Sweden.<\/span>\n<\/p>\n<p>\n\t<span style=\"font-family: verdana, geneva\">N\u00f5u\u2019s work is masculine, his themes often connecting real history with fictional characters and focusing on the politics of refugees and questions of refugee identity, including the importance of preserving national identity.<\/span>\n<\/p>\n<p>\n\t<span style=\"font-family: verdana, geneva\"><em>M. K. (Translated by M. M.)<\/em><\/span>\n<\/p>\n<p><span style=\"font-family: verdana, geneva;font-size: medium\"><strong>Books in Estonian<\/strong><\/span>\n<\/p>\n<p>\n\t<strong><em><span style=\"font-family: verdana, geneva\">Novels<\/span><\/em><\/strong><br><span style=\"font-family: verdana, geneva\"><strong>Pidulik marss<\/strong>. Uppsala: 1968, 244 lk. [2. tr\u00fckk: Tallinn: \u00d5llu, 1992, 160 lk.]<br><strong>L\u00f5igatud tiibadega<\/strong>. Lund: Eesti Kirjanike Kooperatiiv, 1976, 252 lk. [2. tr\u00fckk: L\u00f5igatud tiibadega. P\u00e4randusmaks.\u00a0Tallinn: \u00d5llu, 1994, 392 lk.]<br><strong>P\u00e4randusmaks<\/strong>. Lund: Eesti Kirjanike Kooperatiiv, 1976, 200 lk. [2. tr\u00fckk: <span>L\u00f5igatud tiibadega. P\u00e4randusmaks.\u00a0<\/span>Tallinn: \u00d5llu, 1994, 392 lk.]<br><strong>Nelik\u00fcmmend viis<\/strong>. Stockholm: V\u00e4lis-Eesti &amp; EMP, 1984, 236 lk. [2. tr\u00fckk: Tallinn, 1996, 216 lk.]<br><strong>Koeratapja<\/strong>. Stockholm: V\u00e4lis-Eesti &amp; EMP, 1988, 329 lk. [2. tr\u00fckk: Tallinn: \u00d5llu, 1993, 280 lk; 3. tr\u00fckk: <span>Tallinn:\u00a0<\/span>Eesti P\u00e4evaleht\/Akadeemia, 2009, 319 lk, Mart Orava j\u00e4rels\u00f5na.]<br><strong>Presidendi kojutulek<\/strong>. Tallinn: \u00d5llu, 1996, 224 lk.<br><strong>M\u00f5tusekuke viimne kogupauk<\/strong>. Tallinn: Eesti Keele Sihtasutus, 2005, 487 lk. [Audioraamat: Loeb Silvi Jansons.\u00a0V\u00f5ru: Pimedate Info\u00fching \u201cHelikiri\u201d, 2005, 1 CD, 17 t 1 min; punktkirjav\u00e4ljaanne:\u00a0Tallinn: Eesti Pimedate Raamatukogu, 2005, 8 kd (914 lk).]<br><strong>Vabariigi pojad ja t\u00fctred. I osa<\/strong>. Tallinn: Maaleht, 2010, 360 lk.<br><strong>Vabariigi pojad ja t\u00fctred. II osa<\/strong>. Tallinn: Eesti Ajalehed, 2011, 456 lk.<br><strong>Vabariigi pojad ja t\u00fctred. III osa<\/strong>. Tallinn: Varrak, 2012, 414 lk.<br><strong>Ma armastasin rootslast ehk Sollefte\u00e5 suvi<\/strong>. Tallinn: T\u00e4nap\u00e4ev, 2013, 252 lk.<br><strong>Saaremaa eleegia<\/strong>. Tallinn: Grenader, 2015, 182 lk.<br><strong>Poisteraamat: poistelood ja lapsep\u00f5lve seiklused<\/strong>. Tallinn: Eesti Keele Sihtasutus, 2016, 258 lk.<\/span>\n<\/p>\n<p>\n\t<span style=\"font-family: verdana, geneva\"><strong><em>Short stories<\/em><\/strong><br><strong>Vastuvett<\/strong>. Uppsala: 1972, 240 lk. [2. tr\u00fckk: Tallinn: \u00d5llu, 1995, 184 lk.]<\/span><\/p>\n","protected":false},"excerpt":{"rendered":"<p>About Enn N\u00f5u Enn N\u00f5u (b. 2. X 1933 in Tallinn), an exiled Estonian writer, spent a large part of his life and creative period as a refugee in Sweden, where he fled to with his parents in 1944. There &#8230;<\/p>\n","protected":false},"author":43,"featured_media":0,"parent":653,"menu_order":0,"comment_status":"closed","ping_status":"closed","template":"","meta":{"_acf_changed":false,"inline_featured_image":false,"footnotes":""},"class_list":["post-1126","page","type-page","status-publish","hentry"],"acf":[],"_links":{"self":[{"href":"https:\/\/sisu.ut.ee\/ewod\/wp-json\/wp\/v2\/pages\/1126","targetHints":{"allow":["GET"]}}],"collection":[{"href":"https:\/\/sisu.ut.ee\/ewod\/wp-json\/wp\/v2\/pages"}],"about":[{"href":"https:\/\/sisu.ut.ee\/ewod\/wp-json\/wp\/v2\/types\/page"}],"author":[{"embeddable":true,"href":"https:\/\/sisu.ut.ee\/ewod\/wp-json\/wp\/v2\/users\/43"}],"replies":[{"embeddable":true,"href":"https:\/\/sisu.ut.ee\/ewod\/wp-json\/wp\/v2\/comments?post=1126"}],"version-history":[{"count":1,"href":"https:\/\/sisu.ut.ee\/ewod\/wp-json\/wp\/v2\/pages\/1126\/revisions"}],"predecessor-version":[{"id":3955,"href":"https:\/\/sisu.ut.ee\/ewod\/wp-json\/wp\/v2\/pages\/1126\/revisions\/3955"}],"up":[{"embeddable":true,"href":"https:\/\/sisu.ut.ee\/ewod\/wp-json\/wp\/v2\/pages\/653"}],"wp:attachment":[{"href":"https:\/\/sisu.ut.ee\/ewod\/wp-json\/wp\/v2\/media?parent=1126"}],"curies":[{"name":"wp","href":"https:\/\/api.w.org\/{rel}","templated":true}]}}