{"id":1122,"date":"2024-04-03T23:40:50","date_gmt":"2024-04-03T20:40:50","guid":{"rendered":"https:\/\/sisu.ut.ee\/ewod\/poems-et-173\/"},"modified":"2024-04-04T00:08:08","modified_gmt":"2024-04-03T21:08:08","slug":"poems","status":"publish","type":"page","link":"https:\/\/sisu.ut.ee\/ewod\/r\/rahman\/poems\/","title":{"rendered":"Jan Rahman &#8211; poems"},"content":{"rendered":"<p><strong><span style=\"font-family: verdana, geneva;font-size: medium\">Books<\/span><\/strong><\/p>\n<p><em><strong><span style=\"font-family: verdana, geneva\">Finnish<\/span><\/strong><\/em><br><span style=\"font-family: verdana, geneva\">Heli Laaksonen, Jan Rahman, <strong>Maapuup\u00e4iv: runoi = luul\u00f5tuisi<\/strong>. Translated by Jan Rahman and Heli Laaksonen. V\u00f5run kielen vahti: Mariko Faster. Turku: Sammakko, 2005, 99 pp.<\/span><\/p>\n","protected":false},"excerpt":{"rendered":"<p>Books FinnishHeli Laaksonen, Jan Rahman, Maapuup\u00e4iv: runoi = luul\u00f5tuisi. Translated by Jan Rahman and Heli Laaksonen. V\u00f5run kielen vahti: Mariko Faster. Turku: Sammakko, 2005, 99 pp.<\/p>\n","protected":false},"author":43,"featured_media":0,"parent":1115,"menu_order":0,"comment_status":"closed","ping_status":"closed","template":"","meta":{"_acf_changed":false,"inline_featured_image":false,"footnotes":""},"class_list":["post-1122","page","type-page","status-publish","hentry"],"acf":[],"_links":{"self":[{"href":"https:\/\/sisu.ut.ee\/ewod\/wp-json\/wp\/v2\/pages\/1122","targetHints":{"allow":["GET"]}}],"collection":[{"href":"https:\/\/sisu.ut.ee\/ewod\/wp-json\/wp\/v2\/pages"}],"about":[{"href":"https:\/\/sisu.ut.ee\/ewod\/wp-json\/wp\/v2\/types\/page"}],"author":[{"embeddable":true,"href":"https:\/\/sisu.ut.ee\/ewod\/wp-json\/wp\/v2\/users\/43"}],"replies":[{"embeddable":true,"href":"https:\/\/sisu.ut.ee\/ewod\/wp-json\/wp\/v2\/comments?post=1122"}],"version-history":[{"count":1,"href":"https:\/\/sisu.ut.ee\/ewod\/wp-json\/wp\/v2\/pages\/1122\/revisions"}],"predecessor-version":[{"id":3951,"href":"https:\/\/sisu.ut.ee\/ewod\/wp-json\/wp\/v2\/pages\/1122\/revisions\/3951"}],"up":[{"embeddable":true,"href":"https:\/\/sisu.ut.ee\/ewod\/wp-json\/wp\/v2\/pages\/1115"}],"wp:attachment":[{"href":"https:\/\/sisu.ut.ee\/ewod\/wp-json\/wp\/v2\/media?parent=1122"}],"curies":[{"name":"wp","href":"https:\/\/api.w.org\/{rel}","templated":true}]}}