{"id":1116,"date":"2024-04-03T23:40:49","date_gmt":"2024-04-03T20:40:49","guid":{"rendered":"https:\/\/sisu.ut.ee\/ewod\/stories-et-117\/"},"modified":"2024-04-04T00:08:10","modified_gmt":"2024-04-03T21:08:10","slug":"stories","status":"publish","type":"page","link":"https:\/\/sisu.ut.ee\/ewod\/k\/kivastik\/stories\/","title":{"rendered":"Mart Kivastik &#8211; short stories"},"content":{"rendered":"<p>\n\t<span style=\"font-family:Verdana,Geneva,sans-serif\"><span style=\"font-size: medium\"><strong>Books<\/strong><\/span><\/span>\n<\/p>\n<p>\n\t<span style=\"font-family:Verdana,Geneva,sans-serif\"><span style=\"font-size: small\"><strong><em>Hungarian<\/em><br>Brevi\u00e1rium<\/strong>. Translated by N\u00f3ra K\u0151halmy, Krisztina Lengyel T\u00f3th, Vir\u00e1g M\u00e1rkus, Bence Patat, M\u00f3nika Segesdi and Vikt\u00f3ria T\u00f3th. \u00c9szt Int\u00e9zet \u2013 Pluralica, 2017.<\/span><\/span>\n<\/p>\n<p>\n\t<span style=\"font-family:Verdana,Geneva,sans-serif\"><span style=\"font-size: small\"><strong><em>Russian<\/em><\/strong><br>\u041c\u0430\u0440\u0442 \u041a\u0438\u0432\u0430\u0441\u0442\u0438\u043a, <strong>\u0410\u0432\u0442\u043e\u043f\u043e\u0440\u0442\u0440\u0435\u0442 \u0441 \u0436\u0435\u043d\u043e\u0439 \u0438 \u043b\u043e\u0448\u0430\u0434\u044c\u044e<\/strong>. \u041f\u0435\u0440\u0435\u0432\u0435\u043b\u0430 \u0441 \u044d\u0441\u0442\u043e\u043d\u0441\u043a\u043e\u0433\u043e \u0412\u0435\u0440\u0430 \u041f\u0440\u043e\u0445\u043e\u0440\u043e\u0432\u0430. \u0422\u0430\u043b\u043b\u0438\u043d\u043d: \u0418\u0437\u0434\u0430\u0442\u0435\u043b\u044c\u0441\u0442\u0432\u043e \u201c\u041a\u041f\u0414\u201d, 2013, 253 pp. [\u2019Autoportree naise ja hobusega\u2019.]<\/span><\/span><br>\u00a0\n<\/p>\n<p>\n\t<span style=\"font-family:Verdana,Geneva,sans-serif\"><span style=\"font-size: medium\"><strong>In anthologies and magazines<\/strong><\/span><\/span>\n<\/p>\n<p>\n\t<span style=\"font-family:Verdana,Geneva,sans-serif\"><span style=\"font-size: medium\"><strong><em><span style=\"font-size: small\">English<\/span><\/em><br><a href=\"http:\/\/elm.estinst.ee\/issue\/22\/autumn\/\"><span style=\"font-size: small\">Autumn<\/span><\/a><\/strong><span style=\"font-size: small\">. \u2013 Estonian Literary Magazine, no 22, 2006.<\/span><\/span><\/span>\n<\/p>\n<p>\n\t<span style=\"font-family:Verdana,Geneva,sans-serif\"><span style=\"font-size: medium\"><span style=\"font-size: small\"><strong><em>Finnish<\/em><\/strong><br><strong>Omakuva naisen ja hevosen kanssa<\/strong>. \u2013 Nippernaati: virolaisen kirjallisuuden antologia, no 2. P\u00e4\u00e4toimittaja Sanna Immanen. Helsinki: Viro-instituutti, 2016, 160 pp. [\u2019Autoportree naise ja hobusega\u2019. See <strong><a href=\"https:\/\/sisu.ut.ee\/ewod\/anthologies\/finnish\/nippernaati2\">contents<\/a><\/strong> of the anthology. Read\/download full text <strong><a href=\"http:\/\/www.digar.ee\/arhiiv\/et\/raamatud\/68130\" target=\"_blank\" rel=\"noopener\">here<\/a><\/strong>.]<\/span><\/span><\/span>\n<\/p>\n<p>\n\t<span style=\"font-family:Verdana,Geneva,sans-serif\"><span style=\"font-size:13px\"><strong><em>Greek<\/em><\/strong><br><strong>\u1f1c\u03b9 \u0393\u03b9\u03bf\u03cd\u03b1\u03bd!<\/strong>.\u00a0 \u03a0\u03b1\u03c1\u03bf\u03c5\u03c3\u03af\u03b1\u03c3\u03b7-\u03bc\u03b5\u03c4\u03ac\u03c6\u03c1\u03b1\u03c3\u03b7: \u039b\u03af\u03bd\u03b1 \u0398\u03c9\u03bc\u1fb6. \u03c0\u03b5\u03c1\u03b9\u03bf\u03b4\u03b9\u03ba\u03cc \u1fbd\u039f\u03c1\u03bf\u03c0\u03ad\u03b4\u03b9\u03bf, \u03c4.20, \u1f0c\u03bd\u03bf\u03b9\u03be\u03b7 \u2013 \u039a\u03b1\u03bb\u03bf\u03ba\u03b1\u03af\u03c1\u03b9 2018. [\u2018Hei Juhan!\u2019.]<\/span><\/span>\n<\/p>\n<p>\n\t<span style=\"font-family:Verdana,Geneva,sans-serif\"><strong><em>Hungarian<\/em><br>Morc<\/strong>. \u2013 Pluralica, no 1-2, 2009.\u00a0[\u2018Morn\u2019.\u00a0See\u00a0<a href=\"https:\/\/sisu.ut.ee\/ewod\/anthologies\/pluralica\"><strong>contents<\/strong><\/a>\u00a0of the special issue of contemporary Estonian literature.]<\/span>\n<\/p>\n<p>\n\t<span style=\"font-family:Verdana,Geneva,sans-serif\"><strong><em>Russian<\/em><\/strong><br>\u041c\u0430\u0440\u0442 \u041a\u0438\u0432\u0430\u0441\u0442\u0438\u043a, <strong>\u0410\u0432\u0442\u043e\u043f\u043e\u0440\u0442\u0440\u0435\u0442 \u0441 \u0436\u0435\u043d\u043e\u0439 \u0438 \u043b\u043e\u0448\u0430\u0434\u044c\u044e<\/strong>. \u041f\u0435\u0440\u0435\u0432\u043e\u0434 \u0412\u0435\u0440\u044b \u041f\u0440\u043ex\u043e\u0440\u043e\u0432\u043e\u0439. \u2013 \u041a\u0430\u0437\u0443\u0441 \u043f\u0440\u0438\u0441\u0442\u0430\u043b\u044c\u043d\u043e\u0433\u043e \u0432\u0437\u0433\u043b\u044f\u0434\u0430: \u044d\u0441\u0442\u043e\u043d\u0441\u043a\u0430\u044f \u043d\u043e\u0432\u0435\u043b\u043b\u0430 2000-2012. \u0421\u043e\u0441\u0442\u0430\u0432\u0438\u0442\u0435\u043b\u044c \u041d\u044d\u043b\u043b\u0438 \u0410\u0431\u0430\u0448\u0438\u043d\u0430-\u041c\u0435\u043b\u044c\u0446; \u0440\u0435\u0434\u0430\u043a\u0442\u043e\u0440 \u042d\u043c\u043c\u0430 \u0414\u0430\u0440\u0432\u0438\u0441; \u043e\u0444\u043e\u0440\u043c\u043b\u0435\u043d\u0438\u0435: \u0420\u0443\u0431\u0435\u043d \u0418\u0433\u0438\u0442\u0445\u0430\u043d\u044f\u043d. \u0422\u0430\u043b\u043b\u0438\u043d\u043d: Aleksandra; \u041c\u043e\u0441\u043a\u0432\u0430: \u041e\u043a\u0442\u043e\u043f\u0443\u0441, 2013, 352 pp. [\u2018Autoportree naise ja hobusega\u2019. Contents of the anthology: \u0410\u0440\u0432\u043e \u0412\u0430\u043b\u0442\u043e\u043d, \u2018\u0422\u0440\u0430\u043c\u0432\u0430\u0439\u2019, \u2018\u0418\u0441\u043f\u044b\u0442\u0430\u043d\u0438\u0435 \u043d\u0430 \u0433\u0438\u0431\u043a\u043e\u0441\u0442\u044c\u2019; \u0420\u0435\u0439\u043d \u0412\u0435\u0439\u0434\u0435\u043c\u0430\u043d\u043d, \u2018\u0411\u0435\u0442\u0442\u0438\u2019, \u2018\u0421\u043e\u0447\u0438\u043d\u0438\u0442\u0435\u043b\u044c \u0440\u0435\u0447\u0435\u0439\u2019; \u0422\u043e\u043c\u0430\u0441 \u0412\u0438\u043d\u0442, \u2018\u0417\u0430 \u043e\u043a\u043d\u043e\u043c \u0442\u0435\u043c\u043d\u0435\u044e\u0449\u0438\u0439 \u043f\u0430\u0440\u043a\u2019; \u0421\u0438\u0440\u044c\u0435 \u0412\u0438\u0445\u043c\u0430-\u041d\u043e\u0440\u043c\u0435\u0442, \u2018\u041e\u0441\u043a\u043e\u043b\u043a\u0438 \u0421\u0442\u0430\u0440\u043e\u0433\u043e \u0433\u043e\u0440\u043e\u0434\u0430\u2019, \u2018\u041a\u043d\u0438\u0433\u0430 \u043e \u0421\u0438\u0431\u0435\u043b\u0438\u0443\u0441\u0435 \u0438 \u0434\u044c\u044f\u0432\u043e\u043b\u044b \u0438\u0437 \u041b\u044e\u0434\u0435\u043d\u0430\u2019; \u041c\u0430\u0430\u0440\u044c\u044f \u041a\u0430\u043d\u0433\u0440\u043e, \u2018\u041c\u0430\u043a\u0430\u043a\u0438 \u0438 \u0441\u043e\u043b\u0438\u0434\u0430\u0440\u043d\u043e\u0441\u0442\u044c\u2019, \u2018\u0418\u043c\u043f\u043e\u0442\u0435\u043d\u0442 \u0438 \u0441\u043c\u0435\u0440\u0442\u044c\u2019, \u2018\u0421\u0442\u0438\u043f\u0435\u043d\u0434\u0438\u0430\u0442\u043a\u0430\u2019, \u2018\u041f\u043e\u0440\u043d\u043e\u0444\u0438\u043b\u044c\u043c\u2019; \u041c\u0430\u0440\u0442 \u041a\u0438\u0432\u0430\u0441\u0442\u0438\u043a, \u2018\u0410\u0432\u0442\u043e\u043f\u043e\u0440\u0442\u0440\u0435\u0442 \u0441 \u0436\u0435\u043d\u043e\u0439 \u0438 \u043b\u043e\u0448\u0430\u0434\u044c\u044e\u2019; \u0410\u043d\u0434\u0440\u0443\u0441 \u041a\u0438\u0432\u0438\u0440\u044f\u0445\u043a, \u2018\u041f\u0435\u0442\u0443\u0448\u043e\u043a \u0438\u0437 \u0431\u0443\u043a\u0432\u0430\u0440\u044f\u2019, \u2018\u041a\u0430\u0437\u0443\u0441 \u043f\u0440\u0438\u0441\u0442\u0430\u043b\u044c\u043d\u043e\u0432\u043e \u0432\u0437\u0433\u043b\u044f\u0434\u0430\u2019, \u2018\u042f \u2013 \u0411\u043e\u0433\u2019, \u2018\u0423 \u0432\u043e\u0440\u043e\u0442 \u0430\u0434\u0430\u2019; \u042f\u0430\u043d \u041a\u0440\u0443\u0443\u0441\u0432\u0430\u043b\u043b, \u2018\u0417\u0438\u043c\u0430. \u0414\u0443\u0448\u0435 \u0437\u044f\u0431\u043a\u043e\u2019; \u0412\u0438\u0439\u0432\u0438 \u041b\u0443\u0438\u043a, \u2018\u0421\u0432\u043e\u0439 \u0434\u043e\u043c\u2019; \u0420\u0435\u0439\u043d \u041f\u044b\u0434\u0435\u0440, \u2018\u0426\u0432\u0435\u0442 \u043b\u0438\u043f\u043e\u0432\u044b\u0445 \u0430\u043b\u043b\u0435\u0439\u2019, \u2018\u0413\u0438\u043b\u044c\u0437\u0430\u2019; \u0410\u0441\u0442\u0430 \u041f\u044b\u043b\u0434\u043c\u044f\u044d, \u2018\u041c\u0438\u043d\u0438\u0430\u0442\u044e\u0440\u044b\u2019, \u041f\u0438\u0441\u044c\u043c\u0430 \u043b\u0430\u0441\u0442\u043e\u0447\u043a\u0430\u043c; \u0410\u0439\u0432\u0435 \u0420\u0430\u0443\u0434\u043a\u0438\u0432\u0438, \u2018\u041f\u043e\u0434\u0432\u0435\u0448\u0435\u043d\u043d\u0430\u044f \u043a \u043e\u0431\u043b\u0430\u043a\u0430\u043c \u043f\u0442\u0438\u0446\u0430; \u0422\u0430\u0440\u043c\u043e \u0422\u0435\u0434\u0435\u0440, \u2018\u041f\u0430\u0440\u0442\u0438\u0439\u043d\u0430\u044f \u043f\u043e\u043b\u044c\u043a\u0430 c \u043f\u043e\u043d\u0442\u0430\u043c\u0438\u2019; \u041c\u0430\u0442\u0441 \u0422\u0440\u0430\u0430\u0442, \u2018\u0412\u0435\u0447\u0435\u0440\u0430 \u0432 \u0425\u0435\u043b\u043b\u0435\u043d\u0443\u0440\u043c\u0435\u2019; \u042e\u043b\u043e \u0422\u0443\u0443\u043b\u0438\u043a, \u2018\u0425\u043e\u043b\u043e\u0434\u043d\u043e\u0435 \u043a\u0440\u0430\u0441\u043d\u043e\u0435 \u043c\u043e\u0440\u0435\u2019; \u0410\u0440\u0432\u043e \u0423\u0443\u0441\u0442\u0430\u043b\u0443, \u2018\u0421\u043c\u0435\u0440\u0442\u044c \u0441\u043e\u0431\u0430\u043a\u0438\u2019; \u041c\u0435\u0445\u0438\u0441 \u0425\u0435\u0439\u043d\u0441\u0430\u0430\u0440, \u2018\u0411\u043b\u0443\u0436\u0434\u0430\u044e\u0449\u0435\u0435 \u0441\u0447\u0430\u0441\u0442\u044c\u0435\u2019, \u2018\u042d\u0441\u0442\u043e\u043d\u0441\u043a\u0430\u044f \u043f\u0440\u0438\u0440\u043e\u0434\u0430\u2019, \u2018\u0427\u0435\u043b\u043e\u0432\u0435\u043a-\u0431\u0430\u0431\u043e\u0447\u043a\u0430\u2019, \u2018\u0412\u043e\u0437\u0432\u0440\u0430\u0449\u0435\u043d\u0438\u0435\u2019; \u0422\u044b\u043d\u0443 \u042b\u043d\u043d\u0435\u043f\u0430\u043b\u0443, \u2018\u0422\u0430\u043b\u043b\u0438\u043d\u043d\u0441\u043a\u0430\u044f \u043e\u0434\u0430\u2019, \u2018\u0417\u0438\u043c\u044b \u0438 \u042d\u0434\u0435\u043c\u0435\u2019; \u042d\u0440\u0432\u0438\u043d \u042b\u0443\u043d\u0430\u043f\u0443\u0443, \u2018\u0421\u0430\u043c\u044b\u0439 \u043b\u0443\u0447\u0448\u0438\u0439 \u0440\u0435\u0431\u0435\u043d\u043e\u043a\u2019, \u2018\u041b\u0438\u043b\u043b\u0438\u2019.]<br>\u041c\u0430\u0440\u0442 \u041a\u0438\u0432\u0430\u0441\u0442\u0438\u043a,\u00a0<strong><strong>\u041f\u043e\u0434\u0440\u0443\u0436\u043a\u0430<\/strong><\/strong>.\u00a0<strong>\u2013\u00a0<\/strong>\u041d\u043e\u0432\u0430\u044f \u044d\u0441\u0442\u043e\u043d\u0441\u043a\u0430\u044f \u043d\u043e\u0432\u0435\u043b\u043b\u0430: 1990-\u0435 \u0433\u043e\u0434\u044b. C\u043e\u0441\u0442\u0430\u0432\u043b\u0435\u043d\u0438\u0435: \u041f\u0438\u0440\u0435\u0442 \u0412\u0438\u0439\u0440\u0435\u0441; \u043f\u043e\u0441\u043b\u0435\u0441\u043b\u043e\u0432\u0438\u0435: \u041a\u0430\u044f\u0440 \u041f\u0440\u0443\u0443\u043b\u044c. \u0411\u0438\u0431\u043b\u0438\u043e\u0442\u0435\u043a\u0430 \u0436\u0443\u0440\u043d\u0430\u043b\u0430 \u201c\u0422\u0430\u043b\u043b\u0438\u043d\u043d\u201d, no 7. \u0422\u0430\u043b\u043b\u0438\u043d\u043d: Aleksandra, 1999, 302 pp.\u00a0[\u2018Semm\u2019.\u00a0See\u00a0<a href=\"https:\/\/sisu.ut.ee\/ewod\/anthologies\/novayaestonskaya\"><strong>contents<\/strong><\/a>\u00a0of the anthology of short stories.]<\/span><\/p>\n","protected":false},"excerpt":{"rendered":"<p>Books HungarianBrevi\u00e1rium. Translated by N\u00f3ra K\u0151halmy, Krisztina Lengyel T\u00f3th, Vir\u00e1g M\u00e1rkus, Bence Patat, M\u00f3nika Segesdi and Vikt\u00f3ria T\u00f3th. \u00c9szt Int\u00e9zet \u2013 Pluralica, 2017. Russian\u041c\u0430\u0440\u0442 \u041a\u0438\u0432\u0430\u0441\u0442\u0438\u043a, \u0410\u0432\u0442\u043e\u043f\u043e\u0440\u0442\u0440\u0435\u0442 \u0441 \u0436\u0435\u043d\u043e\u0439 \u0438 \u043b\u043e\u0448\u0430\u0434\u044c\u044e. \u041f\u0435\u0440\u0435\u0432\u0435\u043b\u0430 \u0441 \u044d\u0441\u0442\u043e\u043d\u0441\u043a\u043e\u0433\u043e \u0412\u0435\u0440\u0430 \u041f\u0440\u043e\u0445\u043e\u0440\u043e\u0432\u0430. \u0422\u0430\u043b\u043b\u0438\u043d\u043d: \u0418\u0437\u0434\u0430\u0442\u0435\u043b\u044c\u0441\u0442\u0432\u043e \u201c\u041a\u041f\u0414\u201d, 2013, 253 &#8230;<\/p>\n","protected":false},"author":43,"featured_media":0,"parent":1109,"menu_order":0,"comment_status":"closed","ping_status":"closed","template":"","meta":{"_acf_changed":false,"inline_featured_image":false,"footnotes":""},"class_list":["post-1116","page","type-page","status-publish","hentry"],"acf":[],"_links":{"self":[{"href":"https:\/\/sisu.ut.ee\/ewod\/wp-json\/wp\/v2\/pages\/1116","targetHints":{"allow":["GET"]}}],"collection":[{"href":"https:\/\/sisu.ut.ee\/ewod\/wp-json\/wp\/v2\/pages"}],"about":[{"href":"https:\/\/sisu.ut.ee\/ewod\/wp-json\/wp\/v2\/types\/page"}],"author":[{"embeddable":true,"href":"https:\/\/sisu.ut.ee\/ewod\/wp-json\/wp\/v2\/users\/43"}],"replies":[{"embeddable":true,"href":"https:\/\/sisu.ut.ee\/ewod\/wp-json\/wp\/v2\/comments?post=1116"}],"version-history":[{"count":1,"href":"https:\/\/sisu.ut.ee\/ewod\/wp-json\/wp\/v2\/pages\/1116\/revisions"}],"predecessor-version":[{"id":3967,"href":"https:\/\/sisu.ut.ee\/ewod\/wp-json\/wp\/v2\/pages\/1116\/revisions\/3967"}],"up":[{"embeddable":true,"href":"https:\/\/sisu.ut.ee\/ewod\/wp-json\/wp\/v2\/pages\/1109"}],"wp:attachment":[{"href":"https:\/\/sisu.ut.ee\/ewod\/wp-json\/wp\/v2\/media?parent=1116"}],"curies":[{"name":"wp","href":"https:\/\/api.w.org\/{rel}","templated":true}]}}