{"id":1115,"date":"2024-04-03T23:40:49","date_gmt":"2024-04-03T20:40:49","guid":{"rendered":"https:\/\/sisu.ut.ee\/ewod\/rahman\/"},"modified":"2024-04-04T00:08:10","modified_gmt":"2024-04-03T21:08:10","slug":"rahman","status":"publish","type":"page","link":"https:\/\/sisu.ut.ee\/ewod\/r\/rahman\/","title":{"rendered":"Jan Rahman"},"content":{"rendered":"<p>\n\t<span style=\"font-size: medium;font-family: verdana, geneva\"><strong><a href=\"https:\/\/sisu.ut.ee\/ewod\/r\/rahman\/poems\">Poems<\/a> <\/strong><a href=\"https:\/\/sisu.ut.ee\/wp-content\/uploads\/sites\/108\/jan_rahman_alar_madisson.jpg\" target=\"_self\" rel=\"noopener\"><img decoding=\"async\" alt=\"Jan Rahman\" class=\"\" src=\"https:\/\/sisu.ut.ee\/wp-content\/uploads\/sites\/108\/jan_rahman_alar_madisson.jpg\" style=\"float: right;width: 450px;height: 299px\" title=\"Photo: Alar Madisson\"><\/a><\/span>\n<\/p>\n<p>\n\t\u00a0\n<\/p>\n<p class=\"western\" lang=\"et-EE\" style=\"margin-bottom:0.11in\">\n<\/p><p><span style=\"color:#000000\"><span style=\"font-size:13px\"><span style=\"font-family:Verdana,Geneva,sans-serif\"><span style=\"line-height:105%\"><font style=\"14pt\">Jan Rahman (born 30 VII <span style=\"text-decoration:none\">1975<\/span>) is a writer and journalist.<\/font><\/span><\/span><\/span><\/span>\n<\/p>\n<p class=\"western\" lang=\"et-EE\" style=\"margin-bottom:0.11in\">\n\t<span style=\"color:#000000\"><span style=\"font-size:13px\"><span style=\"font-family:Verdana,Geneva,sans-serif\"><span style=\"line-height:105%\"><font style=\"14pt\">He was born in V\u00f5ru and completed <span style=\"text-decoration:none\">V\u00f5ru Kreutzwald Secondary School No. 1<\/span> in 1993. From 1993\u2013<span style=\"text-decoration:none\">2004,<\/span> Rahman studied journalism <span style=\"text-decoration:none\">at the University of Tartu<\/span>. He has been a member <span style=\"text-decoration:none\">of Tartu Young Authors\u2019 Association and<\/span> is a member of the V\u00f5ro Language and Culture Fund (2001\u20132006 its chairman).<\/font><\/span><\/span><\/span><\/span>\n<\/p>\n<p class=\"western\" lang=\"et-EE\" style=\"margin-bottom:0.11in\">\n\t<span style=\"color:#000000\"><span style=\"font-size:13px\"><span style=\"font-family:Verdana,Geneva,sans-serif\"><span style=\"line-height:105%\"><font style=\"14pt\">Rahman works as the chief editor of <i><span style=\"text-decoration:none\">Uma Leht<\/span><\/i>, a newspaper published in the V\u00f5ro language (a regional variety of Estonian). He contributes to the press and radio. He writes poetry, prose, plays, criticism and song lyrics mostly in the V\u00f5ro language and translates texts into V\u00f5ro. Jan Rahman has translated the scenes concerning the Athens artisans in Shakespeare\u2019s comedy <i>A Midsummer Night\u2019s Dream<\/i> from English into V\u00f5ro. He has also translated Hasso Krull\u2019s poetry from Estonian and Heli Laaksonen\u2019s poetry from the southwestern dialect of Finnish into V\u00f5ro.<\/font><\/span><\/span><\/span><\/span>\n<\/p>\n<p class=\"western\" lang=\"et-EE\" style=\"margin-bottom:0.11in\">\n\t<span style=\"color:#000000\"><span style=\"font-size:13px\"><span style=\"font-family:Verdana,Geneva,sans-serif\"><span style=\"line-height:105%\"><font style=\"14pt\">In 1997, Rahman published a poetry collection in the V\u00f5ro language, <i>Vas\u00f5st va\u015bk<\/i> (\u2018Copper from Copper\u2019), which included the lyrics of the hits of the pop group <i>Ummamuudu<\/i>. Jointly with Heli Laaksonen, Rahman published the poetry collection <i>Maapuup\u00e4iv<\/i> (\u2018Earth Tree Day\u2019) in Finland in 2000. The second edition of the book appeared in 2006.<\/font><\/span><\/span><\/span><\/span>\n<\/p>\n<p class=\"western\" lang=\"et-EE\" style=\"margin-bottom:0.11in\">\n\t<span style=\"color:#000000\"><span style=\"font-size:13px\"><span style=\"font-family:Verdana,Geneva,sans-serif\"><span style=\"line-height:105%\"><font style=\"14pt\">Along with Aapo Ilves, Contra, Olavi Ruitlane and Jaan Pulk, Jan Rahman was among the authors of the poetry collection <i>Viie p\u00e4\u00e4le<\/i> (\u2018Divided Between Five\u2019) published in 2005. In 2006, Rahman published the children\u2019s book <i>V\u00e4vv\u00e4<\/i> in both Estonian and V\u00f5ro. For the plays written in V\u00f5ro, <i>Painaja<\/i> (\u2018Haunter\u2019) and <i>S\u00f5it<\/i> (\u2018Ride\u2019), Rahman received the Bernard Kangro literary award in 2006. The play <i>Painaja<\/i>, which is based on Juhan Jaik\u2019s ghost stories, was written for V\u00f5ru Teatriateljee (V\u00f5ru Theatre Workshop). The programme booklet called the play, \u201cV\u00f5ro horror\u201d; the play <i>S\u00f5it<\/i> consists of funny stories about the incredible happenings of V\u00f5ro people during a bus ride.<\/font><\/span><\/span><\/span><\/span>\n<\/p>\n<p class=\"western\" lang=\"et-EE\" style=\"margin-bottom:0.11in\">\n\t<span style=\"color:#000000\"><span style=\"font-size:13px\"><span style=\"font-family:Verdana,Geneva,sans-serif\"><span style=\"line-height:105%\"><font style=\"14pt\">Jan Rahman kas arranged <span style=\"text-decoration:none\">Kaika Summer Universities<\/span> dealing with V\u00f5ro culture.<\/font><\/span><\/span><\/span><\/span>\n<\/p>\n<p class=\"western\" lang=\"et-EE\" style=\"margin-bottom:0.11in\">\n\t<span style=\"color:#000000\"><span style=\"font-size:13px\"><span style=\"font-family:Verdana,Geneva,sans-serif\"><span style=\"line-height:105%\"><font style=\"14pt\"><i>L. P. (Translated by I. A.)<\/i><\/font><\/span><\/span><\/span><\/span>\n<\/p>\n<p class=\"western\" lang=\"et-EE\" style=\"margin-bottom:0.11in\">\n<\/p><p><strong><span style=\"font-size:16px\"><span style=\"color:#000000\"><span style=\"font-family:Verdana,Geneva,sans-serif\">Books in Estonian<\/span><\/span><\/span><\/strong>\n<\/p>\n<p class=\"western\" lang=\"et-EE\" style=\"margin-bottom:0.11in\">\n\t<span style=\"color:#000000\"><span style=\"font-size:13px\"><span style=\"font-family:Verdana,Geneva,sans-serif\"><span style=\"line-height:105%\"><font style=\"14pt\"><em><b>Poetry<\/b><\/em><br><strong>Vas\u00f5st va\u015bk<\/strong>. Tartu: EKS-i Kaasaegse Kirjanduse Keskus, 1997. 43 lk.<\/font><br>Jan Rahman, Heli Laaksonen, <font style=\"14pt\"><strong>Maapuup\u00e4iv<\/strong>. V\u00f5ru: V\u00f5ro Selts VKKF; Sammakko, 2000. 95 lk.<\/font><\/span><\/span><\/span><\/span><\/p>\n<p><em><b>Short prose<\/b><\/em><br><strong>V\u00e4vv\u00e4<\/strong>. R\u00e4pina: V\u00e4iku V\u00e4ll\u00e4andja, 2006. 14 lk.<\/p>\n","protected":false},"excerpt":{"rendered":"<p>Poems \u00a0 Jan Rahman (born 30 VII 1975) is a writer and journalist. He was born in V\u00f5ru and completed V\u00f5ru Kreutzwald Secondary School No. 1 in 1993. From 1993\u20132004, Rahman studied journalism at the University of Tartu. He has &#8230;<\/p>\n","protected":false},"author":43,"featured_media":0,"parent":686,"menu_order":0,"comment_status":"closed","ping_status":"closed","template":"","meta":{"_acf_changed":false,"inline_featured_image":false,"footnotes":""},"class_list":["post-1115","page","type-page","status-publish","hentry"],"acf":[],"_links":{"self":[{"href":"https:\/\/sisu.ut.ee\/ewod\/wp-json\/wp\/v2\/pages\/1115","targetHints":{"allow":["GET"]}}],"collection":[{"href":"https:\/\/sisu.ut.ee\/ewod\/wp-json\/wp\/v2\/pages"}],"about":[{"href":"https:\/\/sisu.ut.ee\/ewod\/wp-json\/wp\/v2\/types\/page"}],"author":[{"embeddable":true,"href":"https:\/\/sisu.ut.ee\/ewod\/wp-json\/wp\/v2\/users\/43"}],"replies":[{"embeddable":true,"href":"https:\/\/sisu.ut.ee\/ewod\/wp-json\/wp\/v2\/comments?post=1115"}],"version-history":[{"count":1,"href":"https:\/\/sisu.ut.ee\/ewod\/wp-json\/wp\/v2\/pages\/1115\/revisions"}],"predecessor-version":[{"id":3966,"href":"https:\/\/sisu.ut.ee\/ewod\/wp-json\/wp\/v2\/pages\/1115\/revisions\/3966"}],"up":[{"embeddable":true,"href":"https:\/\/sisu.ut.ee\/ewod\/wp-json\/wp\/v2\/pages\/686"}],"wp:attachment":[{"href":"https:\/\/sisu.ut.ee\/ewod\/wp-json\/wp\/v2\/media?parent=1115"}],"curies":[{"name":"wp","href":"https:\/\/api.w.org\/{rel}","templated":true}]}}