{"id":111,"date":"2024-04-03T23:39:22","date_gmt":"2024-04-03T20:39:22","guid":{"rendered":"https:\/\/sisu.ut.ee\/ewod\/nonfiction-et-6\/"},"modified":"2024-04-04T00:11:00","modified_gmt":"2024-04-03T21:11:00","slug":"nonfiction","status":"publish","type":"page","link":"https:\/\/sisu.ut.ee\/ewod\/b\/beekman\/nonfiction\/","title":{"rendered":"Vladimir Beekman &#8211; non-fiction"},"content":{"rendered":"<p><span style=\"font-size: medium\"><strong><span style=\"font-family: verdana, geneva\">Books<\/span><\/strong><\/span><\/p>\n<p><span style=\"font-size: medium\"><span style=\"font-size: small\"><span style=\"font-family: verdana, geneva\"><strong><em>Russian<\/em><\/strong><br>\u0412\u043b\u0430\u0434\u0438\u043c\u0438\u0440 \u0411\u044d\u044d\u043a\u043c\u0430\u043d, <strong>\u041d\u0430 \u0437\u0430\u0442\u044b\u043b\u043a\u0435 \u0437\u0435\u043c\u043d\u043e\u0433\u043e \u0448\u0430\u0440\u0430: \u043f\u0443\u0442\u0435\u0432\u043d\u044b\u0435 \u0437\u0430\u043c\u0435\u0442\u043a\u0438<\/strong>. \u041f\u0435\u0440\u0435\u0432\u043e\u0434 \u0441 \u044d\u0441\u0442\u043e\u043d\u0441\u043a\u043e\u0433\u043e \u042d. \u041c\u0438\u0445\u0430\u0439\u043b\u043e\u0432\u043e\u0439. \u0422\u0430\u043b\u043b\u0438\u043d: \u042d\u044d\u0441\u0442\u0438 \u0440\u0430\u0430\u043c\u0430\u0442, 1983, 333 pp. [\u2019Maakera kuklapoolel\u2019, a travelogue.]<br><\/span><span style=\"font-family: verdana, geneva\">\u0412\u043b\u0430\u0434\u0438\u043c\u0438\u0440 \u0411\u044d\u044d\u043a\u043c\u0430\u043d, <strong>\u0428\u0430\u0433 \u043c\u0435\u0440\u0438\u0434\u0438\u0430\u043d\u043e\u0432: \u0432\u043f\u0435\u0447\u0430\u0442\u043b\u0435\u043d\u0438\u044f, \u0440\u0430\u0437\u0434\u0443\u043c\u044c\u044f<\/strong>. \u0410\u0432\u0442\u043e\u0440\u0438\u0437\u043e\u0432\u0430\u043d\u043d\u044b\u0439 \u043f\u0435\u0440\u0435\u0432\u043e\u0434 \u0441 \u044d\u0441\u0442\u043e\u043d\u0441\u043a\u043e\u0433\u043e \u0410. \u0422\u0430\u043c\u043c\u0430. \u041c\u043e\u0441\u043a\u0432\u0430: \u0421\u043e\u0432\u0435\u0442\u0441\u043a\u0438\u0439 \u043f\u0438\u0441\u0430\u0442\u0435\u043b\u044c, 1975, 310 pp. [\u2019Vahemaandumised\u2019, a travelogue.]<br><\/span><\/span><strong><span style=\"font-family: verdana, geneva\"><br><\/span><\/strong><\/span><\/p>\n<p><span style=\"font-size: medium\"><strong><span style=\"font-family: verdana, geneva\">In anthologies and magazines<\/span><\/strong><\/span><\/p>\n<p><strong><em><span style=\"font-family: verdana, geneva\">Hungarian<\/span><\/em><\/strong><br><span style=\"font-family: verdana, geneva\"><strong>Egy dokumentumreg\u00e9ny t\u00f6rt\u00e9nete<\/strong>. \u2013\u00a0\u00c9szt antol\u00f3gia. Szovjet irodalom, no 1, 1988.\u00a0\u00a0[See\u00a0<strong><a href=\"https:\/\/sisu.ut.ee\/ewod\/anthologies\/szovietcontents\">contents<\/a>\u00a0<\/strong>of the special issue.]<\/span><\/p>\n","protected":false},"excerpt":{"rendered":"<p>Books Russian\u0412\u043b\u0430\u0434\u0438\u043c\u0438\u0440 \u0411\u044d\u044d\u043a\u043c\u0430\u043d, \u041d\u0430 \u0437\u0430\u0442\u044b\u043b\u043a\u0435 \u0437\u0435\u043c\u043d\u043e\u0433\u043e \u0448\u0430\u0440\u0430: \u043f\u0443\u0442\u0435\u0432\u043d\u044b\u0435 \u0437\u0430\u043c\u0435\u0442\u043a\u0438. \u041f\u0435\u0440\u0435\u0432\u043e\u0434 \u0441 \u044d\u0441\u0442\u043e\u043d\u0441\u043a\u043e\u0433\u043e \u042d. \u041c\u0438\u0445\u0430\u0439\u043b\u043e\u0432\u043e\u0439. \u0422\u0430\u043b\u043b\u0438\u043d: \u042d\u044d\u0441\u0442\u0438 \u0440\u0430\u0430\u043c\u0430\u0442, 1983, 333 pp. [\u2019Maakera kuklapoolel\u2019, a travelogue.]\u0412\u043b\u0430\u0434\u0438\u043c\u0438\u0440 \u0411\u044d\u044d\u043a\u043c\u0430\u043d, \u0428\u0430\u0433 \u043c\u0435\u0440\u0438\u0434\u0438\u0430\u043d\u043e\u0432: \u0432\u043f\u0435\u0447\u0430\u0442\u043b\u0435\u043d\u0438\u044f, \u0440\u0430\u0437\u0434\u0443\u043c\u044c\u044f. \u0410\u0432\u0442\u043e\u0440\u0438\u0437\u043e\u0432\u0430\u043d\u043d\u044b\u0439 \u043f\u0435\u0440\u0435\u0432\u043e\u0434 \u0441 \u044d\u0441\u0442\u043e\u043d\u0441\u043a\u043e\u0433\u043e \u0410. \u0422\u0430\u043c\u043c\u0430. \u041c\u043e\u0441\u043a\u0432\u0430: \u0421\u043e\u0432\u0435\u0442\u0441\u043a\u0438\u0439 \u043f\u0438\u0441\u0430\u0442\u0435\u043b\u044c, 1975, 310 &#8230;<\/p>\n","protected":false},"author":43,"featured_media":0,"parent":592,"menu_order":0,"comment_status":"closed","ping_status":"closed","template":"","meta":{"_acf_changed":false,"inline_featured_image":false,"footnotes":""},"class_list":["post-111","page","type-page","status-publish","hentry"],"acf":[],"_links":{"self":[{"href":"https:\/\/sisu.ut.ee\/ewod\/wp-json\/wp\/v2\/pages\/111","targetHints":{"allow":["GET"]}}],"collection":[{"href":"https:\/\/sisu.ut.ee\/ewod\/wp-json\/wp\/v2\/pages"}],"about":[{"href":"https:\/\/sisu.ut.ee\/ewod\/wp-json\/wp\/v2\/types\/page"}],"author":[{"embeddable":true,"href":"https:\/\/sisu.ut.ee\/ewod\/wp-json\/wp\/v2\/users\/43"}],"replies":[{"embeddable":true,"href":"https:\/\/sisu.ut.ee\/ewod\/wp-json\/wp\/v2\/comments?post=111"}],"version-history":[{"count":1,"href":"https:\/\/sisu.ut.ee\/ewod\/wp-json\/wp\/v2\/pages\/111\/revisions"}],"predecessor-version":[{"id":4969,"href":"https:\/\/sisu.ut.ee\/ewod\/wp-json\/wp\/v2\/pages\/111\/revisions\/4969"}],"up":[{"embeddable":true,"href":"https:\/\/sisu.ut.ee\/ewod\/wp-json\/wp\/v2\/pages\/592"}],"wp:attachment":[{"href":"https:\/\/sisu.ut.ee\/ewod\/wp-json\/wp\/v2\/media?parent=111"}],"curies":[{"name":"wp","href":"https:\/\/api.w.org\/{rel}","templated":true}]}}