{"id":1109,"date":"2024-04-03T23:40:49","date_gmt":"2024-04-03T20:40:49","guid":{"rendered":"https:\/\/sisu.ut.ee\/ewod\/kivastik\/"},"modified":"2024-04-04T00:08:09","modified_gmt":"2024-04-03T21:08:09","slug":"kivastik","status":"publish","type":"page","link":"https:\/\/sisu.ut.ee\/ewod\/k\/kivastik\/","title":{"rendered":"Mart Kivastik"},"content":{"rendered":"<p>\n\t<a href=\"https:\/\/sisu.ut.ee\/ewod\/k\/kivastik\/plays\"><span style=\"font-family: verdana,geneva;font-size: medium\"><strong>Plays<\/strong><\/span><\/a><span style=\"font-family: verdana,geneva;font-size: medium\"><strong> <\/strong><a href=\"https:\/\/sisu.ut.ee\/wp-content\/uploads\/sites\/108\/mart_kivastik_alar_madisson.jpg\" target=\"_self\" rel=\"noopener\"><img decoding=\"async\" alt=\"Mart Kivastik\" src=\"https:\/\/sisu.ut.ee\/wp-content\/uploads\/sites\/108\/mart_kivastik_alar_madisson.jpg\" style=\"float: right;width: 200px;height: 298px\" title=\"Photo: Alar Madisson\"><\/a><\/span>\n<\/p>\n<p>\n\t<a href=\"https:\/\/sisu.ut.ee\/ewod\/k\/kivastik\/stories\"><span style=\"font-family: verdana,geneva;font-size: medium\"><strong>Short stories<\/strong><\/span><\/a>\n<\/p>\n<p>\n\t<a href=\"https:\/\/sisu.ut.ee\/ewod\/k\/kivastik\/about\"><span style=\"font-family: verdana,geneva;font-size: medium\"><strong>About Mart Kivastik<\/strong><\/span><\/a>\n<\/p>\n<p style=\"margin-bottom:0.11in\">\n<\/p><p><span style=\"line-height:108%\"><font face=\"Palatino Linotype, serif\"><span style=\"font-weight:normal\"><span style=\"color:#000000\"><span style=\"font-size:13px\"><span style=\"font-family:Verdana,Geneva,sans-serif\">Mart Kivastik <\/span><\/span><\/span><\/span><\/font><span style=\"color:#000000\"><span style=\"font-size:13px\"><span style=\"font-family:Verdana,Geneva,sans-serif\">(b. 4. III 1963) is a prose writer, playwright and script-writer.<\/span><\/span><\/span><\/span>\n<\/p>\n<p style=\"margin-bottom:0.11in\">\n\t<span style=\"color:#000000\"><span style=\"font-size:13px\"><span style=\"font-family:Verdana,Geneva,sans-serif\"><span style=\"line-height:108%\">He was born in Tartu. In 1981 he graduated from number 5 secondary school in Tartu, and in 1984 from the Heino Eller music school, specialising in choral conducting. In 1989 Kivastik graduated from the faculty of philology at the University of Tartu, in the field of Estonian language and literature. From 1989 to 1991 he worked at the Tallinnfilm studio. Since then he has been a freelance writer, playwright and film director. Since 1996 he has been a member of the Estonian Writers\u2019 Union.<\/span><\/span><\/span><\/span>\n<\/p>\n<p style=\"margin-bottom:0.11in\">\n\t<span style=\"color:#000000\"><span style=\"font-size:13px\"><span style=\"font-family:Verdana,Geneva,sans-serif\"><span style=\"line-height:108%\">Mart Kivastik made his debut with short stories in the newspaper of the University of Tartu and the journal <i>Vikerkaar <\/i>in 1987. In 1993 he produced the short story collection <i>Homme<\/i> (\u2018Tomorrow\u2019). Initially he wrote mainly prose, but in the late nineties he turned to writing plays. In the 21<sup>st<\/sup> century Kivastik has emerged as one of the most performed Estonian playwrights. <\/span><\/span><\/span><\/span>\n<\/p>\n<p style=\"margin-bottom:0.11in\">\n\t<span style=\"color:#000000\"><span style=\"font-size:13px\"><span style=\"font-family:Verdana,Geneva,sans-serif\"><span style=\"line-height:108%\">His plays have been called picturesque. The best-known of them belong to the so-called \u2018artist trilogy\u2019: 20<sup>th<\/sup> century cultural history is reflected in historical plays about the great figures in Estonian art: <i>K\u00fclmetava kunstniku portree <\/i>(\u2018Portrait of a Freezing Artist\u2019, staged 2004), <i>P\u00f5rgu v\u00e4rk <\/i>(\u2018The Infernal Contraption\u2019, staged 2005) and <i>Kits viiuli ja \u00f5ngega <\/i>(\u2018Goat With a Violin and Fishing-rod\u2019, staged 2006). In these texts Kivastik plays with history, without going into direct conflict with truth, but without striving for documentary reality. The author is interested in questions about the purpose of humanity, freedom and the struggle for existence. Kivastik has written several historical plays, such as <i>S\u00f5dur <\/i>(\u2018The Soldier\u2019, staged 2007), <i>Kangelane <\/i>(\u2018The Hero\u2019, staged 2007), <i>K\u00e4su Hansu ajalootund <\/i>(\u2018K\u00e4su Hans\u2019 History Lesson\u2019, staged 2009) and a play about President Konstantin P\u00e4ts, <i>Kostja ja hiiglane <\/i>(\u2018Kostja and the Giant\u2019, staged 2018), which was also staged in Moscow.<\/span><\/span><\/span><\/span>\n<\/p>\n<p style=\"margin-bottom:0.11in\">\n\t<span style=\"color:#000000\"><span style=\"font-size:13px\"><span style=\"font-family:Verdana,Geneva,sans-serif\"><span style=\"line-height:108%\">The so-called \u2018small plays\u2019 (<i>Teener<\/i>, \u2018The Servant\u2019, staged 2003; <i>Peeter ja Erik, \u2018<\/i>Peeter and Erik\u2019, staged 1997) are marked by their completeness, like short stories. They depict characters who have been left to their fates, who sometimes manage nevertheless to get by, in a tragicomic way. These drama texts are depictions typical of a prose author, creating an atmosphere of completeness yet unfathomableness.<\/span><\/span><\/span><\/span>\n<\/p>\n<p style=\"margin-bottom:0.11in\">\n\t<span style=\"color:#000000\"><span style=\"font-size:13px\"><span style=\"font-family:Verdana,Geneva,sans-serif\"><span style=\"line-height:108%\">In addition to plays, Kivastik has written film scripts. In 1998 and 1999 he was the scriptwriter and producer of two short films. Subsequently he has been the scriptwriter and director of two feature films (<i>\u00dcks mu sober, \u2018<\/i>A Friend of Mine\u2019, 2011, and <i>\u00d5nn tuleb magades, \u2018<\/i>Joy Comes Sleeping\u2019, 2018).<\/span><\/span><\/span><\/span>\n<\/p>\n<p style=\"margin-bottom:0.11in\">\n\t<span style=\"color:#000000\"><span style=\"font-size:13px\"><span style=\"font-family:Verdana,Geneva,sans-serif\"><span style=\"line-height:108%\">Kivastik has written three novels: in 1999 the novel <i>Varblane <\/i>(\u2018The Sparrow\u2019) appeared; in 2012 <i>Vietnami retsept <\/i>(\u2018Vietnamese Recipe\u2019); and in 2019 <i>Taevatrepp <\/i>(\u2018Stairway to Heaven\u2019), which describes the author\u2019s youth in the Tartu of the Soviet era.<\/span><\/span><\/span><\/span>\n<\/p>\n<p style=\"margin-bottom:0.11in\">\n\t<span style=\"color:#000000\"><span style=\"font-size:13px\"><span style=\"font-family:Verdana,Geneva,sans-serif\"><span style=\"line-height:108%\">He has published colourful stories of everyday life, portraits of other creative people and causeries in the press, as well as literature, theatre and film reviews.<\/span><\/span><\/span><\/span>\n<\/p>\n<p style=\"margin-bottom:0.11in\">\n\t<span style=\"color:#000000\"><span style=\"font-size:13px\"><span style=\"font-family:Verdana,Geneva,sans-serif\"><span style=\"line-height:108%\">Mart Kivastik is one of the most decorated Estonian authors. Twice, in 1999 and 2015, he has won the Friedebert Tuglas short story prize. He has twice been awarded the Literature Endowment annual award (in 2000 and 2004). For two years (2006 and 2011) he was declared Tartu Culture Bearer. He has also been awarded the journal <i>Sirp<\/i>\u2019s annual prize, the Eduard Vilde prize and the Virumaa literature award, as well as the Baltic theatre award. In 2006 Mart Kivastik was decorated with the Order of the White Star, Class 5.<\/span><\/span><\/span><\/span>\n<\/p>\n<p style=\"margin-bottom:0.11in\">\n\t<span style=\"color:#000000\"><span style=\"font-size:13px\"><span style=\"font-family:Verdana,Geneva,sans-serif\"><span style=\"line-height:108%\"><i>L. P. (Translated by C. M.)<\/i><\/span><\/span><\/span><\/span><\/p>\n<p><strong><span style=\"font-size:16px\"><span style=\"font-family:Verdana,Geneva,sans-serif\"><span style=\"line-height:108%\">Books in Estonian<\/span><\/span><\/span><\/strong>\n<\/p>\n<p style=\"margin-top:0.17in;margin-bottom:0.04in\">\n\t<span style=\"color:#000000\"><span style=\"font-size:13px\"><span style=\"font-family:Verdana,Geneva,sans-serif\"><span style=\"background:#ffffff\"><span style=\"line-height:108%\"><i><b>Novels<\/b><\/i><br><b>Varblane<\/b>. Tallinn: Varrak, 1999. 158 lk.<br><b>Vietnami retsept<\/b>. Tartu: V\u00e4ike \u00d6\u00f6muusika, 2012. 285 lk.<br><b>Taevatrepp<\/b>. Tartu: V\u00e4ike \u00d6\u00f6muusika, 2019. 262 lk.<\/span><\/span><\/span><\/span><\/span>\n<\/p>\n<p style=\"margin-top:0.17in;margin-bottom:0.04in\">\n\t<span style=\"color:#000000\"><span style=\"font-size:13px\"><span style=\"font-family:Verdana,Geneva,sans-serif\"><span style=\"background:#ffffff\"><span style=\"line-height:108%\"><i><b>Short prose<\/b><\/i><br><b>Homme<\/b>. Tallinn: Kupar, 1993. 157 lk.<br><b>Palun \u00f5nnelikuks<\/b>. Tartu: Elmatar, 1996. 176 lk.<br><b>Hinged l\u00e4hevad<\/b>. Tallinn: Soha, 2001. 143 lk.<br><b>Kui sa mind ei armasta, \u00e4ra mine \u00e4ra<\/b>. Tartu: M. Kivastik, 2003. 188 lk.<br><b>Kurb raamat<\/b>. Tartu: V\u00e4ike \u00d6\u00f6muusika, 2008. 171 lk.<br><b>Autoportree naise ja hobusega<\/b>. Tartu: V\u00e4ike \u00d6\u00f6muusika, 2015. 220 lk.<br><b>Armastuse vormid<\/b>. Tartu: V\u00e4ike \u00d6\u00f6muusika, 2017. 303 lk.<\/span><\/span><\/span><\/span><\/span>\n<\/p>\n<p style=\"margin-top:0.17in;margin-bottom:0.04in\">\n\t<span style=\"color:#000000\"><span style=\"font-size:13px\"><span style=\"font-family:Verdana,Geneva,sans-serif\"><span style=\"background:#ffffff\"><span style=\"line-height:108%\"><i><b>Plays<\/b><\/i><br><b>N\u00e4idendid<\/b>. Tallinn: Eesti Keele Sihtasutus, 2000. 281 lk.<br><b>Presidendi lapsed<\/b>: lugu kahes vaatuses, 17 pildis proloogi ja epiloogiga [esseed]. Tallinn: M. Kivastik, 2001. 219 lk.<br><b>Savonarola<\/b>. Tallinn: Eesti Draamateater, 2005. 112 lk.<br><b>K\u00fclmetava kunstniku portreed: Viinistu triloogia<\/b>. Tartu: V\u00e4ike \u00d6\u00f6muusika, 2006. 302 lk.<br><b>S\u00f5dur<\/b>. Tartu: V\u00e4ike \u00d6\u00f6muusika, 2007. 63 lk.<br><b>Teener<\/b>: see n\u00e4idend on p\u00fchendatud. Tartu: V\u00e4ike \u00d6\u00f6muusika, 2007. 95 lk.<br><b>Eesti asjad: n\u00e4idendid<\/b>. Tartu: Kaks musket\u00e4ri, 2010. 284 lk.<\/span><\/span><\/span><\/span><\/span>\n<\/p>\n<p>\n\t\u00a0<\/p>\n","protected":false},"excerpt":{"rendered":"<p>Plays Short stories About Mart Kivastik Mart Kivastik (b. 4. III 1963) is a prose writer, playwright and script-writer. He was born in Tartu. In 1981 he graduated from number 5 secondary school in Tartu, and in 1984 from the &#8230;<\/p>\n","protected":false},"author":43,"featured_media":0,"parent":498,"menu_order":0,"comment_status":"closed","ping_status":"closed","template":"","meta":{"_acf_changed":false,"inline_featured_image":false,"footnotes":""},"class_list":["post-1109","page","type-page","status-publish","hentry"],"acf":[],"_links":{"self":[{"href":"https:\/\/sisu.ut.ee\/ewod\/wp-json\/wp\/v2\/pages\/1109","targetHints":{"allow":["GET"]}}],"collection":[{"href":"https:\/\/sisu.ut.ee\/ewod\/wp-json\/wp\/v2\/pages"}],"about":[{"href":"https:\/\/sisu.ut.ee\/ewod\/wp-json\/wp\/v2\/types\/page"}],"author":[{"embeddable":true,"href":"https:\/\/sisu.ut.ee\/ewod\/wp-json\/wp\/v2\/users\/43"}],"replies":[{"embeddable":true,"href":"https:\/\/sisu.ut.ee\/ewod\/wp-json\/wp\/v2\/comments?post=1109"}],"version-history":[{"count":1,"href":"https:\/\/sisu.ut.ee\/ewod\/wp-json\/wp\/v2\/pages\/1109\/revisions"}],"predecessor-version":[{"id":3960,"href":"https:\/\/sisu.ut.ee\/ewod\/wp-json\/wp\/v2\/pages\/1109\/revisions\/3960"}],"up":[{"embeddable":true,"href":"https:\/\/sisu.ut.ee\/ewod\/wp-json\/wp\/v2\/pages\/498"}],"wp:attachment":[{"href":"https:\/\/sisu.ut.ee\/ewod\/wp-json\/wp\/v2\/media?parent=1109"}],"curies":[{"name":"wp","href":"https:\/\/api.w.org\/{rel}","templated":true}]}}