{"id":1108,"date":"2024-04-03T23:40:48","date_gmt":"2024-04-03T20:40:48","guid":{"rendered":"https:\/\/sisu.ut.ee\/ewod\/nurmekund\/"},"modified":"2024-04-04T00:08:12","modified_gmt":"2024-04-03T21:08:12","slug":"nurmekund","status":"publish","type":"page","link":"https:\/\/sisu.ut.ee\/ewod\/n\/nurmekund\/","title":{"rendered":"Pent Nurmekund"},"content":{"rendered":"<p><span style=\"color:#000000\"><span style=\"font-size:13px\"><span style=\"font-family:Verdana,Geneva,sans-serif\">Pent Nurmekund (until 1936 Arthur Roosmann, 16 December 1906 \u2013 28 December 1996) was a linguist, founder of the Centre for Oriental Studies at the University of Tartu, associate professor at the University of Tartu and poet writing in the Mulgi dialect.<\/span><\/span><\/span>\n<\/p>\n<p>\n\t<span style=\"color:#000000\"><span style=\"font-size:13px\"><span style=\"font-family:Verdana,Geneva,sans-serif\">Nurmekund was born in Kilingi parish in P\u00e4rnu County. Due to the First World War, he began schooling as late as at the age of 12. He completed Viljandi Boys\u2019 Gymnasium in 1928. Two years later, he entered the University of Tartu with the aim to study medicine but then became interested in linguistics. He was primarily fascinated by Romance and Germanic languages and comparative linguistics.<\/span><\/span><\/span>\n<\/p>\n<p>\n\t<span style=\"color:#000000\"><span style=\"font-size:13px\"><span style=\"font-family:Verdana,Geneva,sans-serif\">Nurmekund graduated from the University of Tartu in 1935 with the degree of Master of Philology. He managed to get a stipend of the Humboldt-Stiftung, which enabled him to continue his education in German universities. In the pre-war time, he Estonianised his name to Pent Nurmekund, choosing the name of a small territory of prehistoric Estonia for his surname. When World War II broke out, he was collecting materials for his doctoral thesis in France with a stipend from the University of Tartu. He fled from there through Belgium and Denmark back to Estonia. During World War II, he worked as a lecturer at the University of Tartu. Early in 1944, he was recruited to the German Army. In the same year, he was imprisoned by the Red Army. Late in 1946, he managed to flee from the prison camp to Estonia. He settled in P\u00e4rnu and worked as a language teacher at P\u00e4rnu Secondary School No. 2 and the rural schools of Sindi and Pootsi. He was also employed by the consultancy unit of the University of Tartu in P\u00e4rnu. From 1955, he could connect his life with Tartu as the university was looking for someone skilled in Chinese. In 1956, Pent Nurmekund founded the Centre for Oriental Studies at the University of Tartu. Nurmekund was said to have been able to translate from nearly 80 languages and speak up to 60 languages.<\/span><\/span><\/span>\n<\/p>\n<p>\n\t<span style=\"color:#000000\"><span style=\"font-size:13px\"><span style=\"font-family:Verdana,Geneva,sans-serif\">All the 29 poems in <em>K\u00f5llan\u00f5mme<\/em> (1996), Nurmekund\u2019s only belletristic work, have been written in the Mulgi dialect in which the author felt at home.\u00a0 The poems follow free rhyme schemes. Their themes are memories of childhood and youth, the pastures, forest groves, stream banks and village lanes of the Mulgimaa area, sauna, parents and erstwhile friends. There are verses rendered from Chinese, Japanese and Yiddish poetry. The author\u2019s personal experiences are sometimes generalised into images containing timeless truths.\u00a0 The poetry collection was printed in 100 copies only; therefore, it has acquired bibliophilic value.<\/span><\/span><\/span>\n<\/p>\n<p>\n\t<em><span style=\"color:#000000\"><span style=\"font-size:13px\"><span style=\"font-family:Verdana,Geneva,sans-serif\">L. P. (Translated by I. A.)<\/span><\/span><\/span><\/em>\n<\/p>\n<p><span style=\"color:#000000\"><strong><span style=\"font-size:16px\"><span style=\"font-family:Verdana,Geneva,sans-serif\">Books in Estonian<\/span><\/span><\/strong><\/span><\/p>\n<p><span style=\"font-size:13px\"><span style=\"font-family:Verdana,Geneva,sans-serif\"><strong><em>Poetry<\/em><\/strong><br><strong>K\u00f5llan\u00f5mme<\/strong>. Tartu: E\u00dcS Veljesto kirjastus, 1996. 43 lk.<\/span><\/span>\n<\/p>\n<p>\n\t<span style=\"color:#000000\"><span style=\"font-size:13px\"><span style=\"font-family:Verdana,Geneva,sans-serif\"><strong><em>Linguistics<\/em><\/strong><br><strong>Keeltemaailm<\/strong>. Tartu: E\u00dcS Veljesto kirjastus, 1997. 113 lk.<\/span><\/span><\/span>\n<\/p>\n<p>\n\t<span style=\"color:#000000\"><span style=\"font-size:13px\"><span style=\"font-family:Verdana,Geneva,sans-serif\"><strong><em>About Pent Nurmekund<\/em><\/strong><br><strong>\u00dche miljon\u00e4ri lugu. Nurmekunna-nimelise Germanistika Sihtasutuse m\u00e4lestus- ja t\u00e4nuraamat<\/strong>. Rakvere: VR Kirjastus, 2003, 90 lk.<br>Ott Kurs (koostaja), <strong>Pent Nurmekund \u2013 keeletark ja \u00f5petaja<\/strong>. Tartu: Eesti Keele Sihtasutus, 2014, 558 lk.<\/span><\/span><\/span><\/p>\n","protected":false},"excerpt":{"rendered":"<p>Pent Nurmekund (until 1936 Arthur Roosmann, 16 December 1906 \u2013 28 December 1996) was a linguist, founder of the Centre for Oriental Studies at the University of Tartu, associate professor at the University of Tartu and poet writing in the &#8230;<\/p>\n","protected":false},"author":43,"featured_media":0,"parent":653,"menu_order":0,"comment_status":"closed","ping_status":"closed","template":"","meta":{"_acf_changed":false,"inline_featured_image":false,"footnotes":""},"class_list":["post-1108","page","type-page","status-publish","hentry"],"acf":[],"_links":{"self":[{"href":"https:\/\/sisu.ut.ee\/ewod\/wp-json\/wp\/v2\/pages\/1108","targetHints":{"allow":["GET"]}}],"collection":[{"href":"https:\/\/sisu.ut.ee\/ewod\/wp-json\/wp\/v2\/pages"}],"about":[{"href":"https:\/\/sisu.ut.ee\/ewod\/wp-json\/wp\/v2\/types\/page"}],"author":[{"embeddable":true,"href":"https:\/\/sisu.ut.ee\/ewod\/wp-json\/wp\/v2\/users\/43"}],"replies":[{"embeddable":true,"href":"https:\/\/sisu.ut.ee\/ewod\/wp-json\/wp\/v2\/comments?post=1108"}],"version-history":[{"count":1,"href":"https:\/\/sisu.ut.ee\/ewod\/wp-json\/wp\/v2\/pages\/1108\/revisions"}],"predecessor-version":[{"id":3979,"href":"https:\/\/sisu.ut.ee\/ewod\/wp-json\/wp\/v2\/pages\/1108\/revisions\/3979"}],"up":[{"embeddable":true,"href":"https:\/\/sisu.ut.ee\/ewod\/wp-json\/wp\/v2\/pages\/653"}],"wp:attachment":[{"href":"https:\/\/sisu.ut.ee\/ewod\/wp-json\/wp\/v2\/media?parent=1108"}],"curies":[{"name":"wp","href":"https:\/\/api.w.org\/{rel}","templated":true}]}}