{"id":1100,"date":"2024-04-03T23:40:48","date_gmt":"2024-04-03T20:40:48","guid":{"rendered":"https:\/\/sisu.ut.ee\/ewod\/lipp\/"},"modified":"2024-04-04T00:08:11","modified_gmt":"2024-04-03T21:08:11","slug":"lipp","status":"publish","type":"page","link":"https:\/\/sisu.ut.ee\/ewod\/l\/lipp\/","title":{"rendered":"Martin Lipp"},"content":{"rendered":"<p>\n\t<a href=\"https:\/\/sisu.ut.ee\/ewod\/l\/lipp\/poems\"><strong><span style=\"font-size: medium;font-family: verdana, geneva\">Poems<\/span><\/strong><\/a><strong><span style=\"font-size: medium;font-family: verdana, geneva\"> <\/span><\/strong><span style=\"font-size: medium;font-family: verdana, geneva\"><a href=\"https:\/\/sisu.ut.ee\/wp-content\/uploads\/sites\/108\/martin_lipp_heinrich_riedel.jpg\" target=\"_self\" rel=\"noopener\"><img decoding=\"async\" alt=\"Martin Lipp\" src=\"https:\/\/sisu.ut.ee\/wp-content\/uploads\/sites\/108\/martin_lipp_heinrich_riedel.jpg\" style=\"float: right;width: 300px;height: 460px\" title=\"Photo: Heinrich Riedel\"><\/a><\/span>\n<\/p>\n<p>\n\t\u00a0\n<\/p>\n<p><span style=\"color:#000000\"><span style=\"font-size:13px\"><span style=\"font-family:Verdana,Geneva,sans-serif\">Martin Lipp (14\/2 April 1854 \u2013 8 March 1923) was a clergyman and poet.<\/span><\/span><\/span>\n<\/p>\n<p>\n\t<span style=\"color:#000000\"><span style=\"font-size:13px\"><span style=\"font-family:Verdana,Geneva,sans-serif\">He was born in Viljandi County, studied at Tarvastu parish school, Valga County School, Tartu Gymnasium and, in 1874\u20131878, theology at the University of Tartu, graduating with the degree of Candidate of Theology. He was assistant pastor at St John\u2019s congregation in Tartu, pastor at Kaarma in Saaremaa Island and headmaster of Kaarma Teachers\u2019 Seminary. From 1884\u20131923, he served as pastor at N\u00f5o in Tartu County. He was a member of the Society of Estonian Men of Letters, the Estonian Literary Society and the Learned Estonian Society. He died at N\u00f5o and is buried in the local cemetery.<\/span><\/span><\/span>\n<\/p>\n<p>\n\t<span style=\"color:#000000\"><span style=\"font-size:13px\"><span style=\"font-family:Verdana,Geneva,sans-serif\">During the national awakening movement, he supported <\/span><\/span><\/span><span style=\"font-size:13px\"><span style=\"font-family:Verdana,Geneva,sans-serif\"><a data-url=\"https:\/\/sisu.ut.ee\/ewod\/h\/hurt\" href=\"https:\/\/sisu.ut.ee\/ewod\/h\/hurt\" title=\"\">Jakob Hurt<\/a><\/span><\/span><span style=\"color:#000000\"><span style=\"font-size:13px\"><span style=\"font-family:Verdana,Geneva,sans-serif\">\u2019s views and began writing poetry by writing lyrics for choral songs. His first poems appeared in the press; the first collections were <em>Kodu Kannid<\/em> (\u2018Home Flowers\u2019, I 1897, II 1899), <em>Lihtsad lilled\u2026<\/em> (\u2018Simple Flowers\u2026\u2019, 1902) and <em>P\u00e4ikse kullas<\/em> (\u2018In the Gold of Sunshine\u2019, 1909). Lipp\u2019s bulky poetic heritage is mainly based on the models of German (post)romantic poetry. He has been characterised as an epigone typical of his era. The predominating themes are religion, nature, love and patriotism.\u00a0 Nowadays, Martin Lipp is probably primarily known for the lyrics of the patriotic song <em>Eesti lipp<\/em> (\u2018Estonian Flag\u2019), also known by its first words \u201c<em>Kaunistagem Eesti kojad<\/em>\u201d (\u201cLet\u2019s adorn the Estonian homes\u201d, composer Enn V\u00f5rk).<\/span><\/span><\/span>\n<\/p>\n<p>\n\t<span style=\"color:#000000\"><span style=\"font-size:13px\"><span style=\"font-family:Verdana,Geneva,sans-serif\">Staying in Finland as a student, Lipp became interested in Finnish literature and started to translate it into Estonian; for example, he published three collections <em>Soome uudisjutte<\/em> (\u2018Finnish Short Stories\u2019, 1882, 1883, 1885), Aleksis Kivi\u2019s play <em>Y\u00f6 ja p\u00e4iv\u00e4<\/em>, (\u2018Night and Day\u2019), etc. Lipp also translated the ballads of the German classics Schiller, Heine and others.<\/span><\/span><\/span>\n<\/p>\n<p>\n\t<span style=\"color:#000000\"><span style=\"font-size:13px\"><span style=\"font-family:Verdana,Geneva,sans-serif\">Lipp contributed essentially to research of church history and published diverse religious literature in abundance. He can be considered the founder of genealogical research in Estonia \u2013 he published studies about the histories of the families of Masing (1907) and Karell (1932).<\/span><\/span><\/span>\n<\/p>\n<p>\n\t<em><span style=\"color:#000000\"><span style=\"font-size:13px\"><span style=\"font-family:Verdana,Geneva,sans-serif\">A. K. (Translated by I. A.)<\/span><\/span><\/span><\/em><\/p>\n<p>\u00a0\n<\/p>\n<p>\n\t<span style=\"font-size:16px\"><strong><span style=\"color:#000000\"><span style=\"font-family:Verdana,Geneva,sans-serif\">Books in Estonian<\/span><\/span><\/strong><\/span>\n<\/p>\n<p>\n\t<span style=\"color:#000000\"><span style=\"font-size:13px\"><span style=\"font-family:Verdana,Geneva,sans-serif\"><strong><em>Poetry collections<\/em><\/strong><br><strong>Kodu Kannid. 1. kimp<\/strong>. Jurjev: H. Laakmann, 1897, 176 lk.<br><strong>Kodu Kannid. 2. kimp<\/strong>. Peterburi: J. Palmgreni raamatukauplus, 1899, 256 lk.<br><strong>Lihtsad Lilled p\u00f5llu peenralt ja niidu n\u00f5lwalt. Kodu kannide 3. anne<\/strong>. J. Ploompuu raamatukauplus, 1902, 163 lk.<br><strong>P\u00e4ikse kullas<\/strong>. Tartu: K. S\u00f6\u00f6t, 1909, 223 lk.<br><strong>Hilised \u00f5ied<\/strong>. Toim. Mare Kanarbik, Madis Kanarbik, Mart Jaanson. N\u00f5o: EELK N\u00f5o P\u00fcha Laurentsiuse Kogudus, 2021, 423 lk.<\/span><\/span><\/span>\n<\/p>\n<p>\n\t<span style=\"color:#000000\"><span style=\"font-size:13px\"><span style=\"font-family:Verdana,Geneva,sans-serif\"><strong><em>Theological literature<\/em><\/strong><br><strong>Kristliku kiriku lugu<\/strong>. Tallinn, 1892, 246 lk.<br><strong>Piibli lugu seletustega: 1. raamat<\/strong>, Wana Seaduse Lugu ehk Meie \u00f5nnistuse ettewalmistamine. Tallinn: K. Busch, 1892, 227 lk. [2. tr\u00fckk: 1898.]<br><strong>Piibli lugu seletustega: 2. raamat<\/strong>, Uue Seaduse Lugu ehk Meie \u00f5nnistuse t\u00e4idesaatmine ja meie igawene \u00e4ralunastamine Jeesuse Kristuse, meie Issanda, l\u00e4bi. Tallinn: K. Busch, 1893, 317 lk. [2. tr\u00fckk: 1903.]<br><strong>Koolilaste Piibli lugu<\/strong> ehk Wana ja uue Seaduse piibli jutustused salmidega. Tallinn: K. Busch, 1893, 360 lk. [J\u00e4rgmised tr\u00fckid: 1894, 1897, 1898, 1901, 1907.]<br><strong>Ristirahwa Kodu-raamat. 1. jagu<\/strong>, Kodu-Kannel ehk waimulikud laulud kristlikule perekonnale. Jurjev: M. Varese raamatukauplus, 1894, 224 lk.<br><strong>Ristirahwa Kodu-raamat. 2. jagu<\/strong>, Kodu-Altar ehk palwed ja tr\u00f6\u00f6sti h\u00e4\u00e4led kristlikule perekonnale. Jurjev: M. Varese raamatukauplus, 1894, 215 lk.<br><strong>Kodumaa kiriku ja hariduse lugu. Esimene raamat<\/strong>, Katoliku kiriku ajast Rootsi aja l\u00f5puni. Jurjev: H. Laakmann, 1895, 267 lk.<br><strong>Katekismuse kool ehk Juhatused Lutheruse w\u00e4ikse katekismuse arusaamiseks ja seletuseks. 1. kooliaasta, 1. p\u00e4\u00e4t\u00fckk<\/strong>. Jurjev: M. Varese raamatukauplus, 1895, 216 lk.<br><strong>Katekismuse kool ehk Juhatused Lutheruse w\u00e4ikse katekismuse arusaamiseks ja seletuseks. 2. kooliaasta, 2. p\u00e4\u00e4t\u00fckk<\/strong>. Jurjev: M. Varese raamatukauplus, 1896, 327 lk.<br><strong>Kooli Katekismus ehk \u00d5ndsa Lutheruse W\u00e4ike Katekismus seletustega<\/strong>. Jurjev: M. Varese raamatukauplus, 1896, 176 lk. [J\u00e4rgmised tr\u00fckid: 1900, 1904, 1906, 1907.]<br><strong>Katekismuse kool ehk Juhatused Lutheruse w\u00e4ikse katekismuse arusaamiseks ja seletuseks. 3. kooliaasta, 3., 4. ja 5. p\u00e4\u00e4t\u00fckk<\/strong>. Jurjev: M. Varese raamatukauplus, 1897, 196 lk.<br><strong>Kodumaa kiriku ja hariduse lugu. T\u00f5ine raamat, Uuem aeg : Wene walitsuse algusest meie p\u00e4iwini. Esimene anne: Esimesed sada aastat Wene kotka warju all<\/strong>. Jurjev, 1898, 143 lk.<br><strong>Koolilaste kirikulugu<\/strong>. Tallinn: K. Busch, 1898, 191 lk. [J\u00e4rgmised tr\u00fckid: 1901, 1904, 1908, 1910, 1915.]<br><strong>L\u00fchike Kodumaa Kirikulugu<\/strong>. \u00dcle\u00fcldise kirikuloo lisaks oma \u201cKodumaa kiriku- ja hariduse loo\u201d j\u00e4rele kokkuw\u00f5tlikult \u00fcles t\u00e4hendanud M. Lipp. Tallinn: K. Busch,\u00a0 1898, 40 lk. [2. tr\u00fckk: 1899.]<br><strong>Kodumaa kiriku ja hariduse lugu. T\u00f5ine raamat, Uuem aeg : Wene walitsuse algusest meie p\u00e4ewini: T\u00f5ine anne: Meie aastasaja algusest k\u00f5ige uuema ajani<\/strong>. Jurjev: Kristliku rahvakirjanduse agentur, 1899, 220 lk.<br><strong>Piltidega Piibli-Lugu<\/strong>: Mitme lisa ja Pal\u00e4stiinamaa kaardiga. Tallinn: A. Busch, 1904. [J\u00e4rgmised tr\u00fckid: 1905, 1908, 1909, 1911, 1913, 1916, 1917.]<br><strong>Lutheruse W\u00e4ike Katekismus<\/strong>. Tartu: K. S\u00f6\u00f6t, 1908, 146 lk. [2. tr\u00fckk: 1915.]<\/span><\/span><\/span>\n<\/p>\n<p>\n\t<span style=\"color:#000000\"><span style=\"font-size:13px\"><span style=\"font-family:Verdana,Geneva,sans-serif\"><strong><em>Literature for children<\/em><\/strong><br><strong>Laste J\u00f5ulu Leht: 1. anne<\/strong>. Jurjev, 1898, 32 lk.<br><strong>Laste J\u00f5ulu Leht: 2. anne<\/strong>. Jurjev: Kristliku rahvakirjanduse agentur, 1899, 40 lk.<br><strong>Laste J\u00f5ulu Leht: 3. anne<\/strong>. Jurjev: Kristliku rahvakirjanduse agentur, 1900, 40 lk.<br><strong>Laste J\u00f5ulu Leht: 4. anne<\/strong>. Jurjev: Kristliku rahvakirjanduse agentur, 1902, 36 lk.<br><strong>Laste J\u00f5ulu-album<\/strong>: jutte ja luuletusi. Peterburi: J. Palmgreni raamatukauplus, 1900, 22 lk.<\/span><\/span><\/span>\n<\/p>\n<p>\n\t<span style=\"color:#000000\"><span style=\"font-size:13px\"><span style=\"font-family:Verdana,Geneva,sans-serif\"><strong><em>Memoirs<\/em><\/strong><br><strong>Minu elum\u00e4lestused: noorest p\u00f5lvest kuni aastani 1910<\/strong>. Koost. ja toim. M. Kanarbik. Tartu: Eesti Kirjandusmuuseumi Teaduskirjastus, 2013, 269 lk.<br><strong>Minu elum\u00e4lestused. Teine anne, Aeg p\u00e4\u00e4le 1910. aasta<\/strong>. Koost. ja toim. M. Kanarbik. Tartu: EELK N\u00f5o P\u00fcha Laurentsiuse Kogudus, 2017, 335 lk.<\/span><\/span><\/span><\/p>\n<p><strong><em>Genealogy<\/em><\/strong><br><strong>Masingite suguv\u00f5sa<\/strong>: haridus- ja perekonnaloolised uurimised. Tartu: Postimees, 1907, 216 lk.<br><strong>Karellide suguv\u00f5sa<\/strong>: haridus- ja perekonnaloolised uurimused. Tartu: A. Annuk, 1932, 114 lk.<\/p>\n","protected":false},"excerpt":{"rendered":"<p>Poems \u00a0 Martin Lipp (14\/2 April 1854 \u2013 8 March 1923) was a clergyman and poet. He was born in Viljandi County, studied at Tarvastu parish school, Valga County School, Tartu Gymnasium and, in 1874\u20131878, theology at the University of &#8230;<\/p>\n","protected":false},"author":43,"featured_media":0,"parent":631,"menu_order":0,"comment_status":"closed","ping_status":"closed","template":"","meta":{"_acf_changed":false,"inline_featured_image":false,"footnotes":""},"class_list":["post-1100","page","type-page","status-publish","hentry"],"acf":[],"_links":{"self":[{"href":"https:\/\/sisu.ut.ee\/ewod\/wp-json\/wp\/v2\/pages\/1100","targetHints":{"allow":["GET"]}}],"collection":[{"href":"https:\/\/sisu.ut.ee\/ewod\/wp-json\/wp\/v2\/pages"}],"about":[{"href":"https:\/\/sisu.ut.ee\/ewod\/wp-json\/wp\/v2\/types\/page"}],"author":[{"embeddable":true,"href":"https:\/\/sisu.ut.ee\/ewod\/wp-json\/wp\/v2\/users\/43"}],"replies":[{"embeddable":true,"href":"https:\/\/sisu.ut.ee\/ewod\/wp-json\/wp\/v2\/comments?post=1100"}],"version-history":[{"count":1,"href":"https:\/\/sisu.ut.ee\/ewod\/wp-json\/wp\/v2\/pages\/1100\/revisions"}],"predecessor-version":[{"id":3971,"href":"https:\/\/sisu.ut.ee\/ewod\/wp-json\/wp\/v2\/pages\/1100\/revisions\/3971"}],"up":[{"embeddable":true,"href":"https:\/\/sisu.ut.ee\/ewod\/wp-json\/wp\/v2\/pages\/631"}],"wp:attachment":[{"href":"https:\/\/sisu.ut.ee\/ewod\/wp-json\/wp\/v2\/media?parent=1100"}],"curies":[{"name":"wp","href":"https:\/\/api.w.org\/{rel}","templated":true}]}}