{"id":1096,"date":"2024-04-03T23:40:47","date_gmt":"2024-04-03T20:40:47","guid":{"rendered":"https:\/\/sisu.ut.ee\/ewod\/novels-et-56\/"},"modified":"2024-04-04T00:08:14","modified_gmt":"2024-04-03T21:08:14","slug":"novels","status":"publish","type":"page","link":"https:\/\/sisu.ut.ee\/ewod\/u\/lembituustulnd\/novels\/","title":{"rendered":"Lembit Uustulnd &#8211; novels"},"content":{"rendered":"<p><strong><span style=\"font-family: verdana, geneva;font-size: medium\">Books<\/span><\/strong><\/p>\n<p><strong><em><span style=\"font-family: verdana, geneva\">Latvian<\/span><\/em><\/strong><br><span style=\"font-family: verdana, geneva\"><strong>Dzi\u013cj\u016bra<\/strong>. No igau\u0146u valodas tulkojis Druvis \u0100brams. Riga: Ide Roz\u012btes, 2018, 336 pp. [\u2018S\u00fcvameri\u2019.]<br>Lembits \u016astulnds, <strong>Antverpenes \u0161\u016bpu\u013czirdzi\u0146\u0161<\/strong>. No igau\u0146u valodas tulkojis Druvis \u0100brams. R\u012bg\u0101: Lauku Avize, 2016, 493 pp. [\u2018Kiikhobune Antwerpenist\u2019.]<\/span><\/p>\n","protected":false},"excerpt":{"rendered":"<p>Books LatvianDzi\u013cj\u016bra. No igau\u0146u valodas tulkojis Druvis \u0100brams. Riga: Ide Roz\u012btes, 2018, 336 pp. [\u2018S\u00fcvameri\u2019.]Lembits \u016astulnds, Antverpenes \u0161\u016bpu\u013czirdzi\u0146\u0161. No igau\u0146u valodas tulkojis Druvis \u0100brams. R\u012bg\u0101: Lauku Avize, 2016, 493 pp. [\u2018Kiikhobune Antwerpenist\u2019.]<\/p>\n","protected":false},"author":43,"featured_media":0,"parent":1089,"menu_order":0,"comment_status":"closed","ping_status":"closed","template":"","meta":{"_acf_changed":false,"inline_featured_image":false,"footnotes":""},"class_list":["post-1096","page","type-page","status-publish","hentry"],"acf":[],"_links":{"self":[{"href":"https:\/\/sisu.ut.ee\/ewod\/wp-json\/wp\/v2\/pages\/1096","targetHints":{"allow":["GET"]}}],"collection":[{"href":"https:\/\/sisu.ut.ee\/ewod\/wp-json\/wp\/v2\/pages"}],"about":[{"href":"https:\/\/sisu.ut.ee\/ewod\/wp-json\/wp\/v2\/types\/page"}],"author":[{"embeddable":true,"href":"https:\/\/sisu.ut.ee\/ewod\/wp-json\/wp\/v2\/users\/43"}],"replies":[{"embeddable":true,"href":"https:\/\/sisu.ut.ee\/ewod\/wp-json\/wp\/v2\/comments?post=1096"}],"version-history":[{"count":1,"href":"https:\/\/sisu.ut.ee\/ewod\/wp-json\/wp\/v2\/pages\/1096\/revisions"}],"predecessor-version":[{"id":3988,"href":"https:\/\/sisu.ut.ee\/ewod\/wp-json\/wp\/v2\/pages\/1096\/revisions\/3988"}],"up":[{"embeddable":true,"href":"https:\/\/sisu.ut.ee\/ewod\/wp-json\/wp\/v2\/pages\/1089"}],"wp:attachment":[{"href":"https:\/\/sisu.ut.ee\/ewod\/wp-json\/wp\/v2\/media?parent=1096"}],"curies":[{"name":"wp","href":"https:\/\/api.w.org\/{rel}","templated":true}]}}