{"id":1095,"date":"2024-04-03T23:40:47","date_gmt":"2024-04-03T20:40:47","guid":{"rendered":"https:\/\/sisu.ut.ee\/ewod\/crjakobson\/"},"modified":"2025-08-28T11:37:36","modified_gmt":"2025-08-28T08:37:36","slug":"crjakobson","status":"publish","type":"page","link":"https:\/\/sisu.ut.ee\/ewod\/j\/crjakobson\/","title":{"rendered":"Carl Robert Jakobson"},"content":{"rendered":"<h4 class=\"wp-block-heading\"><span style=\"font-family: Verdana,Geneva,sans-serif;\"><span style=\"font-size: medium;\"><strong><a href=\"https:\/\/sisu.ut.ee\/ewod\/j\/crjakobson\/poems\">Poems<\/a><\/strong> <a href=\"https:\/\/sisu.ut.ee\/wp-content\/uploads\/sites\/108\/a-82-4_c.r.jakobson.jpg\" target=\"_self\" rel=\"noopener\"><img decoding=\"async\" style=\"float: right; width: 300px; height: 501px;\" title=\"Photo: J. Steinberg (St. Petersburg)\" src=\"https:\/\/sisu.ut.ee\/wp-content\/uploads\/sites\/108\/a-82-4_c.r.jakobson.jpg\" alt=\"Carl Robert Jakobson\"><\/a><\/span><\/span><\/h4>\n\n\n\n<h4 class=\"wp-block-heading\"><span style=\"font-family: Verdana,Geneva,sans-serif;\"><strong><span style=\"font-size: 16px;\"><a title=\"\" href=\"https:\/\/sisu.ut.ee\/ewod\/j\/crjakobson\/plays\" data-url=\"https:\/\/sisu.ut.ee\/ewod\/j\/crjakobson\/plays\">Plays<\/a><\/span><\/strong><\/span><\/h4>\n\n\n\n<h4 class=\"wp-block-heading\"><span style=\"font-family: Verdana,Geneva,sans-serif;\"><a href=\"https:\/\/sisu.ut.ee\/ewod\/j\/crjakobson\/nonfiction\"><strong><span style=\"font-size: medium;\">Non-fiction<\/span><\/strong><\/a><\/span><\/h4>\n\n\n\n<h4 class=\"wp-block-heading\"><span style=\"font-family: Verdana,Geneva,sans-serif;\"><a href=\"https:\/\/sisu.ut.ee\/ewod\/j\/crjakobson\/about\"><strong><span style=\"font-size: medium;\">About Carl Robert Jakobson<\/span><\/strong><\/a><\/span><br><\/h4>\n\n\n\n<p><br>Carl Robert Jakobson (pseudonym C. R. Linnutaja; 26.\/14. VII 1841 \u2013 19.\/7. VII 1882) was an Estonian social activist, publicist, writer and pedagogue. He became an influential leader of the radical wing of the national movement, was an outstanding orator, and a reformer of the national school curriculum.<\/p>\n\n\n\n<p><span style=\"color: #000000;\"><span style=\"font-family: Verdana,Geneva,sans-serif;\">Jakobson was born in Tartu, and grew up at Torma in J\u00f5gevamaa county, where his father was a sacrist and parish schoolmaster. He attended the school and studied under tutors, continuing his schooling from 1856 to 1859 at J\u0101nis Cimze\u2019s seminary for teachers and sacrists in Valga. From 1859 to 1862 Jakobson succeeded his father as a sacrist and teacher at Torma school, but he left there because of disagreements with the local landowner and pastor. He worked as a schoolteacher at Yamburg and St. Petersburg, and in 1864 he passed the examination for gymnasium teachers in German and literature at the University of St. Petersburg. Jakobson\u2019s views were strongly shaped by the group of Estonian intellectuals called \u2018the patriots of St. Petersburg\u2019, whom he joined and under whose influence he began his activity as a publicist and educational writer. In 1871-1872 he lived in Tallinn; from 1872 to 1874 he was a parish clerk in Vana- and Uus-V\u00e4ndra. In 1874 Jakobson bought Kurgja farm at Uus-V\u00e4ndra, which he intended to turn into a model farm. From 1878 Jakobson edited the newspaper <em>Sakala<\/em> in Viljandi. He was a founder member of the Society of Estonian Men of Letters, and its president from 1881, a leading figure in several societies, and a patron of the founding of the Estonian Alexander School; from 1870 a member of its head committee. Jakobson died of pneumonia and was buried at Kurgja. Jakobson\u2019s memorial statues are found at Kurgja, Torma and Viljandi; there are plaques in his memory in Viljandi and Tallinn. In 1950 the C.R. Jakobson Farm Museum was set up at Kurgja; there are streets named after him in several Estonian towns. Jakobson\u2019s image was on the five-hundred kroon banknote of the Republic of Estonia from 1992-2010. \u00a0<\/span><\/span><\/p>\n\n\n\n<p><span style=\"color: #000000;\"><span style=\"font-family: Verdana,Geneva,sans-serif;\">From 1865 Jakobson developed into a major public figure \u2013 he contributed to the newspaper <em>Eesti Postimees<\/em>, and later to the liberal Russian- and German-language papers. In 1868 Jakobson\u2019s application to establish an Estonian-language newspaper in St. Petersburg was turned down. In the columns he sent to <em>Eesti Postimees<\/em> he spoke of the need to improve conditions in schools, reduce the amount of religious instruction and pay more attention in schools to civic development. Jakobson helped to develop the public schools with his readers in a new orthography <em>Uus Aabistaraamat<\/em> (\u2018New ABC book\u2019, 1867) and the three-part <em>Kooli Lugemise raamat<\/em> (\u2018School Reading Book\u2019, 1867-1876), which was widely distributed among the people at the time and was still in use in schools in the first decade of the twentieth century. In addition he was also the originator of pedagogically sound textbooks in German, geography and choir\u00a0singing, and a reader for girls, <em>Helmed<\/em> (\u2018Pearls\u2019, 1880). Jakobson regarded as important a secular education based on the natural sciences, and his schoolbooks paid attention to information about the Estonians\u2019 land, history, living conditions and culture. Jakobson\u2019s readers were the first anthologies of Estonian literature (primarily lyric verse). Jakobson was also the first to familiarise schoolchildren with the epic <em>Kalevipoeg<\/em>, and with judicious excerpting, made the core of the epic\u2019s ideas familiar and comprehensive to broader circles of people. He also published choral songbooks, which helped the development of Estonian choir singing. Jakobson paid great attention to economic problems, and was the first to provide Estonian peasant farmers with basic information about husbandry. Jakobson was elected president of both the P\u00e4rnu and Viljandi farmers\u2019 associations (1873 and 1875 respectively) and he established Estonian-language agricultural literature.<\/span><\/span><\/p>\n\n\n\n<p><span style=\"color: #000000;\"><span style=\"font-family: Verdana,Geneva,sans-serif;\">In the eighteen-seventies Jakobson devoted himself more and more to politics. In 1868 and 1870 he addressed the Vanemuine Society with \u201cThree speeches about the Fatherland\u201d\u00a0(as a book in 1870), the aim of which was to awaken a national sense in the Estonians. In the first speech, \u2018The Estonian Nation\u2019s Times of Light, Darkness and Dawn\u2019, Jakobson idealized, in contrast to the view of the Baltic Germans, the ancient liberty of the Estonians as a time of light, and the invasion by the crusading knights as the beginning of darkness. As the dawn Jakobson viewed the ascension of Tsar Alexander II to the throne and the ensuing reforms. In the second speech, \u2018The Battlefield of the Estonian Mind\u2019, he dealt with the beginnings of Estonian cultural history and predicted the imminent ascent of Estonian culture. In the third speech, \u2018Belief in Witchcraft and Witch-trials\u2019, he concentrated on the problems of heresy and witch-trials in the context of European history, and warned Estonians against superstition.\u00a0<\/span><\/span><\/p>\n\n\n\n<p><span style=\"color: #000000;\"><span style=\"font-family: Verdana,Geneva,sans-serif;\">The summit of Jakobson\u2019s political activity was the newspaper <em>Sakala<\/em>, which started appearing in 1878. This high-quality paper, popular with the public, criticised the current agrarian system, the power of the nobility and social stratification, demanded the creation of a single Estonian governorate and a reform of the courts. The paper supported and gave vent to populist and national initiatives. Jakobson regarded farm purchase in perpetuity as very important, as well as the establishment of Estonian-language schools and their liberation from the primacy of the church, and strove for girls to get as high an education as possible. However, this brought conflicts with the Estonian clergy and ended up alienating the moderate activists in the national movement from <em>Sakala<\/em>. <em>Sakala<\/em> and its supplement were crucial to the development of Estonian literature and literary criticism, publishing the work of well-known Estonian authors and criticism of the latest books, and developing social satire. \u00a0\u00a0<\/span><\/span><\/p>\n\n\n\n<p><span style=\"color: #000000;\"><span style=\"font-family: Verdana,Geneva,sans-serif;\">Jakobson\u2019s poetical work is modest; he wrote a bit of doggerel, he made some attempts on the model of folk poetry, and translated the poetry of Goethe, Schiller, Heine and others. His only verse collection, <em>Lauliku C. R. Linnutaja laulud<\/em> (\u2018Songs of the Bard C. R. Linnutaja\u2019), contains mostly patriotic poems, nature and love lyrics, and children\u2019s songs. A more significant literary work is the play <em>Artur ja Anna<\/em>, which tells the story of the marriage of an unprejudiced landowner with an Estonian farm girl. The text is a confrontation with social inequalities and the heritage of the feudal system. It was first performed in 1873 at the Vanemuine theatre. \u00a0\u00a0<\/span><\/span><\/p>\n\n\n\n<p><span style=\"color: #000000;\"><span style=\"font-family: Verdana,Geneva,sans-serif;\">Whereas the old orthography based on High German spelling was mostly used in Estonian language before the eighteen-seventies, all of Jakobson\u2019s works were published in a new orthography based on Finnish, thus aiding the spread of the orthography and its rapid victory by the end of the decade.<\/span><\/span><\/p>\n\n\n\n<p><span style=\"color: #000000;\"><em><span style=\"font-family: Verdana,Geneva,sans-serif;\">A. N. (Translated by C. M.)<\/span><\/em><\/span><\/p>\n\n\n\n<p><span style=\"color: #000000;\"><span style=\"font-family: Verdana,Geneva,sans-serif;\"><strong><span style=\"font-size: 16px;\">Selected bibliography<\/span><\/strong><\/span><\/span><\/p>\n\n\n\n<p><span style=\"color: #000000;\"><span style=\"font-family: Verdana,Geneva,sans-serif;\"><span style=\"font-size: 13px;\"><strong>Weikene Geograafia ehk Maade teaduse k\u00e4siraamat<\/strong>.\u00a0Kolmes raamatus. Alamate koolide kohta kirja pannud C. R. Jakobson. Tartu: H. Laakmann, 1868, 180 lk.<br><strong>Kooli Lugemise raamat. 1. jagu<\/strong>. 80 pildiga. Kirja pannud C. R. Jakobson, g\u00fcmnaasi koolmeister. Tartu: H. Laakmann, 1867, 244 lk. [15. tr\u00fckk: 1906.]<br><strong>Kooli Lugemise raamat.\u00a02 jagu<\/strong>.\u00a046 pildiga. Kirja pannud C. R. Jakobson. Tartus: H. Laakmann, 1875, 216 lk. [4. tr\u00fckk: 1907.]<br><strong>Kooli Lugemise raamat.\u00a03. jagu<\/strong>.\u00a040 pildiga. Kirja pannud C. R. Jakobson g\u00fcmnaasi kooli\u00f5petaja. Tartu: H. Laakmann, 1876, 216 lk.<br><strong>Saksakeele \u00f5ppimise raamat koolidele = Deutches Sprachbuch f\u00fcr den Schulgebrauch. Esimene jagu<\/strong>. Kirja pannud C. R. Jakobson. Tartu: C. Mattiesen, 1878, 114 lk.<br><strong>Helmed.\u00a0Kooli lugemise raamat t\u00fctarlastele 24 pildiga<\/strong>. 1. jagu. Kirja pannud C. R. Jakobson. Tartu: K. Mattiesen, 1880, 187 lk.<br><strong>Uus Aabitsaraamat, kust wiiek\u00fcmne p\u00e4\u00e4waga lugema ja kirjutama w\u00f5ib \u00f5ppida<\/strong>. Kirja pannud C. R. Jakobson. Peterburi: 1867, 40 lk.<br><strong>Kolm isamaa \u00a0k\u00f5net<\/strong>. Tartus \u201eWanemuise\u201c seltsis pidanud C. R. Jakobson. Peterburi: 1870, 78 lk.<br><strong>Teadus ja seadus p\u00f5llul<\/strong>. 1. jagu. Neile p\u00f5llumeestele, kes oma asju m\u00f5istuse najal tahawad toimetada, kirja pannud C. R. Jakobson. Peterburi: 1869, 172 lk.<br><strong>Artur ja Anna ehk Wana ja uue aea inimesed<\/strong>. \u00dcks r\u00f5\u00f5mulik n\u00e4item\u00e4ng kolmes j\u00e4rgus. Luuletanud C. R. Linnutaja. Tartu: 1872, 69 lk.<br><strong>Valitud teosed. 1. k\u00f6ide<\/strong>. Koostanud Rudolf P\u00f5ldm\u00e4e. Tallinn: Eesti Riiklik Kirjastus, 1959, 503 lk.<br><strong>Valitud teosed. 2. k\u00f6ide<\/strong>. Artiklid. F\u00f6ljetonid. Tallinn: Eesti Riiklik Kirjastus, 1959, 487 lk.<br><strong>Kolm isamaa k\u00f5net. Faksiimilev\u00e4ljaanne k\u00e4sikirjast<\/strong>. Tallinn: Eesti Raamat, 1991, 126 lk.<br><strong>Kolm isamaa k\u00f5net. Kriitiline v\u00e4ljaanne k\u00e4sikirjast kommentaaride ja j\u00e4rels\u00f5naga<\/strong>. Teksti ette valmistanud ja j\u00e4rels\u00f5na: Rudolf P\u00f5ldm\u00e4e. \u00a0Tallinn: Eesti Raamat, 1991, 110 lk.\u00a0<\/span><\/span><\/span><\/p>\n\n\n\n<p><span style=\"color: #000000;\"><span style=\"font-family: Verdana,Geneva,sans-serif;\"><span style=\"font-size: 13px;\"><strong><em>About C. R. Jakobson<\/em><\/strong><br>Jakob Johanson-P\u00e4rna, <strong>Kuulus Eesti rahwa hariduse t\u00f6\u00f6taja Carl Robert Jakobson<\/strong>. Tallinn: 1891, 64 lk.<br>Anton J\u00fcrgenstein,\u00a0<strong>Carl Robert Jakobsoni elu ja t\u00f6\u00f6<\/strong>. Tartus: Eesti Kirjanduse Selts, 1925, 115 lk.<br>Hans Kruus, <strong>Carl Robert Jakobson v\u00f5itlejana<\/strong>. \u00c4\u00e4rejooni. Tartu: 1932, 16 lk.<br>Abel K\u00e4bin, <strong>C. R. Jakobson kui eesti p\u00f5llumeeste juht<\/strong>. Tallinn: P\u00f5llut\u00f6\u00f6koda, 1933, 109 lk.<br>Rudolf Kenkmaa, <strong>Carl Robert Jakobson Tallinnas: 1871\/72<\/strong>. Tallinn, 1939, 89 lk.<br>Jaan Roos, <strong>Carl Robert Jakobson: v\u00f5itleva rahvusluse pioneer<\/strong>. Tallinn: Kooli Kooperatiiv, 1940, 39 lk. [Sari \u2018Eesti rahvuslikud suurmehed: elulooline kirjastik noorsoole\u2019.]<br>Otto \u0160tein, <strong>C. R. Jakobsoni (1841-1882) \u00fchiskondlik-poliitilised vaated<\/strong>. Tallinn: Eesti Riiklik Kirjastus, 1957, 38 lk.<br><strong>C. R. Jakobson Kurgjal: kaasaegsete m\u00e4lestusi<\/strong>. Koostanud ja j\u00e4rels\u00f5na: August Mikk. V\u00e4ndra: Eesti NSV Kultuuriministeerium, 1965, 140 lk.<br>Ea Jansen, <strong>C. R. Jakobsoni \u201cSakala\u201d<\/strong>. Tallinn: Eesti Raamat, 1971, 352 lk.<br><strong>C. R. Jakobsoni \u201cSakala\u201d\u00a0ja Eesti ajakirjanduse teed<\/strong>. Artiklite kogumik. Koostanud Ea Jansen ja Juhan Peegel. Tallinn: Eesti Raamat, 1979, 147 lk.<br>Ea Jansen, <strong>Carl Robert Jakobson muutuvas ajas: m\u00e4rkmeid, piirjooni, m\u00f5tteid<\/strong>. Tallinn: Eesti Raamat, 1987, 188 lk.<br><strong>Carl Robert Jakobson ja Kurgja-Linnutaja<\/strong>. Koos. M. Karelson. Tallinn: Valgus, 1981, 77 lk.<br><strong>Carl Robert Jakobsonist ja tema algatuste edasiarendamisest<\/strong>. Koostanud. M. Karelson. Tallinn: Valgus, 1985, 82 lk.<br><strong>Carl Robert Jakobsonist \u2013 tema s\u00f5nast t\u00e4nap\u00e4evani<\/strong>. Koostanud M. Karelson. Tallinn: Valgus, 1988, 95 lk.<br>J\u00fcri Kuum, <strong>Carl Robert Jakobson \u2013 talurahva \u00f5petaja ja p\u00f5llumees<\/strong>. Saku: M. Tamberg, 2002, 206 lk.<br>Vello Paatsi, <strong>Tundmatu Carl Robert Jakobson<\/strong>. Tartu: Eesti Kirjandusmuuseum, 2006, 189 lk.<br><strong>Carl Robert Jakobson<\/strong>. Koostaja Lauri Vahtre. Tallinn: Meie Elu Kirjastus, 2014, 99 lk.<br>Tiina Toomet, <strong>C. R. Jakobson ja Kurgja-Linnutaja talu aed<\/strong>. Kurgja: C. R. Jakobsoni Talumuuseum, 2016, 30 lk.\u00a0<\/span><\/span><\/span><\/p>\n\n\n\n<p><span style=\"color: #000000;\"><span style=\"font-family: Verdana,Geneva,sans-serif;\"><span style=\"font-size: 13px;\"><strong><em>Fiction about C. R. Jakobson<\/em><\/strong><br>Mait Metsanurk, <strong>C. R. Jakobson. Dramaatiline kroonika 5 vaatuses epiloogiga<\/strong>. Tartu: Eesti Kirjastuse Kooperatiiv, 1935, 170 lk.<br>Oskar Kruus, <strong>Aeg atra seada<\/strong>. Kultuurilooline romaan. Tallinn: Eesti Raamat, 1986, 460 lk.<\/span><\/span><\/span><\/p>\n","protected":false},"excerpt":{"rendered":"<p>Poems Plays Non-fiction About Carl Robert Jakobson Carl Robert Jakobson (pseudonym C. R. Linnutaja; 26.\/14. VII 1841 \u2013 19.\/7. VII 1882) was an Estonian social activist, publicist, writer and pedagogue. He became an influential leader of the radical wing of &#8230;<\/p>\n","protected":false},"author":43,"featured_media":0,"parent":620,"menu_order":0,"comment_status":"closed","ping_status":"closed","template":"","meta":{"_acf_changed":false,"inline_featured_image":false,"footnotes":""},"class_list":["post-1095","page","type-page","status-publish","hentry"],"acf":[],"_links":{"self":[{"href":"https:\/\/sisu.ut.ee\/ewod\/wp-json\/wp\/v2\/pages\/1095","targetHints":{"allow":["GET"]}}],"collection":[{"href":"https:\/\/sisu.ut.ee\/ewod\/wp-json\/wp\/v2\/pages"}],"about":[{"href":"https:\/\/sisu.ut.ee\/ewod\/wp-json\/wp\/v2\/types\/page"}],"author":[{"embeddable":true,"href":"https:\/\/sisu.ut.ee\/ewod\/wp-json\/wp\/v2\/users\/43"}],"replies":[{"embeddable":true,"href":"https:\/\/sisu.ut.ee\/ewod\/wp-json\/wp\/v2\/comments?post=1095"}],"version-history":[{"count":8,"href":"https:\/\/sisu.ut.ee\/ewod\/wp-json\/wp\/v2\/pages\/1095\/revisions"}],"predecessor-version":[{"id":7560,"href":"https:\/\/sisu.ut.ee\/ewod\/wp-json\/wp\/v2\/pages\/1095\/revisions\/7560"}],"up":[{"embeddable":true,"href":"https:\/\/sisu.ut.ee\/ewod\/wp-json\/wp\/v2\/pages\/620"}],"wp:attachment":[{"href":"https:\/\/sisu.ut.ee\/ewod\/wp-json\/wp\/v2\/media?parent=1095"}],"curies":[{"name":"wp","href":"https:\/\/api.w.org\/{rel}","templated":true}]}}