{"id":1091,"date":"2024-04-03T23:40:47","date_gmt":"2024-04-03T20:40:47","guid":{"rendered":"https:\/\/sisu.ut.ee\/ewod\/nonfiction-et-59\/"},"modified":"2024-04-04T00:08:13","modified_gmt":"2024-04-03T21:08:13","slug":"nonfiction","status":"publish","type":"page","link":"https:\/\/sisu.ut.ee\/ewod\/w\/wagner\/nonfiction\/","title":{"rendered":"Kerttu Wagner &#8211; non-fiction"},"content":{"rendered":"<p>\n\t<span style=\"font-size:16px\"><span style=\"color:#000000\"><span style=\"font-family:Verdana,Geneva,sans-serif\"><strong>Books<\/strong><\/span><\/span><\/span>\n<\/p>\n<p>\n\t<span style=\"color:#000000\"><span style=\"font-size:13px\"><span style=\"font-family:Verdana,Geneva,sans-serif\"><strong><em>German<\/em><\/strong><br><strong>Die historischen Romane von Jaan Kross. Am Beispiel einer Untersuchung der deutschen und englischen \u00dcbersetzungen von Professor Martensi \u00e4ras\u00f5it (1984)<\/strong>. Series: Europ\u00e4ische Hochschulschriften \/ European University Studies \/ Publications Universitaires Europ\u00e9ennes, vol 97. Frankfurt am Main et al: Peter Lang, 2001, 290 pp. [A dissertation.]<\/span><\/span><\/span><\/p>\n","protected":false},"excerpt":{"rendered":"<p>Books GermanDie historischen Romane von Jaan Kross. Am Beispiel einer Untersuchung der deutschen und englischen \u00dcbersetzungen von Professor Martensi \u00e4ras\u00f5it (1984). Series: Europ\u00e4ische Hochschulschriften \/ European University Studies \/ Publications Universitaires Europ\u00e9ennes, vol 97. Frankfurt am Main et al: Peter &#8230;<\/p>\n","protected":false},"author":43,"featured_media":0,"parent":1075,"menu_order":0,"comment_status":"closed","ping_status":"closed","template":"","meta":{"_acf_changed":false,"inline_featured_image":false,"footnotes":""},"class_list":["post-1091","page","type-page","status-publish","hentry"],"acf":[],"_links":{"self":[{"href":"https:\/\/sisu.ut.ee\/ewod\/wp-json\/wp\/v2\/pages\/1091","targetHints":{"allow":["GET"]}}],"collection":[{"href":"https:\/\/sisu.ut.ee\/ewod\/wp-json\/wp\/v2\/pages"}],"about":[{"href":"https:\/\/sisu.ut.ee\/ewod\/wp-json\/wp\/v2\/types\/page"}],"author":[{"embeddable":true,"href":"https:\/\/sisu.ut.ee\/ewod\/wp-json\/wp\/v2\/users\/43"}],"replies":[{"embeddable":true,"href":"https:\/\/sisu.ut.ee\/ewod\/wp-json\/wp\/v2\/comments?post=1091"}],"version-history":[{"count":1,"href":"https:\/\/sisu.ut.ee\/ewod\/wp-json\/wp\/v2\/pages\/1091\/revisions"}],"predecessor-version":[{"id":3983,"href":"https:\/\/sisu.ut.ee\/ewod\/wp-json\/wp\/v2\/pages\/1091\/revisions\/3983"}],"up":[{"embeddable":true,"href":"https:\/\/sisu.ut.ee\/ewod\/wp-json\/wp\/v2\/pages\/1075"}],"wp:attachment":[{"href":"https:\/\/sisu.ut.ee\/ewod\/wp-json\/wp\/v2\/media?parent=1091"}],"curies":[{"name":"wp","href":"https:\/\/api.w.org\/{rel}","templated":true}]}}