{"id":1086,"date":"2024-04-03T23:40:46","date_gmt":"2024-04-03T20:40:46","guid":{"rendered":"https:\/\/sisu.ut.ee\/ewod\/eisen\/"},"modified":"2024-04-04T00:08:16","modified_gmt":"2024-04-03T21:08:16","slug":"eisen","status":"publish","type":"page","link":"https:\/\/sisu.ut.ee\/ewod\/e\/eisen\/","title":{"rendered":"Matthias Johann Eisen"},"content":{"rendered":"<p><span style=\"font-family: verdana, geneva;font-size: medium\" data-mce-mark=\"1\"><a href=\"https:\/\/sisu.ut.ee\/ewod\/e\/eisen\/poems\"><strong>Poems<\/strong><\/a><a href=\"\/wp-content\/uploads\/sites\/108\/eisen_m._j.jpg\"><img loading=\"lazy\" decoding=\"async\" style=\"float: right\" src=\"\/wp-content\/uploads\/sites\/108\/eisen_m._j.jpg\" alt=\"Matthias Johann Eisen. Photo: Reinhold Sachker\" title=\"Photo by Reinhold Sachker\" width=\"200\" height=\"333\"><\/a><\/span><\/p>\n<p><span style=\"font-family: verdana, geneva;font-size: medium\" data-mce-mark=\"1\"><a href=\"https:\/\/sisu.ut.ee\/ewod\/e\/eisen\/fairytales\"><strong>Fairy Tales<\/strong><\/a><\/span><\/p>\n<p><span style=\"font-family: verdana, geneva;font-size: medium\" data-mce-mark=\"1\"><a href=\"https:\/\/sisu.ut.ee\/ewod\/e\/eisen\/plays\"><strong>Plays<\/strong><\/a><\/span><\/p>\n<p><span style=\"font-family: verdana, geneva\" data-mce-mark=\"1\">Matthias Johann Eisen (28. IX 1857 \u2013 06. VIII 1934) was an Estonian folkorist and poet, primarily known for his translation work of the Finnish epic Kalevala and his collections of Estonian folk songs, tales and riddles, which total over 90,000 pages. Eisen was born in Vigala Parish in western Estonia. He went to high school in P\u00e4rnu from 1875\u20131879 and then studied theology at the University of Tartu from 1879\u20131885. After graduation, he worked as a pastor in Karelia and Ingria. From 1912 to 1919, he taught at a middle school, and then became a professor of folklore at the University of Tartu in 1920, where he taught for seven years. In 1934, he was awarded an honorary Doctorate of Theology at the University of Tartu.\u00a0<\/span><\/p>\n\n<p><span style=\"font-family: verdana, geneva\" data-mce-mark=\"1\">Eisen began writing while still a student in P\u00e4rnu. He contributed to Perno Postimees (a newspaper) and by the age of nineteen was heavily invested in the study of Estonian history, particularly concepts of place and culture, and even later wrote histories himself. His interest in these themes eventually led to his contributions toward Estonian folkloristics, particularly the organization and classification of Estonian folk tales as well as several collected publications of fairytales and riddles. As a university student, Eisen published the collection of folktales <em>Esivanemate varandus<\/em> (\u2018Ancestral Treasure\u2019, 1882) and a book of fairytales, <em>Endise p\u00f5lve p\u00e4randus<\/em> (\u2018The Inheritance of the Former Generation\u2019, 1883). Additionally, he put together the poetry anthology <em>Eesti luuletused<\/em> (\u2018Estonian Poems\u2019) in 1881 and assisted with compiling a collection of riddles, <em>Eesti rahva m\u00f5istatused<\/em> (\u2018Riddles of the Estonians\u2019) and its subsequent publication in 1889. In 1892, Eisen, with the help of coworkers, began compiling folklore by hand, even duplicating some of Jakob Hurt\u2019s work. The compilation continued until his death, which contained a collection of over 17,000 folk songs and 25,000 folk tales. The collected material was published in the form of \u2018national books\u2019 \u2013 widely circulated cheap publications for common people.<\/span><\/p>\n\n<p><span style=\"font-family: verdana, geneva\" data-mce-mark=\"1\">Eisen worked intensively on translations of various stories and verses. He versified Friedrich Robert Faehlmann\u2019s myths, legends, and historical subjects and wrote the pseudo-mythological epic poem <em>K\u00f5u ja Pikker<\/em> (\u2018Thunder and Lightning\u2019, 1919). From 1891\u20131898 he worked on the translation of <em>Kalevala<\/em> and published several versions of it.<\/span><\/p>\n\n<p><span style=\"font-family: verdana, geneva\" data-mce-mark=\"1\">In addition to his spiritual essays and folkloristic research, Eisen published six collections of poetry: <em>Lehekuu\u00f5ied<\/em> (\u2018The Flowers of May\u2019, 1876), <em>Taaralaste kannel<\/em> (\u2018The lyre of the Taara people\u2019,1877), <em>S\u00e4demed<\/em> (\u2018Sparks\u2019, 1885), <em>Uus laulik<\/em> (\u2018New Songbook\u2019, 1887), <em>Minu laulud<\/em> (\u2018My Songs\u2019, 1890), and <em>Laulik<\/em> (\u2018Bard\u2019, 1902). Eisen\u2019s work often contained spiritual and mythological themes and was heavily influenced by his background in folkloristics. He opted for a lighter, vague style, focusing more on trends of epic folk poetry rather than on content-rich lyrics, such as in the folk poems <em>Kuldja<\/em> (1923) and <em>Kaks Kuningapoega<\/em> (\u2018Two Princes\u2019, 1925). Eisen published a biographical series with his co-authors comprised of six notebooks titled <em>T\u00e4htsad mehed<\/em> (\u2018Important Men\u2019) from 1883\u20131884. Additionally he wrote rudimentary plays as a means of teaching morals.<\/span><\/p>\n\n<p><span style=\"font-family: verdana, geneva\" data-mce-mark=\"1\">Eisen died in Tartu in 1934 and was buried in the Tartu Raadi graveyard.<\/span><\/p>\n\n<p><span style=\"font-family: verdana, geneva\" data-mce-mark=\"1\"><em>M.M.<\/em><\/span><\/p>\n<p><strong><span style=\"font-family: verdana, geneva;font-size: medium\" data-mce-mark=\"1\">Books in Estonian: a selected bibliography<\/span><\/strong><\/p>\n<p><em><strong><span style=\"font-family: verdana, geneva\">Folk tales, legends, riddles, jokes, proverbs<\/span><\/strong><\/em><br><span style=\"font-family: verdana, geneva\"><strong>Esivanemate varandus<\/strong>:<\/span><br><span style=\"font-family: verdana, geneva\">\u2018Esiwanemate warandus: Kohalised Eesti muinasjutud: 1. anne\u2019. Tartu: Schnakenburg, 1882, 96 lk. [2., t\u00e4iendatud tr\u00fckk: Tartu: Hermann, 1908, 63 lk; 3. tr\u00fckk: Tartu: Hermann, 1922, 63 lk; e-raamat 1882. aasta v\u00e4ljaande p\u00f5hjal: Tartu: Tartu Oskar Lutsu nimeline Linnaraamatukogu, 2012.]<\/span><br><span style=\"font-family: verdana, geneva\">\u2018Esiwanemate varandus\u2019. Koostanud Herbert Tampere. Tallinn: Eesti Riiklik Kirjastus, 1958, 252 lk.<\/span><br><span style=\"font-family: verdana, geneva\">\u2018Esivanemate varandus. Kohalised Eesti muinasjutud\u2019. Tartu: Eesti Kirjandusmuuseum, 2002, <a href=\"http:\/\/www.folklore.ee\/rl\/pubte\/ee\/vanad\/eisen\/koha\/\" target=\"_blank\" rel=\"noopener\">http:\/\/www.folklore.ee\/rl\/pubte\/ee\/vanad\/eisen\/koha\/<\/a><\/span><br><span style=\"font-family: verdana, geneva\">\u2018Esivanemate varandus. II, Kodused jutud\u2019. Tartu: Eesti Kirjandusmuuseum, 2002, <a href=\"http:\/\/www.folklore.ee\/rl\/pubte\/ee\/vanad\/eisen\/kodujutt\/\" target=\"_blank\" rel=\"noopener\">http:\/\/www.folklore.ee\/rl\/pubte\/ee\/vanad\/eisen\/kodujutt\/<\/a><\/span><br><span style=\"font-family: verdana, geneva\">\u2018Esivanemate varandus. III, Narvast Tallinna\u2019. Tartu: Eesti Kirjandusmuuseum, 2002, <a href=\"http:\/\/www.folklore.ee\/rl\/pubte\/ee\/vanad\/eisen\/narvast\/\" target=\"_blank\" rel=\"noopener\">http:\/\/www.folklore.ee\/rl\/pubte\/ee\/vanad\/eisen\/narvast\/<\/a><br><strong>Endise p\u00f5lwe p\u00e4randus. Esimene anne<\/strong>. Tartu: Schnakenburg, 1883, 95 lk. [2. tr\u00fckk: \u2019Endise p\u00f5lwe p\u00e4randus: kogu rahwa suust kogutud juttusid\u2019, Tartu: Hermann, 1922, 96 lk.]<br><strong>Eesti rahwa m\u00f5istatused<\/strong>. Tartu: K.A. Hermann, 1889, 181 lk. [2. tr\u00fckk: \u2019Eesti m\u00f5istatused\u2019, Tartu: Postimees, 1913, 160 lk.]<br><strong>Kuninga-jutud: Rahwa suust kokku korjatud<\/strong>. Tallinn: K. Laurmanni rmtkpl., 1893, 96 lk. [2. t\u00e4iendatud tr\u00fckk: \u2019Kuninga-jutud: Kuningatest, kuninga poegadest, kuninga t\u00fctardest ja kuninga t\u00fctarde w\u00e4imeestest. Rahwa suust kokkukorjatud\u2019, Jurjev: Hermann, 1906, 95 lk; 3. tr\u00fckk: Tartu: Hermann, 1908, 95 lk; 4. tr\u00fckk: Tartu: Hermann, [1910? 1922?], 95 lk.]<br><strong>Wanapagana jutud: Rahwa suust kokku korjatud. Esimene raamat. Tr\u00fckki toimetanud M. J. Eisen<\/strong>. Tallinn: K. Busch, 1893, 95 lk.<br><strong>Hansu-raamat: Rahwa jutud Kawalast Hansust<\/strong>. Tallinn: K. Buschi rmtkpl., 1894, 62 lk. [2., t\u00e4iendatud tr\u00fckk: \u2019Hansu-raamat: Kawala Hansu wigurid sakstega ja talupoegadega\u2019, Tallinn: Eestimaa Kooli\u00f5petajate Vastastiku Abiandmise Seltsi raamatukauplus, 1920, 84 lk.]<br><strong>Raha-augu jutud: Rahwa suust kokku korjatud<\/strong>. Toimetanud Mag. A. Nooli. Jurjev: K.A. Hermann, 1894, 32 lk. [2. tr\u00fckk: Jurjev: K.A. Hermann, 1900, 32 lk; 3., t\u00e4iendatud tr\u00fckk: \u2019Raha-augu jutud: Rahwa suust kokku korjatud. Tr\u00fckki toimetatud M. J. Eiseni rahwaluule korjandusest\u2019, Jurjev: Hermann, 1906, 64 lk; 4. tr\u00fckk: \u2019Raha-augu jutud: Rahwa suust kokku korjatud. Tr\u00fckki toimetatud M. J. Eiseni rahwaluule korjandusest\u2019, Tartu: Hermann, 1918, 80 lk; 5. tr\u00fckk (Jurjev: 1906 v\u00e4ljaandest): \u2019Raha-augu jutud\u2019, Tallinn: Schenkenberg, 2007, 127 lk; e-raamat: Tallinn: Digira, 2013.]<br><strong>Eesti rahvanali:<br><\/strong>\u2018Rahwa nali: 175 naljakat jutukest\u2019. Tallinn: G. Pihlakas, 1895, 103 lk. [2. tr\u00fckk: \u2019Eesti rahwanali\u2019, Tallinn: G. Pihlakas, 1909, 702 lk, e-raamat: Tallinn: Digira, 2013.]<br>\u2018Teine Rahwa nali: 150 Hiidlaste, Saarlaste, Kihnlaste j.n.e. kentsakat jutukest\u2019. Tallinn: T. Turgan, 1896, 87 lk. [2. tr\u00fckk: \u2019Eesti rahwanali\u2019, Tallinn: G. Pihlakas, 1909, 702 lk, e-raamat: Tallinn: Digira, 2013.]<br>\u2018Kolmas Rahwa nali: 175 rahwa suust \u00fcles kirjutatud kentsakat jutukest\u2019. Tallinn: G. Pihlakas, 1896, 104 lk. [2. tr\u00fckk: \u2019Eesti rahwanali\u2019, Tallinn: G. Pihlakas, 1909, 702 lk, e-raamat: Tallinn: Digira, 2013.]<br>\u2018Neljas Rahwa nali: 150 rahwa suust \u00fcles kirjutatud kentsakat jutukest\u2019. Tallinnas: G. Pihlakas, 1897, 80 lk. [2. tr\u00fckk: \u2019Eesti rahwanali\u2019, Tallinn: G. Pihlakas, 1909, 702 lk, e-raamat: Tallinn: Digira, 2013.]<br>\u2018Wiies Rahwa nali: 165 rahwa suust \u00fcles kirjutatud kentsakat jutukest\u2019. Tallinn: G. Pihlakas, 1901, 92 lk. [2. tr\u00fckk: \u2019Eesti rahwanali\u2019, Tallinn: G. Pihlakas, 1909, 702 lk, e-raamat: Tallinn: Digira, 2013.]<strong><br>Krati-raamat: Katse Tulih\u00e4nna ja ta suguseltsi seletuseks ja 40 juttu tulih\u00e4nnast, puugist ja wedajast. Kirjutanud Mag. Nooli-Aleksander<\/strong>. Narva: R. P\u00f5deri rmtkpl., 1895, 136 lk. [2. tr\u00fckk: \u2019Kratiraamat: jutte tulih\u00e4nnast, puugist ja vedajast\u2019, Tallinn: Perioodika, 1996, 112 lk.]<br><strong>Hans ja wanapagan: Rahwa jutud Kawala-Hansu wiguritest wanapaganaga<\/strong>. Tartu: K. A. Hermann, 1896, 143 lk. [2. tr\u00fckk: Jurjev: Hermann, 1903 (1905?), 112 lk; 3., t\u00e4iendatud tr\u00fckk: Tartu: Hermann, 1909, 136 lk; 4. tr\u00fckk: Tartu: Hermann, 1909, 128 lk; 5. tr\u00fckk: Tartu: G. Roht, 1920, 117 lk.]<br><strong>Kodused jutud: 75 wanaaegist juhtumist meie maalt. Tr\u00fckki toimetatud M. J. Eisen\u2019i rahwaluule kogust<\/strong>. Tallinn: G. Pihlakas, 1896, 104 lk.<br><strong>Luupainaja: Seletused luupainaja kohta ja 25 juttu luupainajast<\/strong>. Narva: R. P\u00f5der, 1896, 94 lk. [2., t\u00e4iendatud tr\u00fckk: \u2019Luupainaja: arutused ja jutud luupainajast\u2019, Tallinnas: Kool, 1922, 88 lk; e-raamat: Tallinn: Digira, 2013.]<br><strong>K\u00f5rtsi-raamat: 20 wana juttu armsaks ajawiiteks k\u00f5rtsis k\u00e4ijatele<\/strong>. Tartu: K. A. Hermann, 1896, 42 lk. [2., t\u00e4iendatud tr\u00fckk: \u2019K\u00f5rtsiraamat: vanu jutte ja nalju armsaks ajaviiteks k\u00f5rtsisk\u00e4ijatele\u2019, Tartus: Hermann, 1931, 96 lk.]<br><strong>Teised Wanapagana jutud: Rahwa suust kokku korjatud. Tr\u00fckki toimetatud M. J. Eiseni rahwaluule kogust<\/strong>. Tallinn: G. Pihlakas, 1896, 104 lk. Tallinn: Digira, 2013.]<br><strong>Koduk\u00e4ijad: Katse nende loomu seletuseks ja 40 juttu surnute hingede ilmumisest. Tr\u00fckki antud M. J. Eisen\u2019i rahwaluule korjandusest<\/strong>. Narva: R. P\u00f5der, 1897, 128 lk. [E-raamat: Tallinn: Digira, 2013.]<br><strong>N\u00e4ki raamat: 65 juttu n\u00e4kist ja Lisa. Tr\u00fckki toimetatud M.J. Eisen\u2019i rahvaluule kogust<\/strong>. Tallinn: T. Turgan, 1897, 118 lk. [2., t\u00e4iendatud tr\u00fckk: \u2019N\u00e4kiraamat: arutused ja jutud n\u00e4kist\u2019, Tallinnas: Kool, 1922, 148 lk; e-raamat: Tallinn: Digira, 2013.]<br><strong>Teised Kodused jutud: 75 lugu omamaa wanast ajast. Tr\u00fckki toimetatud M. J. Eisen\u2019i rahvaluule kogust<\/strong>. Tallinn: G. Pihlakas, 1897, 96 lk.<br><strong>Jaani raamat: Arutused Jaani\u00f6\u00f6 ja Jaanip\u00e4ewa kohta ja 25 Jaani juttu<\/strong>. Tallinn: G. Pihlakas, 1899, 112 lk.<br><strong>Koerakoonlased ehk peninuki rahwas<\/strong>. Kirjutanud Mag. Nooli-Aleksander. Jurjev: Schnakenburg, 1899, 111 lk.<br><strong>Kalewipoja p\u00e4iwilt<\/strong>. Jurjev: Postimees, 1901 [tegelikult 1902], 99 lk.<br><strong>Kawala Hansu ja wanapagana lugu: 50 pildiga: \u00dcles kirjutatud rahwajuttude j\u00e4rgi<\/strong>. Tallinn: G. Pihlakas, 1905, 215 lk. [2. tr\u00fckk: \u2019Kawala-Hansu ja wanapagana lugu: 48 pildiga\u2019, Tallinn: G. Pihlaka raamatukauplus, 1920, 215 lk; 3. tr\u00fckk: \u2019Kaval-Antsu ja Vanapagana lugu\u2019, Stockholm: V\u00e4lis-Eesti, 1949, 131 lk; 4. tr\u00fckk: \u2019Kaval-Antsu ja Vanapagana lugu\u2019, Stockholm: V\u00e4lis-Eesti, 1949, 131 lk.]<br><strong>Talupoisid Kuningate w\u00e4imeesteks: Wanad jutud imede maailmast<\/strong>. Tartu: Hermann, 1908, 133 lk. [2. tr\u00fckk: Tallinnas: Eestimaa Kooli\u00f5petajate Vastastikku Abiandmise Seltsi raamatukauplus, 1920, 95 lk.]<br><strong>Kalewipoja esi-isad<\/strong>. Tartu: Hermann, 1910, 88 lk. [2. t\u00e4iendatud tr\u00fckk: \u2019Kalevipoja esi-isad\u2019, Tallinn: Eestimaa Kooli\u00f5petajate Vastastiku Abiandmise Seltsi raamatukauplus, 1920, 124 lk.]<br><strong>Eesti ennemuistsed jutud<\/strong>:<br>\u2018Eesti ennemuistsed jutud. Suurest kogust kokku p\u00f5iminud M. J. Eisen\u2019. Tartu: K. S\u00f6\u00f6t, 1911, 189 lk.<br>\u2018Eesti ennemuistsed jutud. Esimene pool. Suurest kogust kokku p\u00f5imnud M. J. Eisen\u2019. Tartu: G. Roht, 1920, 157 lk.<br>\u2018Eesti ennemuistsed jutud 2: Eesti imede ilmast\u2019. Tartu: Loodus, 1926, 316 lk.<br>\u2018Eesti imede ilmast. 1: eesti ennemuistsed jutud\u2019. Tallinn: Eesti Raamat, 1995, 126 lk.<br>\u2018Eesti imede ilmast. 2: eesti ennemuistsed jutud\u2019. Tallinn: Eesti Raamat, 1995, 212 lk.<br>\u2018Eesti imede ilmast: ennemuistsed jutud\u2019. Tallinn: Tammerraamat, 2016, 223 lk.<br><strong>Eesti muistsed jumalad ja w\u00e4gimehed<\/strong>. Tartu: K. S\u00f6\u00f6t, 1913, 184 lk. [2. tr\u00fckk: Tartu: G. Roht (endine K. S\u00f6\u00f6t), 1918, 171 lk; 3. tr\u00fckk: Tartu: G. Roht, 1920, 175 lk; e-raamat: Tallinn: Digira, 2013.]<br><strong>Meie wanah\u00f5be: Sarjat\u00e4is Eesti rahwa endist tarkust, k\u00f5nek\u00e4\u00e4nusid ja \u00fctlusi. M. J. Eisen\u2019i kogust<\/strong>. Tartu: Hermann, 1913, 95 lk.<br><strong>Eesti wanads\u00f5nad: Suurest korjandusest kokku p\u00f5imitud<\/strong>. Tartu: K. S\u00f6\u00f6t ja G. Roht, 1914, 95 lk. [2., t\u00e4iendatud tr\u00fckk: \u2019Eesti vanas\u00f5nad. Suurest korjandusest kokku p\u00f5iminud M. J. Eisen\u2019, Tartu: Eesti Kirjanduse Selts, 1929, 106 lk; 3. tr\u00fckk: \u2019Eesti vanas\u00f5nad\u2019, Tallinn: Perioodika, 1993, 144 lk.]<br><strong>M\u00f5ista, m\u00f5ista, mis see on: M\u00f5istatused, keerulised k\u00fcsimised ja m\u00f5istatuse-jutud<\/strong>. Tartu: Postimees, 1914, 53 lk. [2., t\u00e4iendatud tr\u00fckk: Tartus: G. Roht, 1920, 56 lk; 3. tr\u00fckk: Tallinn: Perioodika, 1994, 47 lk.]<br><strong>Rapla ja Tallinna tondid<\/strong>. Tondid ja ebatondid. Tartu: A. Kaarna, 1914, 99 lk.<br><strong>Eesti rahwalaulud<\/strong>. P\u00f5iminud M. J. Eisen. Tallinn: G. Pihlakas, 1919, 172 lk.<br><strong>Eesti kohalikud muistejutud<\/strong>. Tallinnas: Eestimaa Kooli\u00f5petajate Vastastiku Abiandmise Seltsi raamatukauplus, 1920, 222 lk (kolmes k\u00f6ites). llinn: Perioodika, 1994, 47 lk.]<br><strong>Kawala Hansu wigurid Wanapaganaga: rahwa suust \u00fcleskirjutud jutud Hansust ja Wanapaganast<\/strong>. Tartu: Hermann, 1921, 107 lk. [M. J. Eiseni \u2019Hans ja Vanapagan\u2019 j\u00e4rele \u00fcmber t\u00f6\u00f6tanud Eduard. L. W\u00f6hrmann.]<br><strong>Tartumaa muinasjutud<\/strong>. Tartus: Hermann, 1926, 96 lk. [E-raamat: Tallinn: Digira, 2013.]<br><strong>T\u00f5ll ja ta sugu<\/strong>. Tartus: Eesti Kirjanduse Selts, 1927, 159 lk.<br><strong>Meie j\u00f5ulud<\/strong>. Tartus: Eesti Kirjanduse Selts, 1931, 148 lk. [2. tr\u00fckk: Tallinn: Olion, 1994, 118 lk; 3. tr\u00fckk: Tallinn: Olion, 2006, 133 lk; 4. tr\u00fckk: Tallinn: Tammerraamat, 2013, 231 lk.]<br><strong>Imes\u00f5rmus: valik Eesti rahvajutte Matthias Johann Eiseni tr\u00fckistest<\/strong>. Koostanud Eduard Laugaste. Tallinn: Tiritamm, 1993, 281 lk.<br><\/span><\/p>\n<p><span style=\"font-family: verdana, geneva\"><strong><em>Non-fiction<\/em><\/strong><br><strong>Eesti, Liivi ja Kuura maa ajalugu: Muistsest ajast meie ajani. K\u00f5igile isamaa armastajatele \u00fcles pannud ja v\u00e4lja annud M. J. Eisen<\/strong>. Tartu: Schnakenburg, 1877, 152 lk. [2., t\u00e4iendatud tr\u00fckk: \u2019Eesti-, Liivi- ja Kuramaa ajalugu\u2019. Tartu: K. A. Raag, 1913, 176 lk; 3., \u00fcmbert\u00f6\u00f6tatud tr\u00fckk: \u2019Eestimaa ajalugu\u2019, Tartu: Postimees, 1919, 289 lk; 4. tr\u00fckk: \u2019Eestimaa ajalugu\u2019, Tartu: G. Roht, 1920, 303 lk (kahes k\u00f6ites).]<br><strong>Seitse Moosese raamatut: Katse kuuenda ja seitsmenda Moosese raamatu seletuseks<\/strong>. Tallinn: K. Busch, 1896, 215 lk.<br><strong>Eestlaste sugu<\/strong>. Tartu: E.K.S. Rahvakirjanduse toimekond, 1909-1911, 235 lk (kahes k\u00f6ites). [2., t\u00e4iendatud tr\u00fckk: Tallinn: Tallinna Eesti Kirjastuse-\u00dchisus, 1922, 239 lk; 3. tr\u00fckk: Tallinn: Eesti Keele Sihtasutus, 2008, 227 lk; e-raamat (2008. v\u00e4ljaande p\u00f5hjal): Tallinn: Digira, 2010.]<br><strong>Esivanemate ohverdamised<\/strong>. Tartu: Eesti Kirjanduse Selts, 1918 [tegelikult 1920], 155 lk. [Esmatr\u00fckk: Eesti Kirjandus, 1917-1919; 3., t\u00e4iendatud tr\u00fckk: Tallinn, Varrak, 1920 (tegelikult 1922); 4. tr\u00fckk: Tallinn: Mats, 1996, 192 lk.]<br><strong>Eesti m\u00fctoloogia<\/strong>. Tallinn: Eestimaa Kooli\u00f5petajate Vastastiku Abiandmise Seltsi raamatukauplus, 1919, 255 lk. [2. tr\u00fckk: Tallinn: Mats, 1995, 175 lk, e-raamat: Tallinn: Digira, 2015.]<br><strong>Eesti uuem m\u00fctoloogia<\/strong>. Tallinn: Rahva\u00fclikool, 1920, 190 lk.<br><strong>Eesti vana usk<\/strong>. Tartu: Eesti Kirjanduse Selts, 1926, 340 lk.<br><strong>Kevadised p\u00fchad<\/strong>: mit einem Referat: Fr\u00fchlingsfeste. Tartu: [s. n.], 1932, 97 lk.<br><\/span><\/p>\n<p><span style=\"font-family: verdana, geneva\"><strong><em>Poems<\/em><\/strong><br><strong>Lehekuu \u00f5ied<\/strong>. Luuletanud ja v\u00e4ljaannud M. J. Eisen. Tartu: Schnakenburg, 1876, 68 lk.<br><strong>Taaralaste Kannel. Esimene lugu<\/strong>. Luuletanud ja w\u00e4ljaannud M. J. Eisen. Tartu: H. Laakmann, 1877 [tegelikult 1876], 33 lk.<br><strong>Helinad Emaj\u00f5elt<\/strong>. Tartu: Schnakenburg, 1884, 126 lk.<br><strong>S\u00e4demed<\/strong>. Tartu: Schnakenburg, 1885, 105 lk.<br><strong>Uus Laulik: Naljakad laulud noorele ja wanale<\/strong>. Toimetanud Nooli-Aleksander. Tartu: Schnakenburg, 1887, 90 lk.<br><strong>Minu laulud<\/strong>. Luuletanud Mag. A. Nooli. Tartu: K. A. Hermann, 1890, 74 lk.<br><strong>Laulik<\/strong>. Mag. Nooli-Aleksandri luuletused. Narva: R. P\u00f6der, 1902, 64 lk.<br><strong>Kuldja<\/strong>. Tartus: Postimees, 1923, 93 lk. [Lugulaul Eesti p\u00e4risorjuse ajast rahvam\u00e4lestuste j\u00e4rele.]<br><strong>Kaks kuninga poega: lugulaul Eesti muistsest ajast<\/strong>. Tartus: Postimees, 1926, 58 lk.<br><\/span><\/p>\n<p><span style=\"font-family: verdana, geneva\"><strong><em>Plays<\/em><\/strong><br><strong>N\u00e4idendid<\/strong>. Koostanud K\u00fclli Laugaste. Tartu: Tartu \u00dclikooli Kirjastus, 1996, 131 lk.<br><\/span><\/p>\n","protected":false},"excerpt":{"rendered":"<p>Poems Fairy Tales Plays Matthias Johann Eisen (28. IX 1857 \u2013 06. VIII 1934) was an Estonian folkorist and poet, primarily known for his translation work of the Finnish epic Kalevala and his collections of Estonian folk songs, tales and &#8230;<\/p>\n","protected":false},"author":43,"featured_media":0,"parent":566,"menu_order":0,"comment_status":"closed","ping_status":"closed","template":"","meta":{"_acf_changed":false,"inline_featured_image":false,"footnotes":""},"class_list":["post-1086","page","type-page","status-publish","hentry"],"acf":[],"_links":{"self":[{"href":"https:\/\/sisu.ut.ee\/ewod\/wp-json\/wp\/v2\/pages\/1086","targetHints":{"allow":["GET"]}}],"collection":[{"href":"https:\/\/sisu.ut.ee\/ewod\/wp-json\/wp\/v2\/pages"}],"about":[{"href":"https:\/\/sisu.ut.ee\/ewod\/wp-json\/wp\/v2\/types\/page"}],"author":[{"embeddable":true,"href":"https:\/\/sisu.ut.ee\/ewod\/wp-json\/wp\/v2\/users\/43"}],"replies":[{"embeddable":true,"href":"https:\/\/sisu.ut.ee\/ewod\/wp-json\/wp\/v2\/comments?post=1086"}],"version-history":[{"count":1,"href":"https:\/\/sisu.ut.ee\/ewod\/wp-json\/wp\/v2\/pages\/1086\/revisions"}],"predecessor-version":[{"id":4000,"href":"https:\/\/sisu.ut.ee\/ewod\/wp-json\/wp\/v2\/pages\/1086\/revisions\/4000"}],"up":[{"embeddable":true,"href":"https:\/\/sisu.ut.ee\/ewod\/wp-json\/wp\/v2\/pages\/566"}],"wp:attachment":[{"href":"https:\/\/sisu.ut.ee\/ewod\/wp-json\/wp\/v2\/media?parent=1086"}],"curies":[{"name":"wp","href":"https:\/\/api.w.org\/{rel}","templated":true}]}}