{"id":1081,"date":"2024-04-03T23:40:46","date_gmt":"2024-04-03T20:40:46","guid":{"rendered":"https:\/\/sisu.ut.ee\/ewod\/nonfiction-et-57\/"},"modified":"2024-04-04T00:08:15","modified_gmt":"2024-04-03T21:08:15","slug":"nonfiction","status":"publish","type":"page","link":"https:\/\/sisu.ut.ee\/ewod\/j\/jannsen\/nonfiction\/","title":{"rendered":"Johann Voldemar Jannsen &#8211; non-fiction"},"content":{"rendered":"<p><strong><span style=\"font-family: verdana, geneva;font-size: medium\">Books<\/span><\/strong><\/p>\n<p><em><strong><span style=\"font-family: verdana, geneva\">German<\/span><\/strong><\/em><br><span style=\"font-family: verdana, geneva\"><strong>Diarium. Johann Voldemar Jannseni P\u00e4rnu p\u00e4evik. Das Pernauer Tagebuch von Johann Woldemar Jannsen<\/strong>. Ed by Malle Salupere. P\u00e4rnu: P\u00e4rnu Muuseum, 2001, 195 pp.<\/span><\/p>\n","protected":false},"excerpt":{"rendered":"<p>Books GermanDiarium. Johann Voldemar Jannseni P\u00e4rnu p\u00e4evik. Das Pernauer Tagebuch von Johann Woldemar Jannsen. Ed by Malle Salupere. P\u00e4rnu: P\u00e4rnu Muuseum, 2001, 195 pp.<\/p>\n","protected":false},"author":43,"featured_media":0,"parent":20,"menu_order":0,"comment_status":"closed","ping_status":"closed","template":"","meta":{"_acf_changed":false,"inline_featured_image":false,"footnotes":""},"class_list":["post-1081","page","type-page","status-publish","hentry"],"acf":[],"_links":{"self":[{"href":"https:\/\/sisu.ut.ee\/ewod\/wp-json\/wp\/v2\/pages\/1081","targetHints":{"allow":["GET"]}}],"collection":[{"href":"https:\/\/sisu.ut.ee\/ewod\/wp-json\/wp\/v2\/pages"}],"about":[{"href":"https:\/\/sisu.ut.ee\/ewod\/wp-json\/wp\/v2\/types\/page"}],"author":[{"embeddable":true,"href":"https:\/\/sisu.ut.ee\/ewod\/wp-json\/wp\/v2\/users\/43"}],"replies":[{"embeddable":true,"href":"https:\/\/sisu.ut.ee\/ewod\/wp-json\/wp\/v2\/comments?post=1081"}],"version-history":[{"count":1,"href":"https:\/\/sisu.ut.ee\/ewod\/wp-json\/wp\/v2\/pages\/1081\/revisions"}],"predecessor-version":[{"id":3995,"href":"https:\/\/sisu.ut.ee\/ewod\/wp-json\/wp\/v2\/pages\/1081\/revisions\/3995"}],"up":[{"embeddable":true,"href":"https:\/\/sisu.ut.ee\/ewod\/wp-json\/wp\/v2\/pages\/20"}],"wp:attachment":[{"href":"https:\/\/sisu.ut.ee\/ewod\/wp-json\/wp\/v2\/media?parent=1081"}],"curies":[{"name":"wp","href":"https:\/\/api.w.org\/{rel}","templated":true}]}}