{"id":1080,"date":"2024-04-03T23:40:46","date_gmt":"2024-04-03T20:40:46","guid":{"rendered":"https:\/\/sisu.ut.ee\/ewod\/novels-et-55\/"},"modified":"2024-04-04T00:08:15","modified_gmt":"2024-04-03T21:08:15","slug":"novels","status":"publish","type":"page","link":"https:\/\/sisu.ut.ee\/ewod\/h\/helme\/novels\/","title":{"rendered":"Peeter Helme &#8211; novels"},"content":{"rendered":"<p><strong><span style=\"font-family: verdana, geneva;font-size: medium\">Books<\/span><\/strong><\/p>\n<p><em><strong><span style=\"font-family: verdana, geneva\">German<br><\/span><\/strong><\/em><span style=\"font-family: verdana, geneva\"><strong>Am Ende der gestohlenen Zeit: Roman<\/strong>. Aus dem Estnischen \u00fcbersetzt von Uta K\u00fchrt; Covergestaltung, Layout und Satz von Sebastian Maiwind. D\u00fcsseldorf: Karl Rauch, 2016, 107 pp.\u00a0<span>[\u2019Varastatud aja l\u00f5pus\u2019.]<\/span><\/span><em><strong><span style=\"font-family: verdana, geneva\"><br><\/span><\/strong><\/em><\/p>\n<p><em><strong><span style=\"font-family: verdana, geneva\">Russian<\/span><\/strong><\/em><br><span style=\"font-family: verdana, geneva\">\u041f\u0435\u044d\u0442\u0435\u0440 \u0425\u0435\u043b\u044c\u043c\u0435, <strong>\u0412 \u043a\u043e\u043d\u0446\u0435 \u0443\u043a\u0440\u0430\u0434\u0435\u043d\u043d\u043e\u0433\u043e \u0432\u0440\u0435\u043c\u0435\u043d\u0438: \u043c\u0430\u043b\u0435\u043d\u044c\u043a\u0438\u0439 \u0440\u043e\u043c\u0430\u043d<\/strong>. \u041f\u0435\u0440\u0435\u0432\u043e\u0434 \u0441 \u044d\u0441\u0442\u043e\u043d\u0441\u043a\u043e\u0433\u043e \u041c\u0430\u0440\u0438\u0438 \u042d\u0439\u043d\u043c\u0430\u043d; \u0440\u0435\u0434\u0430\u043a\u0442\u043e\u0440 \u041e\u043b\u044c\u0433\u0430 \u0422\u0438\u0442\u043e\u0432\u0430; \u0445\u0443\u0434\u043e\u0436\u0435\u0441\u0442\u0432\u0435\u043d\u043d\u043e\u0435 \u043e\u0444\u043e\u0440\u043c\u043b\u0435\u043d\u0438\u0435: \u0410\u043d\u0434\u0440\u0435\u0441 \u0420\u044b\u0445\u0443. [Tallinn]: Kite, c2012, 160 pp. [\u2019Varastatud aja l\u00f5pus\u2019.]<\/span><\/p>\n<p><span style=\"font-family: verdana, geneva\"><br><strong><span style=\"font-size: medium\">In anthologies and magazines<\/span><\/strong><\/span><\/p>\n<p><span style=\"font-family: verdana, geneva\"><strong><em>German<\/em><\/strong><br><strong>September<\/strong>. \u00dcbersetzung: Irja Gr\u00f6nholm. \u2013 Kleine Sprachen \u2013 gro\u00dfe Literaturen. Die Anthologie 2012. Herausgegeben von Jan-Gunnar Franke und Konstantinos Kosmas. Leipzig und Berlin: Edition Kirchhof &amp; Franke, 2012, pp 39-52 [\u2018September\u2019, excerpt].<\/span><\/p>\n","protected":false},"excerpt":{"rendered":"<p>Books GermanAm Ende der gestohlenen Zeit: Roman. Aus dem Estnischen \u00fcbersetzt von Uta K\u00fchrt; Covergestaltung, Layout und Satz von Sebastian Maiwind. D\u00fcsseldorf: Karl Rauch, 2016, 107 pp.\u00a0[\u2019Varastatud aja l\u00f5pus\u2019.] Russian\u041f\u0435\u044d\u0442\u0435\u0440 \u0425\u0435\u043b\u044c\u043c\u0435, \u0412 \u043a\u043e\u043d\u0446\u0435 \u0443\u043a\u0440\u0430\u0434\u0435\u043d\u043d\u043e\u0433\u043e \u0432\u0440\u0435\u043c\u0435\u043d\u0438: \u043c\u0430\u043b\u0435\u043d\u044c\u043a\u0438\u0439 \u0440\u043e\u043c\u0430\u043d. \u041f\u0435\u0440\u0435\u0432\u043e\u0434 \u0441 \u044d\u0441\u0442\u043e\u043d\u0441\u043a\u043e\u0433\u043e &#8230;<\/p>\n","protected":false},"author":43,"featured_media":0,"parent":153,"menu_order":0,"comment_status":"closed","ping_status":"closed","template":"","meta":{"_acf_changed":false,"inline_featured_image":false,"footnotes":""},"class_list":["post-1080","page","type-page","status-publish","hentry"],"acf":[],"_links":{"self":[{"href":"https:\/\/sisu.ut.ee\/ewod\/wp-json\/wp\/v2\/pages\/1080","targetHints":{"allow":["GET"]}}],"collection":[{"href":"https:\/\/sisu.ut.ee\/ewod\/wp-json\/wp\/v2\/pages"}],"about":[{"href":"https:\/\/sisu.ut.ee\/ewod\/wp-json\/wp\/v2\/types\/page"}],"author":[{"embeddable":true,"href":"https:\/\/sisu.ut.ee\/ewod\/wp-json\/wp\/v2\/users\/43"}],"replies":[{"embeddable":true,"href":"https:\/\/sisu.ut.ee\/ewod\/wp-json\/wp\/v2\/comments?post=1080"}],"version-history":[{"count":1,"href":"https:\/\/sisu.ut.ee\/ewod\/wp-json\/wp\/v2\/pages\/1080\/revisions"}],"predecessor-version":[{"id":3994,"href":"https:\/\/sisu.ut.ee\/ewod\/wp-json\/wp\/v2\/pages\/1080\/revisions\/3994"}],"up":[{"embeddable":true,"href":"https:\/\/sisu.ut.ee\/ewod\/wp-json\/wp\/v2\/pages\/153"}],"wp:attachment":[{"href":"https:\/\/sisu.ut.ee\/ewod\/wp-json\/wp\/v2\/media?parent=1080"}],"curies":[{"name":"wp","href":"https:\/\/api.w.org\/{rel}","templated":true}]}}