{"id":108,"date":"2024-04-03T23:39:22","date_gmt":"2024-04-03T20:39:22","guid":{"rendered":"https:\/\/sisu.ut.ee\/ewod\/kaljukonsin\/"},"modified":"2024-04-04T00:10:59","modified_gmt":"2024-04-03T21:10:59","slug":"kaljukonsin","status":"publish","type":"page","link":"https:\/\/sisu.ut.ee\/ewod\/k\/kaljukonsin\/","title":{"rendered":"Kalju Konsin"},"content":{"rendered":"<p>\n\t<span style=\"color:#000000\"><span style=\"font-size:13px\"><span style=\"font-family:Verdana,Geneva,sans-serif\"><a href=\"https:\/\/sisu.ut.ee\/wp-content\/uploads\/sites\/108\/kalju_konsin_alar_madisson.jpg\" target=\"_self\" rel=\"noopener\"><img decoding=\"async\" alt=\"Kalju Konsin\" src=\"https:\/\/sisu.ut.ee\/wp-content\/uploads\/sites\/108\/kalju_konsin_alar_madisson_vaike.jpg\" style=\"float: right;width: 200px;height: 304px\" title=\"Photo: Alar Madisson\"><\/a><\/span><\/span><\/span><\/p>\n<p>Kalju Konsin (23 January 1929 \u2013 31 January 2023) was a zootechnician, ethnographer and poet.\n<\/p>\n<p>\n\t<span style=\"color:#000000\"><span style=\"font-size:13px\"><span style=\"font-family:Verdana,Geneva,sans-serif\">Konsin was born at V\u00f5\u00f5pste village in M\u00e4ksa parish, Tartu County. He completed Tartu Secondary School No. 1 in 1947. He entered the Faculty of Agriculture at Tartu State University and, after the reorganisation of the university, continued his studies at the Estonian Agricultural Academy from which he graduated in 1952, being among the first class of zootechnicians.<\/span><\/span><\/span>\n<\/p>\n<p>\n\t<span style=\"color:#000000\"><span style=\"font-size:13px\"><span style=\"font-family:Verdana,Geneva,sans-serif\">From 1960\u20131983, Kalju Konsin worked at the State Ethnography Museum of the Estonian SSR (the later Estonian National Museum), at first as a researcher, from 1976 as research secretary. From Konsin\u2019s 24 years of work, the museum archive stores 24 volumes of reference material collected at expeditions, 22 field work diaries, more than 2200 photos and a great number of material objects. From 1984\u20131989, Kalju Konsin participated in the work of the Research Institute of Theory and History of Fine Arts at the USSR Academy of Arts. He studied folk art, particularly textile and women\u2019s handicraft.<\/span><\/span><\/span>\n<\/p>\n<p>\n\t<span style=\"color:#000000\"><span style=\"font-size:13px\"><span style=\"font-family:Verdana,Geneva,sans-serif\">Konsin\u2019s first poetry collection appeared in 2003. At his own expense, he published more than 20 thin poetry books which he designed himself. Konsin was influenced by the authors whose poems he read in his youth and recited at festive events: <\/span><\/span><\/span><span style=\"font-size:13px\"><span style=\"font-family:Verdana,Geneva,sans-serif\"><a data-url=\"https:\/\/sisu.ut.ee\/ewod\/l\/juhanliiv\" href=\"https:\/\/sisu.ut.ee\/ewod\/l\/juhanliiv\" title=\"\">Juhan Liiv<\/a><\/span><\/span><span style=\"color:#000000\"><span style=\"font-size:13px\"><span style=\"font-family:Verdana,Geneva,sans-serif\">, <\/span><\/span><\/span><span style=\"font-size:13px\"><span style=\"font-family:Verdana,Geneva,sans-serif\"><a data-url=\"https:\/\/sisu.ut.ee\/ewod\/e\/enno\" href=\"https:\/\/sisu.ut.ee\/ewod\/e\/enno\" title=\"\">Ernst Enno<\/a><\/span><\/span><span style=\"color:#000000\"><span style=\"font-size:13px\"><span style=\"font-family:Verdana,Geneva,sans-serif\">, <\/span><\/span><\/span><span style=\"font-size:13px\"><span style=\"font-family:Verdana,Geneva,sans-serif\"><a data-url=\"https:\/\/sisu.ut.ee\/ewod\/s\/suits\" href=\"https:\/\/sisu.ut.ee\/ewod\/s\/suits\" title=\"\">Gustav Suits<\/a><\/span><\/span><span style=\"color:#000000\"><span style=\"font-size:13px\"><span style=\"font-family:Verdana,Geneva,sans-serif\">, <\/span><\/span><\/span><span style=\"font-size:13px\"><span style=\"font-family:Verdana,Geneva,sans-serif\"><a data-url=\"https:\/\/sisu.ut.ee\/ewod\/u\/under\" href=\"https:\/\/sisu.ut.ee\/ewod\/u\/under\" title=\"\">Marie Under<\/a><\/span><\/span><span style=\"color:#000000\"><span style=\"font-size:13px\"><span style=\"font-family:Verdana,Geneva,sans-serif\">, <\/span><\/span><\/span><span style=\"font-size:13px\"><span style=\"font-family:Verdana,Geneva,sans-serif\"><a data-url=\"https:\/\/sisu.ut.ee\/ewod\/a\/alver\" href=\"https:\/\/sisu.ut.ee\/ewod\/a\/alver\" title=\"\">Betti Alver<\/a><\/span><\/span><span style=\"color:#000000\"><span style=\"font-size:13px\"><span style=\"font-family:Verdana,Geneva,sans-serif\">, <\/span><\/span><\/span><span style=\"font-size:13px\"><span style=\"font-family:Verdana,Geneva,sans-serif\"><a data-url=\"https:\/\/sisu.ut.ee\/ewod\/k\/bernardkangro\" href=\"https:\/\/sisu.ut.ee\/ewod\/k\/bernardkangro\" title=\"\">Bernard Kangro<\/a><\/span><\/span><span style=\"color:#000000\"><span style=\"font-size:13px\"><span style=\"font-family:Verdana,Geneva,sans-serif\">. He had met several of them in person. The verses of Kalju Konsin\u2019s poems are concise, sometimes with end rhymes, sometimes without, usually short; the ideas are expressed clearly. In his poems, the author regards his hometown, homeland and the surrounding world as a sapient citizen of Tartu; he feels joy about the beautiful and valuable and sadness about dishonest deeds.<\/span><\/span><\/span>\n<\/p>\n<p>\n\t<span style=\"color:#000000\"><span style=\"font-size:13px\"><span style=\"font-family:Verdana,Geneva,sans-serif\"><em>L. P. (Translated by I. A.)<\/em><\/span><\/span><\/span>\n<\/p>\n<p><strong><span style=\"font-size:16px\"><span style=\"color:#000000\"><span style=\"font-family:Verdana,Geneva,sans-serif\">Books in Estonian<\/span><\/span><\/span><\/strong>\n<\/p>\n<p>\n\t<span style=\"color:#000000\"><span style=\"font-size:13px\"><span style=\"font-family:Verdana,Geneva,sans-serif\"><strong><em>Poetry<\/em><\/strong><br><strong>Kuu\u00fcksindus<\/strong>. Tartu: K. Konsin, 2003. 31 lk.<br><strong>M\u00e4lupildid<\/strong>. Tartu: K. Konsin, 2004. 26 lk.<br><strong>Uneleja<\/strong>. Tartu: K. Konsin, 2006. 22 lk.<br><strong>M\u00f5te ei v\u00e4si<\/strong>. Tartu: K. Konsin, 2009. 20 lk.<br><strong>Kirgastumine<\/strong>. Tartu: K. Konsin, 2010. 27 lk.<br><strong>Elu on elu<\/strong>. Tartu: K. Konsin, 2011. 28 lk.<br><strong>Impressioonid<\/strong>. Tartu: K. Konsin, 2011. 27 lk.<br><strong>Aeg saab otsa<\/strong>. Tartu: K. Konsin, 2012. 24 lk.<br><strong>M\u00f5ttel\u00f5ngad<\/strong>. Tartu: K. Konsin, 2012. 25 lk.<br><strong>Vaikida on raske<\/strong>. Tartu: K. Konsin, 2013. 20 lk.<br><strong>Ajavoog<\/strong>. Tartu: Eesti \u00dclikoolide Kirjastus, 2014. 22 lk.<br><strong>J\u00e4relkaja<\/strong>. Tartu: Eesti \u00dclikoolide Kirjastus, 2015. 24 lk.<br><strong>Viimne viibe<\/strong>. Tartu: Eesti \u00dclikoolide Kirjastus, 2015. 24 lk.<br><strong>Elu on \u00fcks p\u00e4ev<\/strong>. Tartu: Eesti \u00dclikoolide Kirjastus, 2016. 20 lk.<br><strong>Uitm\u00f5tted<\/strong>. Tartu: Eesti \u00dclikoolide Kirjastus, 2017. 22 lk.<br><strong>Roheline instinkt<\/strong>. Tartu: Eesti \u00dclikoolide Kirjastus, 2018. 24 lk.<br><strong>K\u00f5rvalpilk<\/strong>. Tartu: Eesti \u00dclikoolide Kirjastus, 2019. 23 lk.<br><strong>Memento Vivere<\/strong>. Tartu: Eesti \u00dclikoolide Kirjastus, 2019. 24 lk.<br><strong>Kummaline ilmamaa<\/strong>. Tartu: Eesti \u00dclikoolide Kirjastus, 2020. 20 lk.<br><strong>Aeg n\u00f5uab aru<\/strong>. Tallinn: K. Konsin, 2021. 20 lk.<br><strong>M\u00f5ttem\u00f5lgutusi<\/strong>. Tartu: Eesti \u00dclikoolide Kirjastus, 2021. 23 lk.<\/span><\/span><\/span>\n<\/p>\n<p>\n\t<span style=\"color:#000000\"><span style=\"font-size:13px\"><span style=\"font-family:Verdana,Geneva,sans-serif\"><strong><em>Ethnography<\/em><\/strong><br><strong>Eesti pitsid<\/strong>. Tallinn: Kunst, 1967. 13 lk.<br><strong>Silmkoeesemed<\/strong>. Tallinn: Kunst, 1972. 40 lk.<br><strong>Kaunistatud nahkesemed<\/strong>. Tallinn: Eesti NSV Kultuuriministeerium, 1975. 25 lk.<br><strong>V\u00f6\u00f6taskud<\/strong>. Tallinn: Eesti NSV Haridusministeerium, 1977. 38 lk.<br><strong>Kudumid<\/strong>. Tallinn: Kunst, 1979. 90 lk.<br><strong>Koonlalauad<\/strong>. Tallinn: Eesti NSV Kultuuriministeerium, 1983. 16 lk.<br><strong>Pesu- ja vaalikurikad<\/strong>.\u00a0 Tallinn: Eesti NSV Kultuuriministeerium, 1983. 27 lk.<\/span><\/span><\/span><\/p>\n","protected":false},"excerpt":{"rendered":"<p>Kalju Konsin (23 January 1929 \u2013 31 January 2023) was a zootechnician, ethnographer and poet. Konsin was born at V\u00f5\u00f5pste village in M\u00e4ksa parish, Tartu County. He completed Tartu Secondary School No. 1 in 1947. He entered the Faculty of &#8230;<\/p>\n","protected":false},"author":43,"featured_media":0,"parent":498,"menu_order":0,"comment_status":"closed","ping_status":"closed","template":"","meta":{"_acf_changed":false,"inline_featured_image":false,"footnotes":""},"class_list":["post-108","page","type-page","status-publish","hentry"],"acf":[],"_links":{"self":[{"href":"https:\/\/sisu.ut.ee\/ewod\/wp-json\/wp\/v2\/pages\/108","targetHints":{"allow":["GET"]}}],"collection":[{"href":"https:\/\/sisu.ut.ee\/ewod\/wp-json\/wp\/v2\/pages"}],"about":[{"href":"https:\/\/sisu.ut.ee\/ewod\/wp-json\/wp\/v2\/types\/page"}],"author":[{"embeddable":true,"href":"https:\/\/sisu.ut.ee\/ewod\/wp-json\/wp\/v2\/users\/43"}],"replies":[{"embeddable":true,"href":"https:\/\/sisu.ut.ee\/ewod\/wp-json\/wp\/v2\/comments?post=108"}],"version-history":[{"count":1,"href":"https:\/\/sisu.ut.ee\/ewod\/wp-json\/wp\/v2\/pages\/108\/revisions"}],"predecessor-version":[{"id":4966,"href":"https:\/\/sisu.ut.ee\/ewod\/wp-json\/wp\/v2\/pages\/108\/revisions\/4966"}],"up":[{"embeddable":true,"href":"https:\/\/sisu.ut.ee\/ewod\/wp-json\/wp\/v2\/pages\/498"}],"wp:attachment":[{"href":"https:\/\/sisu.ut.ee\/ewod\/wp-json\/wp\/v2\/media?parent=108"}],"curies":[{"name":"wp","href":"https:\/\/api.w.org\/{rel}","templated":true}]}}