{"id":107,"date":"2024-04-03T23:39:22","date_gmt":"2024-04-03T20:39:22","guid":{"rendered":"https:\/\/sisu.ut.ee\/ewod\/children\/"},"modified":"2024-04-04T00:10:59","modified_gmt":"2024-04-03T21:10:59","slug":"children","status":"publish","type":"page","link":"https:\/\/sisu.ut.ee\/ewod\/n\/navi\/children\/","title":{"rendered":"Tia Navi &#8211; children&#8217;s stories"},"content":{"rendered":"<p><strong><span style=\"font-family: verdana, geneva;font-size: medium\">Books<\/span><\/strong><\/p>\n<p><strong><em><span style=\"font-family: verdana, geneva\">Finnish<\/span><\/em><\/strong><br><span style=\"font-family: verdana, geneva\"><strong>Seitsem\u00e4n pient\u00e4 elefanttia<\/strong>. Suomennos: Jaana Palanter\u00e4, kuvitus: Marja-Liisa Plats. Lector Kustannus Oy, 2017, 42 pp. [\u2018Seitse v\u00e4ikest elevanti\u2019.]<\/span><\/p>\n","protected":false},"excerpt":{"rendered":"<p>Books FinnishSeitsem\u00e4n pient\u00e4 elefanttia. Suomennos: Jaana Palanter\u00e4, kuvitus: Marja-Liisa Plats. Lector Kustannus Oy, 2017, 42 pp. [\u2018Seitse v\u00e4ikest elevanti\u2019.]<\/p>\n","protected":false},"author":43,"featured_media":0,"parent":97,"menu_order":0,"comment_status":"closed","ping_status":"closed","template":"","meta":{"_acf_changed":false,"inline_featured_image":false,"footnotes":""},"class_list":["post-107","page","type-page","status-publish","hentry"],"acf":[],"_links":{"self":[{"href":"https:\/\/sisu.ut.ee\/ewod\/wp-json\/wp\/v2\/pages\/107","targetHints":{"allow":["GET"]}}],"collection":[{"href":"https:\/\/sisu.ut.ee\/ewod\/wp-json\/wp\/v2\/pages"}],"about":[{"href":"https:\/\/sisu.ut.ee\/ewod\/wp-json\/wp\/v2\/types\/page"}],"author":[{"embeddable":true,"href":"https:\/\/sisu.ut.ee\/ewod\/wp-json\/wp\/v2\/users\/43"}],"replies":[{"embeddable":true,"href":"https:\/\/sisu.ut.ee\/ewod\/wp-json\/wp\/v2\/comments?post=107"}],"version-history":[{"count":1,"href":"https:\/\/sisu.ut.ee\/ewod\/wp-json\/wp\/v2\/pages\/107\/revisions"}],"predecessor-version":[{"id":4965,"href":"https:\/\/sisu.ut.ee\/ewod\/wp-json\/wp\/v2\/pages\/107\/revisions\/4965"}],"up":[{"embeddable":true,"href":"https:\/\/sisu.ut.ee\/ewod\/wp-json\/wp\/v2\/pages\/97"}],"wp:attachment":[{"href":"https:\/\/sisu.ut.ee\/ewod\/wp-json\/wp\/v2\/media?parent=107"}],"curies":[{"name":"wp","href":"https:\/\/api.w.org\/{rel}","templated":true}]}}