{"id":1062,"date":"2024-04-03T23:40:44","date_gmt":"2024-04-03T20:40:44","guid":{"rendered":"https:\/\/sisu.ut.ee\/ewod\/owmasing\/"},"modified":"2024-04-04T00:08:19","modified_gmt":"2024-04-03T21:08:19","slug":"owmasing","status":"publish","type":"page","link":"https:\/\/sisu.ut.ee\/ewod\/m\/owmasing\/","title":{"rendered":"Otto Wilhelm Masing"},"content":{"rendered":"<p>\n\t<span style=\"font-size:16px\"><span style=\"font-family:Verdana,Geneva,sans-serif\"><strong><a data-url=\"https:\/\/sisu.ut.ee\/ewod\/m\/owmasing\/poems\" href=\"https:\/\/sisu.ut.ee\/ewod\/m\/owmasing\/poems\" title=\"\">Poems<\/a><\/strong>\u00a0<a href=\"https:\/\/sisu.ut.ee\/wp-content\/uploads\/sites\/108\/b-37-1019_o.w.masing.jpg\" target=\"_self\" rel=\"noopener\"><img decoding=\"async\" alt=\"Otto Wilhelm Masing\" src=\"https:\/\/sisu.ut.ee\/wp-content\/uploads\/sites\/108\/b-37-1019_o.w.masing.jpg\" style=\"float: right;width: 200px;height: 298px\"><\/a><\/span><\/span>\n<\/p>\n<p>\n\t<a href=\"https:\/\/sisu.ut.ee\/ewod\/m\/owmasing\/nonfiction\"><strong><span style=\"font-family: verdana, geneva;font-size: medium\">Non-fiction<\/span><\/strong><\/a>\n<\/p>\n<p><span style=\"font-size: small\"><span style=\"font-family: verdana, geneva\">Otto Wilhelm Masing (8. XI \/ 28. X 1763 \u2013 15.\/3. III 1832) was a writer of the national enlightenment, a linguist and journalist \u2013 one of the most important figures in Estonian culture before the national awakening.<\/span><\/span><\/p>\n<p><span style=\"font-family: verdana, geneva\">Masing was born in northern Tartumaa, the son of the sacristan of Lohusuu chapel. His father was Estonian, his mother of Swedish noble origin. Masing acquired his education at Narva from 1777 to 1779 and at Torgau in Germany, and his higher education in the faculty of theology at the University of Halle from 1783 to 1786. He worked as a tutor in North Estonia and travelled in western Europe with P. A. F. von Mannteuffel. From 1788 he was pastor of L\u00fcganuse, from 1795 of Viru-Nigula and from 1815 of \u00c4ksi, and also became Dean of Tartumaa. Masing\u2019s literary activity developed mainly at \u00c4ksi, where he died.<\/span><\/p>\n<p>Masing wrote for Estonians (also for children) textbooks of the Estonian language and arithmetic, as well as popular scientific materials about nature and people in foreign lands. The <em>Ehstnische Originalbl\u00e4tter f\u00fcr Deutsche<\/em> (Tartu, 1816), which were primarily intended as Estonian language textbooks, were written by Masing for Germans. From 1824 to 1826 Masing compiled the newspaper <em>Tallorahwa Kulutaja<\/em> (\u2018The Farmers\u2019 Clarion\u2019) and issued the <em>Marahwa Kalender<\/em> (\u2018Calendar of the Land Folk\u2019, 1823-1826). An important place in the history of the Estonian press is occupied by the <em>Marahwa N\u00e4ddala-Leht<\/em> (\u2018Land Folk\u2019s Weekly\u2019 1821-1823, 1825), edited by Masing. Masing wrote articles for J. H. Rosenpl\u00e4nter\u2019s journal devoted to the study of Estonian, <em>Beitr\u00e4ge zur genaueren Kenntniss der esthnischen Sprache<\/em>, and he also contributed to German papers in Tartu and Riga. Also important are Masing\u2019s letters to J. H. Rosenpl\u00e4nter, 1814-1832 (I-IV, published 1995-1997) and to K. G. Sonntag, Superintendent-General of Livonia, since they provide plenty of material about conditions and cultural life in his time. At the end of his life Masing was working on compiling an Estonian-German dictionary; this work was curtailed by his death, and the manuscript of the work has been lost.<\/p>\n<p>In his outlook Masing has been called a rationalist who saw the significant advantage of social progress in the masses being liberated from ignorance. Regarding the Estonian peasant as a person capable of development, he struggled for the improvement of educational conditions. Having begun his most intensive activity at the time of social rejuvenation arising from the agrarian reforms of 1816 to 1819, Masing called for the adoption of the Estonian language for use in official business. He called for the creation of an original literature, in the first place reading matter for the enlightenment of the people. Masing enriched the Estonian literary language with popular elements, adopted the use of the letter \u00f5 and tried to compensate for the shortcomings in the old orthography. The most remarkable achievement of Masing\u2019s efforts at popular enlightenment was the newspaper <em>Marahwa N\u00e4ddala-Leht<\/em>, which contained, apart from information, numerous longer articles about nature, health care, technology, history, and living conditions in places in the homeland and abroad. Particularly close to Masing\u2019s heart were folk education and the struggle against ignorance and religious extremism. There were also fables, parables and poetry in the newspaper. Because of the low standard of living and education among the common people, the paper\u2019s circulation was low (less than 200 subscribers).<\/p>\n<p>Striking among Masing\u2019s verses, which otherwise have the flavour of humorous occasional poems, is the parable of the <em>Loaf<\/em>, which is known even today. In his colloquial language, style and temperament, Masing is distinguished from the men of letters of his time. Masing\u2019s efforts to raise the Estonian literary language to a new level did not gain the attention they needed; a significant obstacle was the opposition of the Herrnhuter (The Moravian Church) and ruling Pietistic circles. Yet Masing was one of the most significant figures in the early history of Estonian literature in providing a periodical press, reading matter in popular science, literary criticism and the development of the written language, and exercised an important influence on national literature and on the founders of the emerging journalism.<\/p>\n<p>Otto Wilhelm Masing is buried in the Jaani cemetery in Tartu. He has offered literary inspiration to August Sang (the poem <em>Laul O. W. Masingust, mehest, kes andis eesti keelele \u00f5-t\u00e4he<\/em> \u2013 \u2018The Song of O. W. Masing, the Man Who Gave to Estonian Language the Letter \u2018\u00d5\u201d \u2013 1962), Jaan Kross (the novella <em>Taevakivi<\/em>\u00a0 \u2013 \u2018The Rock from the Sky\u2019 \u2013 1975) and Leo Anvelt (the story <em>Kohtumine v\u00f5imatuga<\/em> \u2013 \u2018Meeting with the Impossible\u2019 \u2013 1983).<\/p>\n<p><em>I. M. (Translated by C. M.)<\/em>\n<\/p>\n<p><span style=\"font-size: small\"><span style=\"font-family: verdana, geneva\"><strong><span style=\"font-size: medium\">Selected bibliography<\/span><\/strong><\/span><\/span>\n<\/p>\n<p>\n\t<span style=\"font-size: small\"><span style=\"font-family: verdana, geneva\"><strong><em>Periodicals<\/em><\/strong><br>Otto Wilhelm Masingu toimetatud v\u00e4ljaanded <strong>Marahwa N\u00e4ddala-Leht<\/strong> ja <strong>Tallorahwa Kulutaja<\/strong> on leitavad andmebaasist DEA (Digiteeritud eesti ajalehed): <a href=\"http:\/\/dea.nlib.ee\" target=\"_blank\" rel=\"noopener\">http:\/\/dea.nlib.ee<\/a>.<br><strong>Marahwa Kalender ehk T\u00e4ht-ramat 1823 aasta pe\u00e4le\u2026<\/strong>.\u00a0 Toimetanud Otto Wilhelm Masing. Perno: O. W. Masing, 1822, 27+45 lk. [K\u00e4ttesaadav: <a href=\"http:\/\/www2.kirmus.ee\/grafo\/index.php?ID=299\" target=\"_blank\" rel=\"noopener\">http:\/\/www2.kirmus.ee\/grafo\/index.php?ID=299<\/a>.]<br><strong>Marahwa Kalender ehk T\u00e4ht-ramat 1824 aasta pe\u00e4le\u2026<\/strong>. Toimetanud Otto Wilhelm Masing. Perno: O. W. Masing, 1823, 27+45 lk. [K\u00e4ttesaadav: <a href=\"http:\/\/www2.kirmus.ee\/grafo\/index.php?ID=300\" target=\"_blank\" rel=\"noopener\">http:\/\/www2.kirmus.ee\/grafo\/index.php?ID=300<\/a>.]<br><strong>Marahwa Kalender ehk T\u00e4ht-ramat 1825 aasta pe\u00e4le\u2026<\/strong>. Toimetanud Otto Wilhelm Masing. Tartu: O. W. Masing, 1824, 14+20 lk. [K\u00e4ttesaadav: <a href=\"http:\/\/www2.kirmus.ee\/grafo\/index.php?ID=301\" target=\"_blank\" rel=\"noopener\">http:\/\/www2.kirmus.ee\/grafo\/index.php?ID=301<\/a>.]<br><strong>Marahwa Kalender ehk T\u00e4ht-ramat 1826 aasta pe\u00e4le\u2026<\/strong>. Toimetanud Otto Wilhelm Masing. Tartu: O. W. Masing, 1825, 48 lk. [K\u00e4ttesaadav: <a href=\"http:\/\/www2.kirmus.ee\/grafo\/index.php?ID=302\" target=\"_blank\" rel=\"noopener\">http:\/\/www2.kirmus.ee\/grafo\/index.php?ID=302<\/a>.]<\/span><\/span><\/p>\n<p><strong><em>Books<\/em><\/strong><br><strong>ABD ehk Luggemise-Ramat Lastele<\/strong> kes tahawad luggema \u00f6ppida. Tarto: [Otto Wilhelm Masing], 1795, 34 lk. [K\u00e4ttesaadav: <a href=\"http:\/\/dspace.ut.ee\/handle\/10062\/6443\" target=\"_blank\" rel=\"noopener\">http:\/\/dspace.ut.ee\/handle\/10062\/6443<\/a>.]<br><strong>P\u00fchhap\u00e4wa Wahhe-luggemissed<\/strong>. Essimenne jaggu \/ mis Otto Wilhelm Masing kirjutand ja w\u00e4ljaandnud. Tartu: 1818, 168 lk. [K\u00e4ttesaadav: <a href=\"http:\/\/dspace.ut.ee\/handle\/10062\/6447\" target=\"_blank\" rel=\"noopener\">http:\/\/dspace.ut.ee\/handle\/10062\/6447<\/a>.]<br><strong>Wanna-se\u00e4dusse-aja s\u00fcndinud asjad<\/strong> \/ mis Wannas-Testamentist ja nore rahwa \u00f6ppetusseks tr\u00fckki pannud Otto Willem Masing. Tartu: 1819, 92 lk.<br><strong>T\u00e4ieline ABD-Ramat<\/strong> kust makele luggemist \u00f5iete \u00f5ppida \/ mis Otto Willem Masing w\u00e4ljaandnud. Tartu: 1823, 40 lk. [K\u00e4ttesaadav: <a href=\"http:\/\/www2.kirmus.ee\/grafo\/index.php?ID=90\" target=\"_blank\" rel=\"noopener\">http:\/\/www2.kirmus.ee\/grafo\/index.php?ID=90<\/a>.]<br><strong>Arwamise-ramat<\/strong>. 1 T\u00fck \/ mis Otto Willem Masing koolmeistrite ja kolilaste kassuks w\u00e4ljaandnud. Tartu: [s.n.], 1823, 83 lk. [K\u00e4ttesaadav: <a href=\"http:\/\/kivike.kirmus.ee\/meta\/AR-17186-52254-11735\" target=\"_blank\" rel=\"noopener\">http:\/\/kivike.kirmus.ee\/meta\/AR-17186-52254-11735<\/a>.]<br><strong>Beitrag zur Ehstnischen Orthographie<\/strong>. Dorpat: [s. n.], 1824, 39 lk. [K\u00e4ttesaadav: <a href=\"http:\/\/kivike.kirmus.ee\/meta\/AR-17255-54913-01826\" target=\"_blank\" rel=\"noopener\">http:\/\/kivike.kirmus.ee\/meta\/AR-17255-54913-01826<\/a>.]<br><strong>Wiisk\u00fcmmend kaks luggemist Uest Testamendist<\/strong> w\u00e4ljawallitsetud, kuhhu k\u00fcssimisi, mis m\u00f5tlemist tahtwad, h\u00e4id \u00f5ppetusi, ja p\u00fchha kirja salmisi jurepandud, \/ mis Otto Willem Masing nore rahwa ja kolilaste heaks, w\u00e4ljaandnud. Perno: 1824, 237 lk. [K\u00e4ttesaadav: <a href=\"http:\/\/kivike.kirmus.ee\/meta\/AR-17255-54913-01826\" target=\"_blank\" rel=\"noopener\">http:\/\/www.digar.ee\/id\/nlib-digar:102336<\/a>.]<br><strong>T\u00e4ieline Ristiusso \u00f5ppetus<\/strong> mis targema rahwa ja koolmeistrite kassuks \/ w\u00e4ljaandnud Otto Willem Masing. Perno: 1825, 120 lk. [K\u00e4ttesaadav: <a href=\"http:\/\/www.digar.ee\/id\/nlib-digar:102338\" target=\"_blank\" rel=\"noopener\">http:\/\/www.digar.ee\/id\/nlib-digar:102338<\/a>.]<br><strong>Beleuchtung der, \u00fcber O. W. Masing\u2019s Beitrag zur ehstnischen Orthographie, erschienenen Bemerkungen vom Verfasser des Beitrages zur ehstnischen Orthographie<\/strong>. Pernau: s. n., 1827, 56 lk. [K\u00e4ttesaadav: <a href=\"http:\/\/www.digar.ee\/id\/nlib-digar:102978\" target=\"_blank\" rel=\"noopener\">http:\/\/www.digar.ee\/id\/nlib-digar:102978<\/a>.]<br><strong>O. W. Masingi kirjad<\/strong>. 1. \u2013 4. anne. Koostanud M. J. Eisen. Tartu: Schnakenburg, 1883-1886, 95+83+118+89 lk. [Valik Marahwa N\u00e4ddala-Lehes ilmunud kirjutisi.]<\/p>\n<p><strong><em>Correspondence<\/em><\/strong><br><strong>Otto Wilhelm Masingu kirjad Johann Heinrich Rosenpl\u00e4nterile 1814-1832. Die Briefe von Otto Wilhelm Masing an Johann Heinrich Rosenpl\u00e4nter 1814-1832<\/strong>. 1.-4 k\u00f6ide, personaalia ning registrid. Koostanud Leo Anvelt jt. Tartu: Eesti Kirjandusmuuseum, 1995-1997, 301+326+332+247+47+76 lk.<\/p>\n","protected":false},"excerpt":{"rendered":"<p>Poems\u00a0 Non-fiction Otto Wilhelm Masing (8. XI \/ 28. X 1763 \u2013 15.\/3. III 1832) was a writer of the national enlightenment, a linguist and journalist \u2013 one of the most important figures in Estonian culture before the national awakening. &#8230;<\/p>\n","protected":false},"author":43,"featured_media":0,"parent":642,"menu_order":0,"comment_status":"closed","ping_status":"closed","template":"","meta":{"_acf_changed":false,"inline_featured_image":false,"footnotes":""},"class_list":["post-1062","page","type-page","status-publish","hentry"],"acf":[],"_links":{"self":[{"href":"https:\/\/sisu.ut.ee\/ewod\/wp-json\/wp\/v2\/pages\/1062","targetHints":{"allow":["GET"]}}],"collection":[{"href":"https:\/\/sisu.ut.ee\/ewod\/wp-json\/wp\/v2\/pages"}],"about":[{"href":"https:\/\/sisu.ut.ee\/ewod\/wp-json\/wp\/v2\/types\/page"}],"author":[{"embeddable":true,"href":"https:\/\/sisu.ut.ee\/ewod\/wp-json\/wp\/v2\/users\/43"}],"replies":[{"embeddable":true,"href":"https:\/\/sisu.ut.ee\/ewod\/wp-json\/wp\/v2\/comments?post=1062"}],"version-history":[{"count":2,"href":"https:\/\/sisu.ut.ee\/ewod\/wp-json\/wp\/v2\/pages\/1062\/revisions"}],"predecessor-version":[{"id":5248,"href":"https:\/\/sisu.ut.ee\/ewod\/wp-json\/wp\/v2\/pages\/1062\/revisions\/5248"}],"up":[{"embeddable":true,"href":"https:\/\/sisu.ut.ee\/ewod\/wp-json\/wp\/v2\/pages\/642"}],"wp:attachment":[{"href":"https:\/\/sisu.ut.ee\/ewod\/wp-json\/wp\/v2\/media?parent=1062"}],"curies":[{"name":"wp","href":"https:\/\/api.w.org\/{rel}","templated":true}]}}