{"id":1061,"date":"2024-04-03T23:40:44","date_gmt":"2024-04-03T20:40:44","guid":{"rendered":"https:\/\/sisu.ut.ee\/ewod\/ruud\/"},"modified":"2024-04-04T00:08:19","modified_gmt":"2024-04-03T21:08:19","slug":"ruud","status":"publish","type":"page","link":"https:\/\/sisu.ut.ee\/ewod\/r\/ruud\/","title":{"rendered":"Linda Ruud"},"content":{"rendered":"<p>\n\t<span style=\"font-size:16px\"><span style=\"font-family:Verdana,Geneva,sans-serif\"><a href=\"https:\/\/sisu.ut.ee\/ewod\/r\/ruud\/poems\"><strong>Poems <\/strong><\/a><strong><a href=\"https:\/\/sisu.ut.ee\/wp-content\/uploads\/sites\/108\/linda_ruud.jpg\" target=\"_self\" rel=\"noopener\"><img decoding=\"async\" alt=\"Linda Ruud\" src=\"https:\/\/sisu.ut.ee\/wp-content\/uploads\/sites\/108\/linda_ruud.jpg\" style=\"float: right;width: 200px;height: 298px\"><\/a><\/strong><\/span><\/span>\n<\/p>\n<p>\u00a0\n<\/p>\n<p>\n\t<span style=\"font-size:13px\"><span style=\"font-family:Verdana,Geneva,sans-serif\"><span style=\"font-weight:normal\">Linda Ruud <\/span>(7. XII 1932 \u2013 23. VI 2010) was a poet, prose writer and renowned editor of poetry.<\/span><\/span>\n<\/p>\n<p>\n\t<span style=\"font-size:13px\"><span style=\"font-family:Verdana,Geneva,sans-serif\">Linda Ruud was born at Lehtse in J\u00e4rvamaa county, the daughter of a railway worker and a teacher. The further development of the future poet was determined by the hard post-war conditions. The family moved to Tapa in 1936, and Ruud completed her secondary schooling there in 1951. Thereafter she went to study at Tartu State University, specializing in logic and psychology in the faculty of history and languages. She worked for a regional paper in Tapa, and as an interpreter in the <i><span style=\"font-style:italic\">\u00d5htuleht <\/span><\/i>newspaper office in Tallinn. For a lengthy period Linda Ruud worked as an editor at the Eesti Raamat publishing house. For twenty-five years (1964-1989) she was the editor for Estonian poetry. The Estonian poetry of the period passed across her desk.<\/span><\/span>\n<\/p>\n<p>\n\t<span style=\"font-size:13px\"><span style=\"font-family:Verdana,Geneva,sans-serif\">Linda Ruud\u2019s debut as a poet came in 1962. She was the only female author on a new phenomenon, the first poetry cassette of the \u201cYoung Poets\u201d, in company with Paul-Eerik Rummo, Arvi Siig, Mats Traat and Enn Vetemaa. This and the subsequent poetry cassettes proved to be a breakthrough in Estonian cultural history; the young poets of that era are known even today as the \u201ccassette poets\u201d. Ruud\u2019s first collection, on the first cassette, bore the optimistic title <i><span style=\"font-style:italic\">Mu s\u00fcdames on p\u00fchap\u00e4ev <\/span><\/i>(\u2018In My Heart it\u2019s Sunday\u2019). More thoughtful, wider-ranging and more philosophical was the collection <i><span style=\"font-style:italic\">Naera, Kassandra <\/span><\/i>(\u2018Laugh, Cassandra\u2019), which appeared in 1973. Linda Ruud\u2019s poetic career came to an end with her third collection, <i><span style=\"font-style:italic\">M\u00f5te Tulemaast <\/span><\/i>(\u2018The Idea of Tierra del Fuego\u2019), which came out in 1989. \u00a0<\/span><\/span>\n<\/p>\n<p>\n\t<span style=\"font-size:13px\"><span style=\"font-family:Verdana,Geneva,sans-serif\">Between poetry collections, Ruud\u2019s only novel <i><span style=\"font-style:italic\">Naine vabast ajast <\/span><\/i>(\u2018Being a Woman in Free Time\u2019) appeared in 1979.<\/span><\/span>\n<\/p>\n<p>\n\t<span style=\"font-size:13px\"><span style=\"font-family:Verdana,Geneva,sans-serif\">Ruud has also published poetry criticism and compiled several poetry anthologies.<\/span><\/span>\n<\/p>\n<p>\n\t<span style=\"font-size:13px\"><span style=\"font-family:Verdana,Geneva,sans-serif\"><i><span style=\"font-style:italic\">L. P. (Translated by C. M.)<\/span><\/i><\/span><\/span>\n<\/p>\n<p><strong><span style=\"font-size:16px\"><span style=\"font-family:Verdana,Geneva,sans-serif\"><span style=\"font-style:normal\">Books in Estonian<\/span><\/span><\/span><\/strong>\n<\/p>\n<p style=\"text-align:justify\" align=\"justify\">\n\t<span style=\"font-size:13px\"><span style=\"font-family:Verdana,Geneva,sans-serif\"><span style=\"line-height:114%\"><em><b><span style=\"font-weight:bold\">Poems<\/span><\/b><\/em><br><strong>Mu s\u00fcdames on p\u00fchap\u00e4ev<\/strong>: luuletusi 1955\u20131962. Tallinn: Eesti Riiklik Kirjastus, 1962, 44 lk.<br><strong>Naera, Kassandra<\/strong>: v\u00e4rsse, 1963\u20131972. Tallinn: Eesti Raamat, 1973, 72 lk.<br><strong>M\u00f5te Tulemaast<\/strong>: v\u00e4rsse, 1980\u20131987. Tallinn: Eesti Raamat, 1989, 91 lk.<\/span><\/span><\/span>\n<\/p>\n<p>\n\t<span style=\"font-size:13px\"><span style=\"font-family:Verdana,Geneva,sans-serif\"><em><b><span style=\"font-weight:bold\">Prose<\/span><\/b><\/em><br><strong>Naine vabast ajast<\/strong>: romaan. Tallinn: Eesti Raamat, 1979, 105 lk.<\/span><\/span>\n<\/p>\n<p>\n\t\u00a0<\/p>\n","protected":false},"excerpt":{"rendered":"<p>Poems \u00a0 Linda Ruud (7. XII 1932 \u2013 23. VI 2010) was a poet, prose writer and renowned editor of poetry. Linda Ruud was born at Lehtse in J\u00e4rvamaa county, the daughter of a railway worker and a teacher. The &#8230;<\/p>\n","protected":false},"author":43,"featured_media":0,"parent":686,"menu_order":0,"comment_status":"closed","ping_status":"closed","template":"","meta":{"_acf_changed":false,"inline_featured_image":false,"footnotes":""},"class_list":["post-1061","page","type-page","status-publish","hentry"],"acf":[],"_links":{"self":[{"href":"https:\/\/sisu.ut.ee\/ewod\/wp-json\/wp\/v2\/pages\/1061","targetHints":{"allow":["GET"]}}],"collection":[{"href":"https:\/\/sisu.ut.ee\/ewod\/wp-json\/wp\/v2\/pages"}],"about":[{"href":"https:\/\/sisu.ut.ee\/ewod\/wp-json\/wp\/v2\/types\/page"}],"author":[{"embeddable":true,"href":"https:\/\/sisu.ut.ee\/ewod\/wp-json\/wp\/v2\/users\/43"}],"replies":[{"embeddable":true,"href":"https:\/\/sisu.ut.ee\/ewod\/wp-json\/wp\/v2\/comments?post=1061"}],"version-history":[{"count":1,"href":"https:\/\/sisu.ut.ee\/ewod\/wp-json\/wp\/v2\/pages\/1061\/revisions"}],"predecessor-version":[{"id":4019,"href":"https:\/\/sisu.ut.ee\/ewod\/wp-json\/wp\/v2\/pages\/1061\/revisions\/4019"}],"up":[{"embeddable":true,"href":"https:\/\/sisu.ut.ee\/ewod\/wp-json\/wp\/v2\/pages\/686"}],"wp:attachment":[{"href":"https:\/\/sisu.ut.ee\/ewod\/wp-json\/wp\/v2\/media?parent=1061"}],"curies":[{"name":"wp","href":"https:\/\/api.w.org\/{rel}","templated":true}]}}