{"id":1060,"date":"2024-04-03T23:40:44","date_gmt":"2024-04-03T20:40:44","guid":{"rendered":"https:\/\/sisu.ut.ee\/ewod\/tungal\/"},"modified":"2025-05-05T16:13:18","modified_gmt":"2025-05-05T13:13:18","slug":"tungal","status":"publish","type":"page","link":"https:\/\/sisu.ut.ee\/ewod\/t\/tungal\/","title":{"rendered":"Leelo Tungal"},"content":{"rendered":"<h4 class=\"wp-block-heading\"><span style=\"font-family: Verdana,Geneva,sans-serif;\"><a href=\"https:\/\/sisu.ut.ee\/ewod\/t\/tungal\/poems\"><strong><span style=\"font-size: medium;\">Poems <\/span><\/strong><\/a><a href=\"https:\/\/sisu.ut.ee\/wp-content\/uploads\/sites\/108\/leelo_tungal.jpg\" target=\"_self\" rel=\"noopener\"><img decoding=\"async\" style=\"float: right; width: 200px; height: 264px;\" src=\"https:\/\/sisu.ut.ee\/wp-content\/uploads\/sites\/108\/leelo_tungal.jpg\" alt=\"Leelo Tungal\"><\/a><\/span><\/h4>\n\n\n\n<h4 class=\"wp-block-heading\"><span style=\"font-family: Verdana,Geneva,sans-serif;\"><a href=\"https:\/\/sisu.ut.ee\/ewod\/t\/tungal\/stories\"><strong><span style=\"font-size: medium;\">Short stories\u00a0and novellas<\/span><\/strong><\/a><\/span><\/h4>\n\n\n\n<h4 class=\"wp-block-heading\"><span style=\"font-family: Verdana,Geneva,sans-serif;\"><a href=\"https:\/\/sisu.ut.ee\/ewod\/t\/tungal\/plays\"><strong><span style=\"font-size: medium;\">Plays<\/span><\/strong><\/a><\/span><\/h4>\n\n\n\n<h4 class=\"wp-block-heading\"><span style=\"font-family: Verdana,Geneva,sans-serif;\"><a href=\"https:\/\/sisu.ut.ee\/ewod\/t\/tungal\/nonfiction\"><strong><span style=\"font-size: medium;\">Non-fiction<\/span><\/strong><\/a><\/span><\/h4>\n\n\n\n<h4 class=\"wp-block-heading\"><span style=\"font-family: Verdana,Geneva,sans-serif;\"><a href=\"https:\/\/sisu.ut.ee\/ewod\/t\/tungal\/about\"><strong><span style=\"font-size: medium;\">About Leelo Tungal<\/span><\/strong><\/a><\/span><\/h4>\n\n\n\n<p>\u00a0<\/p>\n\n\n\n<p><span style=\"font-family: Verdana,Geneva,sans-serif;\"><span style=\"font-size: 13px;\">Leelo Tungal (born 22. VI 1947) is an Estonian poet and children\u2019s writer.<\/span><\/span><\/p>\n\n\n\n<p><span style=\"font-family: Verdana,Geneva,sans-serif;\"><span style=\"font-size: 13px;\">She was born in Tallinn, studied in Ruila and Tallinn and Estonian philology in Tartu State University. She has worked as a teacher, in the editor\u2019s office of several publications, as the dramaturge of the Puppet Theater and has edited the children\u2019s magazines <em>T\u00e4heke<\/em>, <em>Pioneer<\/em> and <em>Hea Laps<\/em>. She has been a member of the Estonian Writers\u2019 Union since 1979. She was married to composer Raimo Kangro (1949-2001). They have three daughters: writer Maarja Kangro (1973), artist Kirke Kangro (1975) and translator Anna-Magdaleena Kangro (1979).<\/span><\/span><\/p>\n\n\n\n<p><span style=\"font-family: Verdana,Geneva,sans-serif;\"><span style=\"font-size: 13px;\">Her literary debut was with poems in the magazine <em>Pioneer<\/em> in 1958; from 1965, she published her poems in the magazines <em>Noorus<\/em> and <em>Looming<\/em> as well. Her first poetry collections <em>Kummaliselt kiivitajad kurtsid<\/em> (\u2018Peculiarly the Pewits Bemoaned\u2019, 1966, in the cassette <em>Noored Autorid<\/em> (\u2018Young Authors\u2019) with J\u00fcri Tuulik and Ingvar Luha\u00e4\u00e4r), <em>\u00d5itsev kuristik<\/em> (\u2018Blooming Ravine\u2019, 1974) and <em>M\u00fc\u00fcdita<\/em> (\u2018Mythless\u2019, 1977) are based on personal experiences. In her next collections, romantic notions are replaced with more mundane, reflective undertones. In her 1980s collections <em>Mullaketraja<\/em> (\u2018Dirt Spinner\u2019, 1981) and <em>Tedrem\u00e4ng<\/em> (\u2018Grouse Game\u2019, 1982), themes of family, home and nation take central place, in combination with folk poetry tradition. Her poetry also reflects the turbulent times of regaining independence \u2013 the mood of late 1980s and early 1990s, like in <em>Ainus kangelastegu on naeratus<\/em> (\u2018The Only Heroic Act is a Smile\u2019, 1991) and <em>Ei nime, ei hinda<\/em> (\u2018No Name, No Price\u2019, 1993). The selected collections <em>K\u00e4si on valge ja s\u00fcsi on must: luulet 1963-2002<\/em> (\u2018The Hand is White and Coal is Black: Poems 1963-2002\u2019, 2002), <em>T\u00e4isminevik: luuletusi 1963-2007<\/em> (\u2018Past Perfect: Poems 1963-2007\u2019, 2007) and <em>Teeleht: valik luuletusi 1963-2017<\/em> (\u2018Tea Leaf: Selection of Poems 1963-2017\u2019, 2017) feature poems that are technically traditional, alert and with a humorous language sense. Tungal\u2019s poetry has been set to music many times and she is the author of many song lyrics.<\/span><\/span><\/p>\n\n\n\n<p><span style=\"font-family: Verdana,Geneva,sans-serif;\"><span style=\"font-size: 13px;\">The majority of her writings are for children. Her cheerful children\u2019s poetry has good rhythm and is rich in sound devices and layered humor. Her poetry often has unexpected shifts in meaning. She has written children-friendly and age-appropriate poetry both for toddlers and older children. Her children\u2019s poetry can be found in the selected collections <em>Lepatriinu faksiga: lasteluulet 1973-2004<\/em> (\u2018Lady Bird with a Fax: Children\u2019s Poems 1973-2004\u2019, 2004) and <em>S\u00fcdasuvi: luulet lastele 1972-2012<\/em> (\u2018Midsummer: Poems for Children 1972-2012\u2019, 2012).<\/span><\/span><\/p>\n\n\n\n<p>Her children\u2019s prose includes both everyday stories of home and school for smaller children, but also more serious stories dealing with life problems for older readers, e.g. <em>Kirju liblika suvi<\/em> (\u2018Summer of the Colorful Butterfly\u2019, 1986), yet even there the author\u2019s characteristic optimistic attitude and warmth shines through. Tungal is skilled at seeing the world through children\u2019s and young people\u2019s eyes.<\/p>\n\n\n\n<p><span style=\"font-family: Verdana,Geneva,sans-serif;\"><span style=\"font-size: 13px;\">The autobiographically inspired <em>Seltsimees laps<\/em> (\u2018The Little Comrade\u2019) trilogy is deeply felt and humorous: <em>Seltsimees laps ja suured inimesed<\/em> (\u2018The Little Comrade and Grownups\u2019, 2008), <em>Samet ja saepuru<\/em> (\u2018Velvet and Sawdust\u2019, 2009) ja <em>Naisek\u00e4e puudutus ehk Seltsimees laps ja isa<\/em> (\u2018Woman\u2019s Touch or The Little Comrade and Father\u2019, 2018). With the style somewhat similar to the Estonian classic <em>V\u00e4ike Illimar<\/em> (\u2018Little Illimar\u2019) by Friedebert Tuglas, the Little Comrade novels depict the harsh Soviet world of the early 1950s through the eyes of a little girl, whose mother has been sent to Siberia. The well received first novel was also made into a movie in 2018 (director Moonika Siimets).<\/span><\/span><\/p>\n\n\n\n<p><span style=\"font-family: Verdana,Geneva,sans-serif;\"><span style=\"font-size: 13px;\">Tungal has also written an A-B-C book and textbooks, puppet plays, opera librettos (e.g. libretto for the rock opera <em>P\u00f5hjaneitsi<\/em> \u2013 \u2018The Maiden of the North\u2019, 1980 \u2013 with Andres Jaaksoo) and has also been a prolific publicist and translator.<\/span><\/span><\/p>\n\n\n\n<p>A documentary film <em>Leelo: \u00dckskord me naerame niikuinii<\/em> (\u2018Leelo: One Day, No Matter What, We Will Laugh\u2019, director: Marta Pulk, 2025) has been made about Leelo Tungal.<\/p>\n\n\n\n<p><span style=\"font-family: Verdana,Geneva,sans-serif;\"><span style=\"font-size: 13px;\">Leelo Tungal has been recognized with countless prizes, e.g. the A. H. Tammsaare literary award for the children\u2019s novel <em>Barbara ja suvekoerad<\/em> (\u2018Barbara and Summer Dogs\u2019, 1992; awarded in 1993); the Eduard Vilde Prize in Literature for the poetry collection <em>Ainus kangelastegu on naeratus<\/em> (\u2018The Only Heroic Act is a Smile\u2019, 1991; awarded in 1993); the Karl Eduard S\u00f6\u00f6t Prize for children\u2019s poetry for <em>Palju \u00f5nne s\u00fcnnip\u00e4evaks<\/em> (\u2018Happy Birthday\u2019, 1994; awarded in 1995), <em>K\u00fcll on hea!<\/em> (\u2018This Is So Nice!\u2019, 1998; awarded in 2000) and <em>L\u00e4tikeelne j\u00e4\u00e4tis<\/em> (\u2018Ice Cream in Latvian\u2019, 2006; awarded the same year); and the Julius Oro children\u2019s literature award (1999). She has been recognized several times at the Nukits competition held by the Estonian Children\u2019s Literature Center and in 2017, received the Muhv award; in 1997 and 2017, she was the recipient of the Literature Endowment Annual Award in children\u2019s literature; in 2015, the Ferdinand Johann Wiedemanni language prize; the Virumaa literature prize; the Baltic Assembly Prize for Literature for the trilogy \u2018The Little Comrade\u2019 (2019); The Order of the White Star, IV Class (2005); the Estonian National Culture Award for life\u2019s work (2019); The Estonian Evangelical Lutheran Church Cross of Merit, third class, in 2020; the Honorary Citizen of Harjumaa Merit Badge in 2021 and Tallinn Coat of Arms Badge in 2022.<\/span><\/span><\/p>\n\n\n\n<p><span style=\"font-family: Verdana,Geneva,sans-serif;\"><span style=\"font-size: 13px;\"><em>A. K. (Translated by A. S.)<\/em><\/span><\/span><\/p>\n\n\n\n<p><br><span style=\"font-family: Verdana,Geneva,sans-serif;\"><strong><span style=\"font-size: 16px;\">Books in Estonian<\/span><\/strong><\/span><\/p>\n\n\n\n<p><span style=\"font-family: Verdana,Geneva,sans-serif;\"><span style=\"font-size: 13px;\"><strong><em>Poems<\/em><\/strong><br><strong>Kummaliselt kiivitajad kurtsid<\/strong>: luuletusi 1962-1965. Tallinn: Eesti Raamat, 1966, 72 lk.<br><strong>\u00d5itsev kuristik<\/strong>. Tallinn: Eesti Raamat, 1974, 80 lk.<br><strong>M\u00fc\u00fcdita<\/strong>. Tallinn: Eesti Raamat, 1977, 71 lk.<br><strong>Raamat ja kask<\/strong>. Tallinn: Eesti Raamat, 1979, 84 lk.<br><strong>Veni, vidi, vidiit\u2026<\/strong>: luulet 1977-1978. Tallinn: Eesti Raamat, 1979, 71 lk.<br><strong>Mullaketraja<\/strong>: luulet 1978-1979. Tallinn: Eesti Raamat, 1981, 55 lk.<br><strong>Tedrem\u00e4ng<\/strong>: luulet 1979-1980. Tallinn: Eesti Raamat, 1982, 64 lk.<br><strong>Valguse aine<\/strong>. Tallinn: Eesti Raamat, 1986, 93 lk.<br><strong>Ainus kangelastegu on naeratus<\/strong>: luulet 1980-1989. Tallinn: Eesti Raamat, 1991, 94 lk.<br><strong>Ei nime, ei hinda<\/strong>: luulet 1990-1993. Tallinn: Monokkel, 1993, 55 lk.<br><strong>K\u00e4si on valge ja s\u00fcsi on must<\/strong>: luulet 1963-2002. Tallinn: Sild, 2002, 278 lk.<br><strong>T\u00e4isminevik<\/strong>: luuletusi 1963-2007. Tallinn: T\u00e4nap\u00e4ev, 2007, 369 lk.<br><strong>Teeleht<\/strong>: valik luuletusi 1963-2017. Tallinn: Tammerraamat, 2017, 235 lk.<\/span><\/span><br><strong>T\u00e4isminevik<\/strong>: luuletusi 1963-2025. Tallinn: T\u00e4nap\u00e4ev, 2025, 436 lk.<\/p>\n\n\n\n<p><strong><em>Stories<\/em><\/strong><br><strong>Ilus vana naine<\/strong>: jutustused. Tallinn: Eesti Raamat, 1978, 99 lk.<br>Lola Fiaccola, <strong>Humanitaarm\u00f5rv Bestoonias<\/strong>. Tallinn: Monokkel, 1993, 79 lk.<\/p>\n\n\n\n<p><strong><em>Children\u2019s poems<\/em><\/strong><br><strong>Koera elu<\/strong>. Tallinn: Eesti Raamat, 1976, 29 lk.<br><strong>Hundi lugemine<\/strong>. Tallinn: Eesti Raamat, 1978, 28 lk.<br><strong>Mooni avastamine<\/strong>. Emale. Tallinn: Eesti Raamat, 1978, 43 lk.<br><strong>V\u00e4ike ranits<\/strong>: luuletusi pisematele koolilastele. Tallinn: Eesti Raamat, 1982, 33 lk.<br><strong>Seltsis on segasem<\/strong>. Tallinn: Eesti Raamat, 1983, 34 lk.<br><strong>Tere-tere<\/strong>. Tallinn: Eesti Raamat, 1985, 33 lk.<br><strong>Sul on teha mehet\u00f6\u00f6<\/strong>. Tallinn: Eesti Raamat, 1987, 16 lk.<br><strong>Vana vahva lasteaed<\/strong>. Tallinn: Eesti Raamat, 1988, 143 lk.<br><strong>Ema abilised<\/strong>. Tallinn: Eesti Raamat, 1991, 16 lk.<br><strong>Minu kodu<\/strong>. Tallinn: Koolibri, Printest, 1991, 31 lk.<br><strong>Aastaring<\/strong>. Tallinn: Koolibri, 1992, 33 lk.<br><strong>Tondu<\/strong>: luuletus. Tallinn: Tiritamm, 1993, 31 lk.<br><strong>Palju \u00f5nne s\u00fcnnip\u00e4evaks<\/strong>. Tallinn: Kupar, 1994, 30 lk.<br><strong>P\u00f5rsap\u00f5li<\/strong>. Tallinn: Monokkel, 1994, 31 lk.<br><strong>P\u00e4kapiku p\u00e4hklikott<\/strong>: luuletusi ja piltm\u00f5istatusi pisiperele. Rapla: Ramona, 1996, 24 lk.<br><strong>Kassileegu<\/strong>: luuletus. Tallinn: Koolibri, 1996, 26 lk.<br><strong>Tubli lapse tunnikell<\/strong>: luuletus. Tallinn: Kirilille kirjastus, 1996, 9 lk.<br><strong>K\u00f5ik on emadele kallid<\/strong>: luuletus. Tallinn: Kunst, 1996, 15 lk.<br><strong>K\u00fcll on hea<\/strong>. Tallinn: Kirilille kirjastus, 1998, 36 lk.<br><strong>Marjajuur lume all<\/strong>. Tallinn: Prisma Prindi kirjastus, 2000, 78 lk.<br><strong>Kirjad j\u00f5uluvanale<\/strong>: j\u00f5ulusalme v\u00e4ikestele ja suurtele. Tallinn: Sild, 2001, 48 lk.<br><strong>Tema amet<\/strong>: vigurpilte ja vemmalv\u00e4rsse ametimeestest ja -naistest. Tallinn: Ilo, 2001, 27 lk.<br><strong>K\u00f5ige ilusam ema<\/strong>. Tallinn: T\u00e4nap\u00e4ev, 2002, 45 lk.<br><strong>Pururikas laps<\/strong>. Tallinn: Sild, 2002, 54 lk.<br><strong>Anna ja Aadama lood<\/strong>: lugusid ja luuletusi P\u00e4ka kooli lastest. Tallinn: Avita, 2003, 88 lk.<br><strong>V\u00e4ike j\u00f5ulusoov<\/strong>: j\u00f5ulusalme v\u00e4ikestele ja suurtele. Tallinn: T\u00e4nap\u00e4ev, 2004, 46 lk. [2. tr 2022]<br><strong>Lepatriinu faksiga: lasteluulet 1973-2004<\/strong>. Tallinn: Ilo, 2004, 221 lk.<br><strong>Koer tunneb koera<\/strong>: lugusid ja luuletusi s\u00f5pradest ja s\u00f5pradele. Tallinn: T\u00e4nap\u00e4ev, 2006, 314 lk.<br><strong>Salajutt<\/strong>: luuletusi v\u00e4iksematele. Tallinn: TEA kirjastus, 2006, 45 lk.<br><strong>L\u00e4tikeelne j\u00e4\u00e4tis ja teisi luuletusi<\/strong>. Tallinn: Tuum, 2006, 86 lk.<br><strong>Sabaga p\u00e4ike<\/strong>. Tallinn: TEA kirjastus, 2007, 36 lk.<br><strong>J\u00f5uluajal juhtuvadki imed<\/strong>. Tallinn: Tammerraamat, 2009, 94 lk.<br><strong>Loomabeebits<\/strong>. Tallinn: Tammerraamat, 2009, 71 lk.<br><strong>Liisbeti p\u00e4ev<\/strong>. Tallinn: Tammerraamat, 2011, 18 lk.<br><strong>Tragi t\u00fcdruk Kata<\/strong>. Tallinn: Tammerraamat, 2011, 18 lk.<br><strong>Meie koduloomad<\/strong>. Tallinn: Tammerraamat, 2012, 20 lk.<br><strong>S\u00fcdasuvi: luulet lastele 1972-2012<\/strong>. Tallinn: Tammerraamat, 2012, 518 lk.<br><strong>Porgand t\u00f6\u00f6tab porgandina<\/strong>. Tallinn: Tammerraamat, 2013, 58 lk.<br><strong>Konn kobrulehe all<\/strong>. Tallinn: Tammerraamat, 2015, 75 lk.<br><strong>Halloo!<\/strong>. Tallinn: Tammerraamat, 2017, 47 lk.<br><strong>Anni uhke uudis<\/strong>. Tallinn: Tammerraamat, 2020, 24 lk.<br><strong>Lotte ja ta s\u00f5prade laulud<\/strong>. Tallinn: Tammerraamat, 2020, 168 lk.<br><strong>Kas printsess peseb k\u00e4si?<\/strong> Tallinn: T\u00e4nap\u00e4ev, 2020, 56 lk.<br><strong>J\u00f5ulud tulgu!: luuletusi lastele ja p\u00e4kapikkudele<\/strong>. Tallinn: Rahva Raamatu kirjastus, 2022, 57 lk.<br><strong>Laste maitse<\/strong>: lasteluulet. Tallinn: Tammerraamat, 2023, 62 lk<br><strong>Lasteaia liivakast<\/strong>. Tallinn: Tammerraamat, 2023, 27 lk.<\/p>\n\n\n\n<p><strong><em>Children\u2019s prose<\/em><\/strong><br><strong>Neitsi Maarja neli p\u00e4eva<\/strong>: noorsoojutustus. Tallinn: Eesti Raamat, 1980, 176 lk. [j\u00e4rgnevad tr\u00fckid: 2008, 2021.]<br><strong>Pool koera<\/strong>: lastejutustus. Tallinn: Eesti Raamat, 1983, 72 lk. [2. tr\u00fckk: 2015].<br><strong>Kartul, lehm ja kosmonaut<\/strong>: jutustus. Tallinn: Eesti Raamat, 1986, 79 lk.<br><strong>Kirju liblika suvi<\/strong>: lastejutustus. Tallinn: Eesti Raamat, 1986, 61 lk. [2. tr\u00fckk: 2015.]<br><strong>Kristiina, see keskmine<\/strong>. Tallinn: Eesti Raamat, 1989, 92 lk. [J\u00e4rgmised tr\u00fckid: 2008, 2020.]<br><strong>Pille, Madis ja teised<\/strong>: jutustused. Tallinn: Eesti Raamat, 1989, 100 lk. [2. tr\u00fckk: 2015.]<br><strong>Barbara ja suvekoerad<\/strong>: jutustus. Tallinn: Eesti Muusikafond, 1992, 63 lk. [2. tr\u00fckk: 2016.]<br><strong>Vaesed j\u00f5ulud, rikkad j\u00f5ulud<\/strong>: muinasjutt. Tallinn: Koolibri, 1993, 24 lk.<br><strong>Vampiir ja pioneer<\/strong>: jutustus. Tallinn: Koolibri, 1993, 70 lk.<br><strong>Barbara ja s\u00fcgiskoerad<\/strong>: jutustus. Tallinn: Huma 1994, 63 lk. [2. tr\u00fckk: 2016.]<br><strong>Ema Luule j\u00f5ulukaardid<\/strong>: jutt lastele. Tallinn: Ilo, 1995, 19 lk.<br><strong>Nagu kass ja koer<\/strong>: jutud lastele. Tallinn: Kupar, 1995, 46 lk. [2. tr\u00fckk: 2009.]<br><strong>Kollitame! Kummitame!, ehk, kollikooli kasvandike juhtumisi t\u00e4nap\u00e4eval<\/strong>. Tallinn: Hotger, 1997, 43 lk. [2. tr\u00fckk: 2022.]<br><strong>Krutski linna lood<\/strong>: muinasjutte ja nuputamist. Tallinn: Kupar, 1997, 44 lk.<br><strong>Appi, appi, Triibu-Liine!, ehk, Metsik kassistamine Vana-Inimlas<\/strong>. Tallinn: Ilo, 2002, 77 lk.<br><strong>Varesele valu<\/strong>: jutustus. Tallinn: Avita, 2002, 95 lk. [2. tr\u00fckk: 2022.]<br><strong>Juku, Kalle ja kotermann Tallinnas<\/strong>. Tallinn: Huma, 2002, 47 lk.<br><strong>Anna ja Aadama lood<\/strong>: lugusid ja luuletusi P\u00e4ka kooli lastest. Tallinn: Avita, 2003, 88 lk.<br><strong>Siri Siiriuselt<\/strong>: fantastiliselt tavaline lugu. Tallinn: T\u00e4nap\u00e4ev, 2003, 108 lk.<br><strong>Siil Felix ja p\u00e4kapikk Kerli<\/strong>: muinasjutud. Tallinn: Varrak, 2004, 87 lk.<br><strong>V\u00e4ike draakon ja p\u00e4kapikud<\/strong>. Tallinn: Kalev, 2005, 75 lk.<br><strong>Siil Felix ja kriminaalne loomaaed<\/strong>: muinasjutud. Tallinn: Varrak, 2005, 119 lk.<br><strong>Siil Felix ja sekelduste s\u00fcgis<\/strong>: jutustus. Tallinn: Varrak, 2005, 109 lk.<br><strong>Hernetont Ernestiine<\/strong>: jutustus. Tallinn: Eesti Ents\u00fcklopeediakirjastus, 2005, 54 lk.<br><strong>V\u00e4ike draakon ja lohe Moneywald<\/strong>. Tallinn: Kalev, 2006, 79 lk.<br><strong>Koer tunneb koera<\/strong>: lugusid ja luuletusi s\u00f5pradest ja s\u00f5pradele. Tallinn: T\u00e4nap\u00e4ev, 2006, 314 lk.<br><strong>Seltsimees laps ja suured inimesed<\/strong>: veel \u00fcks jutustus \u00f5nnelikust lapsep\u00f5lvest. Tallinn: T\u00e4nap\u00e4ev, 2008, 215 lk. [2. tr\u00fckk: 2018.]<br><strong>Samet ja saepuru ehk Seltsimees laps ja kirjat\u00e4hed<\/strong>. Tallinn: T\u00e4nap\u00e4ev, 2009, 213 lk. [2. tr\u00fckk: 2018.]<br><strong>Kama \u00fcks ja kama kaks<\/strong>: lasteluulet. Tallinn: Menu kirjastus, 2009, 69 lk.<br>Leelo Tungal, Peep Pedmanson, <strong>Miriami lood<\/strong>. Tallinn: Eesti P\u00e4evaleht, 2009, 88 lk.<br><strong>Kaisa, Kaspar ja kommihaldjas Amanda<\/strong>. J\u00fcri: Kalev Chocolate Factory, 2009, 63 lk.<br><strong>Mustam\u00e4e sussimurdja<\/strong>. Tallinn: TEA kirjastus, 2009, 67 lk.<br><strong>Naljatilgad l\u00e4hevad laulupeole<\/strong>. Tallinn: Menu kirjastus, 2009, 71 lk.<br><strong>J\u00f5uluvana, kes kartis lapsi<\/strong>. Tallinn: Tammerraamat, 2010, 62 lk.<br><strong>Sinilillega lumememm<\/strong>. Tallinn: Ajakirjade Kirjastus, 2013, 71 lk.<br><strong>Vanaema on meil n\u00f5id<\/strong>. Tallinn: Tammerraamat, 2014, 22 lk.<br><strong>Puudel Pedro ja igatsustasu<\/strong>. Tartu: Petrone Print, 2014, 111 lk.<br><strong>Raha-haa-haa!<\/strong>. Tallinn: Tammerraamat, 2014, 93 lk.<br><strong>J\u00e4nesepoeg otsib s\u00f5pra<\/strong>. Tallinn: Tammerraamat, 2015, 24 lk.<br><strong>Maimetsa laste lood<\/strong>. Tallinn: T\u00e4nap\u00e4ev, 2015, 264 lk.<br><strong>Barbara ja koerad<\/strong>. Tallinn: Tammerraamat, 2016, 167 lk.<br><strong>Lumemees Ludvigi \u00f5nn<\/strong>. Tallinn: Tammerraamat, 2016, 23 lk.<br><strong>Delfiin Delila suur s\u00f5ber<\/strong>. Tallinn: Tammerraamat, 2017, 28 lk.<br><strong>Naisek\u00e4e puudutus ehk Seltsimees laps ja isa<\/strong>. Tallinn: T\u00e4nap\u00e4ev, 2018, 255 lk. [2. tr\u00fckk: 2018.]<br><strong>Seltsimees laps<\/strong>. Tallinn: T\u00e4nap\u00e4ev, 2018, 512 lk.<br><strong>P\u00e4kapikud askeldavad<\/strong>. Tallinn: Tammerraamat, 2018, 58 lk.<br><strong>Saba<\/strong>. Tallinn: Tammerraamat, 2018, 24 lk.<br><strong>J\u00e4nes Juliuse arvuti<\/strong>. Tallinn: Tammerraamat, 2019, 26 lk.<br><strong>Kati, Carl ja isev\u00e4rki farm<\/strong>. Tallinn: Rahvaraamat, 2020, 159 lk.<br><strong>Pulli koera p\u00e4evik<\/strong>. Tallinn: Eesti Ajaloomuuseum, 2021, 45 lk.<br><strong>Naljatilgad l\u00e4hevad laulupeole<\/strong>. Tallinn: Rahva Raamat, 2023, 71 lk.<\/p>\n\n\n\n<p><em><strong>Leelo Tungla kohta<\/strong><\/em><br><strong>Leelo Tungal: bibliograafia<\/strong>. Tallinn: Eesti Rahvusraamatukogu, 2022, 526 lk.<\/p>\n","protected":false},"excerpt":{"rendered":"<p>Poems Short stories\u00a0and novellas Plays Non-fiction About Leelo Tungal \u00a0 Leelo Tungal (born 22. VI 1947) is an Estonian poet and children\u2019s writer. She was born in Tallinn, studied in Ruila and Tallinn and Estonian philology in Tartu State University. &#8230;<\/p>\n","protected":false},"author":43,"featured_media":0,"parent":709,"menu_order":0,"comment_status":"closed","ping_status":"closed","template":"","meta":{"_acf_changed":false,"inline_featured_image":false,"footnotes":""},"class_list":["post-1060","page","type-page","status-publish","hentry"],"acf":[],"_links":{"self":[{"href":"https:\/\/sisu.ut.ee\/ewod\/wp-json\/wp\/v2\/pages\/1060","targetHints":{"allow":["GET"]}}],"collection":[{"href":"https:\/\/sisu.ut.ee\/ewod\/wp-json\/wp\/v2\/pages"}],"about":[{"href":"https:\/\/sisu.ut.ee\/ewod\/wp-json\/wp\/v2\/types\/page"}],"author":[{"embeddable":true,"href":"https:\/\/sisu.ut.ee\/ewod\/wp-json\/wp\/v2\/users\/43"}],"replies":[{"embeddable":true,"href":"https:\/\/sisu.ut.ee\/ewod\/wp-json\/wp\/v2\/comments?post=1060"}],"version-history":[{"count":6,"href":"https:\/\/sisu.ut.ee\/ewod\/wp-json\/wp\/v2\/pages\/1060\/revisions"}],"predecessor-version":[{"id":7180,"href":"https:\/\/sisu.ut.ee\/ewod\/wp-json\/wp\/v2\/pages\/1060\/revisions\/7180"}],"up":[{"embeddable":true,"href":"https:\/\/sisu.ut.ee\/ewod\/wp-json\/wp\/v2\/pages\/709"}],"wp:attachment":[{"href":"https:\/\/sisu.ut.ee\/ewod\/wp-json\/wp\/v2\/media?parent=1060"}],"curies":[{"name":"wp","href":"https:\/\/api.w.org\/{rel}","templated":true}]}}