{"id":1052,"date":"2024-04-03T23:40:43","date_gmt":"2024-04-03T20:40:43","guid":{"rendered":"https:\/\/sisu.ut.ee\/ewod\/poems-et-166\/"},"modified":"2024-04-04T00:08:21","modified_gmt":"2024-04-03T21:08:21","slug":"poems","status":"publish","type":"page","link":"https:\/\/sisu.ut.ee\/ewod\/k\/keskula\/poems\/","title":{"rendered":"Kalev Kesk\u00fcla &#8211; poems"},"content":{"rendered":"<p><strong style=\"font-family: verdana, geneva;font-size: medium;line-height: 1.6em\">In compilations, anthologies, magazines<\/strong><\/p>\n<p><strong style=\"font-family: verdana, geneva;line-height: 1.6em\"><em>English<br><\/em><\/strong><span style=\"font-family: verdana, geneva\"><strong>Contemporary Estonian poetry: a Baltic anthology. Book three<\/strong>. Ed by Inara Cedrins.\u00a0Introduction \u2018(Post)modern Estonian poetry\u2019 by J\u00fcri Talvet. Translated by\u00a0Eva Liina Asu-Garcia, Eric Dickens,\u00a0Sam Hamill,\u00a0Harvey Lee Hix,\u00a0Kalju Kruusa,\u00a0Brandon Lussier,\u00a0Miriam Anne McIlfatrick-Ksenofontov,\u00a0Elin S\u00fctiste,\u00a0J\u00fcri Talvet,\u00a0Riina Tamm,\u00a0Jayde Will.\u00a0[New Orleans]: UNO Press, c2013. 270 pp. [Poems by Andres Ehin,\u00a0fs,\u00a0Indrek Hirv,\u00a0Jaan Kaplinski,\u00a0Doris Kareva,\u00a0Kalev Kesk\u00fcla,\u00a0Hasso Krull,\u00a0Kalju Kruusa,\u00a0Asko K\u00fcnnap,\u00a0Viivi Luik,\u00a0Ene Mihkelson,\u00a0Eeva Park,\u00a0\u00dclar Ploom,\u00a0Maarja P\u00e4rtna,\u00a0Paul-Eerik Rummo,\u00a0Hando Runnel,\u00a0Triin Soomets,\u00a0J\u00fcri Talvet,\u00a0Andra Teede,\u00a0Mats Traat,\u00a0Mari Vallisoo,\u00a0Tuuli Velling,\u00a0Elo Viiding,\u00a0Kaarel B. V\u00e4ljam\u00e4e,\u00a0T\u00f5nu \u00d5nnepalu,\u00a0Kauksi \u00dclle.]<br><a href=\"http:\/\/www.estlit.ee\/centre\/uploads\/catalogues\/A_Sharp_Cut.pdf\" target=\"_blank\" rel=\"noopener\"><strong>A Sharp Cut: contemporary Estonian literature<\/strong><\/a><span>. [Introduction: Hasso Krull]. Tallinn: Estonian Literature Information Centre, 2005, 91 pp. [Poems by Andres Ehin, Indrek Hirv, Jaan Kaplinski, Doris Kareva, Kauksi \u00dclle, Kalev Kesk\u00fcla, Kivisildnik, Hasso Krull, Asko K\u00fcnnap, Viivi Luik, Ene Mihkelson, Paul-Eerik Rummo, Hando Runnel, Karl Martin Sinij\u00e4rv, Triin Soomets, Mats Traat, Mari Vallisoo, Elo Viiding, Juhan Viiding. Short prose excerpts by Nikolai Baturin, Maimu Berg, J\u00fcri Ehlvest, Mehis Heinsaar, Ilmar Jaks, Jaan Kaplinski, Jan Kaus, Andrus Kivir\u00e4hk, Jaan Kross, Viivi Luik, Mihkel Mutt, Eeva Park, Peeter Sauter, Tarmo Teder, Jaan Undusk, Arvo Valton, Toomas Vint, T\u00f5nu \u00d5nnepalu, Ervin \u00d5unapuu.]<\/span><br><\/span><\/p>\n<p><strong style=\"font-family: verdana, geneva;line-height: 1.6em\"><em>Finnish<br><\/em><\/strong><span style=\"font-family: verdana, geneva\"><strong>Talo meren \u00e4\u00e4ress\u00e4: valikoima virolaista nykyrunoutta<\/strong>. Esipuhe: Jan Kaus.\u00a0Helsinki: Runoyhdistus Nihil Interit, 2011. 47 pp. [Poems by\u00a0Kristiina Ehin, Doris Kareva, Kalev Kesk\u00fcla, Hasso Krull, T\u00f5nu \u00d5nnepalu, Jaan Pehk, Paavo Piik and Triin Soomets. Foreword by Jan Kaus.]<\/span><\/p>\n<p><span style=\"font-family: verdana, geneva\"><strong><em>Hungarian<\/em><\/strong><\/span><br><span style=\"font-family: verdana, geneva\"><strong>Ha csak Tallinnban van munka; Ami \u00e1tfolyik; Az \u00e9szt \u00e9let; Plat\u00f3n \u00e1llam\u00e1ban; Kalamaja holdja.<\/strong> \u2013 Pluralica, no 1-2, 2009, pp 150-155. [Translations of \u2018Kui ainult Tallinnas on t\u00f6\u00f6d\u2019, \u2018See mis voolab\u2019, \u2018Eesti elu\u2019, \u2018Platoni riigis\u2019 and \u2018Kalamaja kuu\u2019.\u00a0<span>See\u00a0<\/span><a href=\"https:\/\/sisu.ut.ee\/ewod\/anthologies\/pluralica\"><strong>contents<\/strong><\/a><span>\u00a0of the special issue of contemporary Estonian literature.]<\/span><\/span><\/p>\n<p><span style=\"font-family: verdana, geneva\"><span><strong><em>Polish<\/em><\/strong><br><strong><strong>Kr\u0119gi pami\u0119ci: wiersze i przek\u0142ady<\/strong><\/strong><span>.\u00a0<\/span><span>T\u0142umaczenie\u00a0Aarne Puu.\u00a0Krak\u00f3w: Towarzystwa S\u0142owak\u00f3w w Polsce, 2007. 162 pp. [Poems by\u00a0Artur Alliksaar, fs, Johnny B. Isotamm, Mihkel Kaevats, Jaan Kaplinski, Doris Kareva, Kalev Kesk\u00fcla, Hasso Krull, Toomas Liiv, Viivi Luik, Aarne Puu, Paul-Eerik Rummo, Juhan Viiding.]<\/span><br><\/span><\/span><\/p>\n<p><span style=\"font-family: verdana, geneva\"><span><span><strong><em>Russian<\/em><\/strong><br>\u041a\u0430\u043b\u0435\u0432 \u041a\u0435\u0441\u043a\u044e\u043b\u0430, <a href=\"https:\/\/www.oblaka.ee\/journal-new-clouds\/3-4-2013\/%D0%BA%D0%B0%D0%BB%D0%B5%D0%B2-%D0%BA%D0%B5%D1%81%D0%BA%D1%8E%D0%BB%D0%B0-%D0%B1%D0%B5%D0%B7%D0%B7%D0%B0%D1%89%D0%B8%D1%82%D0%BD%D0%B0%D1%8F-%D0%BB%D1%8E%D0%B1%D0%BE%D0%B2%D1%8C-%D1%81%D1%82%D0%B8\/\" target=\"_blank\" rel=\"noopener\"><strong>\u0411\u0435\u0437\u0437\u0430\u0449\u0438\u0442\u043d\u0430\u044f \u043b\u044e\u0431\u043e\u0432\u044c. \u0421\u0442\u0438\u0445\u0438<\/strong><\/a>. \u2013 \u041d\u043e\u0432\u044b\u0435 o\u0431\u043b\u0430\u043a\u0430, no 3-4 (65-66), 2013.<br><\/span><\/span><\/span><\/p>\n<p><span style=\"font-family: verdana, geneva\"><span><span><em><strong>Swedish<\/strong><\/em><br><strong>[Poems]<\/strong>. Translated by Kalli Klement. \u2013 Teisele poole sinist: luulet k\u00fcmnelt maalt. Edited by Eha Vain and Eeva Park. Tallinn: Eesti Raamat, 2004, 243 pp. [Includes poems by Kalev Kesk\u00fcla and Triin Soomets.]<br><\/span><\/span><\/span><\/p>\n","protected":false},"excerpt":{"rendered":"<p>In compilations, anthologies, magazines EnglishContemporary Estonian poetry: a Baltic anthology. Book three. Ed by Inara Cedrins.\u00a0Introduction \u2018(Post)modern Estonian poetry\u2019 by J\u00fcri Talvet. Translated by\u00a0Eva Liina Asu-Garcia, Eric Dickens,\u00a0Sam Hamill,\u00a0Harvey Lee Hix,\u00a0Kalju Kruusa,\u00a0Brandon Lussier,\u00a0Miriam Anne McIlfatrick-Ksenofontov,\u00a0Elin S\u00fctiste,\u00a0J\u00fcri Talvet,\u00a0Riina Tamm,\u00a0Jayde Will.\u00a0[New Orleans]: &#8230;<\/p>\n","protected":false},"author":43,"featured_media":0,"parent":1041,"menu_order":0,"comment_status":"closed","ping_status":"closed","template":"","meta":{"_acf_changed":false,"inline_featured_image":false,"footnotes":""},"class_list":["post-1052","page","type-page","status-publish","hentry"],"acf":[],"_links":{"self":[{"href":"https:\/\/sisu.ut.ee\/ewod\/wp-json\/wp\/v2\/pages\/1052","targetHints":{"allow":["GET"]}}],"collection":[{"href":"https:\/\/sisu.ut.ee\/ewod\/wp-json\/wp\/v2\/pages"}],"about":[{"href":"https:\/\/sisu.ut.ee\/ewod\/wp-json\/wp\/v2\/types\/page"}],"author":[{"embeddable":true,"href":"https:\/\/sisu.ut.ee\/ewod\/wp-json\/wp\/v2\/users\/43"}],"replies":[{"embeddable":true,"href":"https:\/\/sisu.ut.ee\/ewod\/wp-json\/wp\/v2\/comments?post=1052"}],"version-history":[{"count":1,"href":"https:\/\/sisu.ut.ee\/ewod\/wp-json\/wp\/v2\/pages\/1052\/revisions"}],"predecessor-version":[{"id":4031,"href":"https:\/\/sisu.ut.ee\/ewod\/wp-json\/wp\/v2\/pages\/1052\/revisions\/4031"}],"up":[{"embeddable":true,"href":"https:\/\/sisu.ut.ee\/ewod\/wp-json\/wp\/v2\/pages\/1041"}],"wp:attachment":[{"href":"https:\/\/sisu.ut.ee\/ewod\/wp-json\/wp\/v2\/media?parent=1052"}],"curies":[{"name":"wp","href":"https:\/\/api.w.org\/{rel}","templated":true}]}}