{"id":1049,"date":"2024-04-03T23:40:43","date_gmt":"2024-04-03T20:40:43","guid":{"rendered":"https:\/\/sisu.ut.ee\/ewod\/plays-et-40\/"},"modified":"2024-04-04T00:08:21","modified_gmt":"2024-04-03T21:08:21","slug":"plays","status":"publish","type":"page","link":"https:\/\/sisu.ut.ee\/ewod\/w\/wuolijoki\/plays\/","title":{"rendered":"Hella Wuolijoki &#8211; plays"},"content":{"rendered":"<p><span style=\"font-size: medium\"><strong><span style=\"font-family: verdana,geneva\">Books<\/span><\/strong><\/span><\/p>\n<p><strong><em><span style=\"font-family: verdana,geneva\">Finnish<\/span><\/em><\/strong><br><span style=\"font-family: verdana,geneva\">Juhani Tervap\u00e4\u00e4, <strong>Niskavuoren Heta: kahdeksankuvaelmainen draamallinen kertomus<\/strong>. Jyv\u00e4skyl\u00e4: Gummerus 1953, 152 pp.<br>Juhani Tervap\u00e4\u00e4, <strong>Ent\u00e4s nyt, Niskavuori?: kaksin\u00e4yt\u00f6ksinen n\u00e4ytelm\u00e4<\/strong>. Jyv\u00e4skyl\u00e4: Gummerus, 1953, 131 pp. [Next eds: Helsinki: Lasipalatsi, 2001, 84 pp.]<br>Hella Wuolijoki, Bertolt Brecht, <strong>Iso-Heikkil\u00e4n is\u00e4nt\u00e4 ja h\u00e4nen renkins\u00e4 Kalle<\/strong>. Helsinki: Tammi, 1946, 191 pp.<strong><br>H\u00e4ijynpuoleisia pikkun\u00e4ytelmi\u00e4: dramaattisia tuokiokuvia<\/strong>. Helsinki: Tammi, 1945, 63 pp. [2nd ed.]<br>Juhani Tervap\u00e4\u00e4, <strong>Niskavuoren nuori em\u00e4nt\u00e4: 3-n\u00e4yt\u00f6ksinen n\u00e4ytelm\u00e4<\/strong>. Porvoo: WSOY, 1940, 141 pp.<br>Juhani Tervap\u00e4\u00e4, <strong>Niskavuoren leip\u00e4: 3-n\u00e4yt\u00f6ksinen n\u00e4ytelm\u00e4<\/strong>. Jyv\u00e4skyl\u00e4: Gummerus, 1939, 144 pp. [Niskavuoren naisten II osa.]<br>Juhani Tervap\u00e4\u00e4, <strong>Juurakon Hulda: huvin\u00e4ytelm\u00e4<\/strong>. Jyv\u00e4skyl\u00e4; Helsinki: Gummerus, 1937, 158 pp.<br>Juhani Tervap\u00e4\u00e4, <strong>Justiina: 6-kuvaelmainen n\u00e4yttelm\u00e4<\/strong>. Jyv\u00e4skyl\u00e4; Helsinki: Gummerus, 1937, 175 pp.<br>Juhani Tervap\u00e4\u00e4, <strong>Naiset ja naamarit: kolme yksin\u00e4yt\u00f6ksist\u00e4 n\u00e4ytelm\u00e4\u00e4<\/strong>.\u00a0 Jyv\u00e4skyl\u00e4: Gummerus 1937, 94 pp. [Contents: \u2018Primavera, eli, Apteekkarskan unelma\u2019, \u2018Rehtorska ravintolassa\u2019, \u2018Vastamyrkky\u2019.]<br>Juhani Tervap\u00e4\u00e4, <strong>Niskavuoren naiset: n\u00e4ytelm\u00e4: prologi ja 3 n\u00e4yt\u00f6st\u00e4<\/strong>. Jyv\u00e4skyl\u00e4: Gummerus 1936, 143 pp.<br>Felix Tuli, <strong>Kulkurivalssi: H\u00e4m\u00e4l\u00e4isn\u00e4ytelm\u00e4<\/strong>. Pori: Satakunnan Kirjateollisuus, 1935, 41 pp. [2nd print: 1945.]<br><\/span><\/p>\n<p><span style=\"font-family: verdana,geneva\"><strong><em>Swedish<\/em><\/strong><br><strong>Motgift: komedi<\/strong>. \u00d6vers\u00e4ttning: Anita Hallde\u0301n; radiobearbetning: Herbert Grevenius. Stockholm: 1946, 49 pp. [\u2018Vastamyrkky\u2019.]<\/span><\/p>\n","protected":false},"excerpt":{"rendered":"<p>Books FinnishJuhani Tervap\u00e4\u00e4, Niskavuoren Heta: kahdeksankuvaelmainen draamallinen kertomus. Jyv\u00e4skyl\u00e4: Gummerus 1953, 152 pp.Juhani Tervap\u00e4\u00e4, Ent\u00e4s nyt, Niskavuori?: kaksin\u00e4yt\u00f6ksinen n\u00e4ytelm\u00e4. Jyv\u00e4skyl\u00e4: Gummerus, 1953, 131 pp. [Next eds: Helsinki: Lasipalatsi, 2001, 84 pp.]Hella Wuolijoki, Bertolt Brecht, Iso-Heikkil\u00e4n is\u00e4nt\u00e4 ja h\u00e4nen renkins\u00e4 Kalle. &#8230;<\/p>\n","protected":false},"author":43,"featured_media":0,"parent":1027,"menu_order":0,"comment_status":"closed","ping_status":"closed","template":"","meta":{"_acf_changed":false,"inline_featured_image":false,"footnotes":""},"class_list":["post-1049","page","type-page","status-publish","hentry"],"acf":[],"_links":{"self":[{"href":"https:\/\/sisu.ut.ee\/ewod\/wp-json\/wp\/v2\/pages\/1049","targetHints":{"allow":["GET"]}}],"collection":[{"href":"https:\/\/sisu.ut.ee\/ewod\/wp-json\/wp\/v2\/pages"}],"about":[{"href":"https:\/\/sisu.ut.ee\/ewod\/wp-json\/wp\/v2\/types\/page"}],"author":[{"embeddable":true,"href":"https:\/\/sisu.ut.ee\/ewod\/wp-json\/wp\/v2\/users\/43"}],"replies":[{"embeddable":true,"href":"https:\/\/sisu.ut.ee\/ewod\/wp-json\/wp\/v2\/comments?post=1049"}],"version-history":[{"count":1,"href":"https:\/\/sisu.ut.ee\/ewod\/wp-json\/wp\/v2\/pages\/1049\/revisions"}],"predecessor-version":[{"id":4028,"href":"https:\/\/sisu.ut.ee\/ewod\/wp-json\/wp\/v2\/pages\/1049\/revisions\/4028"}],"up":[{"embeddable":true,"href":"https:\/\/sisu.ut.ee\/ewod\/wp-json\/wp\/v2\/pages\/1027"}],"wp:attachment":[{"href":"https:\/\/sisu.ut.ee\/ewod\/wp-json\/wp\/v2\/media?parent=1049"}],"curies":[{"name":"wp","href":"https:\/\/api.w.org\/{rel}","templated":true}]}}