{"id":1043,"date":"2024-04-03T23:40:42","date_gmt":"2024-04-03T20:40:42","guid":{"rendered":"https:\/\/sisu.ut.ee\/ewod\/paulrummo\/"},"modified":"2024-04-04T00:08:23","modified_gmt":"2024-04-03T21:08:23","slug":"paulrummo","status":"publish","type":"page","link":"https:\/\/sisu.ut.ee\/ewod\/r\/paulrummo\/","title":{"rendered":"Paul Rummo"},"content":{"rendered":"<p>\n\t<a href=\"https:\/\/sisu.ut.ee\/ewod\/r\/paulrummo\/poems\"><strong><span style=\"font-size: medium;font-family: verdana, geneva\">Poems <\/span><\/strong><\/a><a href=\"https:\/\/sisu.ut.ee\/wp-content\/uploads\/sites\/108\/paul_rummo_elmar_kivaste.jpg\" target=\"_self\" rel=\"noopener\"><img decoding=\"async\" alt=\"Paul Rummo\" src=\"https:\/\/sisu.ut.ee\/wp-content\/uploads\/sites\/108\/paul_rummo_elmar_kivaste.jpg\" style=\"float: right;width: 200px;height: 303px\" title=\"Photo: Elmar Kivaste\"><\/a>\n<\/p>\n<p><span style=\"font-size:13px\"><span style=\"font-family:Verdana,Geneva,sans-serif\">Paul Rummo (14. VII 1909 \u2013 28. III 1981) was a poet, playwright and literary critic.<\/span><\/span>\n<\/p>\n<p>\n\t<span style=\"font-size:13px\"><span style=\"font-family:Verdana,Geneva,sans-serif\">He was born in the village of Kalbu in Kehtna parish, Harjumaa county, the son of a farmer. He graduated in 1930 from Tallinn Teachers\u2019 Seminary. Until 1937 he was a teacher, and from 1938 to 1940 edited the journal <em>Meie Noorus<\/em> (\u2018Our Youth\u2019). During the Second World War he was behind the lines in the Soviet Union. He was a member of the Writers\u2019 Union from 1943. From 1948 to 1949 he was chief editor at the Ilukirjandus ja Kunst (\u2018Fiction and Art\u2019) publishing house. Until 1958 he served in leading cultural posts (head of the State Cinema Centre, director of the Estonia Theatre, editor of the journal <em>Teater ja Muusika<\/em> (Theatre and Music). From 1962 to 1969 he was the poetry consultant of the Writers\u2019 Union. His brother was the teacher, promoter of children\u2019s literature and translator Jaan Rummo; his children were the writer Paul-Eerik Rummo, a classic poet of the generation of the sixties, the children\u2019s writer Mall Johanson and the theatre scholar Lea Tormis.<\/span><\/span>\n<\/p>\n<p>\n\t<span style=\"font-size:13px\"><span style=\"font-family:Verdana,Geneva,sans-serif\">In the thirties Rummo wrote plays for children and young people, later poetry, opera libretti, works on current affairs and literary scholarship. His first poetry collection, <em>V\u00f5itlev kodumaa<\/em> (\u2018The Fighting Homeland\u2019, 1946) is a compilation of anti-fascist poetry from the wartime. As a poet he reached maturity with the collection <em>Veerev kivi<\/em> (\u2018Rolling Stone\u2019, 1955). He has produced selections of his poetry and long poems, as well as three collections of literary criticism. His critical texts reveal a ruminative, balanced approach and a striving for objectivity.<\/span><\/span>\n<\/p>\n<p>\n\t<span style=\"font-size:13px\"><span style=\"font-family:Verdana,Geneva,sans-serif\">Rummo compiled the influential anthology <em>Eesti luule<\/em> (\u2018Estonian Poetry\u2019, 1967) and several other anthologies.<\/span><\/span>\n<\/p>\n<p>\n\t<em><span style=\"font-size:13px\"><span style=\"font-family:Verdana,Geneva,sans-serif\">L. P. (Translated by C. M.)<\/span><\/span><\/em><\/p>\n<p>\u00a0\n<\/p>\n<p>\n\t<strong><span style=\"font-size:16px\"><span style=\"font-family:Verdana,Geneva,sans-serif\">Books in Estonian<\/span><\/span><\/strong>\n<\/p>\n<p>\n\t<span style=\"font-size:13px\"><span style=\"font-family:Verdana,Geneva,sans-serif\"><strong><em>Poetry<\/em><\/strong><br><strong>V\u00f5itlev kodumaa<\/strong>: v\u00e4rssdokumente 1941\u20131945. Tallinn: Ilukirjandus ja Kunst, 1946. 61 lk.<br><strong>Rahva v\u00f5im<\/strong>: luuletusi ja laule 1946\u20131950. Tallinn: Eesti Riiklik Kirjastus, 1950. 60 lk.<br><strong>Katkuk\u00fclvajad<\/strong>: valik satiirilisi v\u00e4rsse 1942\u20131952. Tallinn: Eesti Riiklik Kirjastus, 1952. 51 lk.<br><strong>Volga\u2013Don: kirjad esimeselt kommunismi suurehituselt<\/strong>: luuletused. Tallinn: Eesti Riiklik Kirjastus, 1953. 48 lk.<br><strong>Kiri Tallinnast<\/strong>. Tallinn: Eesti Riiklik Kirjastus, 1955. 40 lk.<br><strong>Veerev kivi<\/strong>: luuletusi 1951\u20131954. Tallinn: Eesti Riiklik Kirjastus, 1955. 103 lk.<br><strong>Pidup\u00e4eva proloog<\/strong>. Tallinn: Eesti NSV Riiklik Kunstiinstituut, 1960. 15 lk.<br><strong>Proloog ja poeemid<\/strong>. Tallinn: Eesti Riiklik Kirjastus, 1961. 79 lk.<br><strong>Jaak ja taat: jalutusk\u00e4ik j\u00e4rglasega<\/strong>: poeem. Tallinn: Eesti NSV Riiklik Kunstiinstituut, 1965. 20 lk.<br><strong>Katkenud l\u00f5ng<\/strong>: v\u00e4rsivalimik. Tallinn: Eesti Raamat, 1969. 119 lk.<br><strong>Alfred ja Anna<\/strong>: poeem kommentaaridega. Tallinn: Eesti Raamat, 1975. 67 lk.<br><strong>Matkalaul<\/strong>: luuletused ja poeem. Tallinn: Eesti Raamat, 1979. 61 lk.<br><strong>Paul Rummo<\/strong>. Koostanud Paul-Eerik Rummo. Tallinn: Eesti Raamat, 1985, 95 lk. [Sari \u2018V\u00e4ike luuleraamat\u2019.]<\/span><\/span>\n<\/p>\n<p>\n\t<span style=\"font-size:13px\"><span style=\"font-family:Verdana,Geneva,sans-serif\"><strong><em>Plays<\/em><\/strong><br><strong>J\u00f5ulu\u00fcllatus<\/strong>: j\u00f5ulum\u00e4ng kolmes pildis. Tallinn: Eesti Haridusliit, 1935. 40 lk.<br><strong>L\u00f5unatuule eksir\u00e4nnak<\/strong>: kolm vaatust j\u00f5uluseiklusi, tantse ja laule. Tallinn: Eesti Haridusliit, 1936. 41 lk.<br><strong>Tee ellu<\/strong>: noorsoon\u00e4idend kolmes vaatuses vahem\u00e4ngudega. Tallinn: Eesti Haridusliit, 1936. 54 lk.<br><strong>Linnuse saladus<\/strong>: noorsoon\u00e4idend kolmes vaatuses. Tallinn: Eesti Haridusliit, 1938. 47 lk.<br><strong>Pruun katk<\/strong>: n\u00e4idend kolmes vaatuses, seitsmes pildis. Moskva: ENSV Riiklik Kirjastus, 1943. 63 lk.<br><strong>Mahtra s\u00f5da<\/strong>: dramatiseering kuues pildis. Tallinn: Ilukirjandus ja Kunst, 1945. 84 lk.<br><strong>V\u00f5itluse tee<\/strong>: pilte Eesti elust vaba\u00f5hun\u00e4idendina. Tallinn: Eesti Riiklik Kirjastus, 1950. 104 lk.<\/span><\/span>\n<\/p>\n<p>\n\t<span style=\"font-size:13px\"><span style=\"font-family:Verdana,Geneva,sans-serif\"><strong><em>Libretti<\/em><\/strong><br><strong>Tasuleegid<\/strong>: ooper kolmes vaatuses, viies pildis. Muusika Eugen Kapp, tekst Paul Rummo. Tallinn: Ilukirjandus ja Kunst, 1945. 48 lk.<br><strong>Vabaduse laulik<\/strong>: libreto Eugen Kapi ooperile. Tallinn: Eesti Riiklik Kirjastus, 1950. 77 lk.<\/span><\/span>\n<\/p>\n<p>\n\t<span style=\"font-size:13px\"><span style=\"font-family:Verdana,Geneva,sans-serif\"><strong><em>Children\u2019s stories<\/em><\/strong><br><strong>Tee ellu<\/strong>: jutt algkoolil\u00f5petajaile. Tallinn: Eesti Noorsotsialistlik Liit, 1932. 15 lk.<br><strong>K\u00e4skjalg Kalle<\/strong>: noorsoojutt J\u00fcri\u00f6\u00f6 \u00fclest\u00f5usu p\u00e4evist. Moskva: ENSV Riiklik Kirjastus, 1943. 23 lk.<br><strong>Linnuse saladus<\/strong>: kaks seiklusmaigulist juttu. Tallinn: Eesti Raamat, 1977. 49 lk.<\/span><\/span>\n<\/p>\n<p>\n\t<span style=\"font-size:13px\"><span style=\"font-family:Verdana,Geneva,sans-serif\"><strong><em>Criticism<\/em><\/strong><br><strong>Turistina seitsmendas suurriigis<\/strong>: valimik publitsistikat. Tallinn: Eesti Riiklik Kirjastus, 1959. 412 lk.<br><strong>Henrik Visnapuu kolme isamaalaulu j\u00e4lgedel<\/strong>. Tallinn: 1966. 13 lk.<br><strong>Mitme laulu lood<\/strong>: uurimusi, k\u00f5nesid, m\u00e4lestusi. Tallinn: Eesti Raamat, 1969. 208 lk.<br><strong>Kirjat\u00e4he kammitsas<\/strong>: kirjandus- ja kultuuriloolisi uurimusi, esseid, k\u00f5nesid. Tallinn: Eesti Raamat, 1977. 336 lk.<br><strong>\u00dche laulu lugu<\/strong>: laulu \u201eMu isamaa on minu arm\u201c tekkeloost. Tallinn: Eesti Raamat, 1988. 60 lk.<\/span><\/span>\n<\/p>\n<p>\n\t<span style=\"font-size:13px\"><span style=\"font-family:Verdana,Geneva,sans-serif\"><strong><em>Travelogue<\/em><\/strong><br><strong>Kodumaal r\u00e4nnates<\/strong>: l\u00fchipalu ajalehest \u201eKodumaa\u201c. Tallinn: Kodumaa, 1970. 136 lk.<\/span><\/span><\/p>\n","protected":false},"excerpt":{"rendered":"<p>Poems Paul Rummo (14. VII 1909 \u2013 28. III 1981) was a poet, playwright and literary critic. He was born in the village of Kalbu in Kehtna parish, Harjumaa county, the son of a farmer. He graduated in 1930 from &#8230;<\/p>\n","protected":false},"author":43,"featured_media":0,"parent":686,"menu_order":0,"comment_status":"closed","ping_status":"closed","template":"","meta":{"_acf_changed":false,"inline_featured_image":false,"footnotes":""},"class_list":["post-1043","page","type-page","status-publish","hentry"],"acf":[],"_links":{"self":[{"href":"https:\/\/sisu.ut.ee\/ewod\/wp-json\/wp\/v2\/pages\/1043","targetHints":{"allow":["GET"]}}],"collection":[{"href":"https:\/\/sisu.ut.ee\/ewod\/wp-json\/wp\/v2\/pages"}],"about":[{"href":"https:\/\/sisu.ut.ee\/ewod\/wp-json\/wp\/v2\/types\/page"}],"author":[{"embeddable":true,"href":"https:\/\/sisu.ut.ee\/ewod\/wp-json\/wp\/v2\/users\/43"}],"replies":[{"embeddable":true,"href":"https:\/\/sisu.ut.ee\/ewod\/wp-json\/wp\/v2\/comments?post=1043"}],"version-history":[{"count":1,"href":"https:\/\/sisu.ut.ee\/ewod\/wp-json\/wp\/v2\/pages\/1043\/revisions"}],"predecessor-version":[{"id":4044,"href":"https:\/\/sisu.ut.ee\/ewod\/wp-json\/wp\/v2\/pages\/1043\/revisions\/4044"}],"up":[{"embeddable":true,"href":"https:\/\/sisu.ut.ee\/ewod\/wp-json\/wp\/v2\/pages\/686"}],"wp:attachment":[{"href":"https:\/\/sisu.ut.ee\/ewod\/wp-json\/wp\/v2\/media?parent=1043"}],"curies":[{"name":"wp","href":"https:\/\/api.w.org\/{rel}","templated":true}]}}