{"id":1041,"date":"2024-04-03T23:40:42","date_gmt":"2024-04-03T20:40:42","guid":{"rendered":"https:\/\/sisu.ut.ee\/ewod\/keskula\/"},"modified":"2024-04-04T00:08:23","modified_gmt":"2024-04-03T21:08:23","slug":"keskula","status":"publish","type":"page","link":"https:\/\/sisu.ut.ee\/ewod\/k\/keskula\/","title":{"rendered":"Kalev Kesk\u00fcla"},"content":{"rendered":"<p>\n\t<span style=\"font-size:16px\"><span style=\"font-family:Verdana,Geneva,sans-serif\"><a href=\"https:\/\/sisu.ut.ee\/ewod\/k\/keskula\/poems\"><strong>Poems<\/strong><\/a><strong> <\/strong><a href=\"https:\/\/sisu.ut.ee\/wp-content\/uploads\/sites\/108\/k.keskula.jpg\" target=\"_self\" rel=\"noopener\"><img decoding=\"async\" alt=\"Kalev Kesk\u00fcla\" src=\"https:\/\/sisu.ut.ee\/wp-content\/uploads\/sites\/108\/k.keskula.jpg\" style=\"float: right;width: 200px;height: 284px\"><\/a><\/span><\/span>\n<\/p>\n<p><span style=\"font-size:13px\"><span style=\"font-family:Verdana,Geneva,sans-serif\"><span style=\"font-weight:normal\"><span style=\"color:#000000\">Kalev Kesk\u00fcla<\/span><\/span><span style=\"color:#000000\"><b>\u00a0<\/b>(22. X 1959 \u2013 25. VI 2010) was a journalist and writer.<\/span><\/span><\/span>\n<\/p>\n<p>\n\t<span style=\"color:#000000\"><span style=\"font-size:13px\"><span style=\"font-family:Verdana,Geneva,sans-serif\">Born in Tallinn, Kesk\u00fcla graduated in Estonian philology from the University of Tartu in 1983. From 1983 to 1991 he worked as an editor for the publishers of the Estonian Encyclopedia. From 1991 Kesk\u00fcla worked for the weekly <i><span style=\"font-style:italic\">Eesti Ekspress, <\/span><\/i>where for a long time he was the editor of its <i><span style=\"font-style:italic\">Areen <\/span><\/i><span style=\"font-style:normal\">culture <\/span>supplement and a columnist.<\/span><\/span><\/span>\n<\/p>\n<p>\n\t<span style=\"color:#000000\"><span style=\"font-size:13px\"><span style=\"font-family:Verdana,Geneva,sans-serif\">Kesk\u00fcla made his debut with verses in the anthology <i><span style=\"font-style:italic\">Viis t\u00fcdrukut ja kaheksa poissi <\/span><\/i>(\u2018Five Girls and Eight Boys\u2019) in 1977. His own debut book was the poetry collection <i><span style=\"font-style:italic\">L\u00e4bi linna\u00f6\u00f6 <\/span><\/i>(\u2018Through the City Night\u2019, 1986), which caught attention because of its social qualities. This was complemented by four books of poetry, of which the last, <i><span style=\"font-style:italic\">Vabariigi laulud <\/span><\/i>(\u2018Songs of the Republic\u2019, 1998), won the annual poetry prize of the Literature Endowment.<\/span><\/span><\/span>\n<\/p>\n<p>\n\t<span style=\"color:#000000\"><span style=\"font-size:13px\"><span style=\"font-family:Verdana,Geneva,sans-serif\">Kalev Kesk\u00fcla wrote philosophical free verse on important themes of life and society, placing them in a wider skein of mythological and cultural-historical allusions. His work is characterised by ironic sensitivity and occasional pathos. <\/span><\/span><\/span>\n<\/p>\n<p>\n\t<span style=\"color:#000000\"><span style=\"font-size:13px\"><span style=\"font-family:Verdana,Geneva,sans-serif\">Kesk\u00fcla got the 2009 annual prose prize of the Literature Endowment for his prose collection <i><span style=\"font-style:italic\">Elu sumedusest <\/span><\/i>(\u2018A Life of Tenderness\u2019). In his assessment of the book, Mihkel Mutt called the genre of the texts collected in it as something between marginalia, novelettes and columns.<\/span><\/span><\/span>\n<\/p>\n<p>\n\t<span style=\"color:#000000\"><span style=\"font-size:13px\"><span style=\"font-family:Verdana,Geneva,sans-serif\">In 2008 Kalev Kesk\u00fcla compiled a large collection of memoirs about Mati Unt with the title <i><span style=\"font-style:italic\">Undi-jutud <\/span><\/i>(\u2018Unt Stories\u2019).<\/span><\/span><\/span>\n<\/p>\n<p>\n\t<span style=\"color:#000000\"><span style=\"font-size:13px\"><span style=\"font-family:Verdana,Geneva,sans-serif\">Kesk\u00fcla was an acknowledged expert on wine. He produced the first lexicon of wine in Estonian. <\/span><\/span><\/span>\n<\/p>\n<p>\n\t<span style=\"color:#000000\"><em><span style=\"font-size:13px\"><span style=\"font-family:Verdana,Geneva,sans-serif\">L. P. (Translated by C. M.)<\/span><\/span><\/em><\/span>\n<\/p>\n<p class=\"p\" style=\"margin-top:6,0000pt;margin-bottom:6,0000pt\">\n<\/p><p><span style=\"color:#000000\"><span style=\"font-size:16px\"><span style=\"font-family:Verdana,Geneva,sans-serif\"><span style=\"background:#ffffff\"><span style=\"line-height:114%\"><b><span style=\"line-height:114%\"><span style=\"font-weight:bold\">Books in Estonian<\/span><\/span><\/b><\/span><\/span><\/span><\/span><\/span>\n<\/p>\n<p class=\"p\" style=\"margin-top:6,0000pt;margin-bottom:6,0000pt\">\n\t<span style=\"color:#000000\"><span style=\"font-size:13px\"><span style=\"font-family:Verdana,Geneva,sans-serif\"><span style=\"background:#ffffff\"><span style=\"line-height:114%\"><em><b><span style=\"line-height:114%\"><span style=\"font-weight:bold\">Poetry<\/span><\/span><\/b><\/em><br><span style=\"line-height:114%\"><strong>L\u00e4bi linna\u00f6\u00f6<\/strong>. Tallinn: Eesti Raamat, 1986. 63 lk.<\/span><br><span style=\"line-height:114%\"><strong>Aeg rannal<\/strong>. Tallinn: Eesti Raamat, 1988. 80 lk.<\/span><br><span style=\"line-height:114%\"><strong>Eneseirooniline armastaja<\/strong>. Tallinn: Eesti Raamat, 1991. 107 lk.<\/span><br><span style=\"line-height:114%\"><strong>Vabariigi laulud<\/strong>. Tallinn: Tuum, 1998. 67 lk.<\/span><br><span style=\"line-height:114%\"><strong>Platoni riigis<\/strong>. Tallinn: Tuum, 2002. 93 lk.<\/span><br><span style=\"line-height:114%\"><strong>Kogutud luuletused<\/strong>. Tallinn: Eesti Keele Sihtasutus, 2011. 397 lk.<\/span><\/span><\/span><\/span><\/span><\/span>\n<\/p>\n<p class=\"p\" style=\"margin-top:6,0000pt;margin-bottom:6,0000pt\">\n\t<span style=\"color:#000000\"><span style=\"font-size:13px\"><span style=\"font-family:Verdana,Geneva,sans-serif\"><span style=\"background:#ffffff\"><span style=\"line-height:114%\"><em><b><span style=\"line-height:114%\"><span style=\"font-weight:bold\">Prose<\/span><\/span><\/b><\/em><br><span style=\"line-height:114%\"><strong>Elu sumedusest<\/strong>. Tallinn: Tuum, 2010. 132 lk.<\/span><\/span><\/span><\/span><\/span><\/span>\n<\/p>\n<p class=\"p\" style=\"margin-top:6,0000pt;margin-bottom:6,0000pt\">\n\t<span style=\"color:#000000\"><span style=\"font-size:13px\"><span style=\"font-family:Verdana,Geneva,sans-serif\"><span style=\"background:#ffffff\"><span style=\"line-height:114%\"><em><b><span style=\"line-height:114%\"><span style=\"font-weight:bold\">Miscellaneous<\/span><\/span><\/b><\/em><br><span style=\"line-height:114%\"><strong>Veinijuht<\/strong>. Tallinn: Eesti Ekspressi Kirjastus, 2004. 399 lk.<\/span><br><span style=\"line-height:114%\"><strong>Uus veinijuht<\/strong>. Tallinn: Eesti Ekspressi Kirjastus, 2007. 533 lk.<\/span><\/span><\/span><\/span><\/span><\/span>\n<\/p>\n<p>\n\t\u00a0<\/p>\n","protected":false},"excerpt":{"rendered":"<p>Poems Kalev Kesk\u00fcla\u00a0(22. X 1959 \u2013 25. VI 2010) was a journalist and writer. Born in Tallinn, Kesk\u00fcla graduated in Estonian philology from the University of Tartu in 1983. From 1983 to 1991 he worked as an editor for the &#8230;<\/p>\n","protected":false},"author":43,"featured_media":0,"parent":498,"menu_order":0,"comment_status":"closed","ping_status":"closed","template":"","meta":{"_acf_changed":false,"inline_featured_image":false,"footnotes":""},"class_list":["post-1041","page","type-page","status-publish","hentry"],"acf":[],"_links":{"self":[{"href":"https:\/\/sisu.ut.ee\/ewod\/wp-json\/wp\/v2\/pages\/1041","targetHints":{"allow":["GET"]}}],"collection":[{"href":"https:\/\/sisu.ut.ee\/ewod\/wp-json\/wp\/v2\/pages"}],"about":[{"href":"https:\/\/sisu.ut.ee\/ewod\/wp-json\/wp\/v2\/types\/page"}],"author":[{"embeddable":true,"href":"https:\/\/sisu.ut.ee\/ewod\/wp-json\/wp\/v2\/users\/43"}],"replies":[{"embeddable":true,"href":"https:\/\/sisu.ut.ee\/ewod\/wp-json\/wp\/v2\/comments?post=1041"}],"version-history":[{"count":1,"href":"https:\/\/sisu.ut.ee\/ewod\/wp-json\/wp\/v2\/pages\/1041\/revisions"}],"predecessor-version":[{"id":4042,"href":"https:\/\/sisu.ut.ee\/ewod\/wp-json\/wp\/v2\/pages\/1041\/revisions\/4042"}],"up":[{"embeddable":true,"href":"https:\/\/sisu.ut.ee\/ewod\/wp-json\/wp\/v2\/pages\/498"}],"wp:attachment":[{"href":"https:\/\/sisu.ut.ee\/ewod\/wp-json\/wp\/v2\/media?parent=1041"}],"curies":[{"name":"wp","href":"https:\/\/api.w.org\/{rel}","templated":true}]}}