{"id":1040,"date":"2024-04-03T23:40:42","date_gmt":"2024-04-03T20:40:42","guid":{"rendered":"https:\/\/sisu.ut.ee\/ewod\/plays-et-38\/"},"modified":"2024-04-04T00:08:23","modified_gmt":"2024-04-03T21:08:23","slug":"plays","status":"publish","type":"page","link":"https:\/\/sisu.ut.ee\/ewod\/r\/rannet\/plays\/","title":{"rendered":"Egon Rannet &#8211; plays"},"content":{"rendered":"<p>\n\t<span style=\"font-family:Verdana,Geneva,sans-serif\"><strong><span style=\"font-size:16px\">Books<\/span><\/strong><\/span><\/p>\n<p><strong><em>German<\/em><\/strong><br><strong>Der verlorene Sohn<\/strong>. \u00dcbersetzung: G\u00fcnter J\u00e4niche. Berlin: Henschel, 1959, 129 pp. [\u2018Kadunud poeg\u2019.]\n<\/p>\n<p>\n\t<br><span style=\"font-family:Verdana,Geneva,sans-serif\"><strong><span style=\"font-size:16px\">In anthologies and magazines<\/span><\/strong><\/span><\/p>\n<p><strong><em>German<\/em><\/strong><br><strong>Der verlorene Sohn<\/strong>. \u00dcbersetzung: Juri Elperin. \u2013 Sowjetliteratur, no 1, 1961, pp 93-140. [\u2018Kadunud poeg\u2019.]<\/p>\n","protected":false},"excerpt":{"rendered":"<p>Books GermanDer verlorene Sohn. \u00dcbersetzung: G\u00fcnter J\u00e4niche. Berlin: Henschel, 1959, 129 pp. [\u2018Kadunud poeg\u2019.] In anthologies and magazines GermanDer verlorene Sohn. \u00dcbersetzung: Juri Elperin. \u2013 Sowjetliteratur, no 1, 1961, pp 93-140. [\u2018Kadunud poeg\u2019.]<\/p>\n","protected":false},"author":43,"featured_media":0,"parent":1030,"menu_order":0,"comment_status":"closed","ping_status":"closed","template":"","meta":{"_acf_changed":false,"inline_featured_image":false,"footnotes":""},"class_list":["post-1040","page","type-page","status-publish","hentry"],"acf":[],"_links":{"self":[{"href":"https:\/\/sisu.ut.ee\/ewod\/wp-json\/wp\/v2\/pages\/1040","targetHints":{"allow":["GET"]}}],"collection":[{"href":"https:\/\/sisu.ut.ee\/ewod\/wp-json\/wp\/v2\/pages"}],"about":[{"href":"https:\/\/sisu.ut.ee\/ewod\/wp-json\/wp\/v2\/types\/page"}],"author":[{"embeddable":true,"href":"https:\/\/sisu.ut.ee\/ewod\/wp-json\/wp\/v2\/users\/43"}],"replies":[{"embeddable":true,"href":"https:\/\/sisu.ut.ee\/ewod\/wp-json\/wp\/v2\/comments?post=1040"}],"version-history":[{"count":1,"href":"https:\/\/sisu.ut.ee\/ewod\/wp-json\/wp\/v2\/pages\/1040\/revisions"}],"predecessor-version":[{"id":4041,"href":"https:\/\/sisu.ut.ee\/ewod\/wp-json\/wp\/v2\/pages\/1040\/revisions\/4041"}],"up":[{"embeddable":true,"href":"https:\/\/sisu.ut.ee\/ewod\/wp-json\/wp\/v2\/pages\/1030"}],"wp:attachment":[{"href":"https:\/\/sisu.ut.ee\/ewod\/wp-json\/wp\/v2\/media?parent=1040"}],"curies":[{"name":"wp","href":"https:\/\/api.w.org\/{rel}","templated":true}]}}