{"id":1038,"date":"2024-04-03T23:40:42","date_gmt":"2024-04-03T20:40:42","guid":{"rendered":"https:\/\/sisu.ut.ee\/ewod\/nonfiction-et-55\/"},"modified":"2024-04-04T00:08:23","modified_gmt":"2024-04-03T21:08:23","slug":"nonfiction","status":"publish","type":"page","link":"https:\/\/sisu.ut.ee\/ewod\/w\/wuolijoki\/nonfiction\/","title":{"rendered":"Hella Wuolijoki &#8211; non-fiction"},"content":{"rendered":"<p><strong><span style=\"font-family: verdana,geneva;font-size: medium\">Books<\/span><\/strong><\/p>\n<p><strong><em><span style=\"font-family: verdana,geneva\">Czech<br><\/span><\/em><\/strong><span style=\"font-family: verdana,geneva\"><strong>Nikdy jsem nebyla v\u011bzn\u011bm<\/strong>. Pr\u030celoz\u030cila Ella Chvojkova\u0301. Praha: Melantrich, 1951, 119 pp. [\u2018Enk\u00e4 ollut vanki: tuokiokuvia vankilasta\u2019. Translated from Swedish.]<\/span><span style=\"font-family: verdana,geneva\"><\/span><\/p>\n<p><span style=\"font-family: verdana,geneva\"><strong><em>Danish<\/em><\/strong><br><strong>Fange var jeg aldrig<\/strong>. Oversat fra svensk Ellen Kirk. K\u00f8benhavn: Forlaget Tiden, 1945, 216 pp. [\u2018Enk\u00e4 ollut vanki: tuokiokuvia vankilasta\u2019. <span style=\"font-family: verdana,geneva\">Translated from Swedish.<\/span>]<\/span><\/p>\n<p><strong><em><span style=\"font-family: verdana,geneva\">Finnish<\/span><\/em><\/strong><br><span style=\"font-family: verdana,geneva\"><strong>Yliopistovuodet Helsingiss\u00e4 1904-1908. 2. osa, Juhani Tervap\u00e4\u00e4n yksinpuheluja aikojen draamassa<\/strong>. Helsinki: Tammi, 1945, 304 pp. [2nd ed: Helsinki: Weilin + G\u00f6\u00f6s, 1973, 291 pp; 3rd ed: \u2018Nuoruuteni kahdessa maassa\u2019, Helsinki: Weilin + G\u00f6\u00f6s, 1986, 556 pp.]<strong><br>Koulutytt\u00f6n\u00e4 Tartossa: vuosina 1901-1904. 1 osa, Juhani Tervap\u00e4\u00e4n yksinpuheluja aikojen draamassa<\/strong>. Helsinki: Tammi, 1945, 298 pp. [A memoir. 2nd ed: \u2018Koulutytt\u00f6n\u00e4 Tartossa: vuosina 1901-1904\u2019, Helsinki: Weilin + G\u00f6\u00f6s, 1972; 3rd ed: \u2018Nuoruuteni kahdessa maassa\u2019, Helsinki: Weilin + G\u00f6\u00f6s, 1986, 556 pp.]<strong><br>Enk\u00e4 ollut vanki: tuokiokuvia vankilasta<\/strong>. Helsinki: Tammi, 1944, 174 pp. [A memoir. 6th ed: Helsinki: Tammi, 2010, 190 pp.]<br><\/span><\/p>\n","protected":false},"excerpt":{"rendered":"<p>Books CzechNikdy jsem nebyla v\u011bzn\u011bm. Pr\u030celoz\u030cila Ella Chvojkova\u0301. Praha: Melantrich, 1951, 119 pp. [\u2018Enk\u00e4 ollut vanki: tuokiokuvia vankilasta\u2019. Translated from Swedish.] DanishFange var jeg aldrig. Oversat fra svensk Ellen Kirk. K\u00f8benhavn: Forlaget Tiden, 1945, 216 pp. [\u2018Enk\u00e4 ollut vanki: tuokiokuvia &#8230;<\/p>\n","protected":false},"author":43,"featured_media":0,"parent":1027,"menu_order":0,"comment_status":"closed","ping_status":"closed","template":"","meta":{"_acf_changed":false,"inline_featured_image":false,"footnotes":""},"class_list":["post-1038","page","type-page","status-publish","hentry"],"acf":[],"_links":{"self":[{"href":"https:\/\/sisu.ut.ee\/ewod\/wp-json\/wp\/v2\/pages\/1038","targetHints":{"allow":["GET"]}}],"collection":[{"href":"https:\/\/sisu.ut.ee\/ewod\/wp-json\/wp\/v2\/pages"}],"about":[{"href":"https:\/\/sisu.ut.ee\/ewod\/wp-json\/wp\/v2\/types\/page"}],"author":[{"embeddable":true,"href":"https:\/\/sisu.ut.ee\/ewod\/wp-json\/wp\/v2\/users\/43"}],"replies":[{"embeddable":true,"href":"https:\/\/sisu.ut.ee\/ewod\/wp-json\/wp\/v2\/comments?post=1038"}],"version-history":[{"count":1,"href":"https:\/\/sisu.ut.ee\/ewod\/wp-json\/wp\/v2\/pages\/1038\/revisions"}],"predecessor-version":[{"id":4039,"href":"https:\/\/sisu.ut.ee\/ewod\/wp-json\/wp\/v2\/pages\/1038\/revisions\/4039"}],"up":[{"embeddable":true,"href":"https:\/\/sisu.ut.ee\/ewod\/wp-json\/wp\/v2\/pages\/1027"}],"wp:attachment":[{"href":"https:\/\/sisu.ut.ee\/ewod\/wp-json\/wp\/v2\/media?parent=1038"}],"curies":[{"name":"wp","href":"https:\/\/api.w.org\/{rel}","templated":true}]}}