{"id":1034,"date":"2024-04-03T23:40:42","date_gmt":"2024-04-03T20:40:42","guid":{"rendered":"https:\/\/sisu.ut.ee\/ewod\/ernihiir\/"},"modified":"2024-04-04T00:08:22","modified_gmt":"2024-04-03T21:08:22","slug":"ernihiir","status":"publish","type":"page","link":"https:\/\/sisu.ut.ee\/ewod\/h\/ernihiir\/","title":{"rendered":"Erni Hiir"},"content":{"rendered":"<p>\n\t<span style=\"font-family: verdana, geneva\"><span style=\"font-size: medium\"><strong><a href=\"https:\/\/sisu.ut.ee\/ewod\/h\/ernihiir\/poems\">Poems<\/a><\/strong>\u00a0<a href=\"https:\/\/sisu.ut.ee\/wp-content\/uploads\/sites\/108\/a-3-90_erni_hiir.jpg\" target=\"_self\" rel=\"noopener\"><img decoding=\"async\" alt=\"Erni Hiir\" src=\"https:\/\/sisu.ut.ee\/wp-content\/uploads\/sites\/108\/a-3-90_erni_hiir.jpg\" style=\"float: right;width: 200px;height: 317px\" title=\"Photo: J. &amp; P. Parikas (Tallinn)\"><\/a><\/span><\/span>\n<\/p>\n<p><span style=\"font-family: verdana, geneva\"><span style=\"font-size: medium\"><span style=\"font-size: small\">Erni Hiir (given name Ernst Hiir; 29.\/16. III 1900 \u2013 27. X 1989) was a poet and translator. His poetic style was at first futuristic; in the nineteen-thirties he represented the \u201ctrue-to-life\u201d trend in poetry; from 1944 he favoured the Soviet ideology.<\/span><\/span><\/span><\/p>\n<p><span style=\"font-size: medium\"><span style=\"font-size: small\">Hiir was born at the village of Karjanurme in Viljandimaa county (later part of Valgamaa) as the son of a tenant farmer; in 1911 the family moved to Tartu. Hiir attended Taagepera parish school at Ala, from 1911 to 1918 the Tartu School of Science, from 1920 to 1921 the theatre class at A. Niel\u00e4nder\u2019s music school in Tartu, and in 1921-1922 as an auditor in the faculty of philosophy of the University of Tartu. He was a member of the Estonian Writers\u2019 Union from 1927. Hiir was an author who was loyal to the occupying power in Estonia. From 1940 he worked in the editorial office of the newspaper <em>Postimees<\/em>, and from 1944 to 1945 he was managing editor of the <em>Uus Postimees<\/em>. He was a member of the CPSU from 1944 until his death. From 1945 to 1960 he was executive secretary of the Tartu branch of the Writers\u2019 Union. In 1962 he moved to Tallinn. He is buried in the Metsakalmistu Cemetery.<\/span><\/span><\/p>\n<p><span style=\"font-size: small\">Erni Hiir made his poetic debut in 1918 in the newspaper <em>Postimees<\/em>. A year later, with Albert Kivikas, he published a futuristic verse brochure, <em>Ohverdet konn<\/em> (\u2018Sacrificial Frog\u2019), and <em>T\u00e4ielik teoste kogu I-II<\/em> (\u2018Complete Collection of Works\u2019), consisting only of the covers. Hiir\u2019s first collections in 1924, <em>Arlekinaad<\/em> (\u2018Harlequinade\u2019) and <em>Huhu. Merituulen<\/em> (\u2018Huhu. In the Sea Wind\u2019) are works along futuristic lines, frequently involving sound-play. With Juhan S\u00fctiste and Mihkel J\u00fcrna, Hiir issued the literary collections <em>Sang<\/em> and <em>Bumerang<\/em>, which expressed the authors\u2019 dissatisfaction with the current state of literature. The works attracted attention and invited debate in the literary landscape. Hiir became known in literature as a champion of young poets, and one of the leaders of the group opposed to the Siuru movement (Adson, Visnapuu, Tuglas, Gailit and others), out of which, at the end of the twenties, grew the so-called \u201ctrue-to-life\u201d movement and the Kirjanduslik Orbiit (\u2018Literary Orbit\u2019) grouping, which announced itself with a journal of the same name at the end of 1929.<\/span><\/p>\n<p><span style=\"font-size: small\">Hiir\u2019s collection <em>Meeri-Maria-Mari<\/em> (1926) consists entirely of sonnets, but they are modern in theme depicting city life, congenial company and women. In the collection <em>Lemmiklaulud<\/em> (\u2018Favourite Songs\u2019, 1926), Hiir turned to a traditional verse-form to portray home and the homeland. This trend continued in the thirties, when Hiir became a proponent in poetry of the official positive outlook and \u201cworking Estonian\u201d idea propagated by the authoritarian regime. The coming of Soviet power again brought with it a change in Hiir\u2019s work; his poems started to exalt the new order and the communist view of life. The collections <em>V\u00f5idule<\/em> (\u2018To Victory\u2019, 1944), <em>Uutele v\u00f5itudele<\/em> (\u2018To New Victories\u2019, 1950), <em>Heledamaks muutub p\u00e4ev<\/em> (\u2018The Day Gets Brighter\u2019, 1967), and <em>L\u00fchilood ajakajana<\/em> (\u2018Short Stories as an Echo of Time\u2019, 1972) are sloganeering and declarative in style. Several compilations of Erni Hiir\u2019s works have appeared.<\/span><br><span style=\"font-size: small\">\u00a0<\/span><br><span style=\"font-size: small\">Hiir translated Krylov\u2019s fables and mainly Russian Soviet verses; he compiled four selections of modern Russian poetry (published 1963-1966) and published articles and theatre criticism.<\/span><\/p>\n<p><em><span style=\"font-size: small\">A. N. (Translated by C. M.)<\/span><\/em><\/p>\n<p><strong><span style=\"font-size: medium\">Books in Estonian<\/span><\/strong>\n<\/p>\n<p>\n\t<span style=\"font-family: verdana, geneva;font-size: small\"><strong><em>Poems<\/em><\/strong><br>Erni Hiir, Albert Kivikas, <strong>Ohverdet konn<\/strong>. Tartu: Odamees, 1919, 8 lk.<br><strong>Tantse maailmastik. T\u00e4ielik teoste kogu. Raa\u2026 4, Nr. 1<\/strong>. Tartu: 1919, 3 lk.<br><strong>Tantse maailmastik. T\u00e4ielik teoste kogu. Raa\u2026 4, Nr. 2<\/strong>. Tartu: 1919, 3 lk.<br><strong>Arlekinaad<\/strong>. Tartu: 1924, 7 lk.<br><strong>Huhu. Merituulen<\/strong>. Tartu: 1924, 16 lk.<br>Hiir, Sch\u00fctz, J\u00fcrna, <strong>Sang<\/strong>. Tartu: Arlekiin, 1925, 36 lk. [Autorid: Erni Hiir, Juhan S\u00fctiste, Mihkel J\u00fcrna.]<br>Hiir, Sch\u00fctz, J\u00fcrna, <strong>Bumerang<\/strong>. Tartu: Hiir, Sch\u00fctz, J\u00fcrna, 1925, 62 lk. [Autorid: Erni Hiir, Juhan S\u00fctiste, Mihkel J\u00fcrna.]<br><strong>Lemmiklaulud<\/strong>. Tartu: Noor-Eesti, 1926, 71 lk.<br><strong>Meeri Maria Mari<\/strong>. Armastuslaulud. Tartu: 1926, 79 lk.<br><strong>Puhtewird<\/strong>. Tartu: 1927, 66 lk. [Ilmus 10 eksemplaris.]<br><strong>Kodutee<\/strong>. Tartu: Eesti Kirjanikkude Liit, 1931, 63 lk.<br><strong>P\u00f6\u00f6rang<\/strong>. Viies kogu luuletisi. Tartu: Loodus, 1933, 79 lk.<br><strong>Sinim\u00e4ed<\/strong>. Kuues kogu luuletisi. Tartu: Loodus, 1935, 126 lk.<br><strong>Raudv\u00e4rsid<\/strong>. Seitsmes kogu luuletisi. Tartu: Eesti Kirjanikkude Liit, 1937, 94 lk.<br><strong>P\u00e4ikeselised p\u00e4evad<\/strong>. V\u00e4rsivalimik. Tartu: Loodus, 1937, 189 lk.<br><strong>Palgest palgesse<\/strong>. Kaheksas kogu luuletusi. Tartu: Noor-Eesti, 1938, 94 lk.<br><strong>Homsele vastu<\/strong>. \u00dcheksas kogu luuletusi. Tartu: Noor-Eesti, 1939, 83 lk.<br><strong>V\u00f5idule<\/strong>. Luuletusi Isamaas\u00f5jast. Leningrad: Ilukirjandus ja Kunst, 1944, 71 lk.<br><strong>Elu nimel<\/strong>. V\u00e4rsivalimik 1918-1945. Tallinn: Ilukirjandus ja Kunst, 1946, 248 lk.<br><strong>Uutele v\u00f5itudele<\/strong>. Luuletusi 1944-1950. Tallinn: Eesti Riiklik Kirjastus, 1950, 92 lk.<br><strong>K\u00fclva ning loo!<\/strong>. Kogutud luuletused autori redaktsioonis. Tallinn: Eesti Riiklik Kirjastus, 1958, 387 lk.<br><strong>Heledamaks muutub p\u00e4ev<\/strong>. 12. kogu v\u00e4rsse. Tallinn: Eesti Raamat, 1967, 100 lk.<br><strong>Kui tulevad k\u00e4od<\/strong>. Valimik loodusluulet. Ilmub luuletaja 70. s\u00fcnnip\u00e4eva puhul. Tallinn: Perioodika, 1970, 46 lk.<br><strong>V\u00f5idule!<\/strong>. Koostanud Endel S\u00f5gel. Tallinn: Eesti Raamat, 1970, 64 lk. [Sari \u2018Poeedilt s\u00f5javeteranile\u2019.]<br><strong>L\u00fchilood ajakajana<\/strong>. Kolmeteistk\u00fcmnes kogu v\u00e4rsse. Satiiripalu. Tallinn: Eesti Raamat, 1972, 86 lk.<br><strong>M\u00e4ssulaulud<\/strong>. Valik v\u00f5itlusluulet 1918-1930. Tallinn: Eesti Raamat, 1975, 146 lk.<br><strong>Luuletused. Avatlused. Heitluste kumad<\/strong>. Tallinn: Eesti Raamat, 1976, 299 lk.<br><strong>Luuletused. T\u00f6\u00f6poeesia<\/strong>. Tallinn: Eesti Raamat, 1979, 238 lk.<\/span><\/p>\n","protected":false},"excerpt":{"rendered":"<p>Poems\u00a0 Erni Hiir (given name Ernst Hiir; 29.\/16. III 1900 \u2013 27. X 1989) was a poet and translator. His poetic style was at first futuristic; in the nineteen-thirties he represented the \u201ctrue-to-life\u201d trend in poetry; from 1944 he favoured &#8230;<\/p>\n","protected":false},"author":43,"featured_media":0,"parent":599,"menu_order":0,"comment_status":"closed","ping_status":"closed","template":"","meta":{"_acf_changed":false,"inline_featured_image":false,"footnotes":""},"class_list":["post-1034","page","type-page","status-publish","hentry"],"acf":[],"_links":{"self":[{"href":"https:\/\/sisu.ut.ee\/ewod\/wp-json\/wp\/v2\/pages\/1034","targetHints":{"allow":["GET"]}}],"collection":[{"href":"https:\/\/sisu.ut.ee\/ewod\/wp-json\/wp\/v2\/pages"}],"about":[{"href":"https:\/\/sisu.ut.ee\/ewod\/wp-json\/wp\/v2\/types\/page"}],"author":[{"embeddable":true,"href":"https:\/\/sisu.ut.ee\/ewod\/wp-json\/wp\/v2\/users\/43"}],"replies":[{"embeddable":true,"href":"https:\/\/sisu.ut.ee\/ewod\/wp-json\/wp\/v2\/comments?post=1034"}],"version-history":[{"count":1,"href":"https:\/\/sisu.ut.ee\/ewod\/wp-json\/wp\/v2\/pages\/1034\/revisions"}],"predecessor-version":[{"id":4035,"href":"https:\/\/sisu.ut.ee\/ewod\/wp-json\/wp\/v2\/pages\/1034\/revisions\/4035"}],"up":[{"embeddable":true,"href":"https:\/\/sisu.ut.ee\/ewod\/wp-json\/wp\/v2\/pages\/599"}],"wp:attachment":[{"href":"https:\/\/sisu.ut.ee\/ewod\/wp-json\/wp\/v2\/media?parent=1034"}],"curies":[{"name":"wp","href":"https:\/\/api.w.org\/{rel}","templated":true}]}}