{"id":1033,"date":"2024-04-03T23:40:42","date_gmt":"2024-04-03T20:40:42","guid":{"rendered":"https:\/\/sisu.ut.ee\/ewod\/poems-et-163\/"},"modified":"2024-04-04T00:08:22","modified_gmt":"2024-04-03T21:08:22","slug":"poems","status":"publish","type":"page","link":"https:\/\/sisu.ut.ee\/ewod\/k\/kaal\/poems\/","title":{"rendered":"Aira Kaal &#8211; poems"},"content":{"rendered":"<p><span style=\"font-family: verdana, geneva;font-size: medium\"><strong><strong>In compilations, anthologies, magazines<\/strong><\/strong><\/span><\/p>\n<p><span style=\"font-family: verdana, geneva\"><strong><em>German<br><\/em>Wege der Freundschaft<\/strong>. \u00dcbersetzung: S. \u00d6sterreicher. \u2013 Sepp \u00d6sterreicher (Hg.), Wo f\u00e4ngt denn unsere Heimat an?. Moskau: Verlag Progress, 1973, p 77. [\u2018S\u00f5prus v\u00f5idab\u2019.]<\/span><\/p>\n<p><span style=\"font-family: verdana, geneva\"><strong><em>Hungarian<\/em><\/strong><\/span><br><span style=\"font-family: verdana, geneva\"><strong>[Poems]. \u2013\u00a0<\/strong><span style=\"font-family: verdana, geneva\">Pal\u00f3cf\u00f6ld, no 5, 1986.<\/span><strong><br>[Poems]<\/strong>. \u2013 Tiszat\u00e1j, no 12, 1979.<strong><br>\u00c9szt k\u00f6lt\u00f6k: huszadik sz\u00e1zadi \u00e9szt l\u00edra<\/strong>. V\u00e1logatta, az \u00e9letrajzi jegyzeteket k\u00e9sz\u00edtette \u00e9s a sz\u00f6veggondoz\u00e1st v\u00e9gezte Bereczki G\u00e1bor, Bereczkin\u00e9 Mai Kiisk, Feh\u00e9rvari Gy\u00f6z\u00f6.\u00a0Budapest: Eur\u00f3pa k\u00f6nyvkiad\u00f3, 1975, 651 pp. [Poems by\u00a0Gustav Suits,\u00a0Ernst Enno,\u00a0Villem Gr\u00fcnthal-Ridala,\u00a0Marie Under,\u00a0Henrik Visnapuu,\u00a0Jaan K\u00e4rner,\u00a0Johannes Barbarus,\u00a0Johannes Semper,\u00a0August Alle,\u00a0Valmar Adams,\u00a0Uku Masing,\u00a0Juhan S\u00fctiste,\u00a0Heiti Talvik,\u00a0Betti Alver,\u00a0August Sang,\u00a0Kersti Merilaas,\u00a0Bernard Kangro,\u00a0Arno Vihalemm,\u00a0Kalju Lepik,\u00a0Ivar Gr\u00fcnthal,\u00a0Felix Kotta,\u00a0Aira Kaal,\u00a0Paul Rummo,\u00a0Debora Vaarandi,\u00a0Ralf Parve,\u00a0Juhan Smuul,\u00a0Ellen Niit,\u00a0Vladimir Beekman,\u00a0Uno Laht,\u00a0Jaan Kross,\u00a0Ain Kaalep,\u00a0Mats Traat,\u00a0Linda Ruud,\u00a0Paul-Eerik Rummo,\u00a0Arvi Siig,\u00a0Enn Vetemaa,\u00a0Rudolf Rimmel,\u00a0Jaan Kaplinski,\u00a0Hando Runnel.]<\/span><\/p>\n<p><span style=\"font-family: verdana, geneva\"><strong><em>Russian<\/em><\/strong><br><strong>\u0410\u043d\u0442\u043e\u043b\u043e\u0433\u0438\u044f \u044d\u0441\u0442\u043e\u043d\u0441\u043a\u043e\u0439 \u043f\u043e\u044d\u0437\u0438\u0438: 1637-1987 \u0433<\/strong>. \u0421\u043e\u0441\u0442\u0430\u0432\u0438\u0442\u0435\u043b\u044c \u041b. \u0420\u0443\u0443\u0434, \u042d. \u041c\u0438\u0445\u0430\u0439\u043b\u043e\u0432\u0430; \u043f\u0440\u0435\u0434\u0438\u0441\u043b\u043e\u0432\u0438\u0435 \u0410. \u041a\u0430\u0430\u043b\u0435\u043f\u0430. \u0422\u0430\u043b\u043b\u0438\u043d\u043d: \u042d\u044d\u0441\u0442\u0438 \u0420\u0430\u0430\u043c\u0430\u0442, 1990, 415 pp. [Poems by: Reiner Brockmann, Heinrich G\u00f6seken, Johann Gutslaff, Johann Sebastian Markard, Johann Kohsen, unknown author in 1697, K\u00e4su Hans, Carl Schulten, Carl Gustav von Staden, unknown author in 1779, Berend Heinrich von Tiesenhausen, Joachim Gottlieb Schwabe, Kristian Jaak Peterson, Lydia Koidula, Juhan Liiv, Gustav Suits, Villem Ridala, Marie Under, Henrik Visnapuu, Johannes Barbarus, Heiti Talvik, Betti Alver, August Sang, Kersti Merilaas, Mart Raud, Uku Masing, Juhan S\u00fctiste, Johannes Semper, Valmar Adams, Juhan Smuul, Debora Vaarandi, Ralf Parve, Aira Kaal, Minni Nurme, Uno Laht, Jaan Kross, Ellen Niit, Vladimir Beekman, Artur Alliksaar, Ain Kaalep, Paul Haavaoks, Aleksander Suuman, Arvi Siig, Mats Traat, Nikolai Baturin, Paul-Eerik Rummo, Jaan Kaplinski, Hando Runnel, Viivi Luik, Juhan Viiding, Ene Mihkelson, Doris Kareva, Mari Vallisoo.]<br><strong>\u0410\u043d\u0442\u043e\u043b\u043e\u0433\u0438\u044f \u044d\u0441\u0442\u043e\u043d\u0441\u043a\u043e\u0439 \u043f\u043e\u044d\u0437\u0438\u0438: \u0432 \u0434\u0432\u0443\u0445 \u0442\u043e\u043c\u0430\u0445<\/strong>. \u0412\u0441\u0442\u0443\u043f\u0438\u0442\u0435\u043b\u044c\u043d\u0430\u044f \u0441\u0442\u0430\u0442\u044c\u044f \u042d. \u041d\u0438\u0440\u043a\u0430; \u0441\u043e\u0441\u0442\u0430\u0432\u0438\u0442\u0435\u043b\u0438 \u042d. \u041d\u0438\u0440\u043a \u0438 \u041f. \u0420\u0443\u043c\u043c\u043e. \u041b\u0435\u043d\u0438\u043d\u0433\u0440\u0430\u0434: \u0413\u043e\u0441\u043b\u0438\u0442\u0438\u0437\u0434\u0430\u0442, 1959, 424 + 450 pp. [Includes folk songs and poems by: Kristian Jaak Peterson, Friedrich Robert Faehlmann, Friedrich Reinhold Kreutzwald, Juhan Weizenberg, Lydia Koidula, Friedrich Kuhlbars, Carl Robert Jakobson, Mihkel Veske, Ado Reinvald, Juhan Kunder, Jaan Bergmann, Peeter Jakobson, Jakob Tamm, Jakob Liiv, Juhan Liiv, Anna Haava, Karl Eduard S\u00f6\u00f6t, Reinhold Kamsen, Ernst Enno, Villem Ridala, Marie Heiberg, Jaan L\u00f5o, Hans P\u00f6\u00f6gelmann, Juhan Lilienbach, Vassili M\u00f6lder, Villem Buk, Johannes Barbarus, August Alle, Jaan K\u00e4rner, Johannes Semper, Juhan S\u00fctiste, Erni Hiir, Mart Raud, Paul Viiding, Betti Alver, Kersti Merilaas, August Sang, Hugo Angervaks, Felix Kotta, Aira Kaal, Muia Veetamm, Paul Rummo, Debora Vaarandi, Juhan Smuul, Minni Nurme, Ralf Parve, Manivald Kesamaa, Uno Laht, Vladimir Beekman, Jaan Kross, Ilmi Kolla, Ellen Niit.]<br><\/span><\/p>\n","protected":false},"excerpt":{"rendered":"<p>In compilations, anthologies, magazines GermanWege der Freundschaft. \u00dcbersetzung: S. \u00d6sterreicher. \u2013 Sepp \u00d6sterreicher (Hg.), Wo f\u00e4ngt denn unsere Heimat an?. Moskau: Verlag Progress, 1973, p 77. [\u2018S\u00f5prus v\u00f5idab\u2019.] Hungarian[Poems]. \u2013\u00a0Pal\u00f3cf\u00f6ld, no 5, 1986.[Poems]. \u2013 Tiszat\u00e1j, no 12, 1979.\u00c9szt k\u00f6lt\u00f6k: huszadik &#8230;<\/p>\n","protected":false},"author":43,"featured_media":0,"parent":1023,"menu_order":0,"comment_status":"closed","ping_status":"closed","template":"","meta":{"_acf_changed":false,"inline_featured_image":false,"footnotes":""},"class_list":["post-1033","page","type-page","status-publish","hentry"],"acf":[],"_links":{"self":[{"href":"https:\/\/sisu.ut.ee\/ewod\/wp-json\/wp\/v2\/pages\/1033","targetHints":{"allow":["GET"]}}],"collection":[{"href":"https:\/\/sisu.ut.ee\/ewod\/wp-json\/wp\/v2\/pages"}],"about":[{"href":"https:\/\/sisu.ut.ee\/ewod\/wp-json\/wp\/v2\/types\/page"}],"author":[{"embeddable":true,"href":"https:\/\/sisu.ut.ee\/ewod\/wp-json\/wp\/v2\/users\/43"}],"replies":[{"embeddable":true,"href":"https:\/\/sisu.ut.ee\/ewod\/wp-json\/wp\/v2\/comments?post=1033"}],"version-history":[{"count":1,"href":"https:\/\/sisu.ut.ee\/ewod\/wp-json\/wp\/v2\/pages\/1033\/revisions"}],"predecessor-version":[{"id":4034,"href":"https:\/\/sisu.ut.ee\/ewod\/wp-json\/wp\/v2\/pages\/1033\/revisions\/4034"}],"up":[{"embeddable":true,"href":"https:\/\/sisu.ut.ee\/ewod\/wp-json\/wp\/v2\/pages\/1023"}],"wp:attachment":[{"href":"https:\/\/sisu.ut.ee\/ewod\/wp-json\/wp\/v2\/media?parent=1033"}],"curies":[{"name":"wp","href":"https:\/\/api.w.org\/{rel}","templated":true}]}}