{"id":1030,"date":"2024-04-03T23:40:41","date_gmt":"2024-04-03T20:40:41","guid":{"rendered":"https:\/\/sisu.ut.ee\/ewod\/rannet\/"},"modified":"2024-04-04T00:08:25","modified_gmt":"2024-04-03T21:08:25","slug":"rannet","status":"publish","type":"page","link":"https:\/\/sisu.ut.ee\/ewod\/r\/rannet\/","title":{"rendered":"Egon Rannet"},"content":{"rendered":"<p>\n\t<span style=\"font-family:Verdana,Geneva,sans-serif\"><strong><span style=\"font-size:16px\"><a data-url=\"https:\/\/sisu.ut.ee\/ewod\/r\/rannet\/plays\" href=\"https:\/\/sisu.ut.ee\/ewod\/r\/rannet\/plays\" title=\"\">Plays <\/a><\/span><\/strong><span style=\"font-size:16px\"><a href=\"https:\/\/sisu.ut.ee\/wp-content\/uploads\/sites\/108\/egon_rannet.jpg\" target=\"_self\" rel=\"noopener\"><img decoding=\"async\" alt=\"Egon Rannet\" src=\"https:\/\/sisu.ut.ee\/wp-content\/uploads\/sites\/108\/egon_rannet.jpg\" style=\"float: right;width: 200px;height: 274px\"><\/a><\/span><\/span>\n<\/p>\n<p>\n\t<span style=\"font-family:Verdana,Geneva,sans-serif\"><strong><span style=\"font-size:16px\"><a data-url=\"https:\/\/sisu.ut.ee\/ewod\/r\/rannet\/about\" href=\"https:\/\/sisu.ut.ee\/ewod\/r\/rannet\/about\" title=\"\">About Egon Rannet<\/a><\/span><\/strong><\/span>\n<\/p>\n<p>\u00a0\n<\/p>\n<p>\n\t<span style=\"font-size:13px\"><span style=\"font-family:Verdana,Geneva,sans-serif\">Egon Rannet (Eugen\/Jevgeni Br\u00fccke until 1940, 29.\/16. XI 1911-1. XI 1983) is mostly known as a playwright, whose works follow the principles of socialist realism.<\/span><\/span>\n<\/p>\n<p>\n\t<span style=\"font-size:13px\"><span style=\"font-family:Verdana,Geneva,sans-serif\">He was born in Tallinn and was educated there. His father, who did not return to the family after being drafted during World War I, worked in the Red Army and People\u2019s Commissariat for Internal Affairs (NKVD) in Soviet Union for 40 years. Br\u00fccke studied in several schools in Tallinn, including the Tallinn Kaarli Gymnasium from 1926-1928. His mother passed early, after which Br\u00fccke was forced to support himself. He worked many jobs and was even caught up in the Tallinn underworld. He was a member of the Vaps Movement (the nationalist populists in Estonia in the 1930s). In World War II, he fought on the Soviet side and took part in several battles. From 1944, he worked in the police force of the ESSR, first in criminal investigation and then in the prosecution. From 1947, he worked in Tallinn as a professional writer. From 1950, he joined the Estonian Writers\u2019 Union and from 1961, was a Merited Writer of the ESSR. In the 1954 <em>Looming<\/em> short story competition, his story <em>Elul\u00f5imed<\/em> (\u2018Threads of Life\u2019) received a prize and <em>\u00d5igus armastusele<\/em> (\u2018Right to Love\u2019) was recognized. He received the State Prize of the Soviet Estonia for the drama <em>Kadunud poeg<\/em> (\u2018Lost Son\u2019, 1958). He received the literary award of the E. Vilde collective farm for the first volume of the novel <em>Kivid ja leib<\/em> (\u2018Stones and Bread\u2019, 1972). He was married to Vaike Rannet (1925-1999). He died in Tallinn and is buried at Tallinn Metsakalmistu (Forest Cemetery).<\/span><\/span>\n<\/p>\n<p>\n\t<span style=\"font-size:13px\"><span style=\"font-family:Verdana,Geneva,sans-serif\">He debuted in the newspaper <em>Noorte H\u00e4\u00e4l<\/em> in 1947. In 1951, his satirical collection <em>Ameerika elulaad<\/em> (\u2018American Way of Life\u2019) was published. He was one of the most important writers of literary reportage: <em>Seltsimehed Torist<\/em> (\u2018Comrades from Tori\u2019, 1953) focuses on the topic of horse breeding and <em>Tugevate tee<\/em> (\u2018Path of the Strong\u2019, 1954) on collective farm life. In the mid-1950s, plays that are characterized by a distinct Soviet attitude, socialist realism and conceptualism took center stage in his writings. The plays mostly focused on topical problems and were built upon a clear political or ethical conflict. The drama <em>S\u00fcdamevalu<\/em> (\u2018Heartache\u2019, published in <em>Looming<\/em> and staged in 1956; as a book in 1957) depicts conflicts at a collective farm and the personal problems of the main character Kustas Loki. A more psychological approach is taken in the drama <em>Kadunud poeg<\/em> (\u2018The Lost Son\u2019, 1958), which focuses on a spy named Mart Tuisk, who has just returned home. The drama portrays the ideological opposition of the West and the Soviet Union. The satirical <em>\u201cKriminaaltango\u201d<\/em> <em>ja V\u00e4ga korralikud inimesed<\/em> (\u2018\u201dCriminal tango\u201d and Very Decent People\u2019, 1968) deals with youth crime, the cause of which is the negative influence of the West.<\/span><\/span>\n<\/p>\n<p>\n\t<span style=\"font-family:Verdana,Geneva,sans-serif\"><span style=\"font-size:13px\">In 1972, the first volume of his novel sequence <em>Kivid ja leib<\/em> (\u2018Stones and Bread\u2019), which depicts country life, was published. The second volume remained incomplete until it was finished by his wife Vaike Rannet. The voluminous third and fourth book were written by her entirely. The saga became popular among readers.<\/span><\/span><\/p>\n<p><em>A. N. (Translated by A. S.)<\/em><\/p>\n<p>\u00a0\n<\/p>\n<p>\n\t<span style=\"font-family:Verdana,Geneva,sans-serif\"><strong><span style=\"font-size:16px\">Books in Estonian<\/span><\/strong><\/span>\n<\/p>\n<p>\n\t<span style=\"font-family:Verdana,Geneva,sans-serif\"><span style=\"font-size:13px\"><strong><em>Novels<\/em><\/strong><br><strong>Kivid ja leib, 1. k\u00f6ide<\/strong>. Tallinn: Eesti Raamat, 1972, 708 lk. [2. tr\u00fckk: 1976.]<br>Egon Rannet, Vaike Rannet, <strong>Kivid ja leib, 2. k\u00f6ide<\/strong>. Tallinn: Eesti Raamat, 1985, 654 lk.<br>Egon Rannet, Vaike Rannet, <strong>Kivid ja leib, 3. k\u00f6ide<\/strong>.\u00a0 Tallinn: Eesti Raamat, 1992, 797 lk.<br>Egon Rannet, Vaike Rannet, <strong>Kivid ja leib, 4. k\u00f6ide<\/strong>.\u00a0 Tallinn: Eesti Raamat, 1996, 870 lk.<\/span><\/span>\n<\/p>\n<p>\n\t<span style=\"font-family:Verdana,Geneva,sans-serif\"><span style=\"font-size:13px\"><strong><em>Short stories<\/em><\/strong><br><strong>Ameerika elulaad<\/strong>. L\u00fchijutte, epigramme, f\u00f6ljetone. Tallinn: Eesti Riiklik Kirjastus 1951, 108 lk.<br><strong>Seltsimehed Torist<\/strong>. Olukirjeldus. Tallinn: Eesti Riiklik Kirjastus, 1953, 119 lk.<br><strong>Tugevate tee<\/strong>. 1. raamat: Olustikupilte \u00fche perekonna elust. Tallinn: Eesti Riiklik Kirjastus, 1954, 370 lk. [2. tr\u00fckk: 1958.]<\/span><\/span>\n<\/p>\n<p>\n\t<span style=\"font-family:Verdana,Geneva,sans-serif\"><span style=\"font-size:13px\"><strong><em>Plays<\/em><\/strong><br><strong>Kuri karjas<\/strong>. Tallinn: Ajalehtede Kirjastus, 1949, 16 lk.<br><strong>Leerikleit<\/strong>. Tallinn: Ajalehtede Kirjastus, 1949, 16 lk.<br><strong>USA<\/strong>. Tallinn: Ajalehtede-Ajakirjade Kirjastus, 1950, 20 lk.<br><strong>S\u00fcdamevalu<\/strong>. Tallinn: Eesti Riiklik Kirjastus, 1957, 95 lk. [J\u00e4rgmised tr\u00fckid: 1961, 1971.]<br><strong>Kadunud poeg<\/strong>. Tallinn: ENSV Ajalehtede-Ajakirjade Kirjastus, 1958, 42 lk. [J\u00e4rgmised tr\u00fckid: 1959, 1961, 1971.]<br><strong>Salak\u00fctid<\/strong>. Tallinn: Eesti Riiklik Kirjastus, 1960, 84 lk. [J\u00e4rgmised tr\u00fckid: 1961, 1971.]<br><strong>N\u00e4idendid<\/strong>. Tallinn: Eesti Riiklik Kirjastus, 1961, 288 lk. [Sisu: \u2018S\u00fcdamevalu\u2019, \u2018Kadunud poeg\u2019, \u2018Salak\u00fctid\u2019, \u2018Vihmas ja p\u00e4ikeses: filmistsenaarium\u2019.]<br><strong>Haned<\/strong>. Tallinn: Eesti Riiklik Kirjastus, 1964, 84 lk. [2. tr\u00fckk: 1971.]<br><strong>Karikas ja madu<\/strong>. Tallinn: Eesti Raamat, 1966, 76 lk. [2. tr\u00fckk: 1971.]<br><strong>Veripunane roos<\/strong>. Tallinn: Eesti Raamat, 1967, 86 lk.<br><strong>\u201cKriminaaltango\u201d ja v\u00e4ga korralikud inimesed<\/strong>. Tallinn: Eesti Raamat, 1968, 72 lk.<br><strong>N\u00e4idendid<\/strong>. Tallinn: Eesti Raamat, 1971, 503 lk.<\/span><\/span>\n<\/p>\n<p>\n\t<span style=\"font-family:Verdana,Geneva,sans-serif\"><span style=\"font-size:13px\"><strong><em>Travelogues<\/em><\/strong><br><strong>Kilde Taani-reisilt<\/strong>. Tallinn: Eesti Riiklik Kirjastus, 1960, 79 lk.<\/span><\/span>\n<\/p>\n<p>\n\t\u00a0<\/p>\n","protected":false},"excerpt":{"rendered":"<p>Plays About Egon Rannet \u00a0 Egon Rannet (Eugen\/Jevgeni Br\u00fccke until 1940, 29.\/16. XI 1911-1. XI 1983) is mostly known as a playwright, whose works follow the principles of socialist realism. He was born in Tallinn and was educated there. His &#8230;<\/p>\n","protected":false},"author":43,"featured_media":0,"parent":686,"menu_order":0,"comment_status":"closed","ping_status":"closed","template":"","meta":{"_acf_changed":false,"inline_featured_image":false,"footnotes":""},"class_list":["post-1030","page","type-page","status-publish","hentry"],"acf":[],"_links":{"self":[{"href":"https:\/\/sisu.ut.ee\/ewod\/wp-json\/wp\/v2\/pages\/1030","targetHints":{"allow":["GET"]}}],"collection":[{"href":"https:\/\/sisu.ut.ee\/ewod\/wp-json\/wp\/v2\/pages"}],"about":[{"href":"https:\/\/sisu.ut.ee\/ewod\/wp-json\/wp\/v2\/types\/page"}],"author":[{"embeddable":true,"href":"https:\/\/sisu.ut.ee\/ewod\/wp-json\/wp\/v2\/users\/43"}],"replies":[{"embeddable":true,"href":"https:\/\/sisu.ut.ee\/ewod\/wp-json\/wp\/v2\/comments?post=1030"}],"version-history":[{"count":1,"href":"https:\/\/sisu.ut.ee\/ewod\/wp-json\/wp\/v2\/pages\/1030\/revisions"}],"predecessor-version":[{"id":4052,"href":"https:\/\/sisu.ut.ee\/ewod\/wp-json\/wp\/v2\/pages\/1030\/revisions\/4052"}],"up":[{"embeddable":true,"href":"https:\/\/sisu.ut.ee\/ewod\/wp-json\/wp\/v2\/pages\/686"}],"wp:attachment":[{"href":"https:\/\/sisu.ut.ee\/ewod\/wp-json\/wp\/v2\/media?parent=1030"}],"curies":[{"name":"wp","href":"https:\/\/api.w.org\/{rel}","templated":true}]}}