{"id":103,"date":"2024-04-03T23:39:21","date_gmt":"2024-04-03T20:39:21","guid":{"rendered":"https:\/\/sisu.ut.ee\/ewod\/polish\/"},"modified":"2024-04-04T00:11:03","modified_gmt":"2024-04-03T21:11:03","slug":"polish","status":"publish","type":"page","link":"https:\/\/sisu.ut.ee\/ewod\/anthologies\/polish\/","title":{"rendered":"Anthologies, special editions of journals &#8211; in Polish"},"content":{"rendered":"<p><span style=\"font-family: verdana, geneva;font-size: small\"><strong><strong>Kr\u0119gi pami\u0119ci: wiersze i przek\u0142ady<\/strong><\/strong>.\u00a0T\u0142umaczenie\u00a0Aarne Puu.\u00a0Krak\u00f3w: Towarzystwa S\u0142owak\u00f3w w Polsce, 2007. 162 pp. [Poems by\u00a0Artur Alliksaar, fs, Johnny B. Isotamm, Mihkel Kaevats, Jaan Kaplinski, Doris Kareva, Kalev Kesk\u00fcla, Hasso Krull, Toomas Liiv, Viivi Luik, Aarne Puu, Paul-Eerik Rummo, Juhan Viiding.]<br><strong>Pie\u015b\u0144 o niechybnym spotkaniu ze szcze\u015bciem: wiersze czterech poet\u00f3w esto\u0144skich<\/strong>. W przek\u0142adach Jerzego Litwiniuka i Aarne Puu; Wybral Aarne Puu; Pos\u0142owiem opatrzy\u0142 Florian Nieuwazny. Warszawa: Czytelnik, 1988, 177 pp. [Poems by B. Alver, A. Alliksaar, H. Runnel, J. Kaplinski.]<strong><br><strong>Opowiadania esto\u0144skie<\/strong><\/strong>. Prze\u0142. z j\u0119z. ros. Irena Halber i Irena Nowak. Biblioteczka Literatury Radzieckiej, no 8. Warszawa: Ksi\u0105\u017eka i Wiedza, 1951, 119 pp. [Anthology of short stories. Texts by F. Tuglas, R. Sirge, M. Raud, P. Viiding.]<strong><br>Nowele esto\u0144skie<\/strong>. Prze\u0142. Irena Halber. Warszawa: Pa\u0144stwowy Instytut Wydawniczy, 1950, 312 pp. [Anthology of short stories. Contents: E. Vilde \u2019Doktor Grauenfels\u2019; F. Tuglas \u2019Przydzia\u0142 ziemi\u2019; A. H. Tammsaare \u2019Ostatnie pieni\u0105dze\u2019, \u2019Gazeciarka nr. 17\u2019; R. Roht \u2019Stary rybak\u2019; J. Semper \u2019Z tamtej strony rzeki\u2019; M. Raud \u2019Rocznica\u2019; E. M\u00e4nnik \u2019Droga okr\u0119tu\u2019, \u2019Stalowa linia\u2019; R. Sirge \u2019Log\u2019; A. Hint \u2019Bracia\u2019; M. Nurme \u2019Dni\u2019; D. Vaarandi \u2019Brat\u2019; P. Viiding \u2019Most\u2019; E. Krusten \u2019Wiosna\u2019. 2nd edition: Biblioteka Ch\u0142opskiej Drogi,\u00a01951, 262 pp.]<\/span><\/p>\n<p><\/p>\n","protected":false},"excerpt":{"rendered":"<p>Kr\u0119gi pami\u0119ci: wiersze i przek\u0142ady.\u00a0T\u0142umaczenie\u00a0Aarne Puu.\u00a0Krak\u00f3w: Towarzystwa S\u0142owak\u00f3w w Polsce, 2007. 162 pp. [Poems by\u00a0Artur Alliksaar, fs, Johnny B. Isotamm, Mihkel Kaevats, Jaan Kaplinski, Doris Kareva, Kalev Kesk\u00fcla, Hasso Krull, Toomas Liiv, Viivi Luik, Aarne Puu, Paul-Eerik Rummo, Juhan Viiding.]Pie\u015b\u0144 &#8230;<\/p>\n","protected":false},"author":43,"featured_media":0,"parent":1214,"menu_order":0,"comment_status":"closed","ping_status":"closed","template":"","meta":{"_acf_changed":false,"inline_featured_image":false,"footnotes":""},"class_list":["post-103","page","type-page","status-publish","hentry"],"acf":[],"_links":{"self":[{"href":"https:\/\/sisu.ut.ee\/ewod\/wp-json\/wp\/v2\/pages\/103","targetHints":{"allow":["GET"]}}],"collection":[{"href":"https:\/\/sisu.ut.ee\/ewod\/wp-json\/wp\/v2\/pages"}],"about":[{"href":"https:\/\/sisu.ut.ee\/ewod\/wp-json\/wp\/v2\/types\/page"}],"author":[{"embeddable":true,"href":"https:\/\/sisu.ut.ee\/ewod\/wp-json\/wp\/v2\/users\/43"}],"replies":[{"embeddable":true,"href":"https:\/\/sisu.ut.ee\/ewod\/wp-json\/wp\/v2\/comments?post=103"}],"version-history":[{"count":1,"href":"https:\/\/sisu.ut.ee\/ewod\/wp-json\/wp\/v2\/pages\/103\/revisions"}],"predecessor-version":[{"id":4987,"href":"https:\/\/sisu.ut.ee\/ewod\/wp-json\/wp\/v2\/pages\/103\/revisions\/4987"}],"up":[{"embeddable":true,"href":"https:\/\/sisu.ut.ee\/ewod\/wp-json\/wp\/v2\/pages\/1214"}],"wp:attachment":[{"href":"https:\/\/sisu.ut.ee\/ewod\/wp-json\/wp\/v2\/media?parent=103"}],"curies":[{"name":"wp","href":"https:\/\/api.w.org\/{rel}","templated":true}]}}