{"id":1026,"date":"2024-04-03T23:40:41","date_gmt":"2024-04-03T20:40:41","guid":{"rendered":"https:\/\/sisu.ut.ee\/ewod\/novels-et-53\/"},"modified":"2024-04-04T00:08:24","modified_gmt":"2024-04-03T21:08:24","slug":"novels","status":"publish","type":"page","link":"https:\/\/sisu.ut.ee\/ewod\/m\/matsin\/novels\/","title":{"rendered":"Paavo Matsin &#8211; novels"},"content":{"rendered":"<p>\n\t<span style=\"font-family:Verdana,Geneva,sans-serif\"><strong><span style=\"font-size: medium\">Books<\/span><\/strong><\/span>\n<\/p>\n<p>\n\t<span style=\"font-family:Verdana,Geneva,sans-serif\"><em><strong>Danish<\/strong><\/em><br><strong>Gogol disko<\/strong>. Translated by Birgita Bonde Hansen. Jensen &amp; Dalgaard, 2019, 154 pp. [\u2018Gogol disko\u2019.]<\/span>\n<\/p>\n<p>\n\t<span style=\"font-family:Verdana,Geneva,sans-serif\"><span style=\"font-size: medium\"><strong><em><span style=\"font-size: small\">Finnish<\/span><\/em><\/strong><br><span style=\"font-size: small\"><strong>Gogolin disko<\/strong>. Suomentanut Sanna Immanen. Turku: Savukeidas, 2018, 150 pp. [\u2018Gogoli disko\u2019.]<\/span><\/span><\/span>\n<\/p>\n<p>\n\t<span style=\"font-family:Verdana,Geneva,sans-serif\"><span style=\"font-size: medium\"><strong><em><span style=\"font-size: small\">Hungarian<\/span><\/em><\/strong><br><span style=\"font-size: small\"><strong>Gogoldiszk\u00f3<\/strong>. Translated by Krisztina Lengyel T\u00f3th. Gondolat Kiad\u00f3, 2018. [\u2018Gogoli disko\u2019.]<\/span><\/span><\/span>\n<\/p>\n<p>\n\t<span style=\"font-family:Verdana,Geneva,sans-serif\"><span style=\"font-size: medium\"><strong><em><span style=\"font-size: small\">Latvian<\/span><\/em><\/strong><br><span style=\"font-size: small\">P\u0101vs Matsins, <strong>R\u012bgas zil\u0101 gvarde<\/strong>. No igau\u0146u valodas tulkojusi Maima Gr\u012bnberga. R\u012bga: Mansards, 2016, 150 pp. [\u2019Sinine kaardiv\u00e4gi\u2019.]<\/span><\/span><\/span><br>\u00a0\n<\/p>\n<p>\n\t<span style=\"font-family:Verdana,Geneva,sans-serif\"><strong><span style=\"font-size: medium\">In anthologies and magazines<\/span><\/strong><\/span>\n<\/p>\n<p>\n\t<span style=\"font-family:Verdana,Geneva,sans-serif\"><strong><em>Finnish<\/em><\/strong><br><strong>Katkelma romaanista Gogolin disko<\/strong>. \u2013 Nippernaati: virolaisen kirjallisuuden antologia, no 2. P\u00e4\u00e4toimittaja Sanna Immanen. Helsinki: Viro-instituutti, 2016, 160 pp. [\u2019Gogoli disko\u2019, excerpt. See <strong><a href=\"https:\/\/sisu.ut.ee\/ewod\/anthologies\/finnish\/nippernaati2\">contents<\/a><\/strong> of the anthology. Read\/download full text <strong><a href=\"http:\/\/www.digar.ee\/arhiiv\/et\/raamatud\/68130\" target=\"_blank\" rel=\"noopener\">here<\/a><\/strong>.]<\/span><\/p>\n","protected":false},"excerpt":{"rendered":"<p>Books DanishGogol disko. Translated by Birgita Bonde Hansen. Jensen &amp; Dalgaard, 2019, 154 pp. [\u2018Gogol disko\u2019.] FinnishGogolin disko. Suomentanut Sanna Immanen. Turku: Savukeidas, 2018, 150 pp. [\u2018Gogoli disko\u2019.] HungarianGogoldiszk\u00f3. Translated by Krisztina Lengyel T\u00f3th. Gondolat Kiad\u00f3, 2018. [\u2018Gogoli disko\u2019.] LatvianP\u0101vs &#8230;<\/p>\n","protected":false},"author":43,"featured_media":0,"parent":921,"menu_order":0,"comment_status":"closed","ping_status":"closed","template":"","meta":{"_acf_changed":false,"inline_featured_image":false,"footnotes":""},"class_list":["post-1026","page","type-page","status-publish","hentry"],"acf":[],"_links":{"self":[{"href":"https:\/\/sisu.ut.ee\/ewod\/wp-json\/wp\/v2\/pages\/1026","targetHints":{"allow":["GET"]}}],"collection":[{"href":"https:\/\/sisu.ut.ee\/ewod\/wp-json\/wp\/v2\/pages"}],"about":[{"href":"https:\/\/sisu.ut.ee\/ewod\/wp-json\/wp\/v2\/types\/page"}],"author":[{"embeddable":true,"href":"https:\/\/sisu.ut.ee\/ewod\/wp-json\/wp\/v2\/users\/43"}],"replies":[{"embeddable":true,"href":"https:\/\/sisu.ut.ee\/ewod\/wp-json\/wp\/v2\/comments?post=1026"}],"version-history":[{"count":1,"href":"https:\/\/sisu.ut.ee\/ewod\/wp-json\/wp\/v2\/pages\/1026\/revisions"}],"predecessor-version":[{"id":4048,"href":"https:\/\/sisu.ut.ee\/ewod\/wp-json\/wp\/v2\/pages\/1026\/revisions\/4048"}],"up":[{"embeddable":true,"href":"https:\/\/sisu.ut.ee\/ewod\/wp-json\/wp\/v2\/pages\/921"}],"wp:attachment":[{"href":"https:\/\/sisu.ut.ee\/ewod\/wp-json\/wp\/v2\/media?parent=1026"}],"curies":[{"name":"wp","href":"https:\/\/api.w.org\/{rel}","templated":true}]}}