{"id":1024,"date":"2024-04-03T23:40:41","date_gmt":"2024-04-03T20:40:41","guid":{"rendered":"https:\/\/sisu.ut.ee\/ewod\/poems-et-160\/"},"modified":"2024-04-04T00:08:24","modified_gmt":"2024-04-03T21:08:24","slug":"poems","status":"publish","type":"page","link":"https:\/\/sisu.ut.ee\/ewod\/m\/mand\/poems\/","title":{"rendered":"Heljo M\u00e4nd &#8211; poems"},"content":{"rendered":"<p>\n\t<span style=\"font-family:Verdana,Geneva,sans-serif\"><span style=\"font-size: medium\"><strong>In compilations, anthologies, magazines<\/strong><\/span><\/span>\n<\/p>\n<p>\n\t<span style=\"font-family:Verdana,Geneva,sans-serif\"><strong><em>English<\/em><\/strong><br><strong>Siilid ja pingviinid. Eesti lasteluuletused = Hedgehogs and penguins. Estonian children\u2019s poems<\/strong>. Edited by Mall Pesti, translated by Bruce Firestone &amp; Mall Pesti. Tallinn: Kiri-Mari Kirjastus, 2014, 57 pp. [Poems by Jaanus Vaiksoo, Hando Runnel, Ilmar Trull, Ellen Niit, Heljo M\u00e4nd, Peeter Volkonski, Leelo Tungal, Viivi Luik, Juhan Liiv.]<\/span>\n<\/p>\n<p>\n\t<span style=\"font-family:Verdana,Geneva,sans-serif\"><em><strong><span style=\"font-size: small\">Hungarian<\/span><\/strong><\/em><br><span style=\"font-size: small\"><strong>Irodalom \u00c9sztorsz\u00e1gban<\/strong>. \u00c9szt f\u00fczetek, no 2. Szolnok: Damjanich M\u00fazeum, 1976, 48 pp. [Poems by K. E. S\u00f6\u00f6t, J. S\u00fctiste, J. Smuul, D. Vaarandi, M. Seping, A. Sang, M. Traat, A. Siig, P.-E. Rummo, E. Vetemaa, H. M\u00e4nd.]<\/span><\/span>\n<\/p>\n<p>\n\t<span style=\"font-family:Verdana,Geneva,sans-serif\"><span style=\"font-size: small\"><strong><em>Russian<\/em><\/strong><br><strong>Siilid ja pingviinid. Eesti lasteluuletused = \u0401\u0436\u0438\u043a\u0438 \u0438 \u043f\u0438\u043d\u0433\u0432\u0438\u043d\u044b. \u042d\u0441\u0442\u043e\u043d\u0441\u043a\u0438\u0435 \u0434\u0435\u0442\u0441\u043a\u0438\u0435 \u0441\u0442\u0438\u0445\u0438<\/strong>. Translated by Stanislav Bulganin. Tallinn: Kiri-Mari Kirjastus, 2016, 57 pp. [Poems by Jaanus Vaiksoo, Hando Runnel, Ilmar Trull, Ellen Niit, Heljo M\u00e4nd, Peeter Volkonski, Leelo Tungal, Viivi Luik, Juhan Liiv.]<br>\u0425\u0435\u043b\u044co \u041c\u044f\u043d\u0434, <strong>\u041f\u0442\u0438\u0446\u044b<\/strong>. \u2013 \u0411\u0440\u0430\u0442\u0441\u0442\u0432\u043e: \u0441\u0442\u0438\u0445\u043e\u0442\u0432\u043e\u0440\u0435\u043d\u0438\u044f \u043f\u043e\u044d\u0442\u043e\u0432 \u0431\u0440\u0430\u0442\u0441\u043a\u0438\u0445 \u0440\u0435\u0441\u043f\u0443\u0431\u043b\u0438\u043a, \u0432\u043e\u0441\u043f\u043e\u043c\u0438\u043d\u0430\u043d\u0438\u044f, \u0437\u0430\u043c\u0435\u0442\u043a\u0438. \u041b\u0435\u043d\u0438\u043d\u0433\u0440\u0430\u0434: \u0421\u043e\u0432\u0435\u0442\u0441\u043a\u0438\u0439 \u043f\u0438\u0441\u0430\u0442\u0435\u043b\u044c, 1982, 510 pp.<\/span><\/span>\n<\/p>\n<p>\n\t<span style=\"font-family: verdana, geneva;font-size: small\"><span style=\"font-family:Verdana,Geneva,sans-serif\"><strong><em>Ukrainian<\/em><\/strong><br><strong>Siilid ja pingviinid. Eesti lasteluuletused = \u0407\u0436\u0430\u043a\u0438 \u0456 \u043f\u0456\u043d\u0433\u0432\u0456\u043d\u0438. \u0415\u0441\u0442\u043e\u043d\u0441\u044c\u043a\u0456 \u0434\u0438\u0442\u044f\u0447\u0456 \u0432\u0456\u0440\u0448\u0456<\/strong>. Translated by Katja Novak. Tallinn: Kiri-Mari Kirjastus, 2019, 57 pp. [Poems by Jaanus Vaiksoo, Hando Runnel, Ilmar Trull, Ellen Niit, Heljo M\u00e4nd, Peeter Volkonski, Leelo Tungal, Viivi Luik, Juhan Liiv.]<\/span><\/span><\/p>\n","protected":false},"excerpt":{"rendered":"<p>In compilations, anthologies, magazines EnglishSiilid ja pingviinid. Eesti lasteluuletused = Hedgehogs and penguins. Estonian children\u2019s poems. Edited by Mall Pesti, translated by Bruce Firestone &amp; Mall Pesti. Tallinn: Kiri-Mari Kirjastus, 2014, 57 pp. [Poems by Jaanus Vaiksoo, Hando Runnel, Ilmar &#8230;<\/p>\n","protected":false},"author":43,"featured_media":0,"parent":1913,"menu_order":0,"comment_status":"closed","ping_status":"closed","template":"","meta":{"_acf_changed":false,"inline_featured_image":false,"footnotes":""},"class_list":["post-1024","page","type-page","status-publish","hentry"],"acf":[],"_links":{"self":[{"href":"https:\/\/sisu.ut.ee\/ewod\/wp-json\/wp\/v2\/pages\/1024","targetHints":{"allow":["GET"]}}],"collection":[{"href":"https:\/\/sisu.ut.ee\/ewod\/wp-json\/wp\/v2\/pages"}],"about":[{"href":"https:\/\/sisu.ut.ee\/ewod\/wp-json\/wp\/v2\/types\/page"}],"author":[{"embeddable":true,"href":"https:\/\/sisu.ut.ee\/ewod\/wp-json\/wp\/v2\/users\/43"}],"replies":[{"embeddable":true,"href":"https:\/\/sisu.ut.ee\/ewod\/wp-json\/wp\/v2\/comments?post=1024"}],"version-history":[{"count":1,"href":"https:\/\/sisu.ut.ee\/ewod\/wp-json\/wp\/v2\/pages\/1024\/revisions"}],"predecessor-version":[{"id":4046,"href":"https:\/\/sisu.ut.ee\/ewod\/wp-json\/wp\/v2\/pages\/1024\/revisions\/4046"}],"up":[{"embeddable":true,"href":"https:\/\/sisu.ut.ee\/ewod\/wp-json\/wp\/v2\/pages\/1913"}],"wp:attachment":[{"href":"https:\/\/sisu.ut.ee\/ewod\/wp-json\/wp\/v2\/media?parent=1024"}],"curies":[{"name":"wp","href":"https:\/\/api.w.org\/{rel}","templated":true}]}}